{"id":11117,"date":"2021-04-05T18:08:03","date_gmt":"2021-04-05T22:08:03","guid":{"rendered":"https:\/\/www.serrarpharma.com\/?post_type=product&#038;p=11117"},"modified":"2025-02-01T23:16:13","modified_gmt":"2025-02-02T04:16:13","slug":"zinaslim-capsule","status":"publish","type":"product","link":"https:\/\/www.serrarpharma.com\/fr\/product\/zinaslim-capsule\/","title":{"rendered":"ZinaSlim Capsule"},"content":{"rendered":"<p><img loading=\"lazy\" class=\"alignnone wp-image-11371\" src=\"https:\/\/i0.wp.com\/www.serrarpharma.com\/wp-content\/uploads\/2021\/04\/Made-in-CA.png?resize=70%2C70&#038;ssl=1\" alt=\"\" width=\"70\" height=\"70\" srcset=\"https:\/\/i0.wp.com\/www.serrarpharma.com\/wp-content\/uploads\/2021\/04\/Made-in-CA.png?w=150&amp;ssl=1 150w, https:\/\/i0.wp.com\/www.serrarpharma.com\/wp-content\/uploads\/2021\/04\/Made-in-CA.png?resize=100%2C100&amp;ssl=1 100w\" sizes=\"(max-width: 70px) 100vw, 70px\" data-recalc-dims=\"1\" \/><img loading=\"lazy\" class=\"alignnone wp-image-11370\" src=\"https:\/\/i0.wp.com\/www.serrarpharma.com\/wp-content\/uploads\/2021\/04\/GMP.png?resize=70%2C70&#038;ssl=1\" alt=\"\" width=\"70\" height=\"70\" srcset=\"https:\/\/i0.wp.com\/www.serrarpharma.com\/wp-content\/uploads\/2021\/04\/GMP.png?w=150&amp;ssl=1 150w, https:\/\/i0.wp.com\/www.serrarpharma.com\/wp-content\/uploads\/2021\/04\/GMP.png?resize=100%2C100&amp;ssl=1 100w\" sizes=\"(max-width: 70px) 100vw, 70px\" data-recalc-dims=\"1\" \/><img loading=\"lazy\" class=\"alignnone wp-image-11369\" src=\"https:\/\/i0.wp.com\/www.serrarpharma.com\/wp-content\/uploads\/2021\/04\/Nongmo.png?resize=70%2C70&#038;ssl=1\" alt=\"\" width=\"70\" height=\"70\" srcset=\"https:\/\/i0.wp.com\/www.serrarpharma.com\/wp-content\/uploads\/2021\/04\/Nongmo.png?w=150&amp;ssl=1 150w, https:\/\/i0.wp.com\/www.serrarpharma.com\/wp-content\/uploads\/2021\/04\/Nongmo.png?resize=100%2C100&amp;ssl=1 100w\" sizes=\"(max-width: 70px) 100vw, 70px\" data-recalc-dims=\"1\" \/><img loading=\"lazy\" class=\"alignnone wp-image-11799\" src=\"https:\/\/i0.wp.com\/www.serrarpharma.com\/wp-content\/uploads\/2021\/04\/ISO-07.png?resize=70%2C70&#038;ssl=1\" alt=\"\" width=\"70\" height=\"70\" srcset=\"https:\/\/i0.wp.com\/www.serrarpharma.com\/wp-content\/uploads\/2021\/04\/ISO-07.png?resize=300%2C300&amp;ssl=1 300w, https:\/\/i0.wp.com\/www.serrarpharma.com\/wp-content\/uploads\/2021\/04\/ISO-07.png?resize=150%2C150&amp;ssl=1 150w, https:\/\/i0.wp.com\/www.serrarpharma.com\/wp-content\/uploads\/2021\/04\/ISO-07.png?resize=100%2C100&amp;ssl=1 100w, https:\/\/i0.wp.com\/www.serrarpharma.com\/wp-content\/uploads\/2021\/04\/ISO-07.png?w=418&amp;ssl=1 418w\" sizes=\"(max-width: 70px) 100vw, 70px\" data-recalc-dims=\"1\" \/><\/p>\n<p>&nbsp;<\/p>\n<p>R\u00e9duit le gain de poids<br \/>\n<strong>R\u00e9duit:<\/strong><\/p>\n<div class=\"productlist\">Teneur en mati\u00e8res grasses et%<br \/>\nTaille et hanches (IMC)<br \/>\nHypertension art\u00e9rielle<br \/>\nAnxi\u00e9t\u00e9 et fatigue<\/div>\n<p><strong>Augmente:<\/strong><\/p>\n<div class=\"productlist\">Sentiment de sati\u00e9t\u00e9<br \/>\nPerte de graisse avec l&#8217;exercice a\u00e9robie<\/div>\n<p><strong>Effet hypoglyc\u00e9mique: <\/strong><\/p>\n<div class=\"productlist\">Suppresseur de go\u00fbt sucr\u00e9<br \/>\nR\u00e8glement sur le niveau de sucre<\/div>\n<p><strong><br \/>\nEFFET SUR L&#8217;\u00c9QUILIBRE DES LIPIDES ET LES HORMONES<\/strong><\/p>\n<p><strong>R\u00e9duit:<\/strong><\/p>\n<div class=\"productlist\">LDL<br \/>\nNiveau de cholest\u00e9rol<br \/>\nActivit\u00e9 lipase pancr\u00e9atique<\/div>\n<p><strong>Augmente:<\/strong><\/p>\n<div class=\"productlist\">Total, gratuit, niveaux de testost\u00e9rone HDL, libido chez les hommes<br \/>\nS\u00e9rotonine (bien-\u00eatre et moins anxieux)<\/div>\n<p>&nbsp;<\/p>\n<p>&nbsp;<\/p>\n<p>Cette formule unique et exclusive a \u00e9t\u00e9 soigneusement cr\u00e9\u00e9e par le Dr Serrar MD, PhD, ND pour vous aider \u00e0 trouver une solution de perte de poids s\u00fbre et naturelle. Il est utile pour toute personne suivant un r\u00e9gime hypocalorique dans un programme de perte de poids.<\/p>\n<p>Ce suppl\u00e9ment botanique naturel contient des substances naturelles qui contr\u00f4lent l&#8217;app\u00e9tit naturellement et augmentent les niveaux de l&#8217;hormone s\u00e9rotonine (un produit chimique dans le cerveau qui vous rend heureux, d\u00e9tendu, \u00e9motionnellement et physiquement). Cette formule puissante vous aidera \u00e0 \u00e9viter de trop manger et de manger \u00e9motionnellement des aliments et des collations malsains. Il vous aide \u00e0 am\u00e9liorer votre humeur et votre \u00e9nergie \u00e0 mesure que le corps s&#8217;adapte \u00e0 de nouvelles habitudes alimentaires saines. De nombreux patients constatent un changement positif: une meilleure apparence de leur silhouette (activation du m\u00e9tabolisme: diminution de la graisse corporelle) une meilleure humeur, une diminution du cholest\u00e9rol, une diminution de leur tension art\u00e9rielle et une r\u00e9gularisation de leur taux de sucre apr\u00e8s les 30 premiers jours . ZinaSlim vous met sur la bonne voie pour r\u00e9duire consid\u00e9rablement votre stress et votre fatigue et devenir une personne plus heureuse et en meilleure sant\u00e9!<\/p>\n<p>ZinaSLim (Capsule) est une combinaison unique de nutriments efficaces pour la perte de poids. Il aide \u00e0 r\u00e9duire l&#8217;app\u00e9tit, aide \u00e0 br\u00fbler les graisses et augmente votre m\u00e9tabolisme. Son th\u00e9 vert puissant offre \u00e9galement une protection contre les maladies du sein.<\/p>\n<p>ZinaSLim (Capsule) est une combinaison unique des nutriments de gestion du poids les plus efficaces disponibles. Ces nutriments agissent en synergie pour aider \u00e0 r\u00e9duire l&#8217;app\u00e9tit, \u00e0 br\u00fbler les graisses et \u00e0 augmenter le m\u00e9tabolisme, la masse musculaire maigre et l&#8217;\u00e9nergie.<\/p>\n<p>ZinaSLim (Capsule) contient des cat\u00e9chines de th\u00e9 vert, des produits thermog\u00e9niques, des diur\u00e9tiques, des lipotropes, des vitamines et des min\u00e9raux. Ces nutriments vous aideront \u00e0 perdre du poids, \u00e0 nourrir le corps et \u00e0 vous prot\u00e9ger des maladies.<\/p>\n<p>ZinaSLim (Capsule) doit \u00eatre utilis\u00e9 dans le cadre d&#8217;un mode de vie sain et d&#8217;une strat\u00e9gie de gestion du poids. La fa\u00e7on la plus saine de g\u00e9rer son poids en permanence est de comprendre comment notre corps fonctionne et fonctionne dans ce contexte.<\/p>\n<p>Le corps et le m\u00e9tabolisme de chacun sont diff\u00e9rents, c\u2019est vrai; cependant, nous consommons tous encore de l&#8217;\u00e9nergie, en utilisant de l&#8217;\u00e9nergie et en la stockant. ZinaSLim (Capsule) vous aidera \u00e0 atteindre votre objectif de gestion du poids.<\/p>\n<p>ZinaSLim (Capsule) est le seul programme de r\u00e9gime \u00e0 formuler les ingr\u00e9dients les plus efficaces, \u00e9prouv\u00e9s et recherch\u00e9s en une seule formule minceur, avec 300 mg d&#8217;EGCG pur pour la protection du sein.<\/p>\n<p><strong>Dosage:<\/strong><\/p>\n<p>Adultes: Prendre 1 capsule trois fois par jour avec de la nourriture ou selon les directives de votre professionnel de la sant\u00e9. Si vous prenez d&#8217;autres m\u00e9dicaments, prenez ce produit 2 heures avant ou apr\u00e8s eux.<\/p>\n<p>Dur\u00e9e d&#8217;utilisation: Consulter un professionnel de la sant\u00e9 pour une utilisation au-del\u00e0 de 3 mois.<\/p>\n<p><strong> Informations importantes: <\/strong><\/p>\n<p>Ne contient pas de: gluten, soja, bl\u00e9, \u0153ufs, produits laitiers, levure, agrumes, conservateurs, ar\u00f4me ou colorant artificiel ou sucre.<\/p>\n<p>Pr\u00e9cautions et avertissements: Consulter un professionnel de la sant\u00e9 avant l&#8217;utilisation en cas de troubles h\u00e9patiques; carence en fer; ulc\u00e8res d&#8217;estomac ou inflammation; souffrez de diab\u00e8te; des troubles intestinaux ou des sympt\u00f4mes tels que des douleurs abdominales, des naus\u00e9es, des vomissements ou de la fi\u00e8vre; ou une maladie cardiovasculaire. Ne pas utiliser si vous \u00eates enceinte ou si vous allaitez. Cesser l&#8217;utilisation et consulter un professionnel de la sant\u00e9 si vous d\u00e9veloppez des sympt\u00f4mes de troubles h\u00e9patiques tels que le jaunissement de la peau ou des yeux (jaunisse), des douleurs \u00e0 l&#8217;estomac, des urines fonc\u00e9es, des sueurs, des naus\u00e9es, une fatigue inhabituelle ou une perte d&#8217;app\u00e9tit. De rares cas impr\u00e9visibles de l\u00e9sions h\u00e9patiques associ\u00e9es \u00e0 des produits contenant de l&#8217;extrait de th\u00e9 vert ont \u00e9t\u00e9 signal\u00e9s.<\/p>\n<p>Ne pas utiliser si le sceau est bris\u00e9. Garder hors de la port\u00e9e des enfants.<\/p>\n<p>Si vous prenez des m\u00e9dicaments sur ordonnance, que vous avez un probl\u00e8me de sant\u00e9 ou que vous avez des pr\u00e9occupations sp\u00e9cifiques concernant l&#8217;ad\u00e9quation de l&#8217;un de nos produits par rapport \u00e0 ceux-ci, vous devez toujours consulter votre m\u00e9decin g\u00e9n\u00e9raliste ou votre pharmacien avant de prendre des suppl\u00e9ments. Les femmes enceintes ou allaitantes devraient consulter un m\u00e9decin g\u00e9n\u00e9raliste avant de prendre des suppl\u00e9ments. Ne d\u00e9passez pas la dose quotidienne recommand\u00e9e. Tenir hors de port\u00e9e des enfants. Les suppl\u00e9ments ne doivent pas remplacer un r\u00e9gime alimentaire vari\u00e9. Lisez toujours l&#8217;\u00e9tiquette avant utilisation<\/p>\n<p>Serrar Pharma utilise uniquement des ingr\u00e9dients purs et naturels, provenant de sources fiables GMP. Nous assurons la qualit\u00e9 non seulement de chaque lot, mais de chaque ingr\u00e9dient de ce lot, en vous assurant d&#8217;obtenir uniquement le produit de la plus haute qualit\u00e9. Il existe de nombreux avantages de support suppl\u00e9mentaires. Voir ci-dessous les avis. Si vous avez des questions, veuillez nous contacter \u00e0 info@serrarpharma.com<\/p>\n<p>&nbsp;<\/p>\n<p><span style=\"color: #005890;\"><strong>FABRIQU\u00c9 AU CANADA \u00a0 \u00a0 | \u00a0 \u00a0 CERTIFI\u00c9 GMP \u00a0 \u00a0 | \u00a0 \u00a0 SANS OGM\u00a0 \u00a0\u00a0 | \u00a0 \u00a0 <span class=\"VIiyi\" lang=\"fr\"><span class=\"JLqJ4b ChMk0b\" data-language-for-alternatives=\"fr\" data-language-to-translate-into=\"en\" data-phrase-index=\"0\">LABORATOIRE CERTIFI\u00c9 ISO 17025<\/span><\/span><\/strong><\/span><\/p>\n","protected":false},"excerpt":{"rendered":"<p>&nbsp; R\u00e9duit le gain de poids R\u00e9duit: Teneur en mati\u00e8res grasses et% Taille et hanches (IMC) Hypertension art\u00e9rielle Anxi\u00e9t\u00e9 et fatigue Augmente: Sentiment de sati\u00e9t\u00e9 Perte de graisse avec l&#8217;exercice a\u00e9robie Effet hypoglyc\u00e9mique: Suppresseur de go\u00fbt sucr\u00e9 R\u00e8glement sur le niveau de sucre EFFET SUR L&#8217;\u00c9QUILIBRE DES LIPIDES ET LES HORMONES R\u00e9duit: LDL Niveau de [&hellip;]<\/p>\n","protected":false},"featured_media":11121,"template":"","meta":{"hide_page_title":"","_coblocks_attr":"","_coblocks_dimensions":"","_coblocks_responsive_height":"","_coblocks_accordion_ie_support":""},"product_cat":[21],"product_tag":[],"translation":{"provider":"WPGlobus","version":"3.0.1","language":"fr","enabled_languages":["en","es","fr","ar","pt","it"],"languages":{"en":{"title":true,"content":true,"excerpt":false},"es":{"title":false,"content":true,"excerpt":false},"fr":{"title":false,"content":true,"excerpt":false},"ar":{"title":false,"content":true,"excerpt":false},"pt":{"title":false,"content":true,"excerpt":false},"it":{"title":false,"content":true,"excerpt":false}}},"_links":{"self":[{"href":"https:\/\/www.serrarpharma.com\/fr\/wp-json\/wp\/v2\/product\/11117"}],"collection":[{"href":"https:\/\/www.serrarpharma.com\/fr\/wp-json\/wp\/v2\/product"}],"about":[{"href":"https:\/\/www.serrarpharma.com\/fr\/wp-json\/wp\/v2\/types\/product"}],"wp:featuredmedia":[{"embeddable":true,"href":"https:\/\/www.serrarpharma.com\/fr\/wp-json\/wp\/v2\/media\/11121"}],"wp:attachment":[{"href":"https:\/\/www.serrarpharma.com\/fr\/wp-json\/wp\/v2\/media?parent=11117"}],"wp:term":[{"taxonomy":"product_cat","embeddable":true,"href":"https:\/\/www.serrarpharma.com\/fr\/wp-json\/wp\/v2\/product_cat?post=11117"},{"taxonomy":"product_tag","embeddable":true,"href":"https:\/\/www.serrarpharma.com\/fr\/wp-json\/wp\/v2\/product_tag?post=11117"}],"curies":[{"name":"wp","href":"https:\/\/api.w.org\/{rel}","templated":true}]}}