{"id":10558,"date":"2021-02-10T20:57:03","date_gmt":"2021-02-11T01:57:03","guid":{"rendered":"https:\/\/www.serrarpharma.com\/?post_type=product&#038;p=10558"},"modified":"2025-02-01T23:16:12","modified_gmt":"2025-02-02T04:16:12","slug":"naturopause","status":"publish","type":"product","link":"https:\/\/www.serrarpharma.com\/fr\/product\/naturopause\/","title":{"rendered":"NaturoPause"},"content":{"rendered":"<p><img loading=\"lazy\" class=\"alignnone wp-image-11371\" src=\"https:\/\/i0.wp.com\/www.serrarpharma.com\/wp-content\/uploads\/2021\/04\/Made-in-CA.png?resize=70%2C70&#038;ssl=1\" alt=\"\" width=\"70\" height=\"70\" srcset=\"https:\/\/i0.wp.com\/www.serrarpharma.com\/wp-content\/uploads\/2021\/04\/Made-in-CA.png?w=150&amp;ssl=1 150w, https:\/\/i0.wp.com\/www.serrarpharma.com\/wp-content\/uploads\/2021\/04\/Made-in-CA.png?resize=100%2C100&amp;ssl=1 100w\" sizes=\"(max-width: 70px) 100vw, 70px\" data-recalc-dims=\"1\" \/><img loading=\"lazy\" class=\"alignnone wp-image-11370\" src=\"https:\/\/i0.wp.com\/www.serrarpharma.com\/wp-content\/uploads\/2021\/04\/GMP.png?resize=70%2C70&#038;ssl=1\" alt=\"\" width=\"70\" height=\"70\" srcset=\"https:\/\/i0.wp.com\/www.serrarpharma.com\/wp-content\/uploads\/2021\/04\/GMP.png?w=150&amp;ssl=1 150w, https:\/\/i0.wp.com\/www.serrarpharma.com\/wp-content\/uploads\/2021\/04\/GMP.png?resize=100%2C100&amp;ssl=1 100w\" sizes=\"(max-width: 70px) 100vw, 70px\" data-recalc-dims=\"1\" \/><img loading=\"lazy\" class=\"alignnone wp-image-11369\" src=\"https:\/\/i0.wp.com\/www.serrarpharma.com\/wp-content\/uploads\/2021\/04\/Nongmo.png?resize=70%2C70&#038;ssl=1\" alt=\"\" width=\"70\" height=\"70\" srcset=\"https:\/\/i0.wp.com\/www.serrarpharma.com\/wp-content\/uploads\/2021\/04\/Nongmo.png?w=150&amp;ssl=1 150w, https:\/\/i0.wp.com\/www.serrarpharma.com\/wp-content\/uploads\/2021\/04\/Nongmo.png?resize=100%2C100&amp;ssl=1 100w\" sizes=\"(max-width: 70px) 100vw, 70px\" data-recalc-dims=\"1\" \/><img loading=\"lazy\" class=\"alignnone wp-image-11799\" src=\"https:\/\/i0.wp.com\/www.serrarpharma.com\/wp-content\/uploads\/2021\/04\/ISO-07.png?resize=70%2C70&#038;ssl=1\" alt=\"\" width=\"70\" height=\"70\" srcset=\"https:\/\/i0.wp.com\/www.serrarpharma.com\/wp-content\/uploads\/2021\/04\/ISO-07.png?resize=300%2C300&amp;ssl=1 300w, https:\/\/i0.wp.com\/www.serrarpharma.com\/wp-content\/uploads\/2021\/04\/ISO-07.png?resize=150%2C150&amp;ssl=1 150w, https:\/\/i0.wp.com\/www.serrarpharma.com\/wp-content\/uploads\/2021\/04\/ISO-07.png?resize=100%2C100&amp;ssl=1 100w, https:\/\/i0.wp.com\/www.serrarpharma.com\/wp-content\/uploads\/2021\/04\/ISO-07.png?w=418&amp;ssl=1 418w\" sizes=\"(max-width: 70px) 100vw, 70px\" data-recalc-dims=\"1\" \/><\/p>\n<p>V\u00e9g\u00e9tarien &#8211; 40 mg<br \/>\nExtrait de racine d&#8217;act\u00e9e \u00e0 grappes noires<br \/>\nR\u00e9duit les bouff\u00e9es de chaleur, les sueurs nocturnes et les sautes d\u2019humeur<br \/>\nR\u00e9duit les sympt\u00f4mes de la m\u00e9nopause et du syndrome pr\u00e9menstruel<br \/>\nAide \u00e0 soulager les sympt\u00f4mes associ\u00e9s \u00e0 la m\u00e9nopause<br \/>\nAide \u00e0 soulager la douleur associ\u00e9e aux menstruations, les douleurs musculaires et articulaires, les conditions rhumatismales et la n\u00e9vralgie<br \/>\nAide \u00e0 soulager la tension nerveuse<\/p>\n<p><strong>Pr\u00e9m\u00e9nopause et m\u00e9nopause : <\/strong><br \/>\nT\u00f4t ou tard, toutes les femmes seront confront\u00e9es \u00e0 la m\u00e9nopause (bouff\u00e9es de chaleur, s\u00e9cheresse vaginale, baisse de libido, changements d\u2019humeur, etc.). Pour pr\u00e9venir et att\u00e9nuer ces manifestations, on sugg\u00e8re d\u2019adopter plusieurs bonnes habitudes de vie :<br \/>\n&#8211; pratique r\u00e9guli\u00e8re d\u2019activit\u00e9 physique<br \/>\n&#8211; cessation du tabac<br \/>\n&#8211; maintien d\u2019une vie sexuelle active<br \/>\n&#8211; perte de poids<br \/>\n&#8211; r\u00e9duction de la consommation d\u2019alcool<\/p>\n<p>Les bouff\u00e9es de chaleur affectent 50 \u00e0 80 % des femmes m\u00e9nopaus\u00e9es et elles sont souvent mentionn\u00e9es comme le d\u00e9sagr\u00e9ment majeur de cette p\u00e9riode de transition. Les bienfaits de la th\u00e9rapie hormonale sont ternis par l\u2019augmentation du risque de subir un cancer du sein, une embolie veineuse ou d\u2019autres \u00e9v\u00e9nements cardiovasculaires.<\/p>\n<p>Les modifications des habitudes de vie peuvent parfois ne pas soulager suffisamment les femmes pr\u00e9sentant des sympt\u00f4mes graves de la m\u00e9nopause. Malheureusement, ces femmes se tournent vers l\u2019hormonoth\u00e9rapie pour att\u00e9nuer ces manifestations, malgr\u00e9 les grands risques que pr\u00e9sente ce traitement.<\/p>\n<p>Dans la litt\u00e9rature scientifique, l\u2019usage de NaturoPause Dr. SERRAR\u00ae \u00e0 base l\u2019act\u00e9e \u00e0 grappe noire (actea racemosa, cimicifuga racemosa) est reconnu pour le soulagement des sympt\u00f4mes de la m\u00e9nopause. L&#8217;efficacit\u00e9 l\u00e9g\u00e8re des extraits de cette plante, surtout pour att\u00e9nuer les bouff\u00e9es de chaleur, fait m\u00eame l&#8217;objet d&#8217;un certain consensus au sein de la communaut\u00e9 m\u00e9dicale.<\/p>\n<p>On sugg\u00e8re de prendre un extrait standardis\u00e9 contenant 40 mg d\u2019extrait de racine d&#8217;act\u00e9e \u00e0 grappes noires avec du St\u00e9arate de magn\u00e9sium v\u00e9g\u00e9tal dans une capsule v\u00e9g\u00e9tale sans OGM.<\/p>\n<p>Si vous prenez des m\u00e9dicaments sur une base r\u00e9guli\u00e8re, informez votre pharmacien et votre m\u00e9decin de votre intention de prendre des produits naturels car plusieurs d\u2019entre eux peuvent interagir avec les m\u00e9dicaments (avec et sans ordonnance). Les m\u00e9decins, les pharmaciens et les naturopathes certifi\u00e9s peuvent aider les femmes \u00e0 mieux vivre la p\u00e9riode de la m\u00e9nopause.<\/p>\n<p>Mode d\u2019emploi :<br \/>\nAdultes : prendre 1 \u00e0 3 g\u00e9lules par jour ou selon les instructions de votre praticien de la sant\u00e9.<\/p>\n<p><strong> Informations importantes: <\/strong><br \/>\nSi vous prenez des m\u00e9dicaments sur ordonnance, que vous avez un probl\u00e8me de sant\u00e9 ou que vous avez des pr\u00e9occupations sp\u00e9cifiques concernant l&#8217;ad\u00e9quation de l&#8217;un de nos produits par rapport \u00e0 ceux-ci, vous devez toujours consulter votre m\u00e9decin g\u00e9n\u00e9raliste ou votre pharmacien avant de prendre des suppl\u00e9ments. Les femmes enceintes ou allaitantes devraient consulter un m\u00e9decin g\u00e9n\u00e9raliste avant de prendre des suppl\u00e9ments. Ne d\u00e9passez pas la dose quotidienne recommand\u00e9e. Tenir hors de port\u00e9e des enfants. Les suppl\u00e9ments ne doivent pas remplacer un r\u00e9gime alimentaire vari\u00e9. Lisez toujours l&#8217;\u00e9tiquette avant utilisation<\/p>\n<p>Serrar Pharma utilise uniquement des ingr\u00e9dients purs et naturels, provenant de sources fiables GMP. Nous assurons la qualit\u00e9 non seulement de chaque lot, mais de chaque ingr\u00e9dient de ce lot, en vous assurant d&#8217;obtenir uniquement le produit de la plus haute qualit\u00e9. Il existe de nombreux avantages de support suppl\u00e9mentaires. Voir ci-dessous les avis. Si vous avez des questions, veuillez nous contacter \u00e0 info@serrarpharma.com<\/p>\n<p>&nbsp;<\/p>\n<p><span style=\"color: #005890;\"><strong>FABRIQU\u00c9 AU CANADA \u00a0 \u00a0 | \u00a0 \u00a0 CERTIFI\u00c9 GMP \u00a0 \u00a0 | \u00a0 \u00a0 SANS OGM\u00a0 \u00a0\u00a0 | \u00a0 \u00a0 <span class=\"VIiyi\" lang=\"fr\"><span class=\"JLqJ4b ChMk0b\" data-language-for-alternatives=\"fr\" data-language-to-translate-into=\"en\" data-phrase-index=\"0\">LABORATOIRE CERTIFI\u00c9 ISO 17025<\/span><\/span><\/strong><\/span><\/p>\n","protected":false},"excerpt":{"rendered":"<p>V\u00e9g\u00e9tarien &#8211; 40 mg Extrait de racine d&#8217;act\u00e9e \u00e0 grappes noires R\u00e9duit les bouff\u00e9es de chaleur, les sueurs nocturnes et les sautes d\u2019humeur R\u00e9duit les sympt\u00f4mes de la m\u00e9nopause et du syndrome pr\u00e9menstruel Aide \u00e0 soulager les sympt\u00f4mes associ\u00e9s \u00e0 la m\u00e9nopause Aide \u00e0 soulager la douleur associ\u00e9e aux menstruations, les douleurs musculaires et articulaires, [&hellip;]<\/p>\n","protected":false},"featured_media":10554,"template":"","meta":{"hide_page_title":"","_coblocks_attr":"","_coblocks_dimensions":"","_coblocks_responsive_height":"","_coblocks_accordion_ie_support":""},"product_cat":[21],"product_tag":[],"translation":{"provider":"WPGlobus","version":"3.0.1","language":"fr","enabled_languages":["en","es","fr","ar","pt","it"],"languages":{"en":{"title":true,"content":true,"excerpt":false},"es":{"title":false,"content":true,"excerpt":false},"fr":{"title":false,"content":true,"excerpt":false},"ar":{"title":false,"content":true,"excerpt":false},"pt":{"title":false,"content":true,"excerpt":false},"it":{"title":false,"content":true,"excerpt":false}}},"_links":{"self":[{"href":"https:\/\/www.serrarpharma.com\/fr\/wp-json\/wp\/v2\/product\/10558"}],"collection":[{"href":"https:\/\/www.serrarpharma.com\/fr\/wp-json\/wp\/v2\/product"}],"about":[{"href":"https:\/\/www.serrarpharma.com\/fr\/wp-json\/wp\/v2\/types\/product"}],"wp:featuredmedia":[{"embeddable":true,"href":"https:\/\/www.serrarpharma.com\/fr\/wp-json\/wp\/v2\/media\/10554"}],"wp:attachment":[{"href":"https:\/\/www.serrarpharma.com\/fr\/wp-json\/wp\/v2\/media?parent=10558"}],"wp:term":[{"taxonomy":"product_cat","embeddable":true,"href":"https:\/\/www.serrarpharma.com\/fr\/wp-json\/wp\/v2\/product_cat?post=10558"},{"taxonomy":"product_tag","embeddable":true,"href":"https:\/\/www.serrarpharma.com\/fr\/wp-json\/wp\/v2\/product_tag?post=10558"}],"curies":[{"name":"wp","href":"https:\/\/api.w.org\/{rel}","templated":true}]}}