{"id":10556,"date":"2021-02-10T21:00:32","date_gmt":"2021-02-11T02:00:32","guid":{"rendered":"https:\/\/www.serrarpharma.com\/?post_type=product&#038;p=10556"},"modified":"2025-02-01T23:16:12","modified_gmt":"2025-02-02T04:16:12","slug":"naturovitamin","status":"publish","type":"product","link":"https:\/\/www.serrarpharma.com\/fr\/product\/naturovitamin\/","title":{"rendered":"NaturoVitamin"},"content":{"rendered":"<p><img loading=\"lazy\" class=\"alignnone wp-image-11371\" src=\"https:\/\/i0.wp.com\/www.serrarpharma.com\/wp-content\/uploads\/2021\/04\/Made-in-CA.png?resize=70%2C70&#038;ssl=1\" alt=\"\" width=\"70\" height=\"70\" srcset=\"https:\/\/i0.wp.com\/www.serrarpharma.com\/wp-content\/uploads\/2021\/04\/Made-in-CA.png?w=150&amp;ssl=1 150w, https:\/\/i0.wp.com\/www.serrarpharma.com\/wp-content\/uploads\/2021\/04\/Made-in-CA.png?resize=100%2C100&amp;ssl=1 100w\" sizes=\"(max-width: 70px) 100vw, 70px\" data-recalc-dims=\"1\" \/><img loading=\"lazy\" class=\"alignnone wp-image-11370\" src=\"https:\/\/i0.wp.com\/www.serrarpharma.com\/wp-content\/uploads\/2021\/04\/GMP.png?resize=70%2C70&#038;ssl=1\" alt=\"\" width=\"70\" height=\"70\" srcset=\"https:\/\/i0.wp.com\/www.serrarpharma.com\/wp-content\/uploads\/2021\/04\/GMP.png?w=150&amp;ssl=1 150w, https:\/\/i0.wp.com\/www.serrarpharma.com\/wp-content\/uploads\/2021\/04\/GMP.png?resize=100%2C100&amp;ssl=1 100w\" sizes=\"(max-width: 70px) 100vw, 70px\" data-recalc-dims=\"1\" \/><img loading=\"lazy\" class=\"alignnone wp-image-11369\" src=\"https:\/\/i0.wp.com\/www.serrarpharma.com\/wp-content\/uploads\/2021\/04\/Nongmo.png?resize=70%2C70&#038;ssl=1\" alt=\"\" width=\"70\" height=\"70\" srcset=\"https:\/\/i0.wp.com\/www.serrarpharma.com\/wp-content\/uploads\/2021\/04\/Nongmo.png?w=150&amp;ssl=1 150w, https:\/\/i0.wp.com\/www.serrarpharma.com\/wp-content\/uploads\/2021\/04\/Nongmo.png?resize=100%2C100&amp;ssl=1 100w\" sizes=\"(max-width: 70px) 100vw, 70px\" data-recalc-dims=\"1\" \/><img loading=\"lazy\" class=\"alignnone wp-image-11799\" src=\"https:\/\/i0.wp.com\/www.serrarpharma.com\/wp-content\/uploads\/2021\/04\/ISO-07.png?resize=70%2C70&#038;ssl=1\" alt=\"\" width=\"70\" height=\"70\" srcset=\"https:\/\/i0.wp.com\/www.serrarpharma.com\/wp-content\/uploads\/2021\/04\/ISO-07.png?resize=300%2C300&amp;ssl=1 300w, https:\/\/i0.wp.com\/www.serrarpharma.com\/wp-content\/uploads\/2021\/04\/ISO-07.png?resize=150%2C150&amp;ssl=1 150w, https:\/\/i0.wp.com\/www.serrarpharma.com\/wp-content\/uploads\/2021\/04\/ISO-07.png?resize=100%2C100&amp;ssl=1 100w, https:\/\/i0.wp.com\/www.serrarpharma.com\/wp-content\/uploads\/2021\/04\/ISO-07.png?w=418&amp;ssl=1 418w\" sizes=\"(max-width: 70px) 100vw, 70px\" data-recalc-dims=\"1\" \/><\/p>\n<p>&nbsp;<\/p>\n<p>K2+D3 Liquide &#8211; V\u00e9g\u00e9tarien<br \/>\nAbsorption \u00e9lev\u00e9e<br \/>\nVit K2 120 mcg D3 1,000 IU par dose<br \/>\n4 mois d\u2019approvisionnement<br \/>\nSant\u00e9 des os et des dents<br \/>\nRenforce le syst\u00e8me immunitaire<br \/>\nAbsorption et utilisation du calcium et du phosphore<br \/>\nR\u00e9duit le risque de d\u00e9velopper l&#8217;ost\u00e9oporose<br \/>\nAugmente le niveau d&#8217;\u00e9nergie &#8211; Anti-inflammatoire<\/p>\n<p><strong>NaturoVitamin K2+D3 Liquide:<\/strong><br \/>\nC\u2019est une formulation associant 2 vitamines : K et D, dont les r\u00f4les sur la sant\u00e9 osseuse et la sant\u00e9 cardiovasculaire sont connus. La vitamine K et la vitamine D contribuent au maintien d\u2019une ossature normale.<br \/>\nNotre compl\u00e9ment alimentaire de vitamine K2 et de vitamine D3 liquide est fabriqu\u00e9 \u00e0 partir d\u2019ingr\u00e9dients naturels et elle est non issue de produit animal.<\/p>\n<p><strong>La vitamine K2:<\/strong><br \/>\nLa vitamine K2 contribue au maintien d&#8217;une ossature et d&#8217;une coagulation sanguine normale.<\/p>\n<p><strong>La vitamine D3:<\/strong><br \/>\nLa vitamine D contribue \u00e0 une calc\u00e9mie normale, \u00e0 l\u2019absorption et \u00e0 l\u2019utilisation normale du calcium et du phosphore. Elle contribue aussi aux fonctions normales des os, des dents, des muscles ainsi qu\u2019au fonctionnement normal du syst\u00e8me immunitaire. C\u2019est un compl\u00e9ment id\u00e9al pour une grande majorit\u00e9 de femmes d\u00e8s la m\u00e9nopause, pour les personnes \u00e2g\u00e9es ou suite \u00e0 des fractures.<\/p>\n<p><strong>Mode d\u2019emploi <\/strong>:<br \/>\nAdultes : prendre 4 gouttes par jour ou selon les directives de votre praticien de la sant\u00e9.<\/p>\n<p><strong> Informations importantes: <\/strong><br \/>\nSi vous prenez des m\u00e9dicaments sur ordonnance, que vous avez un probl\u00e8me de sant\u00e9 ou que vous avez des pr\u00e9occupations sp\u00e9cifiques concernant l&#8217;ad\u00e9quation de l&#8217;un de nos produits par rapport \u00e0 ceux-ci, vous devez toujours consulter votre m\u00e9decin g\u00e9n\u00e9raliste ou votre pharmacien avant de prendre des suppl\u00e9ments. Les femmes enceintes ou allaitantes devraient consulter un m\u00e9decin g\u00e9n\u00e9raliste avant de prendre des suppl\u00e9ments. Ne d\u00e9passez pas la dose quotidienne recommand\u00e9e. Tenir hors de port\u00e9e des enfants. Les suppl\u00e9ments ne doivent pas remplacer un r\u00e9gime alimentaire vari\u00e9. Lisez toujours l&#8217;\u00e9tiquette avant utilisation<\/p>\n<p>Serrar Pharma utilise uniquement des ingr\u00e9dients purs et naturels, provenant de sources fiables GMP. Nous assurons la qualit\u00e9 non seulement de chaque lot, mais de chaque ingr\u00e9dient de ce lot, en vous assurant d&#8217;obtenir uniquement le produit de la plus haute qualit\u00e9. Il existe de nombreux avantages de support suppl\u00e9mentaires. Voir ci-dessous les avis. Si vous avez des questions, veuillez nous contacter \u00e0 info@serrarpharma.com<\/p>\n<p>&nbsp;<\/p>\n<p><span style=\"color: #005890;\"><strong><span class=\"VIiyi\" lang=\"pt\"> <span class=\"JLqJ4b ChMk0b\" data-language-for-alternatives=\"pt\" data-language-to-translate-into=\"en\" data-phrase-index=\"1\">FEITO NO CANAD\u00c1 \u00a0\u00a0\u00a0\u00a0\u00a0 |\u00a0\u00a0\u00a0\u00a0\u00a0 <\/span> <span class=\"JLqJ4b ChMk0b\" data-language-for-alternatives=\"pt\" data-language-to-translate-into=\"en\" data-phrase-index=\"2\">GMP CERTIFIED \u00a0\u00a0\u00a0\u00a0\u00a0 |\u00a0\u00a0\u00a0\u00a0\u00a0 <\/span> <span class=\"JLqJ4b ChMk0b\" data-language-for-alternatives=\"pt\" data-language-to-translate-into=\"en\" data-phrase-index=\"3\">N\u00c3O OGM \u00a0\u00a0\u00a0\u00a0\u00a0 |\u00a0\u00a0\u00a0\u00a0\u00a0 <\/span> <span class=\"JLqJ4b ChMk0b\" data-language-for-alternatives=\"pt\" data-language-to-translate-into=\"en\" data-phrase-index=\"4\">LABORAT\u00d3RIO CERTIFICADO ISO 17025<\/span><\/span><\/strong><\/span><\/p>\n","protected":false},"excerpt":{"rendered":"<p>&nbsp; K2+D3 Liquide &#8211; V\u00e9g\u00e9tarien Absorption \u00e9lev\u00e9e Vit K2 120 mcg D3 1,000 IU par dose 4 mois d\u2019approvisionnement Sant\u00e9 des os et des dents Renforce le syst\u00e8me immunitaire Absorption et utilisation du calcium et du phosphore R\u00e9duit le risque de d\u00e9velopper l&#8217;ost\u00e9oporose Augmente le niveau d&#8217;\u00e9nergie &#8211; Anti-inflammatoire NaturoVitamin K2+D3 Liquide: C\u2019est une formulation [&hellip;]<\/p>\n","protected":false},"featured_media":10555,"template":"","meta":{"hide_page_title":"","_coblocks_attr":"","_coblocks_dimensions":"","_coblocks_responsive_height":"","_coblocks_accordion_ie_support":""},"product_cat":[21],"product_tag":[],"translation":{"provider":"WPGlobus","version":"3.0.1","language":"fr","enabled_languages":["en","es","fr","ar","pt","it"],"languages":{"en":{"title":true,"content":true,"excerpt":false},"es":{"title":false,"content":true,"excerpt":false},"fr":{"title":false,"content":true,"excerpt":false},"ar":{"title":false,"content":true,"excerpt":false},"pt":{"title":false,"content":true,"excerpt":false},"it":{"title":false,"content":true,"excerpt":false}}},"_links":{"self":[{"href":"https:\/\/www.serrarpharma.com\/fr\/wp-json\/wp\/v2\/product\/10556"}],"collection":[{"href":"https:\/\/www.serrarpharma.com\/fr\/wp-json\/wp\/v2\/product"}],"about":[{"href":"https:\/\/www.serrarpharma.com\/fr\/wp-json\/wp\/v2\/types\/product"}],"wp:featuredmedia":[{"embeddable":true,"href":"https:\/\/www.serrarpharma.com\/fr\/wp-json\/wp\/v2\/media\/10555"}],"wp:attachment":[{"href":"https:\/\/www.serrarpharma.com\/fr\/wp-json\/wp\/v2\/media?parent=10556"}],"wp:term":[{"taxonomy":"product_cat","embeddable":true,"href":"https:\/\/www.serrarpharma.com\/fr\/wp-json\/wp\/v2\/product_cat?post=10556"},{"taxonomy":"product_tag","embeddable":true,"href":"https:\/\/www.serrarpharma.com\/fr\/wp-json\/wp\/v2\/product_tag?post=10556"}],"curies":[{"name":"wp","href":"https:\/\/api.w.org\/{rel}","templated":true}]}}