{"id":9127,"date":"2020-10-11T23:06:41","date_gmt":"2020-10-11T23:06:41","guid":{"rendered":"https:\/\/www.serrarpharma.com\/?page_id=9127"},"modified":"2021-05-11T10:09:44","modified_gmt":"2021-05-11T14:09:44","slug":"catalogue","status":"publish","type":"page","link":"https:\/\/www.serrarpharma.com\/fr\/catalogue\/","title":{"rendered":"Catalogue"},"content":{"rendered":"\n<p class=\"has-text-align-center CATALOGUEtitle has-secondary-color has-text-color has-huge-font-size has-custom-font\" style=\"font-family:Open Sans\">CATALOGUE<\/p>\n\n\n\n<div class=\"catscrollwrap\">\n<div class=\"catouter\">\n  <span id=\"fretem-1\"><\/span><br>\n  <span id=\"fretem-2\"><\/span><br>\n  <span id=\"fretem-3\"><\/span><p><\/p>\n<div class=\"carousel-fretem fretem-1\">\n    <a class=\"catarrow catarrow-prev\" href=\"#fretem-3\"><\/a><br>\n    <a class=\"catarrow catarrow-next\" href=\"#fretem-2\"><\/a>\n  <\/div>\n<div class=\"carousel-fretem fretem-2\">\n    <a class=\"catarrow catarrow-prev\" href=\"#fretem-1\"><\/a><br>\n    <a class=\"catarrow catarrow-next\" href=\"#fretem-3\"><\/a>\n  <\/div>\n<div class=\"carousel-fretem fretem-3\">\n    <a class=\"catarrow catarrow-prev\" href=\"#fretem-2\"><\/a><br>\n    <a class=\"catarrow catarrow-next\" href=\"#fretem-1\"><\/a>\n  <\/div>\n<\/div>\n<\/div>\n\n\n\n<div class=\"wp-container-1 wp-block-group catsubmenback\"><div class=\"wp-block-group__inner-container\">\n<div style=\"height:24px\" aria-hidden=\"true\" class=\"wp-block-spacer\"><\/div>\n\n\n\n<p class=\"has-text-align-center catsubmen has-secondary-color has-text-color has-medium-font-size has-custom-font has-custom-letterspacing\" style=\"font-family:Open Sans;letter-spacing:2.3px\"><a href=\"#prsec\"><br>PHYTO-R\u00caVE SOINS VISAGE<\/a><br> <a href=\"#bioskinsec\">SOINS VISAGE<\/a><br><a href=\"#jasminebody\">JASMINE SOIN CORPS<\/a><br> <a href=\"#serenahair\">SERENA SOINS CHEVEUX<\/a><br> <a href=\"#zinahealth\">ZINACAL SANT\u00c9 NATURELLE<\/a><br> <a href=\"#cattestimonials\">T\u00c9MOINAGES<\/a><br> <a href=\"#KITS\">KITS<\/a><\/p>\n\n\n\n<div style=\"height:40px\" aria-hidden=\"true\" class=\"wp-block-spacer\"><\/div>\n<\/div><\/div>\n\n\n<p><\/p>\n\n\n<a id=\"prsec\"><\/a>\n<div class=\"cat2scrollwrap\">\n<div class=\"cat2outer\">\n  <div id=\"fsec-1slide2\"><\/div><br>\n  <div id=\"fsec-2slide2\"><\/div><br>\n  <div id=\"fsec-3slide2\"><\/div><br>\n<div class=\"carousel-fsecslide2 fsec-1slide2\">\n    <a class=\"catarrows2 catarrow-prev\" href=\"#fsec-3slide2\"><\/a><br>\n    <a class=\"catarrows2 catarrow-next\" href=\"#fsec-2slide2\"><\/a>\n  <\/div>\n<div class=\"carousel-fsecslide2 fsec-2slide2\">\n    <a class=\"catarrows2 catarrow-prev\" href=\"#fsec-1slide2\"><\/a><br>\n    <a class=\"catarrows2 catarrow-next\" href=\"#fsec-3slide2\"><\/a>\n  <\/div>\n<div class=\"carousel-fsecslide2 fsec-3slide2\">\n    <a class=\"catarrows2 catarrow-prev\" href=\"#fsec-2slide2\"><\/a><br>\n    <a class=\"catarrows2 catarrow-next\" href=\"#fsec-1slide2\"><\/a>\n  <\/div>\n<\/div>\n<\/div>\n\n\n\n<div style=\"height:50px\" aria-hidden=\"true\" class=\"wp-block-spacer cataloguemobspace\"><\/div>\n\n\n\n<a id=\"bioskinsec\"><\/a>\n<div class=\"cat3scrollwrap\">\n<div class=\"cat3outer\">\n  <div id=\"fretird-1\"><\/div>\n  <div id=\"fretird-2\"><\/div>\n  <div id=\"fretird-3\"><\/div>\n  <div id=\"fretird-4\"><\/div>\n  <div id=\"fretird-5\"><\/div>\n  <div id=\"fretird-6\"><\/div>\n\n<div class=\"carousel-fretird fretird-1\">\n    <a class=\"catarrows3 catarrow-prev\" href=\"#fretird-6\"><\/a><br>\n    <a class=\"catarrows3 catarrow-next\" href=\"#fretird-2\"><\/a>\n  <\/div>\n<div class=\"carousel-fretird fretird-2\">\n    <a class=\"catarrows3 catarrow-prev\" href=\"#fretird-1\"><\/a><br>\n    <a class=\"catarrows3 catarrow-next\" href=\"#fretird-3\"><\/a>\n  <\/div>\n<div class=\"carousel-fretird fretird-3\">\n    <a class=\"catarrows3 catarrow-prev\" href=\"#fretird-2\"><\/a><br>\n    <a class=\"catarrows3 catarrow-next\" href=\"#fretird-4\"><\/a>\n  <\/div>\n<div class=\"carousel-fretird fretird-4\">\n    <a class=\"catarrows3 catarrow-prev\" href=\"#fretird-3\"><\/a><br>\n    <a class=\"catarrows3 catarrow-next\" href=\"#fretird-5\"><\/a>\n  <\/div>\n<div class=\"carousel-fretird fretird-5\">\n    <a class=\"catarrows3 catarrow-prev\" href=\"#fretird-4\"><\/a><br>\n    <a class=\"catarrows3 catarrow-next\" href=\"#fretird-6\"><\/a>\n  <\/div>\n<div class=\"carousel-fretird fretird-6\">\n    <a class=\"catarrows3 catarrow-prev\" href=\"#fretird-5\"><\/a><br>\n    <a class=\"catarrows3 catarrow-next\" href=\"#fretird-1\"><\/a>\n  <\/div>\n\n<\/div>\n<\/div>\n\n\n\n<div style=\"height:50px\" aria-hidden=\"true\" class=\"wp-block-spacer cataloguemobspace\"><\/div>\n\n\n\n<a id=\"jasminebody\"><\/a>\n<div class=\"cat4scrollwrap\">\n<div class=\"cat4outer\">\n  <div id=\"frourth-1\"><\/div>\n  <div id=\"frourth-2\"><\/div>\n  <div id=\"frourth-3\"><\/div>\n  <div id=\"frourth-4\"><\/div>\n\n<div class=\"carousel-frourth frourth-1\">\n    <a class=\"catarrows4 catarrow-prev\" href=\"#frourth-4\"><\/a><br>\n    <a class=\"catarrows4 catarrow-next\" href=\"#frourth-2\"><\/a>\n  <\/div>\n<div class=\"carousel-frourth frourth-2\">\n    <a class=\"catarrows4 catarrow-prev\" href=\"#frourth-1\"><\/a><br>\n    <a class=\"catarrows4 catarrow-next\" href=\"#frourth-3\"><\/a>\n  <\/div>\n<div class=\"carousel-frourth frourth-3\">\n    <a class=\"catarrows4 catarrow-prev\" href=\"#frourth-2\"><\/a><br>\n    <a class=\"catarrows4 catarrow-next\" href=\"#frourth-4\"><\/a>\n  <\/div>\n<div class=\"carousel-frourth frourth-4\">\n    <a class=\"catarrows4 catarrow-prev\" href=\"#frourth-3\"><\/a><br>\n    <a class=\"catarrows4 catarrow-next\" href=\"#frourth-1\"><\/a>\n  <\/div>\n\n<\/div>\n<\/div>\n\n\n\n<div style=\"height:50px\" aria-hidden=\"true\" class=\"wp-block-spacer cataloguemobspace\"><\/div>\n\n\n\n<a id=\"serenahair\"><\/a>\n<div class=\"cat5scrollwrap\">\n<div class=\"cat5outer\">\n  <div id=\"renchif-1\"><\/div>\n  <div id=\"renchif-2\"><\/div>\n  <div id=\"renchif-3\"><\/div>\n\n<div class=\"carousel-renchif renchif-1\">\n    <a class=\"catarrows5 catarrow-prev\" href=\"#renchif-3\"><\/a><br>\n    <a class=\"catarrows5 catarrow-next\" href=\"#renchif-2\"><\/a>\n  <\/div>\n<div class=\"carousel-renchif renchif-2\">\n    <a class=\"catarrows5 catarrow-prev\" href=\"#renchif-1\"><\/a><br>\n    <a class=\"catarrows5 catarrow-next\" href=\"#renchif-3\"><\/a>\n  <\/div>\n<div class=\"carousel-renchif renchif-3\">\n    <a class=\"catarrows5 catarrow-prev\" href=\"#renchif-2\"><\/a><br>\n    <a class=\"catarrows5 catarrow-next\" href=\"#renchif-1\"><\/a>\n  <\/div>\n\n<\/div>\n<\/div>\n\n\n\n<div style=\"height:50px\" aria-hidden=\"true\" class=\"wp-block-spacer cataloguemobspace\"><\/div>\n\n\n\n<a id=\"zinahealth\"><\/a>\n<div class=\"cat6scrollwrap\">\n<div class=\"cat6outer\">\n  <div id=\"sifre-1\"><\/div>\n  <div id=\"sifre-2\"><\/div>\n  <div id=\"sifre-3\"><\/div>\n  <div id=\"sifre-4\"><\/div>\n  <div id=\"sifre-5\"><\/div>\n  <div id=\"sifre-6\"><\/div>\n<div class=\"carousel-sifre sifre-1\">\n    <a class=\"catarrows6 catarrow-prev\" href=\"#sifre-6\"><\/a><br>\n    <a class=\"catarrows6 catarrow-next\" href=\"#sifre-2\"><\/a>\n  <\/div>\n<div class=\"carousel-sifre sifre-2\">\n    <a class=\"catarrows6 catarrow-prev\" href=\"#sifre-1\"><\/a><br>\n    <a class=\"catarrows6 catarrow-next\" href=\"#sifre-3\"><\/a>\n  <\/div>\n<div class=\"carousel-sifre sifre-3\">\n    <a class=\"catarrows6 catarrow-prev\" href=\"#sifre-2\"><\/a><br>\n    <a class=\"catarrows6 catarrow-next\" href=\"#sifre-4\"><\/a>\n  <\/div>\n<div class=\"carousel-sifre sifre-4\">\n    <a class=\"catarrows6 catarrow-prev\" href=\"#sifre-3\"><\/a><br>\n    <a class=\"catarrows6 catarrow-next\" href=\"#sifre-5\"><\/a>\n  <\/div>\n<div class=\"carousel-sifre sifre-5\">\n    <a class=\"catarrows6 catarrow-prev\" href=\"#sifre-4\"><\/a><br>\n    <a class=\"catarrows6 catarrow-next\" href=\"#sifre-6\"><\/a>\n  <\/div>\n<div class=\"carousel-sifre sifre-6\">\n    <a class=\"catarrows6 catarrow-prev\" href=\"#sifre-5\"><\/a><br>\n    <a class=\"catarrows6 catarrow-next\" href=\"#sifre-1\"><\/a>\n  <\/div>\n\n<\/div>\n<\/div>\n\n\n\n<div style=\"height:50px\" aria-hidden=\"true\" class=\"wp-block-spacer cataloguemobspace\"><\/div>\n\n\n\n<a id=\"cattestimonials\"><\/a>\n<div class=\"cat7scrollwrap\">\n<div class=\"cat7outer\">\n  <div id=\"sefre-1\"><\/div>\n  <div id=\"sefre-2\"><\/div>\n  <div id=\"sefre-3\"><\/div>\n  <div id=\"sefre-4\"><\/div>\n  <div id=\"sefre-5\"><\/div>\n  <div id=\"sefre-6\"><\/div>\n  <div id=\"sefre-7\"><\/div>\n<div class=\"carousel-sefre sefre-1\">\n    <a class=\"catarrows7 catarrow-prev\" href=\"#sefre-7\"><\/a><br>\n    <a class=\"catarrows7 catarrow-next\" href=\"#sefre-2\"><\/a>\n  <\/div>\n<div class=\"carousel-sefre sefre-2\">\n    <a class=\"catarrows7 catarrow-prev\" href=\"#sefre-1\"><\/a><br>\n    <a class=\"catarrows7 catarrow-next\" href=\"#sefre-3\"><\/a>\n  <\/div>\n<div class=\"carousel-sefre sefre-3\">\n    <a class=\"catarrows7 catarrow-prev\" href=\"#sefre-2\"><\/a><br>\n    <a class=\"catarrows7 catarrow-next\" href=\"#sefre-4\"><\/a>\n  <\/div>\n<div class=\"carousel-sefre sefre-4\">\n    <a class=\"catarrows7 catarrow-prev\" href=\"#sefre-3\"><\/a><br>\n    <a class=\"catarrows7 catarrow-next\" href=\"#sefre-5\"><\/a>\n  <\/div>\n<div class=\"carousel-sefre sefre-5\">\n    <a class=\"catarrows7 catarrow-prev\" href=\"#sefre-4\"><\/a><br>\n    <a class=\"catarrows7 catarrow-next\" href=\"#sefre-6\"><\/a>\n  <\/div>\n<div class=\"carousel-sefre sefre-6\">\n    <a class=\"catarrows7 catarrow-prev\" href=\"#sefre-5\"><\/a><br>\n    <a class=\"catarrows7 catarrow-next\" href=\"#sefre-7\"><\/a>\n  <\/div>\n<div class=\"carousel-sefre sefre-7\">\n    <a class=\"catarrows7 catarrow-prev\" href=\"#sefre-6\"><\/a><br>\n    <a class=\"catarrows7 catarrow-next\" href=\"#sefre-1\"><\/a>\n  <\/div>\n<\/div>\n<\/div>\n\n\n\n<div style=\"height:50px\" aria-hidden=\"true\" class=\"wp-block-spacer cataloguemobspace\"><\/div>\n\n\n\n<a id=\"KITS\"><\/a>\n<div class=\"cat8scrollwrap\">\n<div class=\"cat8outer\">\n  <div id=\"kitsfr-1\"><\/div>\n  <div id=\"kitsfr-2\"><\/div>\n  <div id=\"kitsfr-3\"><\/div>\n  <div id=\"kitsfr-4\"><\/div>\n  <div id=\"kitsfr-5\"><\/div>\n  <div id=\"kitsfr-6\"><\/div>\n  <div id=\"kitsfr-7\"><\/div>\n  <div id=\"kitsfr-8\"><\/div>\n  <div id=\"kitsfr-9\"><\/div>\n  <div id=\"kitsfr-10\"><\/div>\n  <div id=\"kitsfr-11\"><\/div>\n  <div id=\"kitsfr-12\"><\/div>\n  <div id=\"kitsfr-13\"><\/div>\n  <div id=\"kitsfr-14\"><\/div>\n<div class=\"carousel-kitsfr kitsfr-1\">\n    <a class=\"catarrows8 catarrow-prev\" href=\"#kitsfr-14\"><\/a><br>\n    <a class=\"catarrows8 catarrow-next\" href=\"#kitsfr-2\"><\/a>\n  <\/div>\n<div class=\"carousel-kitsfr kitsfr-2\">\n    <a class=\"catarrows8 catarrow-prev\" href=\"#kitsfr-1\"><\/a><br>\n    <a class=\"catarrows8 catarrow-next\" href=\"#kitsfr-3\"><\/a>\n  <\/div>\n<div class=\"carousel-kitsfr kitsfr-3\">\n    <a class=\"catarrows8 catarrow-prev\" href=\"#kitsfr-2\"><\/a><br>\n    <a class=\"catarrows8 catarrow-next\" href=\"#kitsfr-4\"><\/a>\n  <\/div>\n<div class=\"carousel-kitsfr kitsfr-4\">\n    <a class=\"catarrows8 catarrow-prev\" href=\"#kitsfr-3\"><\/a><br>\n    <a class=\"catarrows8 catarrow-next\" href=\"#kitsfr-5\"><\/a>\n  <\/div>\n<div class=\"carousel-kitsfr kitsfr-5\">\n    <a class=\"catarrows8 catarrow-prev\" href=\"#kitsfr-4\"><\/a><br>\n    <a class=\"catarrows8 catarrow-next\" href=\"#kitsfr-6\"><\/a>\n  <\/div>\n<div class=\"carousel-kitsfr kitsfr-6\">\n    <a class=\"catarrows8 catarrow-prev\" href=\"#kitsfr-5\"><\/a><br>\n    <a class=\"catarrows8 catarrow-next\" href=\"#kitsfr-7\"><\/a>\n  <\/div>\n<div class=\"carousel-kitsfr kitsfr-7\">\n    <a class=\"catarrows8 catarrow-prev\" href=\"#kitsfr-6\"><\/a><br>\n    <a class=\"catarrows8 catarrow-next\" href=\"#kitsfr-8\"><\/a>\n  <\/div>\n<div class=\"carousel-kitsfr kitsfr-8\">\n    <a class=\"catarrows8 catarrow-prev\" href=\"#kitsfr-7\"><\/a><br>\n    <a class=\"catarrows8 catarrow-next\" href=\"#kitsfr-9\"><\/a>\n  <\/div>\n<div class=\"carousel-kitsfr kitsfr-9\">\n    <a class=\"catarrows8 catarrow-prev\" href=\"#kitsfr-8\"><\/a><br>\n    <a class=\"catarrows8 catarrow-next\" href=\"#kitsfr-10\"><\/a>\n  <\/div>\n<div class=\"carousel-kitsfr kitsfr-10\">\n    <a class=\"catarrows8 catarrow-prev\" href=\"#kitsfr-9\"><\/a><br>\n    <a class=\"catarrows8 catarrow-next\" href=\"#kitsfr-11\"><\/a>\n  <\/div>\n<div class=\"carousel-kitsfr kitsfr-11\">\n    <a class=\"catarrows8 catarrow-prev\" href=\"#kitsfr-10\"><\/a><br>\n    <a class=\"catarrows8 catarrow-next\" href=\"#kitsfr-12\"><\/a>\n  <\/div>\n<div class=\"carousel-kitsfr kitsfr-12\">\n    <a class=\"catarrows8 catarrow-prev\" href=\"#kitsfr-11\"><\/a><br>\n    <a class=\"catarrows8 catarrow-next\" href=\"#kitsfr-13\"><\/a>\n  <\/div>\n<div class=\"carousel-kitsfr kitsfr-13\">\n    <a class=\"catarrows8 catarrow-prev\" href=\"#kitsfr-12\"><\/a><br>\n    <a class=\"catarrows8 catarrow-next\" href=\"#kitsfr-14\"><\/a>\n  <\/div>\n<div class=\"carousel-kitsfr kitsfr-14\">\n    <a class=\"catarrows8 catarrow-prev\" href=\"#kitsfr-13\"><\/a><br>\n    <a class=\"catarrows8 catarrow-next\" href=\"#kitsfr-1\"><\/a>\n  <\/div>\n  <\/div>\n<\/div>\n\n\n\n<div style=\"height:50px\" aria-hidden=\"true\" class=\"wp-block-spacer cataloguemobspace\"><\/div>\n\n\n\n<div style=\"height:50px\" aria-hidden=\"true\" class=\"wp-block-spacer\"><\/div>\n\n\n\n<p><\/p>\n","protected":false},"excerpt":{"rendered":"<p>CATALOGUE PHYTO-R\u00caVE SOINS VISAGE SOINS VISAGEJASMINE SOIN CORPS SERENA SOINS CHEVEUX ZINACAL SANT\u00c9 NATURELLE T\u00c9MOINAGES KITS<\/p>\n","protected":false},"author":1,"featured_media":0,"parent":0,"menu_order":0,"comment_status":"closed","ping_status":"closed","template":"","meta":{"hide_page_title":"","_coblocks_attr":"","_coblocks_dimensions":"","_coblocks_responsive_height":"","_coblocks_accordion_ie_support":""},"translation":{"provider":"WPGlobus","version":"3.0.1","language":"fr","enabled_languages":["en","es","fr","ar","pt","it"],"languages":{"en":{"title":true,"content":true,"excerpt":false},"es":{"title":false,"content":false,"excerpt":false},"fr":{"title":false,"content":true,"excerpt":false},"ar":{"title":false,"content":false,"excerpt":false},"pt":{"title":false,"content":false,"excerpt":false},"it":{"title":false,"content":true,"excerpt":false}}},"_links":{"self":[{"href":"https:\/\/www.serrarpharma.com\/fr\/wp-json\/wp\/v2\/pages\/9127"}],"collection":[{"href":"https:\/\/www.serrarpharma.com\/fr\/wp-json\/wp\/v2\/pages"}],"about":[{"href":"https:\/\/www.serrarpharma.com\/fr\/wp-json\/wp\/v2\/types\/page"}],"author":[{"embeddable":true,"href":"https:\/\/www.serrarpharma.com\/fr\/wp-json\/wp\/v2\/users\/1"}],"replies":[{"embeddable":true,"href":"https:\/\/www.serrarpharma.com\/fr\/wp-json\/wp\/v2\/comments?post=9127"}],"version-history":[{"count":0,"href":"https:\/\/www.serrarpharma.com\/fr\/wp-json\/wp\/v2\/pages\/9127\/revisions"}],"wp:attachment":[{"href":"https:\/\/www.serrarpharma.com\/fr\/wp-json\/wp\/v2\/media?parent=9127"}],"curies":[{"name":"wp","href":"https:\/\/api.w.org\/{rel}","templated":true}]}}