{"id":892,"date":"2020-04-12T20:39:10","date_gmt":"2020-04-12T20:39:10","guid":{"rendered":"https:\/\/www.serrarpharma.com\/?page_id=892"},"modified":"2021-04-13T07:55:02","modified_gmt":"2021-04-13T11:55:02","slug":"contact","status":"publish","type":"page","link":"https:\/\/www.serrarpharma.com\/fr\/contact\/","title":{"rendered":"Contact"},"content":{"rendered":"\n<p style=\"color:#63ade5;font-family:Open Sans\" class=\"has-text-color has-text-align-center has-huge-font-size contacttitle has-custom-font\">NOUS CONTACTER<\/p>\n\n\n\n<p style=\"font-family:Open Sans;line-height:1.5\" class=\"has-text-align-center contactpar has-custom-font has-custom-lineheight\">Contactez notre \u00e9quipe si vous avez des questions sur le programme Zinacal ou avez besoin d&#8217;aide. Appelez-nous ou envoyez-nous un message et nous vous r\u00e9pondrons rapidement.<\/p>\n\n\n\n<p style=\"color:#005e94;font-family:Open Sans\" class=\"has-text-color has-text-align-center has-large-font-size has-custom-font\">(302) 200-2171<\/p>\n\n\n\n<p style=\"font-family:Open Sans\" class=\"has-text-align-center has-custom-font\">info@serrarpharma.com<\/p>\n\n\n\n<div class=\"wp-block-coblocks-row alignfull coblocks-row-31120544678 contactform\" data-columns=\"1\" data-layout=\"100\"><div class=\"contactform wp-block-coblocks-row__inner has-no-padding has-no-margin is-stacked-on-mobile has-medium-gutter\">\n<div class=\"wp-block-coblocks-column coblocks-column-31120545283\" style=\"width:100%\"><div class=\"wp-block-coblocks-column__inner has-no-padding has-no-margin\">\n<div class=\"wpcf7 no-js\" id=\"wpcf7-f5366-o1\" lang=\"en-US\" dir=\"ltr\">\n<div class=\"screen-reader-response\"><p role=\"status\" aria-live=\"polite\" aria-atomic=\"true\"><\/p> <ul><\/ul><\/div>\n<form action=\"\/fr\/wp-json\/wp\/v2\/pages\/892#wpcf7-f5366-o1\" method=\"post\" class=\"wpcf7-form init\" aria-label=\"Contact form\" novalidate=\"novalidate\" data-status=\"init\">\n<div style=\"display: none;\">\n<input type=\"hidden\" name=\"_wpcf7\" value=\"5366\" \/>\n<input type=\"hidden\" name=\"_wpcf7_version\" value=\"5.7.7\" \/>\n<input type=\"hidden\" name=\"_wpcf7_locale\" value=\"en_US\" \/>\n<input type=\"hidden\" name=\"_wpcf7_unit_tag\" value=\"wpcf7-f5366-o1\" \/>\n<input type=\"hidden\" name=\"_wpcf7_container_post\" value=\"0\" \/>\n<input type=\"hidden\" name=\"_wpcf7_posted_data_hash\" value=\"\" \/>\n<\/div>\n<p><label> Nom<br \/>\n<span class=\"wpcf7-form-control-wrap\" data-name=\"your-name\"><input size=\"40\" class=\"wpcf7-form-control wpcf7-text wpcf7-validates-as-required\" aria-required=\"true\" aria-invalid=\"false\" value=\"\" type=\"text\" name=\"your-name\" \/><\/span> <\/label>\n<\/p>\n<p><label> Email<br \/>\n<span class=\"wpcf7-form-control-wrap\" data-name=\"your-email\"><input size=\"40\" class=\"wpcf7-form-control wpcf7-text wpcf7-email wpcf7-validates-as-required wpcf7-validates-as-email\" aria-required=\"true\" aria-invalid=\"false\" value=\"\" type=\"email\" name=\"your-email\" \/><\/span> <\/label>\n<\/p>\n<p><label> T\u00e9l\u00e9phone<br \/>\n<span class=\"wpcf7-form-control-wrap\" data-name=\"tel-795\"><input size=\"40\" class=\"wpcf7-form-control wpcf7-text wpcf7-tel wpcf7-validates-as-tel\" aria-invalid=\"false\" value=\"\" type=\"tel\" name=\"tel-795\" \/><\/span> <\/label>\n<\/p>\n<p><label> Quel est le meilleur moment pour vous joindre?<br \/>\n<span class=\"wpcf7-form-control-wrap\" data-name=\"best-time\"><input size=\"40\" class=\"wpcf7-form-control wpcf7-text\" aria-invalid=\"false\" value=\"\" type=\"text\" name=\"best-time\" \/><\/span> <\/label>\n<\/p>\n<p><label> En quoi pouvons-nous vous aider?<br \/>\n<span class=\"wpcf7-form-control-wrap\" data-name=\"your-message\"><textarea cols=\"40\" rows=\"10\" class=\"wpcf7-form-control wpcf7-textarea\" aria-invalid=\"false\" name=\"your-message\"><\/textarea><\/span> <\/label>\n<\/p>\n<p><input class=\"wpcf7-form-control has-spinner wpcf7-submit\" type=\"submit\" value=\"Envoyer\" \/>\n<\/p><div class=\"wpcf7-response-output\" aria-hidden=\"true\"><\/div>\n<\/form>\n<\/div>\n\n<\/div><\/div>\n<\/div><\/div>\n\n\n\n<div class=\"wp-container-4 wp-block-columns alignfull has-background contactcolumns\" style=\"background-color:#eff2f7\">\n<div class=\"wp-container-1 wp-block-column contactleftcolumn\">\n<p style=\"color:#63ade5;font-size:28px;font-family:Open Sans\" class=\"has-text-color has-custom-font\">PLUS<\/p>\n\n\n\n<p style=\"color:#005e94;font-family:Open Sans\" class=\"has-text-color contactlinks has-custom-font\"><a href=\"https:\/\/www.serrarpharma.com\/fr\/meet-the-doctor\/\">Rencontrez le Docteur<\/a><br><a href=\"https:\/\/www.serrarpharma.com\/fr\/our-products\/\">Nos Produits<\/a><br><a href=\"https:\/\/www.serrarpharma.com\/fr\/testimonials\/\">T\u00e9moignages<\/a><\/p>\n<\/div>\n\n\n\n<div class=\"wp-container-2 wp-block-column\">\n<p style=\"color:#63ade5;font-size:28px;font-family:Open Sans\" class=\"has-text-color has-text-align-center has-custom-font\">HEURES<\/p>\n\n\n\n<p style=\"color:#005e94;font-family:Open Sans\" class=\"has-text-color has-text-align-center contactmiddlecol has-custom-font\">Lundi &#8211; Vendredi: 10am &#8211; 5pm<br>Samedi: 10am -5pm <br> Dimanche: 12pm &#8211; 5pm<\/p>\n<\/div>\n\n\n\n<div class=\"wp-container-3 wp-block-column contactrightcolumn\">\n<p style=\"color:#63ade5;font-size:28px;font-family:Open Sans\" class=\"has-text-color has-text-align-right has-custom-font\">ACHETER<\/p>\n\n\n\n<p style=\"color:#005e94;font-family:Open Sans\" class=\"has-text-color has-text-align-right contactlinks has-custom-font\"><a href=\"https:\/\/www.serrarpharma.com\/fr\/product\/zinaboost\/\">ZinaBoost<\/a><br><a href=\"https:\/\/www.serrarpharma.com\/fr\/product\/zinadetox\/\">ZinaSlim Advanced<\/a><br><a href=\"https:\/\/www.serrarpharma.com\/fr\/shop\/\">Plus de Produits<\/a><\/p>\n<\/div>\n<\/div>\n\n\n\n<div class=\"wp-container-11 wp-block-columns alignfull spfootblock\">\n<div class=\"wp-container-5 wp-block-column is-vertically-aligned-top\" style=\"flex-basis:49%\">\n<div class=\"wp-block-media-text is-stacked-on-mobile is-vertically-aligned-top footlogoblock\" style=\"grid-template-columns:28% auto\"><figure class=\"wp-block-media-text__media\"><img loading=\"lazy\" width=\"603\" height=\"811\" src=\"https:\/\/i0.wp.com\/www.serrarpharma.com\/wp-content\/uploads\/2020\/04\/2-sp-png.png?resize=603%2C811&#038;ssl=1\" alt=\"\" class=\"wp-image-394\" srcset=\"https:\/\/i0.wp.com\/www.serrarpharma.com\/wp-content\/uploads\/2020\/04\/2-sp-png.png?w=603&amp;ssl=1 603w, https:\/\/i0.wp.com\/www.serrarpharma.com\/wp-content\/uploads\/2020\/04\/2-sp-png.png?resize=223%2C300&amp;ssl=1 223w, https:\/\/i0.wp.com\/www.serrarpharma.com\/wp-content\/uploads\/2020\/04\/2-sp-png.png?resize=600%2C807&amp;ssl=1 600w\" sizes=\"(max-width: 603px) 100vw, 603px\" data-recalc-dims=\"1\" \/><\/figure><div class=\"wp-block-media-text__content\">\n<p style=\"color:#005e94;font-size:18px;font-family:Open Sans;line-height:1.5\" class=\"has-text-color has-custom-font has-custom-lineheight\">SerrarPharma se concentre sur l&#8217;am\u00e9lioration de votre qualit\u00e9 de vie. Nous sommes passionn\u00e9s de vous aider non seulement \u00e0 g\u00e9rer votre sant\u00e9, mais aussi \u00e0 vous \u00e9panouir en utilisant nos m\u00e9thodes uniques et \u00e9prouv\u00e9es.<\/p>\n<\/div><\/div>\n<\/div>\n\n\n\n<div class=\"wp-container-9 wp-block-column footmiddlecol\" style=\"flex-basis:25%\">\n<p style=\"color:#005e94;font-size:18px;line-height:1\" class=\"has-text-color serrarmidfooter has-custom-lineheight\"><strong>SERRAR PHARMA LLC<\/strong><\/p>\n\n\n\n<p style=\"color:#005e94;font-family:Open Sans;line-height:1.4\" class=\"has-text-color footeraddress has-custom-font has-custom-lineheight\">4 Hunter Lane<br>Elmsford, NY 10523<br>USA<\/p>\n\n\n\n<p style=\"color:#005e94\" class=\"has-text-color has-medium-font-size footerphone\"><strong>(302) 200-2171<\/strong><\/p>\n\n\n\n<p style=\"color:#005e94;font-family:Open Sans\" class=\"has-text-color has-custom-font\">info@serrarpharma.com<\/p>\n\n\n\n<div class=\"wp-container-8 wp-block-columns footersm\">\n<div class=\"wp-container-6 wp-block-column\">\n<div class=\"wp-block-image mb-0 mt-0\"><figure class=\"aligncenter size-thumbnail\"><a href=\"https:\/\/www.instagram.com\/drserrar\/\" target=\"_blank\" rel=\"noopener noreferrer\"><img loading=\"lazy\" width=\"150\" height=\"150\" src=\"https:\/\/i0.wp.com\/www.serrarpharma.com\/wp-content\/uploads\/2021\/01\/SPWebInstaSymbol.png?resize=150%2C150&#038;ssl=1\" alt=\"\" class=\"wp-image-10264\" srcset=\"https:\/\/i0.wp.com\/www.serrarpharma.com\/wp-content\/uploads\/2021\/01\/SPWebInstaSymbol.png?resize=150%2C150&amp;ssl=1 150w, https:\/\/i0.wp.com\/www.serrarpharma.com\/wp-content\/uploads\/2021\/01\/SPWebInstaSymbol.png?resize=300%2C300&amp;ssl=1 300w, https:\/\/i0.wp.com\/www.serrarpharma.com\/wp-content\/uploads\/2021\/01\/SPWebInstaSymbol.png?resize=100%2C100&amp;ssl=1 100w, https:\/\/i0.wp.com\/www.serrarpharma.com\/wp-content\/uploads\/2021\/01\/SPWebInstaSymbol.png?w=362&amp;ssl=1 362w\" sizes=\"(max-width: 150px) 100vw, 150px\" data-recalc-dims=\"1\" \/><\/a><\/figure><\/div>\n\n\n\n<p><\/p>\n<\/div>\n\n\n\n<div class=\"wp-container-7 wp-block-column\">\n<div class=\"wp-block-image mb-0 mt-0\"><figure class=\"aligncenter size-thumbnail\"><a href=\"https:\/\/www.facebook.com\/DrSerrar-112763810583917\" target=\"_blank\" rel=\"noopener noreferrer\"><img loading=\"lazy\" width=\"150\" height=\"150\" src=\"https:\/\/i0.wp.com\/www.serrarpharma.com\/wp-content\/uploads\/2021\/01\/SPWebFBSymbol.png?resize=150%2C150&#038;ssl=1\" alt=\"\" class=\"wp-image-10265\" srcset=\"https:\/\/i0.wp.com\/www.serrarpharma.com\/wp-content\/uploads\/2021\/01\/SPWebFBSymbol.png?resize=150%2C150&amp;ssl=1 150w, https:\/\/i0.wp.com\/www.serrarpharma.com\/wp-content\/uploads\/2021\/01\/SPWebFBSymbol.png?resize=300%2C300&amp;ssl=1 300w, https:\/\/i0.wp.com\/www.serrarpharma.com\/wp-content\/uploads\/2021\/01\/SPWebFBSymbol.png?resize=100%2C100&amp;ssl=1 100w, https:\/\/i0.wp.com\/www.serrarpharma.com\/wp-content\/uploads\/2021\/01\/SPWebFBSymbol.png?w=362&amp;ssl=1 362w\" sizes=\"(max-width: 150px) 100vw, 150px\" data-recalc-dims=\"1\" \/><\/a><\/figure><\/div>\n\n\n\n<p><\/p>\n<\/div>\n<\/div>\n<\/div>\n\n\n\n<div class=\"wp-container-10 wp-block-column\" style=\"flex-basis:20%\">\n<p style=\"color:#005e94;font-size:18px;line-height:1\" class=\"has-text-color footerGS has-custom-lineheight\"><strong>COMMENCER<\/strong><\/p>\n\n\n\n<p style=\"font-size:18px;line-height:1.5\" class=\"has-text-color has-secondary-color footerlinks has-custom-lineheight\"><a href=\"https:\/\/www.serrarpharma.com\/fr\/about\/\">\u00c0 PROPOS<\/a><br><a href=\"https:\/\/www.serrarpharma.com\/fr\/zinacal-program\/\">ZINACAL PROGRAM <\/a><br><a href=\"https:\/\/www.serrarpharma.com\/fr\/testimonials\/\">T\u00c9MOIGNAGES<\/a> <br><a href=\"https:\/\/www.serrarpharma.com\/fr\/shop\/\">ACHETER<\/a><br><a href=\"https:\/\/www.serrarpharma.com\/fr\/contact\/\">CONTACTER<\/a> <\/p>\n<\/div>\n<\/div>\n","protected":false},"excerpt":{"rendered":"<p>NOUS CONTACTER Contactez notre \u00e9quipe si vous avez des questions sur le programme Zinacal ou avez besoin d&#8217;aide. Appelez-nous ou envoyez-nous un message et nous vous r\u00e9pondrons rapidement. (302) 200-2171 info@serrarpharma.com PLUS Rencontrez le DocteurNos ProduitsT\u00e9moignages HEURES Lundi &#8211; Vendredi: 10am &#8211; 5pmSamedi: 10am -5pm Dimanche: 12pm &#8211; 5pm ACHETER ZinaBoostZinaSlim AdvancedPlus de Produits<\/p>\n","protected":false},"author":1,"featured_media":0,"parent":0,"menu_order":0,"comment_status":"closed","ping_status":"closed","template":"","meta":{"hide_page_title":"","_coblocks_attr":"Open Sans,Open Sans","_coblocks_dimensions":"","_coblocks_responsive_height":"","_coblocks_accordion_ie_support":""},"translation":{"provider":"WPGlobus","version":"3.0.1","language":"fr","enabled_languages":["en","es","fr","ar","pt","it"],"languages":{"en":{"title":true,"content":true,"excerpt":false},"es":{"title":true,"content":true,"excerpt":false},"fr":{"title":false,"content":true,"excerpt":false},"ar":{"title":false,"content":true,"excerpt":false},"pt":{"title":true,"content":true,"excerpt":false},"it":{"title":false,"content":true,"excerpt":false}}},"_links":{"self":[{"href":"https:\/\/www.serrarpharma.com\/fr\/wp-json\/wp\/v2\/pages\/892"}],"collection":[{"href":"https:\/\/www.serrarpharma.com\/fr\/wp-json\/wp\/v2\/pages"}],"about":[{"href":"https:\/\/www.serrarpharma.com\/fr\/wp-json\/wp\/v2\/types\/page"}],"author":[{"embeddable":true,"href":"https:\/\/www.serrarpharma.com\/fr\/wp-json\/wp\/v2\/users\/1"}],"replies":[{"embeddable":true,"href":"https:\/\/www.serrarpharma.com\/fr\/wp-json\/wp\/v2\/comments?post=892"}],"version-history":[{"count":0,"href":"https:\/\/www.serrarpharma.com\/fr\/wp-json\/wp\/v2\/pages\/892\/revisions"}],"wp:attachment":[{"href":"https:\/\/www.serrarpharma.com\/fr\/wp-json\/wp\/v2\/media?parent=892"}],"curies":[{"name":"wp","href":"https:\/\/api.w.org\/{rel}","templated":true}]}}