{"id":795,"date":"2020-04-12T20:21:45","date_gmt":"2020-04-12T20:21:45","guid":{"rendered":"https:\/\/www.serrarpharma.com\/?page_id=795"},"modified":"2021-11-11T15:31:55","modified_gmt":"2021-11-11T20:31:55","slug":"meet-the-doctor","status":"publish","type":"page","link":"https:\/\/www.serrarpharma.com\/fr\/meet-the-doctor\/","title":{"rendered":"Rencontrez le Docteur"},"content":{"rendered":"\n<div class=\"wp-block-media-text alignfull has-media-on-the-right is-stacked-on-mobile is-vertically-aligned-top meetdrsection\" style=\"grid-template-columns:auto 35%\"><figure class=\"wp-block-media-text__media\"><img loading=\"lazy\" width=\"660\" height=\"990\" src=\"https:\/\/i0.wp.com\/www.serrarpharma.com\/wp-content\/uploads\/2020\/09\/Dr-Serrara-Steth-min.png?resize=660%2C990&#038;ssl=1\" alt=\"\" class=\"wp-image-8379 size-full\" srcset=\"https:\/\/i0.wp.com\/www.serrarpharma.com\/wp-content\/uploads\/2020\/09\/Dr-Serrara-Steth-min.png?resize=683%2C1024&amp;ssl=1 683w, https:\/\/i0.wp.com\/www.serrarpharma.com\/wp-content\/uploads\/2020\/09\/Dr-Serrara-Steth-min.png?resize=200%2C300&amp;ssl=1 200w, https:\/\/i0.wp.com\/www.serrarpharma.com\/wp-content\/uploads\/2020\/09\/Dr-Serrara-Steth-min.png?resize=600%2C900&amp;ssl=1 600w, https:\/\/i0.wp.com\/www.serrarpharma.com\/wp-content\/uploads\/2020\/09\/Dr-Serrara-Steth-min.png?w=700&amp;ssl=1 700w\" sizes=\"(max-width: 660px) 100vw, 660px\" data-recalc-dims=\"1\" \/><\/figure><div class=\"wp-block-media-text__content\">\n<p class=\"has-text-color meethalima has-huge-font-size has-custom-font\" style=\"font-family:Open Sans;color:#63ade5\">RENCONTREZ LE DOCTEUR HALIMA SERRAR<\/p>\n\n\n\n<p class=\"has-text-color meetdrtag\" style=\"font-size:40px;color:#005e94\">M\u00e9decin, Naturopathe, et Fondateur<\/p>\n\n\n\n<p class=\"has-custom-font has-custom-lineheight\" style=\"font-family:Open Sans;line-height:1.5\">La Dre Halima Serrar est docteure en m\u00e9decine certifi\u00e9e au Maroc et titulaire d&#8217;un doctorat en pharmacologie et naturopathe certifi\u00e9e au Canada. Fondatrice du Programme ZinaCal, en tant qu&#8217;autorit\u00e9 en mati\u00e8re de perte de poids, elle a d\u00e9velopp\u00e9 une nouvelle formulation et des suppl\u00e9ments fabriqu\u00e9 dand une usine enregistr\u00e9e aupr\u00e8s de la FDA pour aider les hommes, les femmes et les enfants de perdre du poids de mani\u00e8re saine, le maintenir \u00e0 long terme et de pr\u00e9venir la survenue des maladies. Elle est passionn\u00e9e d&#8217;aider les autres \u00e0 vivre une vie saine, en forme, forte et \u00e9nergique. Ces suppl\u00e9ments sont sans OGM. Fabriqu\u00e9 dans des installations certifi\u00e9es GMP aux \u00c9tats-Unis.<\/p>\n\n\n\n<p class=\"has-text-color meettoplinks has-custom-font\" style=\"font-family:Open Sans;color:#63ade5\"><a href=\"https:\/\/www.serrarpharma.com\/testimonials\/\">ENTENDRE DE NOS CLIENTS \u2192<\/a><\/p>\n\n\n\n<p class=\"has-text-color meettoplinks has-custom-font\" style=\"font-family:Open Sans;color:#63ade5\"><a href=\"https:\/\/www.serrarpharma.com\/shop\/\">VOIR LES PRODUITS \u2192<\/a><\/p>\n<\/div><\/div>\n\n\n\n<figure class=\"wp-block-image alignfull size-large meetdrtopwave\"><img loading=\"lazy\" width=\"660\" height=\"102\" src=\"https:\/\/i0.wp.com\/www.serrarpharma.com\/wp-content\/uploads\/2020\/04\/White-Wave-Bottom-Transparent.png?resize=660%2C102&#038;ssl=1\" alt=\"\" class=\"wp-image-221\" srcset=\"https:\/\/i0.wp.com\/www.serrarpharma.com\/wp-content\/uploads\/2020\/04\/White-Wave-Bottom-Transparent.png?resize=1024%2C158&amp;ssl=1 1024w, https:\/\/i0.wp.com\/www.serrarpharma.com\/wp-content\/uploads\/2020\/04\/White-Wave-Bottom-Transparent.png?resize=300%2C46&amp;ssl=1 300w, https:\/\/i0.wp.com\/www.serrarpharma.com\/wp-content\/uploads\/2020\/04\/White-Wave-Bottom-Transparent.png?resize=768%2C118&amp;ssl=1 768w, https:\/\/i0.wp.com\/www.serrarpharma.com\/wp-content\/uploads\/2020\/04\/White-Wave-Bottom-Transparent.png?resize=1536%2C237&amp;ssl=1 1536w, https:\/\/i0.wp.com\/www.serrarpharma.com\/wp-content\/uploads\/2020\/04\/White-Wave-Bottom-Transparent.png?resize=2048%2C315&amp;ssl=1 2048w, https:\/\/i0.wp.com\/www.serrarpharma.com\/wp-content\/uploads\/2020\/04\/White-Wave-Bottom-Transparent.png?resize=600%2C92&amp;ssl=1 600w, https:\/\/i0.wp.com\/www.serrarpharma.com\/wp-content\/uploads\/2020\/04\/White-Wave-Bottom-Transparent.png?w=1320&amp;ssl=1 1320w, https:\/\/i0.wp.com\/www.serrarpharma.com\/wp-content\/uploads\/2020\/04\/White-Wave-Bottom-Transparent.png?w=1980&amp;ssl=1 1980w\" sizes=\"(max-width: 660px) 100vw, 660px\" data-recalc-dims=\"1\" \/><\/figure>\n\n\n\n<div class=\"wp-block-coblocks-row alignfull coblocks-row-311182055872 aboutbody\" data-columns=\"1\" data-layout=\"100\"><div class=\"aboutbody wp-block-coblocks-row__inner has-background has-padding has-medium-padding is-stacked-on-mobile has-medium-gutter\" style=\"background-color:#eff2f7\">\n<div class=\"wp-block-coblocks-column coblocks-column-31118212625\"><div class=\"wp-block-coblocks-column__inner has-background has-padding has-small-padding\" style=\"background-color:#eff2f7\">\n<p class=\"has-text-color has-custom-font has-custom-lineheight\" style=\"font-family:Open Sans;line-height:1.5;color:#005e94\">Ce programme a \u00e9t\u00e9 soigneusement d\u00e9velopp\u00e9 par le Dr Halima Serra MD (Maroc), Ph.D, ND (Canada), pour \u00e9quilibrer les hormones m\u00e9taboliques, br\u00fbler la graisse du ventre et offrir des r\u00e9sultats de perte de poids sains.<\/p>\n\n\n\n<p class=\"has-custom-font has-custom-lineheight\" style=\"font-family:Open Sans;line-height:1.5\">Ce programme a \u00e9t\u00e9 tr\u00e8s efficace pour aider ceux qui ont eu du mal \u00e0 perdre du poids dans le pass\u00e9, y compris ceux atteints de diab\u00e8te et de cholest\u00e9rol. Hypertension art\u00e9rielle, troubles auto-immunes, arthrite, fibromyalgie, infertilit\u00e9, tumeur de la prostate, d\u00e9s\u00e9quilibres hormonaux, SOPK, probl\u00e8mes thyro\u00efdiens, hyperactivit\u00e9 avec d\u00e9ficit de l&#8217;attention chez les enfants et les migraines.<\/p>\n<\/div><\/div>\n<\/div><\/div>\n\n\n\n<div class=\"wp-block-media-text alignfull is-stacked-on-mobile is-vertically-aligned-center is-image-fill waistsection has-background\" style=\"background-color:#eff2f7;grid-template-columns:42% auto\"><figure class=\"wp-block-media-text__media\" style=\"background-image:url(https:\/\/www.serrarpharma.com\/wp-content\/uploads\/2020\/04\/waist-min-1024x879.jpg);background-position:50% 50%\"><img loading=\"lazy\" width=\"660\" height=\"567\" src=\"https:\/\/i0.wp.com\/www.serrarpharma.com\/wp-content\/uploads\/2020\/04\/waist-min.jpg?resize=660%2C567&#038;ssl=1\" alt=\"\" class=\"wp-image-847 size-full\" srcset=\"https:\/\/i0.wp.com\/www.serrarpharma.com\/wp-content\/uploads\/2020\/04\/waist-min.jpg?resize=1024%2C879&amp;ssl=1 1024w, https:\/\/i0.wp.com\/www.serrarpharma.com\/wp-content\/uploads\/2020\/04\/waist-min.jpg?resize=300%2C258&amp;ssl=1 300w, https:\/\/i0.wp.com\/www.serrarpharma.com\/wp-content\/uploads\/2020\/04\/waist-min.jpg?resize=768%2C659&amp;ssl=1 768w, https:\/\/i0.wp.com\/www.serrarpharma.com\/wp-content\/uploads\/2020\/04\/waist-min.jpg?resize=1536%2C1318&amp;ssl=1 1536w, https:\/\/i0.wp.com\/www.serrarpharma.com\/wp-content\/uploads\/2020\/04\/waist-min.jpg?resize=600%2C515&amp;ssl=1 600w, https:\/\/i0.wp.com\/www.serrarpharma.com\/wp-content\/uploads\/2020\/04\/waist-min.jpg?w=1652&amp;ssl=1 1652w, https:\/\/i0.wp.com\/www.serrarpharma.com\/wp-content\/uploads\/2020\/04\/waist-min.jpg?w=1320&amp;ssl=1 1320w\" sizes=\"(max-width: 660px) 100vw, 660px\" data-recalc-dims=\"1\" \/><\/figure><div class=\"wp-block-media-text__content\">\n<p class=\"waistbody has-small-font-size has-custom-font has-custom-lineheight\" style=\"font-family:Open Sans;line-height:1.5\">Apr\u00e8s le programme ZinaCal, y compris notre plan et suppl\u00e9ment Zinacal Healthy Eating, votre corps passera naturellement du stockage des graisses \u00e0 la combustion des graisses dans les 24 heures suivant le d\u00e9but du programme ZinaCal. Nous avons aid\u00e9 des milliers d&#8217;hommes, de femmes et d&#8217;enfants \u00e0 travers le pays \u00e0 perdre du poids et \u00e0 gagner en libert\u00e9 dans leur sant\u00e9. Nos clients voient de grands r\u00e9sultats avec ce programme; ne jamais se sentir fatigu\u00e9, affam\u00e9 ou priv\u00e9, moyen le plus simple et le plus sain de perdre du poids! *<\/p>\n\n\n\n<p class=\"has-text-color meetseetest has-custom-font\" style=\"font-family:Open Sans;font-size:18px;color:#63ade5\"><a href=\"https:\/\/www.serrarpharma.com\/testimonials\/\">VOIR T\u00c9MOIGNAGES \u2192<\/a><\/p>\n<\/div><\/div>\n\n\n\n<div class=\"wp-block-coblocks-row alignfull coblocks-row-31119409415 meetbottomspace\" data-columns=\"1\" data-layout=\"100\"><div class=\"meetbottomspace wp-block-coblocks-row__inner has-background has-padding has-medium-padding is-stacked-on-mobile has-medium-gutter\" style=\"background-color:#eff2f7\">\n<div class=\"wp-block-coblocks-column coblocks-column-311194013277\"><div class=\"wp-block-coblocks-column__inner\">\n<div style=\"height:75px\" aria-hidden=\"true\" class=\"wp-block-spacer\"><\/div>\n<\/div><\/div>\n<\/div><\/div>\n\n\n\n<div class=\"wp-container-1 wp-block-group Disclaimer\"><div class=\"wp-block-group__inner-container\">\n<p style=\"font-size:15px;font-family:Open Sans\" class=\"has-custom-font\">Disclaimer: With any diet or new nutritional regimen, each person will experience different results depending on a variety of individual and environmental factors. No results with this or any other diet can be guaranteed, and the testimonials found on this site represent only the experiences of those individuals, who volunteered their stories for our use. The use of these testimonials does not guarantee any similar results by other programs.<\/p>\n\n\n\n<p style=\"font-size:15px;font-family:Open Sans\" class=\"has-custom-font\">The Official ZinaCal Program Plan does not offer any medical advice nor pretend to do so. Our comments and dietary recommendations are all based on the research of Summaries of Evidence for Safety and Clinical Efficacy of Supplements ingredients of ZinaSlim, ZinaBoost, ZinaDetox &amp; ZinaBalance on Healthy Weight Management . Before beginning any diet or undertaking any nutritional regimen, please consult with a qualified health care professional familiar with your situation. Also, please note that the Food and Drug Administration (FDA) has not evaluated our supplement or any other products offered on this site that can diagnose, cure, treat or prevent any disease are being made here.<\/p>\n\n\n\n<p style=\"font-size:15px;font-family:Open Sans\" class=\"has-custom-font\">In any case, the information and advice offered on the Alternative website is not a substitute for a consultation or diagnosis formulated by a doctor or health professional, who alone are able to adequately assess your state of health.<\/p>\n<\/div><\/div>\n\n\n\n<div class=\"wp-container-8 wp-block-columns alignfull spfootblock\">\n<div class=\"wp-container-2 wp-block-column is-vertically-aligned-top\" style=\"flex-basis:49%\">\n<div class=\"wp-block-media-text is-stacked-on-mobile is-vertically-aligned-top footlogoblock\" style=\"grid-template-columns:28% auto\"><figure class=\"wp-block-media-text__media\"><img loading=\"lazy\" width=\"603\" height=\"811\" src=\"https:\/\/i0.wp.com\/www.serrarpharma.com\/wp-content\/uploads\/2020\/04\/2-sp-png.png?resize=603%2C811&#038;ssl=1\" alt=\"\" class=\"wp-image-394\" srcset=\"https:\/\/i0.wp.com\/www.serrarpharma.com\/wp-content\/uploads\/2020\/04\/2-sp-png.png?w=603&amp;ssl=1 603w, https:\/\/i0.wp.com\/www.serrarpharma.com\/wp-content\/uploads\/2020\/04\/2-sp-png.png?resize=223%2C300&amp;ssl=1 223w, https:\/\/i0.wp.com\/www.serrarpharma.com\/wp-content\/uploads\/2020\/04\/2-sp-png.png?resize=600%2C807&amp;ssl=1 600w\" sizes=\"(max-width: 603px) 100vw, 603px\" data-recalc-dims=\"1\" \/><\/figure><div class=\"wp-block-media-text__content\">\n<p style=\"color:#005e94;font-size:18px;font-family:Open Sans;line-height:1.5\" class=\"has-text-color has-custom-font has-custom-lineheight\">SerrarPharma se concentre sur l&#8217;am\u00e9lioration de votre qualit\u00e9 de vie. Nous sommes passionn\u00e9s de vous aider non seulement \u00e0 g\u00e9rer votre sant\u00e9, mais aussi \u00e0 vous \u00e9panouir en utilisant nos m\u00e9thodes uniques et \u00e9prouv\u00e9es.<\/p>\n<\/div><\/div>\n<\/div>\n\n\n\n<div class=\"wp-container-6 wp-block-column footmiddlecol\" style=\"flex-basis:25%\">\n<p style=\"color:#005e94;font-size:18px;line-height:1\" class=\"has-text-color serrarmidfooter has-custom-lineheight\"><strong>SERRAR PHARMA LLC<\/strong><\/p>\n\n\n\n<p style=\"color:#005e94;font-family:Open Sans;line-height:1.4\" class=\"has-text-color footeraddress has-custom-font has-custom-lineheight\">4 Hunter Lane<br>Elmsford, NY 10523<br>USA<\/p>\n\n\n\n<p style=\"color:#005e94\" class=\"has-text-color has-medium-font-size footerphone\"><strong>(302) 200-2171<\/strong><\/p>\n\n\n\n<p style=\"color:#005e94;font-family:Open Sans\" class=\"has-text-color has-custom-font\">info@serrarpharma.com<\/p>\n\n\n\n<div class=\"wp-container-5 wp-block-columns footersm\">\n<div class=\"wp-container-3 wp-block-column\">\n<div class=\"wp-block-image mb-0 mt-0\"><figure class=\"aligncenter size-thumbnail\"><a href=\"https:\/\/www.instagram.com\/drserrar\/\" target=\"_blank\" rel=\"noopener noreferrer\"><img loading=\"lazy\" width=\"150\" height=\"150\" src=\"https:\/\/i0.wp.com\/www.serrarpharma.com\/wp-content\/uploads\/2021\/01\/SPWebInstaSymbol.png?resize=150%2C150&#038;ssl=1\" alt=\"\" class=\"wp-image-10264\" srcset=\"https:\/\/i0.wp.com\/www.serrarpharma.com\/wp-content\/uploads\/2021\/01\/SPWebInstaSymbol.png?resize=150%2C150&amp;ssl=1 150w, https:\/\/i0.wp.com\/www.serrarpharma.com\/wp-content\/uploads\/2021\/01\/SPWebInstaSymbol.png?resize=300%2C300&amp;ssl=1 300w, https:\/\/i0.wp.com\/www.serrarpharma.com\/wp-content\/uploads\/2021\/01\/SPWebInstaSymbol.png?resize=100%2C100&amp;ssl=1 100w, https:\/\/i0.wp.com\/www.serrarpharma.com\/wp-content\/uploads\/2021\/01\/SPWebInstaSymbol.png?w=362&amp;ssl=1 362w\" sizes=\"(max-width: 150px) 100vw, 150px\" data-recalc-dims=\"1\" \/><\/a><\/figure><\/div>\n\n\n\n<p><\/p>\n<\/div>\n\n\n\n<div class=\"wp-container-4 wp-block-column\">\n<div class=\"wp-block-image mb-0 mt-0\"><figure class=\"aligncenter size-thumbnail\"><a href=\"https:\/\/www.facebook.com\/DrSerrar-112763810583917\" target=\"_blank\" rel=\"noopener noreferrer\"><img loading=\"lazy\" width=\"150\" height=\"150\" src=\"https:\/\/i0.wp.com\/www.serrarpharma.com\/wp-content\/uploads\/2021\/01\/SPWebFBSymbol.png?resize=150%2C150&#038;ssl=1\" alt=\"\" class=\"wp-image-10265\" srcset=\"https:\/\/i0.wp.com\/www.serrarpharma.com\/wp-content\/uploads\/2021\/01\/SPWebFBSymbol.png?resize=150%2C150&amp;ssl=1 150w, https:\/\/i0.wp.com\/www.serrarpharma.com\/wp-content\/uploads\/2021\/01\/SPWebFBSymbol.png?resize=300%2C300&amp;ssl=1 300w, https:\/\/i0.wp.com\/www.serrarpharma.com\/wp-content\/uploads\/2021\/01\/SPWebFBSymbol.png?resize=100%2C100&amp;ssl=1 100w, https:\/\/i0.wp.com\/www.serrarpharma.com\/wp-content\/uploads\/2021\/01\/SPWebFBSymbol.png?w=362&amp;ssl=1 362w\" sizes=\"(max-width: 150px) 100vw, 150px\" data-recalc-dims=\"1\" \/><\/a><\/figure><\/div>\n\n\n\n<p><\/p>\n<\/div>\n<\/div>\n<\/div>\n\n\n\n<div class=\"wp-container-7 wp-block-column\" style=\"flex-basis:20%\">\n<p style=\"color:#005e94;font-size:18px;line-height:1\" class=\"has-text-color footerGS has-custom-lineheight\"><strong>COMMENCER<\/strong><\/p>\n\n\n\n<p style=\"font-size:18px;line-height:1.5\" class=\"has-text-color has-secondary-color footerlinks has-custom-lineheight\"><a href=\"https:\/\/www.serrarpharma.com\/fr\/about\/\">\u00c0 PROPOS<\/a><br><a href=\"https:\/\/www.serrarpharma.com\/fr\/zinacal-program\/\">ZINACAL PROGRAM <\/a><br><a href=\"https:\/\/www.serrarpharma.com\/fr\/testimonials\/\">T\u00c9MOIGNAGES<\/a> <br><a href=\"https:\/\/www.serrarpharma.com\/fr\/shop\/\">ACHETER<\/a><br><a href=\"https:\/\/www.serrarpharma.com\/fr\/contact\/\">CONTACTER<\/a> <\/p>\n<\/div>\n<\/div>\n","protected":false},"excerpt":{"rendered":"<p>RENCONTREZ LE DOCTEUR HALIMA SERRAR M\u00e9decin, Naturopathe, et Fondateur La Dre Halima Serrar est docteure en m\u00e9decine certifi\u00e9e au Maroc et titulaire d&#8217;un doctorat en pharmacologie et naturopathe certifi\u00e9e au Canada. Fondatrice du Programme ZinaCal, en tant qu&#8217;autorit\u00e9 en mati\u00e8re de perte de poids, elle a d\u00e9velopp\u00e9 une nouvelle formulation et des suppl\u00e9ments fabriqu\u00e9 dand [&hellip;]<\/p>\n","protected":false},"author":1,"featured_media":0,"parent":0,"menu_order":0,"comment_status":"closed","ping_status":"closed","template":"","meta":{"hide_page_title":"","_coblocks_attr":"Open Sans,Noto Serif,Open Sans","_coblocks_dimensions":"","_coblocks_responsive_height":"","_coblocks_accordion_ie_support":""},"translation":{"provider":"WPGlobus","version":"3.0.1","language":"fr","enabled_languages":["en","es","fr","ar","pt","it"],"languages":{"en":{"title":true,"content":true,"excerpt":false},"es":{"title":true,"content":true,"excerpt":false},"fr":{"title":true,"content":true,"excerpt":false},"ar":{"title":false,"content":true,"excerpt":false},"pt":{"title":false,"content":true,"excerpt":false},"it":{"title":false,"content":true,"excerpt":false}}},"_links":{"self":[{"href":"https:\/\/www.serrarpharma.com\/fr\/wp-json\/wp\/v2\/pages\/795"}],"collection":[{"href":"https:\/\/www.serrarpharma.com\/fr\/wp-json\/wp\/v2\/pages"}],"about":[{"href":"https:\/\/www.serrarpharma.com\/fr\/wp-json\/wp\/v2\/types\/page"}],"author":[{"embeddable":true,"href":"https:\/\/www.serrarpharma.com\/fr\/wp-json\/wp\/v2\/users\/1"}],"replies":[{"embeddable":true,"href":"https:\/\/www.serrarpharma.com\/fr\/wp-json\/wp\/v2\/comments?post=795"}],"version-history":[{"count":0,"href":"https:\/\/www.serrarpharma.com\/fr\/wp-json\/wp\/v2\/pages\/795\/revisions"}],"wp:attachment":[{"href":"https:\/\/www.serrarpharma.com\/fr\/wp-json\/wp\/v2\/media?parent=795"}],"curies":[{"name":"wp","href":"https:\/\/api.w.org\/{rel}","templated":true}]}}