{"id":46,"date":"2020-05-01T23:48:53","date_gmt":"2020-05-01T23:48:53","guid":{"rendered":"https:\/\/www.serrarpharma.com\/?page_id=46"},"modified":"2021-11-11T15:05:09","modified_gmt":"2021-11-11T20:05:09","slug":"homepage","status":"publish","type":"page","link":"https:\/\/www.serrarpharma.com\/fr\/","title":{"rendered":"Homepage"},"content":{"rendered":"\n<div class=\"wp-block-coblocks-row alignfull coblocks-row-32015213949 hpmenspace mb-0 mt-0\" data-columns=\"1\" data-layout=\"100\"><div class=\"hpmenspace wp-block-coblocks-row__inner is-stacked-on-mobile has-medium-gutter\">\n<div class=\"wp-block-coblocks-column coblocks-column-320152111596 hpmenspace\" style=\"width:100%\"><div class=\"wp-block-coblocks-column__inner has-no-padding has-no-margin\"><\/div><\/div>\n<\/div><\/div>\n\n\n\n<div class=\"wp-block-cover alignfull has-parallax hptoppic mb-0\" style=\"background-image:url(https:\/\/www.serrarpharma.com\/wp-content\/uploads\/2020\/07\/Cover-WB-min.jpg);min-height:360px\"><div class=\"wp-block-cover__inner-container\">\n<p class=\"has-text-align-left has-text-color has-custom-font\" style=\"font-family:Yrsa;font-size:59px;color:#005e94\"><\/p>\n<\/div><\/div>\n\n\n\n<figure class=\"wp-block-image alignfull size-large hptopwave\"><img loading=\"lazy\" width=\"660\" height=\"184\" src=\"https:\/\/i0.wp.com\/www.serrarpharma.com\/wp-content\/uploads\/2020\/04\/White-Wave-Separator.png?resize=660%2C184&#038;ssl=1\" alt=\"\" class=\"wp-image-130\" srcset=\"https:\/\/i0.wp.com\/www.serrarpharma.com\/wp-content\/uploads\/2020\/04\/White-Wave-Separator.png?resize=1024%2C285&amp;ssl=1 1024w, https:\/\/i0.wp.com\/www.serrarpharma.com\/wp-content\/uploads\/2020\/04\/White-Wave-Separator.png?resize=300%2C84&amp;ssl=1 300w, https:\/\/i0.wp.com\/www.serrarpharma.com\/wp-content\/uploads\/2020\/04\/White-Wave-Separator.png?resize=768%2C214&amp;ssl=1 768w, https:\/\/i0.wp.com\/www.serrarpharma.com\/wp-content\/uploads\/2020\/04\/White-Wave-Separator.png?resize=1536%2C428&amp;ssl=1 1536w, https:\/\/i0.wp.com\/www.serrarpharma.com\/wp-content\/uploads\/2020\/04\/White-Wave-Separator.png?resize=2048%2C570&amp;ssl=1 2048w, https:\/\/i0.wp.com\/www.serrarpharma.com\/wp-content\/uploads\/2020\/04\/White-Wave-Separator.png?resize=600%2C167&amp;ssl=1 600w, https:\/\/i0.wp.com\/www.serrarpharma.com\/wp-content\/uploads\/2020\/04\/White-Wave-Separator.png?w=1320&amp;ssl=1 1320w, https:\/\/i0.wp.com\/www.serrarpharma.com\/wp-content\/uploads\/2020\/04\/White-Wave-Separator.png?w=1980&amp;ssl=1 1980w\" sizes=\"(max-width: 660px) 100vw, 660px\" data-recalc-dims=\"1\" \/><\/figure>\n\n\n\n<h2 class=\"has-text-color feelbetter mb-0 pb-0 mt-0 pt-0\" style=\"color:#005e94\">Sentez-vous mieux de fa\u00e7on naturelle<\/h2>\n\n\n\n<div style=\"height:40px\" aria-hidden=\"true\" class=\"wp-block-spacer\"><\/div>\n\n\n\n<div class=\"wp-block-media-text alignfull has-media-on-the-right is-stacked-on-mobile is-vertically-aligned-center is-image-fill hpfirstblock\" style=\"grid-template-columns:auto 44%\"><figure class=\"wp-block-media-text__media\" style=\"background-image:url(https:\/\/www.serrarpharma.com\/wp-content\/uploads\/2020\/07\/WoB-min.jpg);background-position:50% 62%\"><img src=\"https:\/\/i0.wp.com\/www.serrarpharma.com\/wp-content\/uploads\/2020\/07\/WoB-min.jpg?w=660&#038;ssl=1\" alt=\"\" class=\"wp-image-237 size-full\" data-recalc-dims=\"1\"\/><\/figure><div class=\"wp-block-media-text__content\">\n<p class=\"has-small-font-size has-custom-font\" style=\"font-family:Open Sans\">SerrarPharma a \u00e9t\u00e9 fond\u00e9e en 2006 pour cr\u00e9er des compl\u00e9ments alimentaires nutraceutiques et des produits de soins personnels ax\u00e9s sur la pr\u00e9vention des maladies chroniques et la gestion du poids personnel.<\/p>\n\n\n\n<p class=\"has-small-font-size has-custom-font\" style=\"font-family:Open Sans\"><br>ZinaCal, ZinaSlim Advance, ZinaBoost, ZinaDetox et ZinaBalance (fabriqu\u00e9 dand une usine enregistr\u00e9e aupr\u00e8s de la FDA) ont chacun une exp\u00e9rience \u00e9prouv\u00e9e et sont fabriqu\u00e9s dans des usines certifi\u00e9es GMP et casher qui respectent les meilleures pratiques de l&#8217;industrie. Notre entreprise \u00e9largit sa distribution \u00e0 l&#8217;\u00e9chelle mondiale pour contribuer \u00e0 une meilleure sant\u00e9 et long\u00e9vit\u00e9 des humains dans le monde entier.<\/p>\n<\/div><\/div>\n\n\n\n<div class=\"wp-block-cover alignfull thriveblock\" style=\"min-height:900px\"><img loading=\"lazy\" width=\"660\" height=\"515\" class=\"wp-block-cover__image-background wp-image-3345\" alt=\"\" src=\"https:\/\/i0.wp.com\/www.serrarpharma.com\/wp-content\/uploads\/2020\/04\/thrivepicnew-min.jpg?resize=660%2C515&#038;ssl=1\" style=\"object-position:50% 0%\" data-object-fit=\"cover\" data-object-position=\"50% 0%\" srcset=\"https:\/\/i0.wp.com\/www.serrarpharma.com\/wp-content\/uploads\/2020\/04\/thrivepicnew-min.jpg?w=2181&amp;ssl=1 2181w, https:\/\/i0.wp.com\/www.serrarpharma.com\/wp-content\/uploads\/2020\/04\/thrivepicnew-min.jpg?resize=300%2C234&amp;ssl=1 300w, https:\/\/i0.wp.com\/www.serrarpharma.com\/wp-content\/uploads\/2020\/04\/thrivepicnew-min.jpg?resize=1024%2C800&amp;ssl=1 1024w, https:\/\/i0.wp.com\/www.serrarpharma.com\/wp-content\/uploads\/2020\/04\/thrivepicnew-min.jpg?resize=768%2C600&amp;ssl=1 768w, https:\/\/i0.wp.com\/www.serrarpharma.com\/wp-content\/uploads\/2020\/04\/thrivepicnew-min.jpg?resize=1536%2C1199&amp;ssl=1 1536w, https:\/\/i0.wp.com\/www.serrarpharma.com\/wp-content\/uploads\/2020\/04\/thrivepicnew-min.jpg?resize=2048%2C1599&amp;ssl=1 2048w, https:\/\/i0.wp.com\/www.serrarpharma.com\/wp-content\/uploads\/2020\/04\/thrivepicnew-min.jpg?resize=600%2C469&amp;ssl=1 600w, https:\/\/i0.wp.com\/www.serrarpharma.com\/wp-content\/uploads\/2020\/04\/thrivepicnew-min.jpg?w=1320&amp;ssl=1 1320w, https:\/\/i0.wp.com\/www.serrarpharma.com\/wp-content\/uploads\/2020\/04\/thrivepicnew-min.jpg?w=1980&amp;ssl=1 1980w\" sizes=\"(max-width: 660px) 100vw, 660px\" data-recalc-dims=\"1\" \/><div class=\"wp-block-cover__inner-container\">\n<p class=\"has-text-align-left thrivetitle has-quaternary-color has-text-color has-huge-font-size has-custom-font\" style=\"font-family:Open Sans\">Prosp\u00e9rer<\/p>\n\n\n\n<p class=\"thrivepara has-quaternary-color has-text-color has-custom-font has-custom-lineheight\" style=\"font-family:Open Sans;line-height:1.5;font-size:19px\">Avec l&#8217;aide de m\u00e9decins certifi\u00e9s,  nous pensons <br>que nos suppl\u00e9ments aideront au traitement <br> et \u00e0 la pr\u00e9vention des probl\u00e8mes suivants<br>conditions:<\/p>\n\n\n\n<p class=\"thriveparaMOBILE has-quaternary-color has-text-color has-custom-font has-custom-lineheight\" style=\"font-family:Open Sans;line-height:1.5;font-size:19px\">Avec l&#8217;aide de m\u00e9decins certifi\u00e9s,  nous pensons que nos suppl\u00e9ments aideront au traitement et \u00e0 la pr\u00e9vention des probl\u00e8mes suivants:<\/p>\n\n\n\n<div class=\"wp-container-3 wp-block-columns\">\n<div class=\"wp-container-1 wp-block-column thriveleftcol\" style=\"flex-basis:36.3%\">\n<p class=\"thrivelist2 has-custom-font has-custom-lineheight\" style=\"font-family:Open Sans;line-height:1.7\">Maladies Chroniques<br>Ob\u00e9sit\u00e9<br>Diab\u00e8te<br>Hypertension art\u00e9rielle<br>Maladies Cardiovasculaires<br>Arthrite<br>La maladie d&#8217;Alzheimer<br>Trouble d&#8217;Hyperactivit\u00e9 Avec D\u00e9ficit de l&#8217;Attention<\/p>\n<\/div>\n\n\n\n<div class=\"wp-container-2 wp-block-column thriverightcol\" style=\"flex-basis:14.8%\">\n<p class=\"thrivelist1 has-custom-font has-custom-lineheight\" style=\"font-family:Open Sans;line-height:1.7\">Maladie du foie gras<br>Cirrhose<br>Infertilit\u00e9<br>Maladie de la Prostate<br>Migraines, etc.<\/p>\n<\/div>\n<\/div>\n\n\n\n<div class=\"wp-container-4 wp-block-buttons\">\n<div class=\"wp-block-button thriveshop\" style=\"font-size:15px\"><a class=\"wp-block-button__link has-secondary-color has-quaternary-background-color has-text-color has-background\" href=\"https:\/\/www.serrarpharma.com\/fr\/shop\/\">ACHETEZ MAINTENANT<\/a><\/div>\n<\/div>\n<\/div><\/div>\n\n\n\n<div class=\"wp-block-cover alignfull has-background-dim-70 has-background-dim whyzinasec\" style=\"background-color:#005e94\"><img class=\"wp-block-cover__image-background wp-image-7906\" alt=\"\" src=\"https:\/\/i0.wp.com\/www.serrarpharma.com\/wp-content\/uploads\/2020\/07\/WoC-min.jpg?w=660&#038;ssl=1\" data-object-fit=\"cover\" data-recalc-dims=\"1\"\/><div class=\"wp-block-cover__inner-container\">\n<p class=\"has-text-align-center whyzinatitle\" style=\"font-size:45px\">Pourquoi ZinaCal?<\/p>\n\n\n\n<p class=\"whyzinapar has-custom-font has-custom-lineheight\" style=\"font-family:Open Sans;line-height:1.5;font-size:20px\">La Dre Halima Serrar est docteure en m\u00e9decine certifi\u00e9e au Maroc et titulaire d&#8217;un doctorat en pharmacologie et naturopathe certifi\u00e9e au Canada. Elle est la fondatrice du programme de gestion du poids ZinaCal et a d\u00e9velopp\u00e9 des formulations et des suppl\u00e9ments suppl\u00e9ments fabriqu\u00e9s dans un \u00e9tablissement agr\u00e9\u00e9 par la FDA pour pour aider les hommes, les femmes et les enfants \u00e0 atteindre et \u00e0 maintenir leur poids optimal <span id=\"biggerforlife\">pour la vie<\/span>.<\/p>\n\n\n\n<div class=\"wp-container-5 wp-block-buttons is-content-justification-center\">\n<div class=\"wp-block-button whyzinabutton\"><a class=\"wp-block-button__link has-quaternary-color has-quaternary-background-color has-text-color has-background\" href=\"https:\/\/www.serrarpharma.com\/fr\/product\/zinacal-program-book\/\">ACHETER LE PROGRAMME<\/a><\/div>\n<\/div>\n\n\n\n<div style=\"height:120px\" aria-hidden=\"true\" class=\"wp-block-spacer mb-0 mt-0\"><\/div>\n\n\n\n<p><\/p>\n<\/div><\/div>\n\n\n\n<div class=\"wp-block-coblocks-row alignfull coblocks-row-316135747412 hpprodspacertop mt-0\" data-columns=\"1\" data-layout=\"100\"><div class=\"hpprodspacertop wp-block-coblocks-row__inner has-primary-background-color has-background is-stacked-on-mobile has-medium-gutter\">\n<div class=\"wp-block-coblocks-column coblocks-column-316135752617\"><div class=\"wp-block-coblocks-column__inner\">\n<div style=\"height:20px\" aria-hidden=\"true\" class=\"wp-block-spacer\"><\/div>\n<\/div><\/div>\n<\/div><\/div>\n\n\n\n<div class=\"wp-container-14 wp-block-group alignfull hptestgroup has-quaternary-background-color has-background mb-0 mt-0 has-no-padding\"><div class=\"wp-block-group__inner-container\">\n<div class=\"wp-container-7 wp-block-columns alignwide hptestimonials\">\n<div class=\"wp-container-6 wp-block-column hptestparcol\">\n<p class=\"has-text-align-center hptestpar has-secondary-color has-quaternary-background-color has-text-color has-background has-custom-font has-custom-lineheight has-custom-letterspacing\" style=\"font-size:25px;font-family:Open Sans;line-height:1.5;letter-spacing:1.2px\"><strong>VOIR LES R\u00c9SULTATS EN MOINS DE 6 SEMAINES<\/strong><\/p>\n\n\n\n<p class=\"has-text-align-center hptestpar has-quaternary-background-color has-background has-custom-font has-custom-lineheight\" style=\"font-size:19px;font-family:Open Sans;line-height:1.5\">(bas\u00e9 sur l&#8217;exp\u00e9rience typique de nos clients *). \u00c9coutez directement les membres du programme de gestion du poids ZinaCal et d\u00e9couvrez comment il peut vous aider!<\/p>\n\n\n\n<p class=\"has-text-align-center hptestmayvary has-quaternary-background-color has-text-color has-background\" style=\"color:#595959;font-size:16px\">* les r\u00e9sultats individuels peuvent varier<\/p>\n<\/div>\n<\/div>\n\n\n\n<div class=\"wp-container-11 wp-block-columns\">\n<div class=\"wp-container-8 wp-block-column hptestcol\">\n<figure class=\"wp-block-video\"><video controls poster=\"https:\/\/www.serrarpharma.com\/wp-content\/uploads\/2020\/05\/Ibrahim-Fr.png\" src=\"https:\/\/www.serrarpharma.com\/wp-content\/uploads\/2020\/04\/ZinaCal-Program-_-1-Weight-Loss-Men-Ibrahim-lost-60-kg-in-6-months.mp4\"><\/video><\/figure>\n\n\n\n<p class=\"has-text-align-center hptestcap has-quaternary-background-color has-background\" style=\"font-size:19px\"><strong>A PERDU 60KG <br>(132 livres)<\/strong><\/p>\n\n\n\n<p class=\"has-text-align-center hptestsub has-small-font-size has-custom-font\" style=\"font-family:Open Sans\">dans 6 mois <\/p>\n<\/div>\n\n\n\n<div class=\"wp-container-9 wp-block-column hptestcol\">\n<figure class=\"wp-block-video\"><video controls poster=\"https:\/\/www.serrarpharma.com\/wp-content\/uploads\/2020\/05\/Abla-sp.png\" src=\"https:\/\/www.serrarpharma.com\/wp-content\/uploads\/2020\/04\/ZinaCal-Program-_-1-Weight-Loss-Women-Abla-lost-43-kg-in-6-months.mp4\"><\/video><\/figure>\n\n\n\n<p class=\"has-text-align-center hptestcap has-quaternary-background-color has-background\" style=\"font-size:19px\"><strong>A PERDU 43KG<br>(95 livres)<\/strong><\/p>\n\n\n\n<p class=\"has-text-align-center hptestsub has-small-font-size has-custom-font\" style=\"font-family:Open Sans\">dans 6 mois<\/p>\n<\/div>\n\n\n\n<div class=\"wp-container-10 wp-block-column hptestcol\">\n<figure class=\"wp-block-video\"><video controls poster=\"https:\/\/www.serrarpharma.com\/wp-content\/uploads\/2020\/05\/Omar-sp.png\" src=\"https:\/\/www.serrarpharma.com\/wp-content\/uploads\/2020\/04\/ZinaCal-Program-_-6-Weight-Loss-Teenager-Fatty-liver-Omar-lost-24-kg-in-3-months-10-51-09.mp4\"><\/video><\/figure>\n\n\n\n<p class=\"has-text-align-center hptestcap has-quaternary-background-color has-background\" style=\"font-size:19px\"><strong>A PERDU 24KG <br>(53 livres)<\/strong><\/p>\n\n\n\n<p class=\"has-text-align-center hptestsub has-small-font-size has-custom-font\" style=\"font-family:Open Sans\">dans 3 mois <\/p>\n<\/div>\n<\/div>\n\n\n\n<div class=\"wp-container-13 wp-block-columns alignwide hptestimonials\">\n<div class=\"wp-container-12 wp-block-column\"><\/div>\n<\/div>\n<\/div><\/div>\n\n\n\n<div class=\"wp-block-coblocks-row alignfull coblocks-row-316135747412 hpprodspacertop\" data-columns=\"1\" data-layout=\"100\"><div class=\"hpprodspacertop wp-block-coblocks-row__inner has-primary-background-color has-background is-stacked-on-mobile has-medium-gutter\">\n<div class=\"wp-block-coblocks-column coblocks-column-316135752617\"><div class=\"wp-block-coblocks-column__inner\">\n<div style=\"height:20px\" aria-hidden=\"true\" class=\"wp-block-spacer\"><\/div>\n<\/div><\/div>\n<\/div><\/div>\n\n\n\n<div class=\"wp-block-coblocks-row alignfull coblocks-row-410131745292\" data-columns=\"1\" data-layout=\"100\"><div class=\"wp-block-coblocks-row__inner is-stacked-on-mobile has-medium-gutter\">\n<div class=\"wp-block-coblocks-column coblocks-column-41013181506 hpproductsection\"><div class=\"wp-block-coblocks-column__inner\"><div class=\"woocommerce columns-4 \"><ul class=\"products columns-4\">\n<li class=\"product type-product post-1879 status-publish first instock product_cat-slim-natural-health has-post-thumbnail taxable shipping-taxable purchasable product-type-variable has-default-attributes\">\n\t<\/li>\n<li class=\"product type-product post-1882 status-publish instock product_cat-slim-natural-health has-post-thumbnail taxable shipping-taxable purchasable product-type-simple\">\n\t<\/li>\n<li class=\"product type-product post-2326 status-publish outofstock product_cat-slim-natural-health has-post-thumbnail taxable shipping-taxable purchasable product-type-simple\">\n\t<\/li>\n<li class=\"product type-product post-2327 status-publish last instock product_cat-slim-natural-health has-post-thumbnail taxable shipping-taxable purchasable product-type-simple\">\n\t<\/li>\n<\/ul>\n<\/div>\n<\/div><\/div>\n<\/div><\/div>\n\n\n\n<div class=\"wp-block-coblocks-row alignfull coblocks-row-31016584633\" data-columns=\"1\" data-layout=\"100\"><div class=\"wp-block-coblocks-row__inner is-stacked-on-mobile has-medium-gutter\">\n<div class=\"wp-block-coblocks-column has-text-align-center coblocks-column-310165810259\"><div class=\"wp-block-coblocks-column__inner\">\n<p class=\"has-text-align-center hpshopmore has-quaternary-color has-text-color has-background\" style=\"background-color:#0071a1;font-size:40px\"><a href=\"https:\/\/www.serrarpharma.com\/fr\/shop\/\">MAGASINEZ PLUS DE PRODUITS<\/a><\/p>\n<\/div><\/div>\n<\/div><\/div>\n\n\n\n<figure class=\"wp-block-image alignfull size-large water mt-0\"><img loading=\"lazy\" width=\"660\" height=\"57\" src=\"https:\/\/i0.wp.com\/www.serrarpharma.com\/wp-content\/uploads\/2020\/04\/crop-0-0-2484-213-0-Water.jpg?resize=660%2C57&#038;ssl=1\" alt=\"\" class=\"wp-image-375\" title=\"water\" srcset=\"https:\/\/i0.wp.com\/www.serrarpharma.com\/wp-content\/uploads\/2020\/04\/crop-0-0-2484-213-0-Water.jpg?w=2484&amp;ssl=1 2484w, https:\/\/i0.wp.com\/www.serrarpharma.com\/wp-content\/uploads\/2020\/04\/crop-0-0-2484-213-0-Water.jpg?resize=300%2C26&amp;ssl=1 300w, https:\/\/i0.wp.com\/www.serrarpharma.com\/wp-content\/uploads\/2020\/04\/crop-0-0-2484-213-0-Water.jpg?resize=1024%2C88&amp;ssl=1 1024w, https:\/\/i0.wp.com\/www.serrarpharma.com\/wp-content\/uploads\/2020\/04\/crop-0-0-2484-213-0-Water.jpg?resize=768%2C66&amp;ssl=1 768w, https:\/\/i0.wp.com\/www.serrarpharma.com\/wp-content\/uploads\/2020\/04\/crop-0-0-2484-213-0-Water.jpg?resize=1536%2C132&amp;ssl=1 1536w, https:\/\/i0.wp.com\/www.serrarpharma.com\/wp-content\/uploads\/2020\/04\/crop-0-0-2484-213-0-Water.jpg?resize=2048%2C176&amp;ssl=1 2048w, https:\/\/i0.wp.com\/www.serrarpharma.com\/wp-content\/uploads\/2020\/04\/crop-0-0-2484-213-0-Water.jpg?resize=600%2C51&amp;ssl=1 600w, https:\/\/i0.wp.com\/www.serrarpharma.com\/wp-content\/uploads\/2020\/04\/crop-0-0-2484-213-0-Water.jpg?w=1320&amp;ssl=1 1320w, https:\/\/i0.wp.com\/www.serrarpharma.com\/wp-content\/uploads\/2020\/04\/crop-0-0-2484-213-0-Water.jpg?w=1980&amp;ssl=1 1980w\" sizes=\"(max-width: 660px) 100vw, 660px\" data-recalc-dims=\"1\" \/><\/figure>\n\n\n\n<div class=\"wp-container-21 wp-block-columns alignfull spfootblock\">\n<div class=\"wp-container-15 wp-block-column is-vertically-aligned-top\" style=\"flex-basis:49%\">\n<div class=\"wp-block-media-text is-stacked-on-mobile is-vertically-aligned-top footlogoblock\" style=\"grid-template-columns:28% auto\"><figure class=\"wp-block-media-text__media\"><img loading=\"lazy\" width=\"603\" height=\"811\" src=\"https:\/\/i0.wp.com\/www.serrarpharma.com\/wp-content\/uploads\/2020\/04\/2-sp-png.png?resize=603%2C811&#038;ssl=1\" alt=\"\" class=\"wp-image-394\" srcset=\"https:\/\/i0.wp.com\/www.serrarpharma.com\/wp-content\/uploads\/2020\/04\/2-sp-png.png?w=603&amp;ssl=1 603w, https:\/\/i0.wp.com\/www.serrarpharma.com\/wp-content\/uploads\/2020\/04\/2-sp-png.png?resize=223%2C300&amp;ssl=1 223w, https:\/\/i0.wp.com\/www.serrarpharma.com\/wp-content\/uploads\/2020\/04\/2-sp-png.png?resize=600%2C807&amp;ssl=1 600w\" sizes=\"(max-width: 603px) 100vw, 603px\" data-recalc-dims=\"1\" \/><\/figure><div class=\"wp-block-media-text__content\">\n<p style=\"color:#005e94;font-size:18px;font-family:Open Sans;line-height:1.5\" class=\"has-text-color has-custom-font has-custom-lineheight\">SerrarPharma se concentre sur l&#8217;am\u00e9lioration de votre qualit\u00e9 de vie. Nous sommes passionn\u00e9s de vous aider non seulement \u00e0 g\u00e9rer votre sant\u00e9, mais aussi \u00e0 vous \u00e9panouir en utilisant nos m\u00e9thodes uniques et \u00e9prouv\u00e9es.<\/p>\n<\/div><\/div>\n<\/div>\n\n\n\n<div class=\"wp-container-19 wp-block-column footmiddlecol\" style=\"flex-basis:25%\">\n<p style=\"color:#005e94;font-size:18px;line-height:1\" class=\"has-text-color serrarmidfooter has-custom-lineheight\"><strong>SERRAR PHARMA LLC<\/strong><\/p>\n\n\n\n<p style=\"color:#005e94;font-family:Open Sans;line-height:1.4\" class=\"has-text-color footeraddress has-custom-font has-custom-lineheight\">4 Hunter Lane<br>Elmsford, NY 10523<br>USA<\/p>\n\n\n\n<p style=\"color:#005e94\" class=\"has-text-color has-medium-font-size footerphone\"><strong>(302) 200-2171<\/strong><\/p>\n\n\n\n<p style=\"color:#005e94;font-family:Open Sans\" class=\"has-text-color has-custom-font\">info@serrarpharma.com<\/p>\n\n\n\n<div class=\"wp-container-18 wp-block-columns footersm\">\n<div class=\"wp-container-16 wp-block-column\">\n<div class=\"wp-block-image mb-0 mt-0\"><figure class=\"aligncenter size-thumbnail\"><a href=\"https:\/\/www.instagram.com\/drserrar\/\" target=\"_blank\" rel=\"noopener noreferrer\"><img loading=\"lazy\" width=\"150\" height=\"150\" src=\"https:\/\/i0.wp.com\/www.serrarpharma.com\/wp-content\/uploads\/2021\/01\/SPWebInstaSymbol.png?resize=150%2C150&#038;ssl=1\" alt=\"\" class=\"wp-image-10264\" srcset=\"https:\/\/i0.wp.com\/www.serrarpharma.com\/wp-content\/uploads\/2021\/01\/SPWebInstaSymbol.png?resize=150%2C150&amp;ssl=1 150w, https:\/\/i0.wp.com\/www.serrarpharma.com\/wp-content\/uploads\/2021\/01\/SPWebInstaSymbol.png?resize=300%2C300&amp;ssl=1 300w, https:\/\/i0.wp.com\/www.serrarpharma.com\/wp-content\/uploads\/2021\/01\/SPWebInstaSymbol.png?resize=100%2C100&amp;ssl=1 100w, https:\/\/i0.wp.com\/www.serrarpharma.com\/wp-content\/uploads\/2021\/01\/SPWebInstaSymbol.png?w=362&amp;ssl=1 362w\" sizes=\"(max-width: 150px) 100vw, 150px\" data-recalc-dims=\"1\" \/><\/a><\/figure><\/div>\n\n\n\n<p><\/p>\n<\/div>\n\n\n\n<div class=\"wp-container-17 wp-block-column\">\n<div class=\"wp-block-image mb-0 mt-0\"><figure class=\"aligncenter size-thumbnail\"><a href=\"https:\/\/www.facebook.com\/DrSerrar-112763810583917\" target=\"_blank\" rel=\"noopener noreferrer\"><img loading=\"lazy\" width=\"150\" height=\"150\" src=\"https:\/\/i0.wp.com\/www.serrarpharma.com\/wp-content\/uploads\/2021\/01\/SPWebFBSymbol.png?resize=150%2C150&#038;ssl=1\" alt=\"\" class=\"wp-image-10265\" srcset=\"https:\/\/i0.wp.com\/www.serrarpharma.com\/wp-content\/uploads\/2021\/01\/SPWebFBSymbol.png?resize=150%2C150&amp;ssl=1 150w, https:\/\/i0.wp.com\/www.serrarpharma.com\/wp-content\/uploads\/2021\/01\/SPWebFBSymbol.png?resize=300%2C300&amp;ssl=1 300w, https:\/\/i0.wp.com\/www.serrarpharma.com\/wp-content\/uploads\/2021\/01\/SPWebFBSymbol.png?resize=100%2C100&amp;ssl=1 100w, https:\/\/i0.wp.com\/www.serrarpharma.com\/wp-content\/uploads\/2021\/01\/SPWebFBSymbol.png?w=362&amp;ssl=1 362w\" sizes=\"(max-width: 150px) 100vw, 150px\" data-recalc-dims=\"1\" \/><\/a><\/figure><\/div>\n\n\n\n<p><\/p>\n<\/div>\n<\/div>\n<\/div>\n\n\n\n<div class=\"wp-container-20 wp-block-column\" style=\"flex-basis:20%\">\n<p style=\"color:#005e94;font-size:18px;line-height:1\" class=\"has-text-color footerGS has-custom-lineheight\"><strong>COMMENCER<\/strong><\/p>\n\n\n\n<p style=\"font-size:18px;line-height:1.5\" class=\"has-text-color has-secondary-color footerlinks has-custom-lineheight\"><a href=\"https:\/\/www.serrarpharma.com\/fr\/about\/\">\u00c0 PROPOS<\/a><br><a href=\"https:\/\/www.serrarpharma.com\/fr\/zinacal-program\/\">ZINACAL PROGRAM <\/a><br><a href=\"https:\/\/www.serrarpharma.com\/fr\/testimonials\/\">T\u00c9MOIGNAGES<\/a> <br><a href=\"https:\/\/www.serrarpharma.com\/fr\/shop\/\">ACHETER<\/a><br><a href=\"https:\/\/www.serrarpharma.com\/fr\/contact\/\">CONTACTER<\/a> <\/p>\n<\/div>\n<\/div>\n\n\n\n<p><\/p>\n","protected":false},"excerpt":{"rendered":"<p>Sentez-vous mieux de fa\u00e7on naturelle SerrarPharma a \u00e9t\u00e9 fond\u00e9e en 2006 pour cr\u00e9er des compl\u00e9ments alimentaires nutraceutiques et des produits de soins personnels ax\u00e9s sur la pr\u00e9vention des maladies chroniques et la gestion du poids personnel. ZinaCal, ZinaSlim Advance, ZinaBoost, ZinaDetox et ZinaBalance (fabriqu\u00e9 dand une usine enregistr\u00e9e aupr\u00e8s de la FDA) ont chacun une [&hellip;]<\/p>\n","protected":false},"author":1,"featured_media":0,"parent":0,"menu_order":0,"comment_status":"closed","ping_status":"closed","template":"","meta":{"hide_page_title":"","_coblocks_attr":"TajawalArial,Helvetica,Times New Roman,Georgia,Abril Fatface,Anton,Arvo Condensed,Barlow,Cormorant Garamond,Faustina,Fira Sans,IBM Plex Sans,Inconsolata,Heebo,Karla,Lato,Lora,Merriweather,Montserrat,Noto Sans,Noto Serif,Oswald,Playfair Display,PT Serif,Roboto,Rubik,Tajawal,Ubuntu,Yrsa,,Open Sans","_coblocks_dimensions":"{\"coblocks-hero-310155917946\":{\"padding\":{}}}","_coblocks_responsive_height":"{\"coblocks-shape-divider-320151358503\":{\"shapeHeight\":{\"height\":20},\"backgroundHeight\":{\"height\":0}}}","_coblocks_accordion_ie_support":""},"translation":{"provider":"WPGlobus","version":"3.0.1","language":"fr","enabled_languages":["en","es","fr","ar","pt","it"],"languages":{"en":{"title":true,"content":true,"excerpt":false},"es":{"title":false,"content":true,"excerpt":false},"fr":{"title":true,"content":true,"excerpt":false},"ar":{"title":false,"content":true,"excerpt":false},"pt":{"title":false,"content":true,"excerpt":false},"it":{"title":false,"content":true,"excerpt":false}}},"_links":{"self":[{"href":"https:\/\/www.serrarpharma.com\/fr\/wp-json\/wp\/v2\/pages\/46"}],"collection":[{"href":"https:\/\/www.serrarpharma.com\/fr\/wp-json\/wp\/v2\/pages"}],"about":[{"href":"https:\/\/www.serrarpharma.com\/fr\/wp-json\/wp\/v2\/types\/page"}],"author":[{"embeddable":true,"href":"https:\/\/www.serrarpharma.com\/fr\/wp-json\/wp\/v2\/users\/1"}],"replies":[{"embeddable":true,"href":"https:\/\/www.serrarpharma.com\/fr\/wp-json\/wp\/v2\/comments?post=46"}],"version-history":[{"count":0,"href":"https:\/\/www.serrarpharma.com\/fr\/wp-json\/wp\/v2\/pages\/46\/revisions"}],"wp:attachment":[{"href":"https:\/\/www.serrarpharma.com\/fr\/wp-json\/wp\/v2\/media?parent=46"}],"curies":[{"name":"wp","href":"https:\/\/api.w.org\/{rel}","templated":true}]}}