{"id":12220,"date":"2022-07-24T13:40:45","date_gmt":"2022-07-24T17:40:45","guid":{"rendered":"https:\/\/www.serrarpharma.com\/?page_id=12220"},"modified":"2022-08-06T16:54:43","modified_gmt":"2022-08-06T20:54:43","slug":"naturo-hypno","status":"publish","type":"page","link":"https:\/\/www.serrarpharma.com\/fr\/naturo-hypno\/","title":{"rendered":"Naturopathy Hypnosis"},"content":{"rendered":"\n<div style=\"height:25px\" aria-hidden=\"true\" class=\"wp-block-spacer\"><\/div>\n\n\n<div class=\"wp-block-image\">\n<figure class=\"aligncenter size-full is-resized\"><img loading=\"lazy\" src=\"https:\/\/i0.wp.com\/www.serrarpharma.com\/wp-content\/uploads\/2022\/02\/Academie-Dr.-SERRAR-Logo.png?resize=150%2C150&#038;ssl=1\" alt=\"\" class=\"wp-image-12015\" width=\"150\" height=\"150\" srcset=\"https:\/\/i0.wp.com\/www.serrarpharma.com\/wp-content\/uploads\/2022\/02\/Academie-Dr.-SERRAR-Logo.png?w=1080&amp;ssl=1 1080w, https:\/\/i0.wp.com\/www.serrarpharma.com\/wp-content\/uploads\/2022\/02\/Academie-Dr.-SERRAR-Logo.png?resize=300%2C300&amp;ssl=1 300w, https:\/\/i0.wp.com\/www.serrarpharma.com\/wp-content\/uploads\/2022\/02\/Academie-Dr.-SERRAR-Logo.png?resize=150%2C150&amp;ssl=1 150w, https:\/\/i0.wp.com\/www.serrarpharma.com\/wp-content\/uploads\/2022\/02\/Academie-Dr.-SERRAR-Logo.png?resize=768%2C768&amp;ssl=1 768w, https:\/\/i0.wp.com\/www.serrarpharma.com\/wp-content\/uploads\/2022\/02\/Academie-Dr.-SERRAR-Logo.png?resize=600%2C600&amp;ssl=1 600w, https:\/\/i0.wp.com\/www.serrarpharma.com\/wp-content\/uploads\/2022\/02\/Academie-Dr.-SERRAR-Logo.png?resize=100%2C100&amp;ssl=1 100w, https:\/\/i0.wp.com\/www.serrarpharma.com\/wp-content\/uploads\/2022\/02\/Academie-Dr.-SERRAR-Logo.png?resize=90%2C90&amp;ssl=1 90w, https:\/\/i0.wp.com\/www.serrarpharma.com\/wp-content\/uploads\/2022\/02\/Academie-Dr.-SERRAR-Logo.png?resize=60%2C60&amp;ssl=1 60w\" sizes=\"(max-width: 150px) 100vw, 150px\" data-recalc-dims=\"1\" \/><\/figure><\/div>\n\n\n<div style=\"height:10px\" aria-hidden=\"true\" class=\"wp-block-spacer\"><\/div>\n\n\n\n<p class=\"has-text-align-center coursetitle has-text-color has-huge-font-size\" style=\"color:#005e94\"><strong>NATUROPATHIE \/ HYPNOSE | PARTIE 1<\/strong><\/p>\n\n\n\n<p class=\"has-text-align-center has-secondary-color has-text-color has-medium-font-size\">Certificat de formation | UN F<\/p>\n\n\n\n<div style=\"height:35px\" aria-hidden=\"true\" class=\"wp-block-spacer\"><\/div>\n\n\n\n<p><\/p>\n\n\n\n<p class=\"has-text-align-center\">Les dipl\u00f4m\u00e9s en naturopathie sont en qu\u00eate d&#8217;une certaine autonomie et se consacrent \u00e0 la bonne sant\u00e9 des personnes. Nos dipl\u00f4m\u00e9s travaillent pour eux-m\u00eames, dans des cliniques sp\u00e9cialis\u00e9es ou pour des centres de vill\u00e9giature, des spas, des navires de croisi\u00e8re, des complexes h\u00f4teliers, etc.<\/p>\n\n\n\n<div style=\"height:35px\" aria-hidden=\"true\" class=\"wp-block-spacer\"><\/div>\n\n\n\n<p><\/p>\n\n\n\n<p class=\"has-text-align-center acablue has-text-color has-medium-font-size\" style=\"color:#005e94\"><strong>DUR\u00c9E DE LA FORMATION<\/strong><\/p>\n\n\n\n<p class=\"has-text-align-center\">1800 heures (24 mois)<\/p>\n\n\n\n<p><\/p>\n\n\n\n<p class=\"has-text-align-center acablue has-text-color has-medium-font-size\" style=\"color:#005e94\"><strong>HEURES<\/strong><\/p>\n\n\n\n<p class=\"has-text-align-center\">LUN &#8211; JEUDI (6 HEURES PAR JOUR)<\/p>\n\n\n\n<div class=\"wp-block-coblocks-row alignfull coblocks-row-122123829351\" data-columns=\"1\" data-layout=\"100\"><div class=\"wp-block-coblocks-row__inner has-background has-padding has-medium-padding has-no-margin is-stacked-on-mobile has-medium-gutter\" style=\"background-color:#e4effa\">\n<div class=\"wp-block-coblocks-column coblocks-column-122123836624 academy\" style=\"width:100%\"><div class=\"wp-block-coblocks-column__inner has-quaternary-background-color has-background has-padding has-no-margin\">\n<p class=\"has-text-align-center has-text-color has-large-font-size\" style=\"color:#005e94\"><a href=\"https:\/\/www.serrarpharma.com\/wp-content\/uploads\/2022\/08\/5-Accre\u0301ditation-Naturothe\u0301rapeute-par-Hypnose-ANQ-pdf.pdf\"><strong>Accr\u00e9ditation par l&#8217;Association des Naturoth\u00e9rapeutes par Hypnose accr\u00e9dit\u00e9e au Qu\u00e9bec (ANQ) depuis 1971 de l&#8217;Acad\u00e9mie Dr SERRAR\u00ae Formation en Naturopathie<\/strong><\/a><\/p>\n<\/div><\/div>\n<\/div><\/div>\n\n\n\n<p class=\"has-text-align-center has-secondary-color has-text-color has-medium-font-size\"><strong>MISSION<\/strong><\/p>\n\n\n\n<p><\/p>\n\n\n\n<p>Notre programme de formation en naturopathie appliqu\u00e9e Dr. SERRAR\u00ae Academy est destin\u00e9 \u00e0 ceux qui souhaitent d\u00e9couvrir, comprendre et mettre en \u0153uvre une approche holistique de la naturopathie. Cette vision voit le corps comme une unit\u00e9 fonctionnant \u00e0 travers la connexion corps\/esprit.<\/p>\n\n\n\n<p><\/p>\n\n\n\n<p>Pour ceux qui ont d\u00e9j\u00e0 suivi un programme de formation en naturopathie plus classique, cette formation est compl\u00e9mentaire, car elle vous permettra d&#8217;aller plus loin, en vous orientant vers une approche plus holistique de cette discipline.<\/p>\n\n\n\n<p><\/p>\n\n\n\n<p>Pour ceux qui n&#8217;ont pas encore eu acc\u00e8s \u00e0 une formation en naturopathie, ou qui n&#8217;ont pas de connaissances sp\u00e9cifiques dans ce domaine, le contenu de cette formation est con\u00e7u pour vous permettre d&#8217;assimiler informations et connaissances, quel que soit votre niveau de d\u00e9part.<\/p>\n\n\n\n<p><\/p>\n\n\n\n<p>Une pr\u00e9cision importante avant de vous lancer dans cette formation. Le droit au diagnostic ainsi que la notion de traitement des pathologies, selon la l\u00e9gislation, sont r\u00e9serv\u00e9s aux titulaires d&#8217;un doctorat en m\u00e9decine. Les conseils de sant\u00e9 mentionn\u00e9s dans cette formation viendront \u00e9ventuellement s&#8217;ajouter aux techniques allopathiques ou hom\u00e9opathiques et aux m\u00e9dicaments prescrits par le m\u00e9decin. Il ne se substitue en aucun cas \u00e0, ou \u00e0 l&#8217;arr\u00eat d&#8217;un traitement m\u00e9dical en cours sans avis m\u00e9dical.<\/p>\n\n\n\n<p><\/p>\n\n\n\n<p>Si vous d\u00e9cidez de vous lancer dans le m\u00e9tier de naturopathe, nous vous conseillons fortement de collaborer avec les m\u00e9decins allopathes et la m\u00e9decine traditionnelle. En effet, une collaboration \u00e9troite ne peut \u00eatre que profitable et b\u00e9n\u00e9fique pour la sant\u00e9 et le bien-\u00eatre de vos futurs clients.<\/p>\n\n\n\n<p><\/p>\n\n\n\n<p>A la fin de chaque module, un test de 10 questions vous sera propos\u00e9 pour valider vos connaissances. De nombreux cas cliniques et situations r\u00e9elles seront d\u00e9crits, afin de vous familiariser avec la vision holistique de la naturopathie et de la sant\u00e9.<\/p>\n\n\n\n<p><\/p>\n\n\n\n<figure class=\"wp-block-image alignfull size-large\"><img loading=\"lazy\" width=\"660\" height=\"265\" src=\"https:\/\/i0.wp.com\/www.serrarpharma.com\/wp-content\/uploads\/2022\/07\/Hypnosis-Wide-min.png?resize=660%2C265&#038;ssl=1\" alt=\"\" class=\"wp-image-12221\" srcset=\"https:\/\/i0.wp.com\/www.serrarpharma.com\/wp-content\/uploads\/2022\/07\/Hypnosis-Wide-min.png?resize=2000%2C803&amp;ssl=1 2000w, https:\/\/i0.wp.com\/www.serrarpharma.com\/wp-content\/uploads\/2022\/07\/Hypnosis-Wide-min.png?resize=300%2C120&amp;ssl=1 300w, https:\/\/i0.wp.com\/www.serrarpharma.com\/wp-content\/uploads\/2022\/07\/Hypnosis-Wide-min.png?resize=768%2C308&amp;ssl=1 768w, https:\/\/i0.wp.com\/www.serrarpharma.com\/wp-content\/uploads\/2022\/07\/Hypnosis-Wide-min.png?resize=1536%2C616&amp;ssl=1 1536w, https:\/\/i0.wp.com\/www.serrarpharma.com\/wp-content\/uploads\/2022\/07\/Hypnosis-Wide-min.png?resize=2048%2C822&amp;ssl=1 2048w, https:\/\/i0.wp.com\/www.serrarpharma.com\/wp-content\/uploads\/2022\/07\/Hypnosis-Wide-min.png?resize=600%2C241&amp;ssl=1 600w, https:\/\/i0.wp.com\/www.serrarpharma.com\/wp-content\/uploads\/2022\/07\/Hypnosis-Wide-min.png?resize=190%2C76&amp;ssl=1 190w, https:\/\/i0.wp.com\/www.serrarpharma.com\/wp-content\/uploads\/2022\/07\/Hypnosis-Wide-min.png?resize=224%2C90&amp;ssl=1 224w, https:\/\/i0.wp.com\/www.serrarpharma.com\/wp-content\/uploads\/2022\/07\/Hypnosis-Wide-min.png?resize=149%2C60&amp;ssl=1 149w, https:\/\/i0.wp.com\/www.serrarpharma.com\/wp-content\/uploads\/2022\/07\/Hypnosis-Wide-min.png?w=1320&amp;ssl=1 1320w\" sizes=\"(max-width: 660px) 100vw, 660px\" data-recalc-dims=\"1\" \/><\/figure>\n\n\n\n<p class=\"has-text-align-center has-secondary-color has-text-color has-medium-font-size\"><strong>LA DESCRIPTION<\/strong><\/p>\n\n\n\n<p><\/p>\n\n\n\n<p>Au cours de ce cours de Naturopathie, nous explorons tous les aspects de ce domaine jusqu&#8217;\u00e0 ce que l&#8217;\u00e9tudiant soit pr\u00eat \u00e0 passer son examen et \u00e0 d\u00e9marrer cette activit\u00e9.<\/p>\n\n\n\n<p><\/p>\n\n\n\n<p>La formation Naturopathie pr\u00e9sent\u00e9e dans notre cours vous permettra de vous pr\u00e9parer \u00e0 l&#8217;examen. Ce cours vous offre une formation th\u00e9orique sur tous les sujets requis pour r\u00e9ussir l&#8217;examen. Il vous appartient d&#8217;\u00e9tudier attentivement les sujets abord\u00e9s dans le cours. Notre objectif est que vous puissiez avoir la chance d&#8217;exercer ce merveilleux m\u00e9tier de \u00ab Naturopathe \u00bb, permettant ainsi \u00e0 certains de trouver du travail par eux-m\u00eames ou dans une clinique sp\u00e9cialis\u00e9e.<\/p>\n\n\n\n<p><\/p>\n\n\n\n<p>Dans ce cours, nous \u00e9tudierons les cinq piliers les dix agents de sant\u00e9 utilis\u00e9s par la naturopathie, l&#8217;individualisation naturopathique, les relations entre le corps, l&#8217;esprit et les \u00e9motions, l&#8217;approche holistique de la naturopathie \u00e0 travers la clinique des 7 centres de signes, les causes et les cl\u00e9s Naturopathie, Alimentation, Exercice physique, Respiration, Phyto\/Aromath\u00e9rapie, Gestion Psycho-\u00e9motionnelle et Symbolique, Hydrologie, Techniques R\u00e9flexes, Techniques Energ\u00e9tiques, Nutrition par l&#8217;Approche Holistique, Bilan Holistique, Guide Pratique de la Naturopathie, conseils pour s&#8217;installer en Praticien Naturopathe, marketing mat\u00e9riaux, prospection client\u00e8le, etc.<\/p>\n\n\n\n<p><\/p>\n\n\n\n<p>La r\u00e9ussite \u00e0 l&#8217;examen implique l&#8217;acc\u00e8s imm\u00e9diat \u00e0 la profession, \u00e0 condition d&#8217;avoir un dipl\u00f4me de gestion.<\/p>\n\n\n\n<p><\/p>\n\n\n\n<p>Dr. Halima Serrar Ph,D., M.Sc, N.D.<\/p>\n\n\n\n<p>Pr\u00e9sident<\/p>\n\n\n\n<p>Dr. SERRAR\u00ae Academy<\/p>\n\n\n\n<div style=\"height:65px\" aria-hidden=\"true\" class=\"wp-block-spacer\"><\/div>\n\n\n\n<div class=\"wp-block-coblocks-row alignfull coblocks-row-12213653691\" data-columns=\"1\" data-layout=\"100\"><div class=\"wp-block-coblocks-row__inner has-primary-background-color has-background has-padding has-medium-padding has-no-margin is-stacked-on-mobile has-medium-gutter\">\n<div class=\"wp-block-coblocks-column coblocks-column-1221365599\" style=\"width:100%\"><div class=\"wp-block-coblocks-column__inner has-no-padding has-no-margin\"><\/div><\/div>\n<\/div><\/div>\n\n\n\n<div class=\"wp-container-4 wp-block-columns alignwide\">\n<div class=\"wp-container-1 wp-block-column\"><div class=\"wp-block-image\">\n<figure class=\"aligncenter size-medium\"><img loading=\"lazy\" width=\"300\" height=\"292\" src=\"https:\/\/i0.wp.com\/www.serrarpharma.com\/wp-content\/uploads\/2022\/02\/Facial-Pic-min.png?resize=300%2C292&#038;ssl=1\" alt=\"\" class=\"wp-image-12019\" srcset=\"https:\/\/i0.wp.com\/www.serrarpharma.com\/wp-content\/uploads\/2022\/02\/Facial-Pic-min.png?resize=300%2C292&amp;ssl=1 300w, https:\/\/i0.wp.com\/www.serrarpharma.com\/wp-content\/uploads\/2022\/02\/Facial-Pic-min.png?resize=768%2C748&amp;ssl=1 768w, https:\/\/i0.wp.com\/www.serrarpharma.com\/wp-content\/uploads\/2022\/02\/Facial-Pic-min.png?resize=600%2C584&amp;ssl=1 600w, https:\/\/i0.wp.com\/www.serrarpharma.com\/wp-content\/uploads\/2022\/02\/Facial-Pic-min.png?resize=92%2C90&amp;ssl=1 92w, https:\/\/i0.wp.com\/www.serrarpharma.com\/wp-content\/uploads\/2022\/02\/Facial-Pic-min.png?resize=62%2C60&amp;ssl=1 62w, https:\/\/i0.wp.com\/www.serrarpharma.com\/wp-content\/uploads\/2022\/02\/Facial-Pic-min.png?w=1500&amp;ssl=1 1500w, https:\/\/i0.wp.com\/www.serrarpharma.com\/wp-content\/uploads\/2022\/02\/Facial-Pic-min.png?w=1320&amp;ssl=1 1320w\" sizes=\"(max-width: 300px) 100vw, 300px\" data-recalc-dims=\"1\" \/><\/figure><\/div>\n\n\n<div style=\"height:10px\" aria-hidden=\"true\" class=\"wp-block-spacer\"><\/div>\n\n\n\n<p class=\"has-text-align-center has-text-color has-large-font-size\" style=\"color:#005e94\"><strong>Esth\u00e9tique<\/strong><\/p>\n\n\n\n<p class=\"has-text-align-center\">1800 heures de cours th\u00e9oriques et pratiques.<\/p>\n\n\n\n<p class=\"has-text-align-center has-secondary-color has-text-color\"><a href=\"https:\/\/www.serrarpharma.com\/fr\/esthetics\/\" data-type=\"URL\" data-id=\"https:\/\/www.serrarpharma.com\/fr\/esthetics\/\">APPRENDRE ENCORE PLUS<\/a><\/p>\n<\/div>\n\n\n\n<div class=\"wp-container-2 wp-block-column\"><div class=\"wp-block-image\">\n<figure class=\"aligncenter size-full\"><img loading=\"lazy\" width=\"660\" height=\"655\" src=\"https:\/\/i0.wp.com\/www.serrarpharma.com\/wp-content\/uploads\/2022\/02\/Naturopathy-Pic-min.png?resize=660%2C655&#038;ssl=1\" alt=\"\" class=\"wp-image-12018\" srcset=\"https:\/\/i0.wp.com\/www.serrarpharma.com\/wp-content\/uploads\/2022\/02\/Naturopathy-Pic-min.png?w=1500&amp;ssl=1 1500w, https:\/\/i0.wp.com\/www.serrarpharma.com\/wp-content\/uploads\/2022\/02\/Naturopathy-Pic-min.png?resize=300%2C298&amp;ssl=1 300w, https:\/\/i0.wp.com\/www.serrarpharma.com\/wp-content\/uploads\/2022\/02\/Naturopathy-Pic-min.png?resize=150%2C150&amp;ssl=1 150w, https:\/\/i0.wp.com\/www.serrarpharma.com\/wp-content\/uploads\/2022\/02\/Naturopathy-Pic-min.png?resize=768%2C762&amp;ssl=1 768w, https:\/\/i0.wp.com\/www.serrarpharma.com\/wp-content\/uploads\/2022\/02\/Naturopathy-Pic-min.png?resize=600%2C596&amp;ssl=1 600w, https:\/\/i0.wp.com\/www.serrarpharma.com\/wp-content\/uploads\/2022\/02\/Naturopathy-Pic-min.png?resize=100%2C100&amp;ssl=1 100w, https:\/\/i0.wp.com\/www.serrarpharma.com\/wp-content\/uploads\/2022\/02\/Naturopathy-Pic-min.png?resize=91%2C90&amp;ssl=1 91w, https:\/\/i0.wp.com\/www.serrarpharma.com\/wp-content\/uploads\/2022\/02\/Naturopathy-Pic-min.png?resize=60%2C60&amp;ssl=1 60w, https:\/\/i0.wp.com\/www.serrarpharma.com\/wp-content\/uploads\/2022\/02\/Naturopathy-Pic-min.png?w=1320&amp;ssl=1 1320w\" sizes=\"(max-width: 660px) 100vw, 660px\" data-recalc-dims=\"1\" \/><\/figure><\/div>\n\n\n<div style=\"height:10px\" aria-hidden=\"true\" class=\"wp-block-spacer\"><\/div>\n\n\n\n<p class=\"has-text-align-center has-text-color has-large-font-size\" style=\"color:#005e94\"><strong>Naturopathie<\/strong><\/p>\n\n\n\n<p class=\"has-text-align-center\">1800 heures de cours th\u00e9oriques et pratiques.<\/p>\n\n\n\n<p class=\"has-text-align-center has-secondary-color has-text-color\"><a href=\"https:\/\/www.serrarpharma.com\/fr\/naturopathy\/\" data-type=\"URL\" data-id=\"https:\/\/www.serrarpharma.com\/fr\/naturopathy\/\">APPRENDRE ENCORE PLUS<\/a><\/p>\n<\/div>\n\n\n\n<div class=\"wp-container-3 wp-block-column\"><div class=\"wp-block-image\">\n<figure class=\"aligncenter size-medium\"><img loading=\"lazy\" width=\"297\" height=\"300\" src=\"https:\/\/i0.wp.com\/www.serrarpharma.com\/wp-content\/uploads\/2022\/02\/Massage-Pic-min.png?resize=297%2C300&#038;ssl=1\" alt=\"\" class=\"wp-image-12017\" srcset=\"https:\/\/i0.wp.com\/www.serrarpharma.com\/wp-content\/uploads\/2022\/02\/Massage-Pic-min.png?resize=297%2C300&amp;ssl=1 297w, https:\/\/i0.wp.com\/www.serrarpharma.com\/wp-content\/uploads\/2022\/02\/Massage-Pic-min.png?resize=768%2C776&amp;ssl=1 768w, https:\/\/i0.wp.com\/www.serrarpharma.com\/wp-content\/uploads\/2022\/02\/Massage-Pic-min.png?resize=600%2C606&amp;ssl=1 600w, https:\/\/i0.wp.com\/www.serrarpharma.com\/wp-content\/uploads\/2022\/02\/Massage-Pic-min.png?resize=100%2C100&amp;ssl=1 100w, https:\/\/i0.wp.com\/www.serrarpharma.com\/wp-content\/uploads\/2022\/02\/Massage-Pic-min.png?resize=89%2C90&amp;ssl=1 89w, https:\/\/i0.wp.com\/www.serrarpharma.com\/wp-content\/uploads\/2022\/02\/Massage-Pic-min.png?resize=59%2C60&amp;ssl=1 59w, https:\/\/i0.wp.com\/www.serrarpharma.com\/wp-content\/uploads\/2022\/02\/Massage-Pic-min.png?w=1500&amp;ssl=1 1500w, https:\/\/i0.wp.com\/www.serrarpharma.com\/wp-content\/uploads\/2022\/02\/Massage-Pic-min.png?w=1320&amp;ssl=1 1320w\" sizes=\"(max-width: 297px) 100vw, 297px\" data-recalc-dims=\"1\" \/><\/figure><\/div>\n\n\n<div style=\"height:10px\" aria-hidden=\"true\" class=\"wp-block-spacer\"><\/div>\n\n\n\n<p class=\"has-text-align-center has-text-color has-large-font-size\" style=\"color:#005e94\"><strong>Massage th\u00e9rapeutique<\/strong><\/p>\n\n\n\n<p class=\"has-text-align-center\">1800 heures de cours th\u00e9oriques et pratiques.<\/p>\n\n\n\n<p class=\"has-text-align-center has-secondary-color has-text-color\"><a href=\"https:\/\/www.serrarpharma.com\/fr\/massage-therapy\/\" data-type=\"URL\" data-id=\"https:\/\/www.serrarpharma.com\/fr\/massage-therapy\/\">APPRENDRE ENCORE PLUS<\/a><\/p>\n<\/div>\n<\/div>\n\n\n\n<div style=\"height:2px\" aria-hidden=\"true\" class=\"wp-block-spacer\"><\/div>\n","protected":false},"excerpt":{"rendered":"<p>NATUROPATHIE \/ HYPNOSE | PARTIE 1 Certificat de formation | UN F Les dipl\u00f4m\u00e9s en naturopathie sont en qu\u00eate d&#8217;une certaine autonomie et se consacrent \u00e0 la bonne sant\u00e9 des personnes. Nos dipl\u00f4m\u00e9s travaillent pour eux-m\u00eames, dans des cliniques sp\u00e9cialis\u00e9es ou pour des centres de vill\u00e9giature, des spas, des navires de croisi\u00e8re, des complexes h\u00f4teliers, [&hellip;]<\/p>\n","protected":false},"author":1,"featured_media":0,"parent":0,"menu_order":0,"comment_status":"closed","ping_status":"closed","template":"","meta":{"hide_page_title":"","_coblocks_attr":"","_coblocks_dimensions":"{\"coblocks-column-122123836624\":{\"padding\":{\"paddingBottom\":\"14%\",\"paddingBottomMobile\":null,\"paddingBottomTablet\":null,\"paddingLeft\":\"14%\",\"paddingLeftMobile\":null,\"paddingLeftTablet\":null,\"paddingRight\":\"14%\",\"paddingRightMobile\":null,\"paddingRightTablet\":null,\"paddingTop\":\"14%\",\"paddingTopMobile\":null,\"paddingTopTablet\":null}}}","_coblocks_responsive_height":"","_coblocks_accordion_ie_support":""},"translation":{"provider":"WPGlobus","version":"3.0.1","language":"fr","enabled_languages":["en","es","fr","ar","pt","it"],"languages":{"en":{"title":true,"content":true,"excerpt":false},"es":{"title":false,"content":true,"excerpt":false},"fr":{"title":false,"content":true,"excerpt":false},"ar":{"title":false,"content":true,"excerpt":false},"pt":{"title":false,"content":true,"excerpt":false},"it":{"title":false,"content":true,"excerpt":false}}},"_links":{"self":[{"href":"https:\/\/www.serrarpharma.com\/fr\/wp-json\/wp\/v2\/pages\/12220"}],"collection":[{"href":"https:\/\/www.serrarpharma.com\/fr\/wp-json\/wp\/v2\/pages"}],"about":[{"href":"https:\/\/www.serrarpharma.com\/fr\/wp-json\/wp\/v2\/types\/page"}],"author":[{"embeddable":true,"href":"https:\/\/www.serrarpharma.com\/fr\/wp-json\/wp\/v2\/users\/1"}],"replies":[{"embeddable":true,"href":"https:\/\/www.serrarpharma.com\/fr\/wp-json\/wp\/v2\/comments?post=12220"}],"version-history":[{"count":0,"href":"https:\/\/www.serrarpharma.com\/fr\/wp-json\/wp\/v2\/pages\/12220\/revisions"}],"wp:attachment":[{"href":"https:\/\/www.serrarpharma.com\/fr\/wp-json\/wp\/v2\/media?parent=12220"}],"curies":[{"name":"wp","href":"https:\/\/api.w.org\/{rel}","templated":true}]}}