{"id":12108,"date":"2022-02-22T18:13:31","date_gmt":"2022-02-22T23:13:31","guid":{"rendered":"https:\/\/www.serrarpharma.com\/?page_id=12108"},"modified":"2022-08-06T15:08:47","modified_gmt":"2022-08-06T19:08:47","slug":"esthetics","status":"publish","type":"page","link":"https:\/\/www.serrarpharma.com\/fr\/esthetics\/","title":{"rendered":"Esthetics"},"content":{"rendered":"\n<div style=\"height:25px\" aria-hidden=\"true\" class=\"wp-block-spacer\"><\/div>\n\n\n<div class=\"wp-block-image\">\n<figure class=\"aligncenter size-full is-resized\"><img loading=\"lazy\" src=\"https:\/\/i0.wp.com\/www.serrarpharma.com\/wp-content\/uploads\/2022\/02\/Academie-Dr.-SERRAR-Logo.png?resize=150%2C150&#038;ssl=1\" alt=\"\" class=\"wp-image-12015\" width=\"150\" height=\"150\" srcset=\"https:\/\/i0.wp.com\/www.serrarpharma.com\/wp-content\/uploads\/2022\/02\/Academie-Dr.-SERRAR-Logo.png?w=1080&amp;ssl=1 1080w, https:\/\/i0.wp.com\/www.serrarpharma.com\/wp-content\/uploads\/2022\/02\/Academie-Dr.-SERRAR-Logo.png?resize=300%2C300&amp;ssl=1 300w, https:\/\/i0.wp.com\/www.serrarpharma.com\/wp-content\/uploads\/2022\/02\/Academie-Dr.-SERRAR-Logo.png?resize=150%2C150&amp;ssl=1 150w, https:\/\/i0.wp.com\/www.serrarpharma.com\/wp-content\/uploads\/2022\/02\/Academie-Dr.-SERRAR-Logo.png?resize=768%2C768&amp;ssl=1 768w, https:\/\/i0.wp.com\/www.serrarpharma.com\/wp-content\/uploads\/2022\/02\/Academie-Dr.-SERRAR-Logo.png?resize=600%2C600&amp;ssl=1 600w, https:\/\/i0.wp.com\/www.serrarpharma.com\/wp-content\/uploads\/2022\/02\/Academie-Dr.-SERRAR-Logo.png?resize=100%2C100&amp;ssl=1 100w, https:\/\/i0.wp.com\/www.serrarpharma.com\/wp-content\/uploads\/2022\/02\/Academie-Dr.-SERRAR-Logo.png?resize=90%2C90&amp;ssl=1 90w, https:\/\/i0.wp.com\/www.serrarpharma.com\/wp-content\/uploads\/2022\/02\/Academie-Dr.-SERRAR-Logo.png?resize=60%2C60&amp;ssl=1 60w\" sizes=\"(max-width: 150px) 100vw, 150px\" data-recalc-dims=\"1\" \/><\/figure><\/div>\n\n\n<div style=\"height:10px\" aria-hidden=\"true\" class=\"wp-block-spacer\"><\/div>\n\n\n\n<p class=\"has-text-align-center coursetitle has-text-color has-huge-font-size\" style=\"color:#005e94\"><strong>ESTH\u00c9TIQUE DE BASE | VOLET 1<\/strong><\/p>\n\n\n\n<p class=\"has-text-align-center has-secondary-color has-text-color has-medium-font-size\">ATTESTATION DE FORMATION | AF<\/p>\n\n\n\n<div style=\"height:35px\" aria-hidden=\"true\" class=\"wp-block-spacer\"><\/div>\n\n\n\n<p><\/p>\n\n\n\n<p class=\"has-text-align-center\">Les dipl\u00f4m\u00e9s en ESTH\u00c9TIQUE sont en qu\u00eate d\u2019une certaine autonomie et d\u00e9vou\u00e9s \u00e0 la bonne sant\u00e9 des gens. Nos finissants travaillent \u00e0 leur compte, en clinique sp\u00e9cialis\u00e9e ou pour des centres de vill\u00e9giature, des spas, des bateaux de croisi\u00e8re, des complexes h\u00f4teliers, etc.<\/p>\n\n\n\n<div style=\"height:35px\" aria-hidden=\"true\" class=\"wp-block-spacer\"><\/div>\n\n\n\n<p><\/p>\n\n\n\n<p class=\"has-text-align-center acablue has-text-color has-medium-font-size\" style=\"color:#005e94\"><strong>DUR\u00c9E DE LA FORMATION<\/strong><\/p>\n\n\n\n<p class=\"has-text-align-center\">La formation est d\u2019une dur\u00e9e de 1800 heures  (24 MOIS)<\/p>\n\n\n\n<p><\/p>\n\n\n\n<p class=\"has-text-align-center acablue has-text-color has-medium-font-size\" style=\"color:#005e94\"><strong>HORAIRE<\/strong><\/p>\n\n\n\n<p class=\"has-text-align-center\">LUN &#8211; JEUDI (6 H PAR JOUR)<\/p>\n\n\n\n<div class=\"wp-block-coblocks-row alignfull coblocks-row-122123829351\" data-columns=\"1\" data-layout=\"100\"><div class=\"wp-block-coblocks-row__inner has-background has-padding has-medium-padding has-no-margin is-stacked-on-mobile has-medium-gutter\" style=\"background-color:#e4effa\">\n<div class=\"wp-block-coblocks-column coblocks-column-122123836624 academy\" style=\"width:100%\"><div class=\"wp-block-coblocks-column__inner has-quaternary-background-color has-background has-padding has-no-margin\">\n<p class=\"has-text-align-center has-text-color has-large-font-size\" style=\"color:#005e94\"><strong><a href=\"https:\/\/www.serrarpharma.com\/wp-content\/uploads\/2022\/08\/4-Accre\u0301ditation-Esthe\u0301ticienne-APESEQ.png\">Accr\u00e9ditation par l\u2019Association des Professionnels en \u00c9lectrolyse et soins Esth\u00e9tiques du Qu\u00e9bec (APESEQ)  depuis 1970 de l&#8217;Acad\u00e9mie Dr. SERRAR\u00ae Formation en Esth\u00e9tique<\/a><\/strong><\/p>\n<\/div><\/div>\n<\/div><\/div>\n\n\n\n<p class=\"has-text-align-center has-secondary-color has-text-color has-medium-font-size\"><strong>Objectifs<\/strong><\/p>\n\n\n\n<p><\/p>\n\n\n\n<p>Notre programme de formation en esth\u00e9tique appliqu\u00e9e de notre Acad\u00e9mie Dr. SERRAR\u00ae s\u2019adresse \u00e0 ceux et celles qui souhaitent d\u00e9couvrir, comprendre et mettre en \u0153uvre une approche professionnelle de l&#8217;esth\u00e9tique et s\u00e9curitaire pour vos clients.<\/p>\n\n\n\n<p><\/p>\n\n\n\n<p>Pour ceux qui ont d\u00e9j\u00e0 suivi un programme de formation en esth\u00e9tique, cette formation est compl\u00e9mentaire, car elle vous permettra d\u2019aller plus loin, en vous orientant vers une approche plus avanc\u00e9e et modernis\u00e9e de l&#8217;esth\u00e9tique.<\/p>\n\n\n\n<p><\/p>\n\n\n\n<p>Pour ceux qui n\u2019ont pas encore eu acc\u00e8s \u00e0 une formation en esth\u00e9tique, ou qui n\u2019ont pas de savoirs particuliers en la mati\u00e8re, ne soyez pas inquiet. Le contenu de cette formation est con\u00e7u pour vous permettre d\u2019assimiler les informations et les connaissances, quel que soit votre niveau de d\u00e9part.<\/p>\n\n\n\n<p><\/p>\n\n\n\n<p>Une pr\u00e9cision importante avant de vous lancer dans cette formation. Le droit au diagnostic ainsi que la notion de traitement des pathologies, selon la l\u00e9gislation, sont r\u00e9serv\u00e9s aux titulaires d\u2019un doctorat en m\u00e9decine. Les conseils sant\u00e9 cit\u00e9s dans cette formation s\u2019ajouteront \u00e9ventuellement aux techniques et m\u00e9dications allopathiques ou hom\u00e9opathiques, prescrites par le m\u00e9decin. Il ne s\u2019agit en aucun cas d\u2019un substitut, ou de cesser des traitements m\u00e9dicaux en cours sans l\u2019avis de votre m\u00e9decin.<\/p>\n\n\n\n<p><\/p>\n\n\n\n<p>Si vous d\u00e9cidez de vous lancer dans le m\u00e9tier d&#8217;esth\u00e9ticienne, nous vous conseillons vivement de collaborer avec les m\u00e9decins et la m\u00e9decine allopathique traditionnelle. En effet, une collaboration \u00e9troite ne peut que s\u2019av\u00e9rer profitable et b\u00e9n\u00e9fique pour la sant\u00e9 et le bien-\u00eatre de vos futurs clients.<\/p>\n\n\n\n<p><\/p>\n\n\n\n<p>\u00c0 la fin de chaque module, un test de 10 questions vous sera propos\u00e9 afin de valider vos connaissances.<\/p>\n\n\n\n<p><\/p>\n\n\n\n<p><\/p>\n\n\n\n<p><\/p>\n\n\n\n<p><\/p>\n\n\n\n<figure class=\"wp-block-image alignfull size-large\"><img loading=\"lazy\" width=\"660\" height=\"265\" src=\"https:\/\/i0.wp.com\/www.serrarpharma.com\/wp-content\/uploads\/2022\/02\/Est-wide-min1.jpg?resize=660%2C265&#038;ssl=1\" alt=\"\" class=\"wp-image-12109\" srcset=\"https:\/\/i0.wp.com\/www.serrarpharma.com\/wp-content\/uploads\/2022\/02\/Est-wide-min1.jpg?resize=2000%2C803&amp;ssl=1 2000w, https:\/\/i0.wp.com\/www.serrarpharma.com\/wp-content\/uploads\/2022\/02\/Est-wide-min1.jpg?resize=300%2C120&amp;ssl=1 300w, https:\/\/i0.wp.com\/www.serrarpharma.com\/wp-content\/uploads\/2022\/02\/Est-wide-min1.jpg?resize=768%2C308&amp;ssl=1 768w, https:\/\/i0.wp.com\/www.serrarpharma.com\/wp-content\/uploads\/2022\/02\/Est-wide-min1.jpg?resize=1536%2C616&amp;ssl=1 1536w, https:\/\/i0.wp.com\/www.serrarpharma.com\/wp-content\/uploads\/2022\/02\/Est-wide-min1.jpg?resize=2048%2C822&amp;ssl=1 2048w, https:\/\/i0.wp.com\/www.serrarpharma.com\/wp-content\/uploads\/2022\/02\/Est-wide-min1.jpg?resize=600%2C241&amp;ssl=1 600w, https:\/\/i0.wp.com\/www.serrarpharma.com\/wp-content\/uploads\/2022\/02\/Est-wide-min1.jpg?resize=190%2C76&amp;ssl=1 190w, https:\/\/i0.wp.com\/www.serrarpharma.com\/wp-content\/uploads\/2022\/02\/Est-wide-min1.jpg?resize=224%2C90&amp;ssl=1 224w, https:\/\/i0.wp.com\/www.serrarpharma.com\/wp-content\/uploads\/2022\/02\/Est-wide-min1.jpg?resize=149%2C60&amp;ssl=1 149w, https:\/\/i0.wp.com\/www.serrarpharma.com\/wp-content\/uploads\/2022\/02\/Est-wide-min1.jpg?w=1320&amp;ssl=1 1320w\" sizes=\"(max-width: 660px) 100vw, 660px\" data-recalc-dims=\"1\" \/><\/figure>\n\n\n\n<p class=\"has-text-align-center has-secondary-color has-text-color has-medium-font-size\"><strong>DESCRIPTION<\/strong><\/p>\n\n\n\n<p>Pendant ce cours de soins esth\u00e9tiques, nous explorons tous les aspects de ce domaine jusqu\u2019\u00e0 ce que l\u2019\u00e9tudiant soit pr\u00eat(e) \u00e0 pr\u00e9senter son examen et \u00e0 se lancer dans cette activit\u00e9.<\/p>\n\n\n\n<p><\/p>\n\n\n\n<p>L\u2019esth\u00e9tique est s\u00fbrement un secteur d\u2019avenir, car les femmes deviennent de plus en plus ind\u00e9pendantes financi\u00e8rement, et ont \u00e9galement plus de temps pour elles. Si les hommes pr\u00e9f\u00e8rent faire du sport, les femmes, elles, pr\u00e9f\u00e8rent prendre soin d\u2019elles. De plus, l\u2019esth\u00e9tique n\u2019est plus r\u00e9serv\u00e9e \u00e0 une certaine classe sociale, il est d\u00e9sormais courant de voir des personnes moins ais\u00e9es, notamment des \u00e9tudiantes, venir faire des soins.<\/p>\n\n\n\n<p><\/p>\n\n\n\n<p>Le m\u00e9tier d&#8217;esth\u00e9ticienne est \u00e9galement beaucoup plus subtil et compliqu\u00e9 que l&#8217;id\u00e9e g\u00e9n\u00e9ralement r\u00e9pandue. Il ne s&#8217;agit pas seulement d&#8217;appliquer des cr\u00e8mes ou de masser. C&#8217;est un m\u00e9tier tr\u00e8s technique qui n\u00e9cessite de bien conna\u00eetre les diff\u00e9rents types de peaux, de produits, d&#8217;appareils, de gestes\u2026 Nous suivons des protocoles tr\u00e8s pr\u00e9cis et ne faisons pas n&#8217;importe quoi !<\/p>\n\n\n\n<p><\/p>\n\n\n\n<p>La formation en soins esth\u00e9tiques pr\u00e9sent\u00e9e dans notre cours vous permettra de pr\u00e9parer l\u2019examen. Ce cours vous assure une formation th\u00e9orique sur tous les th\u00e8mes exig\u00e9s pour passer l\u2019examen.  C\u2019est \u00e0 vous qu\u2019il incombe de bien \u00e9tudier les th\u00e8mes repris dans le cours. Notre but est que vous r\u00e9ussissiez votre examen, pour que vous puissiez avoir la chance d\u2019exercer ce merveilleux m\u00e9tier qu\u2019est celui d\u2019esth\u00e9ticienne ainsi permettre aux femmes de trouver un travail dans \u00e0 leur compte, en clinique sp\u00e9cialis\u00e9e ou pour des centres de vill\u00e9giature, des spas, des bateaux de croisi\u00e8re, des complexes h\u00f4teliers, etc.<\/p>\n\n\n\n<p><\/p>\n\n\n\n<p>Dans ce cours, nous \u00e9tudierons l\u2019anatomie, la physiologie, la cosm\u00e9tologie, la\nphysioth\u00e9rapie, l\u2019\u00e9tude de la peau et ses anomalies, l\u2019\u00e9tude du poil, le soin visage, le\nsoin corps, l\u2019ongle, le soin des mains et le soin des pieds, de m\u00eame que la di\u00e9t\u00e9tique et\nl\u2019hygi\u00e8ne.<\/p>\n\n\n\n<p><\/p>\n\n\n\n<p>La r\u00e9ussite de l\u2019examen implique un acc\u00e8s imm\u00e9diat \u00e0 la profession, pour autant qu\u2019il dispose d\u2019une qualification en gestion.<\/p>\n\n\n\n<p><\/p>\n\n\n\n<p>Dr. Halima Serrar Ph,D., M.Sc, N.D.<\/p>\n\n\n\n<p>Pr\u00e9sident<\/p>\n\n\n\n<p>Dr. SERRAR\u00ae Academy<\/p>\n\n\n\n<div style=\"height:65px\" aria-hidden=\"true\" class=\"wp-block-spacer\"><\/div>\n\n\n\n<div class=\"wp-block-coblocks-row alignfull coblocks-row-12213653691\" data-columns=\"1\" data-layout=\"100\"><div class=\"wp-block-coblocks-row__inner has-primary-background-color has-background has-padding has-medium-padding has-no-margin is-stacked-on-mobile has-medium-gutter\">\n<div class=\"wp-block-coblocks-column coblocks-column-1221365599\" style=\"width:100%\"><div class=\"wp-block-coblocks-column__inner has-no-padding has-no-margin\"><\/div><\/div>\n<\/div><\/div>\n\n\n\n<div class=\"wp-container-4 wp-block-columns alignwide\">\n<div class=\"wp-container-1 wp-block-column\"><div class=\"wp-block-image\">\n<figure class=\"aligncenter size-medium\"><img loading=\"lazy\" width=\"300\" height=\"298\" src=\"https:\/\/i0.wp.com\/www.serrarpharma.com\/wp-content\/uploads\/2022\/02\/Naturopathy-Pic-min.png?resize=300%2C298&#038;ssl=1\" alt=\"\" class=\"wp-image-12018\" srcset=\"https:\/\/i0.wp.com\/www.serrarpharma.com\/wp-content\/uploads\/2022\/02\/Naturopathy-Pic-min.png?resize=300%2C298&amp;ssl=1 300w, https:\/\/i0.wp.com\/www.serrarpharma.com\/wp-content\/uploads\/2022\/02\/Naturopathy-Pic-min.png?resize=150%2C150&amp;ssl=1 150w, https:\/\/i0.wp.com\/www.serrarpharma.com\/wp-content\/uploads\/2022\/02\/Naturopathy-Pic-min.png?resize=768%2C762&amp;ssl=1 768w, https:\/\/i0.wp.com\/www.serrarpharma.com\/wp-content\/uploads\/2022\/02\/Naturopathy-Pic-min.png?resize=600%2C596&amp;ssl=1 600w, https:\/\/i0.wp.com\/www.serrarpharma.com\/wp-content\/uploads\/2022\/02\/Naturopathy-Pic-min.png?resize=100%2C100&amp;ssl=1 100w, https:\/\/i0.wp.com\/www.serrarpharma.com\/wp-content\/uploads\/2022\/02\/Naturopathy-Pic-min.png?resize=91%2C90&amp;ssl=1 91w, https:\/\/i0.wp.com\/www.serrarpharma.com\/wp-content\/uploads\/2022\/02\/Naturopathy-Pic-min.png?resize=60%2C60&amp;ssl=1 60w, https:\/\/i0.wp.com\/www.serrarpharma.com\/wp-content\/uploads\/2022\/02\/Naturopathy-Pic-min.png?w=1500&amp;ssl=1 1500w, https:\/\/i0.wp.com\/www.serrarpharma.com\/wp-content\/uploads\/2022\/02\/Naturopathy-Pic-min.png?w=1320&amp;ssl=1 1320w\" sizes=\"(max-width: 300px) 100vw, 300px\" data-recalc-dims=\"1\" \/><\/figure><\/div>\n\n\n<div style=\"height:10px\" aria-hidden=\"true\" class=\"wp-block-spacer\"><\/div>\n\n\n\n<p class=\"has-text-align-center has-text-color has-large-font-size\" style=\"color:#005e94\"><strong>Naturopathie<\/strong><\/p>\n\n\n\n<p class=\"has-text-align-center\">1800 heures de cours en classe et pratiques.<\/p>\n\n\n\n<p class=\"has-text-align-center has-secondary-color has-text-color\"><a href=\"https:\/\/www.serrarpharma.com\/fr\/naturopathy\">POUR EN SAVOIR PLUS<\/a><\/p>\n<\/div>\n\n\n\n<div class=\"wp-container-2 wp-block-column\">\n<figure class=\"wp-block-image size-full\"><img loading=\"lazy\" width=\"660\" height=\"642\" src=\"https:\/\/i0.wp.com\/www.serrarpharma.com\/wp-content\/uploads\/2022\/07\/Hypno-Pic-min.png?resize=660%2C642&#038;ssl=1\" alt=\"\" class=\"wp-image-12215\" srcset=\"https:\/\/i0.wp.com\/www.serrarpharma.com\/wp-content\/uploads\/2022\/07\/Hypno-Pic-min.png?w=1500&amp;ssl=1 1500w, https:\/\/i0.wp.com\/www.serrarpharma.com\/wp-content\/uploads\/2022\/07\/Hypno-Pic-min.png?resize=300%2C292&amp;ssl=1 300w, https:\/\/i0.wp.com\/www.serrarpharma.com\/wp-content\/uploads\/2022\/07\/Hypno-Pic-min.png?resize=768%2C748&amp;ssl=1 768w, https:\/\/i0.wp.com\/www.serrarpharma.com\/wp-content\/uploads\/2022\/07\/Hypno-Pic-min.png?resize=600%2C584&amp;ssl=1 600w, https:\/\/i0.wp.com\/www.serrarpharma.com\/wp-content\/uploads\/2022\/07\/Hypno-Pic-min.png?resize=92%2C90&amp;ssl=1 92w, https:\/\/i0.wp.com\/www.serrarpharma.com\/wp-content\/uploads\/2022\/07\/Hypno-Pic-min.png?resize=62%2C60&amp;ssl=1 62w, https:\/\/i0.wp.com\/www.serrarpharma.com\/wp-content\/uploads\/2022\/07\/Hypno-Pic-min.png?w=1320&amp;ssl=1 1320w\" sizes=\"(max-width: 660px) 100vw, 660px\" data-recalc-dims=\"1\" \/><\/figure>\n\n\n\n<div style=\"height:10px\" aria-hidden=\"true\" class=\"wp-block-spacer\"><\/div>\n\n\n\n<p class=\"has-text-align-center has-text-color has-large-font-size\" style=\"color:#005e94\"><strong><a href=\"https:\/\/www.serrarpharma.com\/fr\/naturopathy\/\">Naturopathie \/ Hypnose<\/a><\/strong><\/p>\n\n\n\n<p class=\"wp-elements-fa1624a3d166fbdea67db26d4654b409 has-text-align-center has-link-color\">1800 heures de cours th\u00e9oriques et pratiques.<\/p>\n\n\n\n<p class=\"has-text-align-center has-secondary-color has-text-color\"><a href=\"https:\/\/www.serrarpharma.com\/fr\/naturopathy\/\">POUR EN SAVOIR PLUS<\/a><\/p>\n<\/div>\n\n\n\n<div class=\"wp-container-3 wp-block-column\"><div class=\"wp-block-image\">\n<figure class=\"aligncenter size-full is-resized\"><img loading=\"lazy\" src=\"https:\/\/i0.wp.com\/www.serrarpharma.com\/wp-content\/uploads\/2022\/02\/Massage-Pic-min.png?resize=300%2C300&#038;ssl=1\" alt=\"\" class=\"wp-image-12017\" width=\"300\" height=\"300\" srcset=\"https:\/\/i0.wp.com\/www.serrarpharma.com\/wp-content\/uploads\/2022\/02\/Massage-Pic-min.png?resize=150%2C150&amp;ssl=1 150w, https:\/\/i0.wp.com\/www.serrarpharma.com\/wp-content\/uploads\/2022\/02\/Massage-Pic-min.png?resize=300%2C300&amp;ssl=1 300w, https:\/\/i0.wp.com\/www.serrarpharma.com\/wp-content\/uploads\/2022\/02\/Massage-Pic-min.png?resize=100%2C100&amp;ssl=1 100w, https:\/\/i0.wp.com\/www.serrarpharma.com\/wp-content\/uploads\/2022\/02\/Massage-Pic-min.png?resize=89%2C90&amp;ssl=1 89w, https:\/\/i0.wp.com\/www.serrarpharma.com\/wp-content\/uploads\/2022\/02\/Massage-Pic-min.png?resize=59%2C60&amp;ssl=1 59w, https:\/\/i0.wp.com\/www.serrarpharma.com\/wp-content\/uploads\/2022\/02\/Massage-Pic-min.png?zoom=2&amp;resize=300%2C300&amp;ssl=1 600w, https:\/\/i0.wp.com\/www.serrarpharma.com\/wp-content\/uploads\/2022\/02\/Massage-Pic-min.png?zoom=3&amp;resize=300%2C300&amp;ssl=1 900w\" sizes=\"(max-width: 300px) 100vw, 300px\" data-recalc-dims=\"1\" \/><\/figure><\/div>\n\n\n<div style=\"height:10px\" aria-hidden=\"true\" class=\"wp-block-spacer\"><\/div>\n\n\n\n<p class=\"has-text-align-center has-text-color has-large-font-size\" style=\"color:#005e94\"><strong>Massoth\u00e9rapie<\/strong><\/p>\n\n\n\n<p class=\"has-text-align-center\">1800 heures de cours en classe et pratiques.<\/p>\n\n\n\n<p class=\"has-text-align-center has-secondary-color has-text-color\"><a href=\"https:\/\/www.serrarpharma.com\/fr\/massage-therapy\">POUR EN SAVOIR PLUS<\/a><\/p>\n<\/div>\n<\/div>\n\n\n\n<div style=\"height:2px\" aria-hidden=\"true\" class=\"wp-block-spacer\"><\/div>\n","protected":false},"excerpt":{"rendered":"<p>ESTH\u00c9TIQUE DE BASE | VOLET 1 ATTESTATION DE FORMATION | AF Les dipl\u00f4m\u00e9s en ESTH\u00c9TIQUE sont en qu\u00eate d\u2019une certaine autonomie et d\u00e9vou\u00e9s \u00e0 la bonne sant\u00e9 des gens. Nos finissants travaillent \u00e0 leur compte, en clinique sp\u00e9cialis\u00e9e ou pour des centres de vill\u00e9giature, des spas, des bateaux de croisi\u00e8re, des complexes h\u00f4teliers, etc. DUR\u00c9E [&hellip;]<\/p>\n","protected":false},"author":1,"featured_media":0,"parent":0,"menu_order":0,"comment_status":"closed","ping_status":"closed","template":"","meta":{"hide_page_title":"","_coblocks_attr":"","_coblocks_dimensions":"{\"coblocks-column-122123836624\":{\"padding\":{\"paddingBottom\":\"10%\",\"paddingBottomMobile\":null,\"paddingBottomTablet\":null,\"paddingLeft\":\"10%\",\"paddingLeftMobile\":null,\"paddingLeftTablet\":null,\"paddingRight\":\"10%\",\"paddingRightMobile\":null,\"paddingRightTablet\":null,\"paddingTop\":\"10%\",\"paddingTopMobile\":null,\"paddingTopTablet\":null}}}","_coblocks_responsive_height":"","_coblocks_accordion_ie_support":""},"translation":{"provider":"WPGlobus","version":"3.0.1","language":"fr","enabled_languages":["en","es","fr","ar","pt","it"],"languages":{"en":{"title":true,"content":true,"excerpt":false},"es":{"title":false,"content":true,"excerpt":false},"fr":{"title":false,"content":true,"excerpt":false},"ar":{"title":false,"content":true,"excerpt":false},"pt":{"title":false,"content":true,"excerpt":false},"it":{"title":false,"content":true,"excerpt":false}}},"_links":{"self":[{"href":"https:\/\/www.serrarpharma.com\/fr\/wp-json\/wp\/v2\/pages\/12108"}],"collection":[{"href":"https:\/\/www.serrarpharma.com\/fr\/wp-json\/wp\/v2\/pages"}],"about":[{"href":"https:\/\/www.serrarpharma.com\/fr\/wp-json\/wp\/v2\/types\/page"}],"author":[{"embeddable":true,"href":"https:\/\/www.serrarpharma.com\/fr\/wp-json\/wp\/v2\/users\/1"}],"replies":[{"embeddable":true,"href":"https:\/\/www.serrarpharma.com\/fr\/wp-json\/wp\/v2\/comments?post=12108"}],"version-history":[{"count":0,"href":"https:\/\/www.serrarpharma.com\/fr\/wp-json\/wp\/v2\/pages\/12108\/revisions"}],"wp:attachment":[{"href":"https:\/\/www.serrarpharma.com\/fr\/wp-json\/wp\/v2\/media?parent=12108"}],"curies":[{"name":"wp","href":"https:\/\/api.w.org\/{rel}","templated":true}]}}