{"id":12069,"date":"2022-02-22T13:13:49","date_gmt":"2022-02-22T18:13:49","guid":{"rendered":"https:\/\/www.serrarpharma.com\/?page_id=12069"},"modified":"2022-08-06T15:23:08","modified_gmt":"2022-08-06T19:23:08","slug":"massage-therapy","status":"publish","type":"page","link":"https:\/\/www.serrarpharma.com\/fr\/massage-therapy\/","title":{"rendered":"Massage Therapy"},"content":{"rendered":"\n<div style=\"height:25px\" aria-hidden=\"true\" class=\"wp-block-spacer\"><\/div>\n\n\n<div class=\"wp-block-image\">\n<figure class=\"aligncenter size-full is-resized\"><img loading=\"lazy\" src=\"https:\/\/i0.wp.com\/www.serrarpharma.com\/wp-content\/uploads\/2022\/02\/Academie-Dr.-SERRAR-Logo.png?resize=150%2C150&#038;ssl=1\" alt=\"\" class=\"wp-image-12015\" width=\"150\" height=\"150\" srcset=\"https:\/\/i0.wp.com\/www.serrarpharma.com\/wp-content\/uploads\/2022\/02\/Academie-Dr.-SERRAR-Logo.png?w=1080&amp;ssl=1 1080w, https:\/\/i0.wp.com\/www.serrarpharma.com\/wp-content\/uploads\/2022\/02\/Academie-Dr.-SERRAR-Logo.png?resize=300%2C300&amp;ssl=1 300w, https:\/\/i0.wp.com\/www.serrarpharma.com\/wp-content\/uploads\/2022\/02\/Academie-Dr.-SERRAR-Logo.png?resize=150%2C150&amp;ssl=1 150w, https:\/\/i0.wp.com\/www.serrarpharma.com\/wp-content\/uploads\/2022\/02\/Academie-Dr.-SERRAR-Logo.png?resize=768%2C768&amp;ssl=1 768w, https:\/\/i0.wp.com\/www.serrarpharma.com\/wp-content\/uploads\/2022\/02\/Academie-Dr.-SERRAR-Logo.png?resize=600%2C600&amp;ssl=1 600w, https:\/\/i0.wp.com\/www.serrarpharma.com\/wp-content\/uploads\/2022\/02\/Academie-Dr.-SERRAR-Logo.png?resize=100%2C100&amp;ssl=1 100w, https:\/\/i0.wp.com\/www.serrarpharma.com\/wp-content\/uploads\/2022\/02\/Academie-Dr.-SERRAR-Logo.png?resize=90%2C90&amp;ssl=1 90w, https:\/\/i0.wp.com\/www.serrarpharma.com\/wp-content\/uploads\/2022\/02\/Academie-Dr.-SERRAR-Logo.png?resize=60%2C60&amp;ssl=1 60w\" sizes=\"(max-width: 150px) 100vw, 150px\" data-recalc-dims=\"1\" \/><\/figure><\/div>\n\n\n<div style=\"height:10px\" aria-hidden=\"true\" class=\"wp-block-spacer\"><\/div>\n\n\n\n<p class=\"has-text-align-center coursetitle has-text-color has-huge-font-size\" style=\"color:#005e94\"><strong>MASSOTH\u00c9RAPIE | PARTIE 1<\/strong><\/p>\n\n\n\n<p class=\"has-text-align-center has-secondary-color has-text-color has-medium-font-size\">Training Certificate | AF<\/p>\n\n\n\n<div style=\"height:35px\" aria-hidden=\"true\" class=\"wp-block-spacer\"><\/div>\n\n\n\n<p><\/p>\n\n\n\n<p class=\"has-text-align-center\">Les dipl\u00f4m\u00e9s en Massoth\u00e9rapie sont en qu\u00eate d\u2019une certaine autonomie et d\u00e9vou\u00e9s \u00e0 la bonne sant\u00e9 des gens. Le programme forme des massoth\u00e9rapeutes pour plusieurs techniques de massage. Nos finissants travaillent \u00e0 leur compte, en clinique sp\u00e9cialis\u00e9e ou pour des centres de vill\u00e9giature, des spas, des bateaux de croisi\u00e8re, des complexes h\u00f4teliers, etc.<\/p>\n\n\n\n<div style=\"height:35px\" aria-hidden=\"true\" class=\"wp-block-spacer\"><\/div>\n\n\n\n<p><\/p>\n\n\n\n<p class=\"has-text-align-center acablue has-text-color has-medium-font-size\" style=\"color:#005e94\"><strong>DUR\u00c9E DE LA FORMATION<\/strong><\/p>\n\n\n\n<p class=\"has-text-align-center\">La formation est d\u2019une dur\u00e9e de 1800 heures (24 mois)<\/p>\n\n\n\n<p><\/p>\n\n\n\n<p class=\"has-text-align-center acablue has-text-color has-medium-font-size\" style=\"color:#005e94\"><strong>HORAIRE<\/strong><\/p>\n\n\n\n<p class=\"has-text-align-center\">LUN &#8211; JEUDI (6 H PAR JOUR)<\/p>\n\n\n\n<div class=\"wp-block-coblocks-row alignfull coblocks-row-122123829351\" data-columns=\"1\" data-layout=\"100\"><div class=\"wp-block-coblocks-row__inner has-background has-padding has-medium-padding has-no-margin is-stacked-on-mobile has-medium-gutter\" style=\"background-color:#e4effa\">\n<div class=\"wp-block-coblocks-column coblocks-column-122123836624 academy\" style=\"width:100%\"><div class=\"wp-block-coblocks-column__inner has-quaternary-background-color has-background has-padding has-no-margin\">\n<p class=\"has-text-align-center has-text-color has-large-font-size\" style=\"color:#005e94\"><a href=\"https:\/\/www.serrarpharma.com\/wp-content\/uploads\/2022\/08\/6-Accre\u0301ditation-Massote\u0301rapeute-RMQ.png\"><strong>Accr\u00e9ditation par le Regroupement des Massoth\u00e9rapeutes du Qu\u00e9bec (RMQ) <\/strong> <strong>de l&#8217;Acad\u00e9mie Dr. SERRAR\u00ae Formation en Massoth\u00e9rapie<\/strong><\/a><\/p>\n<\/div><\/div>\n<\/div><\/div>\n\n\n\n<p class=\"has-text-align-center has-secondary-color has-text-color has-medium-font-size\"><strong>Objectifs<\/strong><\/p>\n\n\n\n<p><\/p>\n\n\n\n<p>Notre programme de formation en massoth\u00e9rapie  appliqu\u00e9e de notre Acad\u00e9mie Dr. SERRAR\u00ae s\u2019adresse \u00e0 ceux et celles qui souhaitent d\u00e9couvrir, comprendre et mettre en \u0153uvre une approche holistique de la massoth\u00e9rapie. Cette vision consid\u00e8re le corps comme une unit\u00e9 fonctionnant \u00e0 travers le lien corps\/esprit.<\/p>\n\n\n\n<p><\/p>\n\n\n\n<p>Pour ceux qui ont d\u00e9j\u00e0 suivi un programme de formation en massoth\u00e9rapie plus classique, cette formation est compl\u00e9mentaire, car elle vous permettra d\u2019aller plus loin, en vous orientant vers une approche plus holistique de cette discipline.  Pour ceux qui n\u2019ont pas encore eu acc\u00e8s \u00e0 une formation en massoth\u00e9rapie, ou qui n\u2019ont pas de savoirs particuliers en la mati\u00e8re, ne soyez pas inquiet. Le contenu de cette formation est con\u00e7u pour vous permettre d\u2019assimiler les informations et les connaissances, quel que soit votre niveau de d\u00e9part.<\/p>\n\n\n\n<p><\/p>\n\n\n\n<p>Le praticien en massoth\u00e9rapie est en mesure de r\u00e9aliser un massage de relaxation et faire rel\u00e2cher les tensions et courbatures pour le mieux-\u00eatre de sa client\u00e8le. Il peut pratiquer dans un spa ou dans une clinique et \u00eatre reconnu par les associations professionnelles. Le plus grand segment du cours est consacr\u00e9 \u00e0 la pratique du massage su\u00e9dois international aux huiles essentielles qui permettent de personnaliser et optimiser le soin d\u00e9tente.<\/p>\n\n\n\n<p><\/p>\n\n\n\n<p>\u00c0 travers notre formation en massage bien-\u00eatre, nous vous proposons un accompagnement et des supports p\u00e9dagogiques vari\u00e9s (textes,, visuels\u2026) qui vous permettront d\u2019approfondir les mouvements de base de divers types de massage.<\/p>\n\n\n\n<p><\/p>\n\n\n\n<p>Apr\u00e8s l\u2019acquisition de votre certificat, vous pourrez exercer \u00e0 votre propre compte ou travailler dans un centre de bien-\u00eatre, un spa, un \u00e9tablissement h\u00f4telier ou un club de sport. Vous pourrez \u00e9galement utiliser les connaissances acquises sur vous-m\u00eame et votre entourage, ou combiner l\u2019activit\u00e9 de praticien en massage avec d\u2019autres sp\u00e9cialit\u00e9s : aromath\u00e9rapie, m\u00e9ditation, lithoth\u00e9rapie ou naturopathie par exemple.<\/p>\n\n\n\n<p><\/p>\n\n\n\n<p>Pendant ce cours de Massoth\u00e9rapie, nous allons  ensemble, explorer tous les aspects de ce domaine jusqu\u2019\u00e0 ce que vous soyez pr\u00eat(e) \u00e0 pr\u00e9senter votre examen et \u00e0 vous lancer dans cette activit\u00e9.<\/p>\n\n\n\n<figure class=\"wp-block-image alignfull size-large\"><img loading=\"lazy\" width=\"660\" height=\"265\" src=\"https:\/\/i0.wp.com\/www.serrarpharma.com\/wp-content\/uploads\/2022\/02\/MASSAGE-WIDE-min.jpg?resize=660%2C265&#038;ssl=1\" alt=\"\" class=\"wp-image-12074\" srcset=\"https:\/\/i0.wp.com\/www.serrarpharma.com\/wp-content\/uploads\/2022\/02\/MASSAGE-WIDE-min.jpg?resize=2000%2C803&amp;ssl=1 2000w, https:\/\/i0.wp.com\/www.serrarpharma.com\/wp-content\/uploads\/2022\/02\/MASSAGE-WIDE-min.jpg?resize=300%2C120&amp;ssl=1 300w, https:\/\/i0.wp.com\/www.serrarpharma.com\/wp-content\/uploads\/2022\/02\/MASSAGE-WIDE-min.jpg?resize=768%2C308&amp;ssl=1 768w, https:\/\/i0.wp.com\/www.serrarpharma.com\/wp-content\/uploads\/2022\/02\/MASSAGE-WIDE-min.jpg?resize=1536%2C616&amp;ssl=1 1536w, https:\/\/i0.wp.com\/www.serrarpharma.com\/wp-content\/uploads\/2022\/02\/MASSAGE-WIDE-min.jpg?resize=2048%2C822&amp;ssl=1 2048w, https:\/\/i0.wp.com\/www.serrarpharma.com\/wp-content\/uploads\/2022\/02\/MASSAGE-WIDE-min.jpg?resize=600%2C241&amp;ssl=1 600w, https:\/\/i0.wp.com\/www.serrarpharma.com\/wp-content\/uploads\/2022\/02\/MASSAGE-WIDE-min.jpg?resize=190%2C76&amp;ssl=1 190w, https:\/\/i0.wp.com\/www.serrarpharma.com\/wp-content\/uploads\/2022\/02\/MASSAGE-WIDE-min.jpg?resize=224%2C90&amp;ssl=1 224w, https:\/\/i0.wp.com\/www.serrarpharma.com\/wp-content\/uploads\/2022\/02\/MASSAGE-WIDE-min.jpg?resize=149%2C60&amp;ssl=1 149w, https:\/\/i0.wp.com\/www.serrarpharma.com\/wp-content\/uploads\/2022\/02\/MASSAGE-WIDE-min.jpg?w=1320&amp;ssl=1 1320w\" sizes=\"(max-width: 660px) 100vw, 660px\" data-recalc-dims=\"1\" \/><\/figure>\n\n\n\n<p class=\"has-text-align-center has-secondary-color has-text-color has-medium-font-size\"><strong>DESCRIPTION<\/strong><\/p>\n\n\n\n<p><\/p>\n\n\n\n<p>Pendant ce cours de Massoth\u00e9rapie, nous explorons tous les aspects de ce domaine jusqu\u2019\u00e0 ce que l\u2019\u00e9tudiant soit pr\u00eat(e) \u00e0 pr\u00e9senter son examen et \u00e0 se lancer dans cette activit\u00e9.<\/p>\n\n\n\n<p><\/p>\n\n\n\n<p>La formation en Massoth\u00e9rapie pr\u00e9sent\u00e9e dans notre cours lui permettra de\npr\u00e9parer l\u2019examen. Ce cours lui assure une formation th\u00e9orique sur tous les th\u00e8mes exig\u00e9s pour passer l\u2019examen.  C\u2019est \u00e0 lui qu\u2019il incombe de bien \u00e9tudier les th\u00e8mes repris dans le cours. Notre but est qu\u2019il puisse avoir la chance d\u2019exercer ce merveilleux m\u00e9tier qu\u2019est celui du massoth\u00e9rapeute. Ainsi permettre \u00e0 certains de trouver un travail \u00e0 leur compte, en clinique sp\u00e9cialis\u00e9e.<\/p>\n\n\n\n<p><\/p>\n\n\n\n<p>Dans ce cours, nous \u00e9tudierons l\u2019Anatomie, les Principes g\u00e9n\u00e9raux du massage, les diff\u00e9rents technique et types de massage, le drainage lymphatique, le massage sur chaise, le massage aux pierres chaudes, la th\u00e9rapie par ventouses, Gua Sha, massage marocain holistique, massage su\u00e9dois, les normes standards de pratique de la massoth\u00e9rapie, les conseils pour l\u2019installation en tant que praticien en massoth\u00e9rapie, les supports marketing, la prospection de client\u00e8le\u2026.<\/p>\n\n\n\n<p><\/p>\n\n\n\n<p>La r\u00e9ussite de l\u2019examen implique un acc\u00e8s imm\u00e9diat \u00e0 la profession, pour autant que vous disposiez d\u2019une qualification en gestion.<\/p>\n\n\n\n<p><\/p>\n\n\n\n<p>Le m\u00e9tier de Massoth\u00e9rapeute ne s\u2019improvise pas!<\/p>\n\n\n\n<p><\/p>\n\n\n\n<p>Dr. Halima Serrar Ph,D., M.Sc, N.D.<\/p>\n\n\n\n<p>Pr\u00e9sident<\/p>\n\n\n\n<p>Dr. SERRAR\u00ae Academy<\/p>\n\n\n\n<div style=\"height:65px\" aria-hidden=\"true\" class=\"wp-block-spacer\"><\/div>\n\n\n\n<div class=\"wp-block-coblocks-row alignfull coblocks-row-12213653691\" data-columns=\"1\" data-layout=\"100\"><div class=\"wp-block-coblocks-row__inner has-primary-background-color has-background has-padding has-medium-padding has-no-margin is-stacked-on-mobile has-medium-gutter\">\n<div class=\"wp-block-coblocks-column coblocks-column-1221365599\" style=\"width:100%\"><div class=\"wp-block-coblocks-column__inner has-no-padding has-no-margin\"><\/div><\/div>\n<\/div><\/div>\n\n\n\n<div class=\"wp-container-4 wp-block-columns alignwide\">\n<div class=\"wp-container-1 wp-block-column\"><div class=\"wp-block-image\">\n<figure class=\"aligncenter size-medium\"><img loading=\"lazy\" width=\"300\" height=\"298\" src=\"https:\/\/i0.wp.com\/www.serrarpharma.com\/wp-content\/uploads\/2022\/02\/Naturopathy-Pic-min.png?resize=300%2C298&#038;ssl=1\" alt=\"\" class=\"wp-image-12018\" srcset=\"https:\/\/i0.wp.com\/www.serrarpharma.com\/wp-content\/uploads\/2022\/02\/Naturopathy-Pic-min.png?resize=300%2C298&amp;ssl=1 300w, https:\/\/i0.wp.com\/www.serrarpharma.com\/wp-content\/uploads\/2022\/02\/Naturopathy-Pic-min.png?resize=150%2C150&amp;ssl=1 150w, https:\/\/i0.wp.com\/www.serrarpharma.com\/wp-content\/uploads\/2022\/02\/Naturopathy-Pic-min.png?resize=768%2C762&amp;ssl=1 768w, https:\/\/i0.wp.com\/www.serrarpharma.com\/wp-content\/uploads\/2022\/02\/Naturopathy-Pic-min.png?resize=600%2C596&amp;ssl=1 600w, https:\/\/i0.wp.com\/www.serrarpharma.com\/wp-content\/uploads\/2022\/02\/Naturopathy-Pic-min.png?resize=100%2C100&amp;ssl=1 100w, https:\/\/i0.wp.com\/www.serrarpharma.com\/wp-content\/uploads\/2022\/02\/Naturopathy-Pic-min.png?resize=91%2C90&amp;ssl=1 91w, https:\/\/i0.wp.com\/www.serrarpharma.com\/wp-content\/uploads\/2022\/02\/Naturopathy-Pic-min.png?resize=60%2C60&amp;ssl=1 60w, https:\/\/i0.wp.com\/www.serrarpharma.com\/wp-content\/uploads\/2022\/02\/Naturopathy-Pic-min.png?w=1500&amp;ssl=1 1500w, https:\/\/i0.wp.com\/www.serrarpharma.com\/wp-content\/uploads\/2022\/02\/Naturopathy-Pic-min.png?w=1320&amp;ssl=1 1320w\" sizes=\"(max-width: 300px) 100vw, 300px\" data-recalc-dims=\"1\" \/><\/figure><\/div>\n\n\n<div style=\"height:10px\" aria-hidden=\"true\" class=\"wp-block-spacer\"><\/div>\n\n\n\n<p class=\"has-text-align-center has-text-color has-large-font-size\" style=\"color:#005e94\"><strong>Naturopathie<\/strong><\/p>\n\n\n\n<p class=\"has-text-align-center\">1800 heures de cours en classe et pratiques.<\/p>\n\n\n\n<p class=\"has-text-align-center has-secondary-color has-text-color\"><a href=\"https:\/\/www.serrarpharma.com\/fr\/naturopathy\">POUR EN SAVOIR PLUS<\/a><\/p>\n<\/div>\n\n\n\n<div class=\"wp-container-2 wp-block-column\">\n<figure class=\"wp-block-image size-full\"><img loading=\"lazy\" width=\"660\" height=\"642\" src=\"https:\/\/i0.wp.com\/www.serrarpharma.com\/wp-content\/uploads\/2022\/07\/Hypno-Pic-min.png?resize=660%2C642&#038;ssl=1\" alt=\"\" class=\"wp-image-12215\" srcset=\"https:\/\/i0.wp.com\/www.serrarpharma.com\/wp-content\/uploads\/2022\/07\/Hypno-Pic-min.png?w=1500&amp;ssl=1 1500w, https:\/\/i0.wp.com\/www.serrarpharma.com\/wp-content\/uploads\/2022\/07\/Hypno-Pic-min.png?resize=300%2C292&amp;ssl=1 300w, https:\/\/i0.wp.com\/www.serrarpharma.com\/wp-content\/uploads\/2022\/07\/Hypno-Pic-min.png?resize=768%2C748&amp;ssl=1 768w, https:\/\/i0.wp.com\/www.serrarpharma.com\/wp-content\/uploads\/2022\/07\/Hypno-Pic-min.png?resize=600%2C584&amp;ssl=1 600w, https:\/\/i0.wp.com\/www.serrarpharma.com\/wp-content\/uploads\/2022\/07\/Hypno-Pic-min.png?resize=92%2C90&amp;ssl=1 92w, https:\/\/i0.wp.com\/www.serrarpharma.com\/wp-content\/uploads\/2022\/07\/Hypno-Pic-min.png?resize=62%2C60&amp;ssl=1 62w, https:\/\/i0.wp.com\/www.serrarpharma.com\/wp-content\/uploads\/2022\/07\/Hypno-Pic-min.png?w=1320&amp;ssl=1 1320w\" sizes=\"(max-width: 660px) 100vw, 660px\" data-recalc-dims=\"1\" \/><\/figure>\n\n\n\n<div style=\"height:10px\" aria-hidden=\"true\" class=\"wp-block-spacer\"><\/div>\n\n\n\n<p class=\"has-text-align-center has-text-color has-large-font-size\" style=\"color:#005e94\"><strong>Naturopathie \/ Hypnose<\/strong><\/p>\n\n\n\n<p class=\"wp-elements-fa1624a3d166fbdea67db26d4654b409 has-text-align-center has-link-color\">1800 heures de cours th\u00e9oriques et pratiques.<\/p>\n\n\n\n<p class=\"has-text-align-center has-secondary-color has-text-color\"><a href=\"https:\/\/www.serrarpharma.com\/fr\/naturo-hypno\/\">POUR EN SAVOIR PLUS<\/a><\/p>\n<\/div>\n\n\n\n<div class=\"wp-container-3 wp-block-column\"><div class=\"wp-block-image\">\n<figure class=\"aligncenter size-medium\"><img loading=\"lazy\" width=\"300\" height=\"292\" src=\"https:\/\/i0.wp.com\/www.serrarpharma.com\/wp-content\/uploads\/2022\/02\/Facial-Pic-min.png?resize=300%2C292&#038;ssl=1\" alt=\"\" class=\"wp-image-12019\" srcset=\"https:\/\/i0.wp.com\/www.serrarpharma.com\/wp-content\/uploads\/2022\/02\/Facial-Pic-min.png?resize=300%2C292&amp;ssl=1 300w, https:\/\/i0.wp.com\/www.serrarpharma.com\/wp-content\/uploads\/2022\/02\/Facial-Pic-min.png?resize=768%2C748&amp;ssl=1 768w, https:\/\/i0.wp.com\/www.serrarpharma.com\/wp-content\/uploads\/2022\/02\/Facial-Pic-min.png?resize=600%2C584&amp;ssl=1 600w, https:\/\/i0.wp.com\/www.serrarpharma.com\/wp-content\/uploads\/2022\/02\/Facial-Pic-min.png?resize=92%2C90&amp;ssl=1 92w, https:\/\/i0.wp.com\/www.serrarpharma.com\/wp-content\/uploads\/2022\/02\/Facial-Pic-min.png?resize=62%2C60&amp;ssl=1 62w, https:\/\/i0.wp.com\/www.serrarpharma.com\/wp-content\/uploads\/2022\/02\/Facial-Pic-min.png?w=1500&amp;ssl=1 1500w, https:\/\/i0.wp.com\/www.serrarpharma.com\/wp-content\/uploads\/2022\/02\/Facial-Pic-min.png?w=1320&amp;ssl=1 1320w\" sizes=\"(max-width: 300px) 100vw, 300px\" data-recalc-dims=\"1\" \/><\/figure><\/div>\n\n\n<div style=\"height:10px\" aria-hidden=\"true\" class=\"wp-block-spacer\"><\/div>\n\n\n\n<p class=\"has-text-align-center has-text-color has-large-font-size\" style=\"color:#005e94\"><strong>Esth\u00e9tique De Base<\/strong><\/p>\n\n\n\n<p class=\"has-text-align-center\">1800 heures de cours en classe et pratiques.<\/p>\n\n\n\n<p class=\"has-text-align-center has-secondary-color has-text-color\"><a href=\"https:\/\/www.serrarpharma.com\/fr\/esthetics\">POUR EN SAVOIR PLUS<\/a><\/p>\n<\/div>\n<\/div>\n\n\n\n<div style=\"height:2px\" aria-hidden=\"true\" class=\"wp-block-spacer\"><\/div>\n","protected":false},"excerpt":{"rendered":"<p>MASSOTH\u00c9RAPIE | PARTIE 1 Training Certificate | AF Les dipl\u00f4m\u00e9s en Massoth\u00e9rapie sont en qu\u00eate d\u2019une certaine autonomie et d\u00e9vou\u00e9s \u00e0 la bonne sant\u00e9 des gens. Le programme forme des massoth\u00e9rapeutes pour plusieurs techniques de massage. Nos finissants travaillent \u00e0 leur compte, en clinique sp\u00e9cialis\u00e9e ou pour des centres de vill\u00e9giature, des spas, des bateaux [&hellip;]<\/p>\n","protected":false},"author":1,"featured_media":0,"parent":0,"menu_order":0,"comment_status":"closed","ping_status":"closed","template":"","meta":{"hide_page_title":"","_coblocks_attr":"","_coblocks_dimensions":"{\"coblocks-column-122123836624\":{\"padding\":{\"paddingBottom\":\"10%\",\"paddingBottomMobile\":null,\"paddingBottomTablet\":null,\"paddingLeft\":\"10%\",\"paddingLeftMobile\":null,\"paddingLeftTablet\":null,\"paddingRight\":\"10%\",\"paddingRightMobile\":null,\"paddingRightTablet\":null,\"paddingTop\":\"10%\",\"paddingTopMobile\":null,\"paddingTopTablet\":null}}}","_coblocks_responsive_height":"","_coblocks_accordion_ie_support":""},"translation":{"provider":"WPGlobus","version":"3.0.1","language":"fr","enabled_languages":["en","es","fr","ar","pt","it"],"languages":{"en":{"title":true,"content":true,"excerpt":false},"es":{"title":false,"content":true,"excerpt":false},"fr":{"title":false,"content":true,"excerpt":false},"ar":{"title":false,"content":true,"excerpt":false},"pt":{"title":false,"content":true,"excerpt":false},"it":{"title":false,"content":true,"excerpt":false}}},"_links":{"self":[{"href":"https:\/\/www.serrarpharma.com\/fr\/wp-json\/wp\/v2\/pages\/12069"}],"collection":[{"href":"https:\/\/www.serrarpharma.com\/fr\/wp-json\/wp\/v2\/pages"}],"about":[{"href":"https:\/\/www.serrarpharma.com\/fr\/wp-json\/wp\/v2\/types\/page"}],"author":[{"embeddable":true,"href":"https:\/\/www.serrarpharma.com\/fr\/wp-json\/wp\/v2\/users\/1"}],"replies":[{"embeddable":true,"href":"https:\/\/www.serrarpharma.com\/fr\/wp-json\/wp\/v2\/comments?post=12069"}],"version-history":[{"count":0,"href":"https:\/\/www.serrarpharma.com\/fr\/wp-json\/wp\/v2\/pages\/12069\/revisions"}],"wp:attachment":[{"href":"https:\/\/www.serrarpharma.com\/fr\/wp-json\/wp\/v2\/media?parent=12069"}],"curies":[{"name":"wp","href":"https:\/\/api.w.org\/{rel}","templated":true}]}}