{"id":8596,"date":"2020-10-04T13:06:17","date_gmt":"2020-10-04T13:06:17","guid":{"rendered":"https:\/\/www.serrarpharma.com\/?post_type=product&#038;p=8596"},"modified":"2025-02-01T23:16:12","modified_gmt":"2025-02-02T04:16:12","slug":"jasmine-baby-care-package","status":"publish","type":"product","link":"https:\/\/www.serrarpharma.com\/es\/product\/jasmine-baby-care-package\/","title":{"rendered":"JASMINE BABY CARE PACKAGE"},"content":{"rendered":"<p>Incluye gel de ba\u00f1o limpiador y crema hidratante para beb\u00e9<\/p>\n<p><strong> A base de abejas y Omega 3 <\/strong><\/p>\n<p>Ung\u00fcento para pa\u00f1ales para beb\u00e9s.<br \/>\nHidratante<br \/>\nAlivia las irritaciones<br \/>\nVegano<br \/>\nSin parabenos, sin sulfatos<br \/>\nSin fragancias qu\u00edmicas<br \/>\nLibre de aluminio y bactericidas<\/p>\n","protected":false},"excerpt":{"rendered":"<p>Incluye gel de ba\u00f1o limpiador y crema hidratante para beb\u00e9 A base de abejas y Omega 3 Ung\u00fcento para pa\u00f1ales para beb\u00e9s. Hidratante Alivia las irritaciones Vegano Sin parabenos, sin sulfatos Sin fragancias qu\u00edmicas Libre de aluminio y bactericidas<\/p>\n","protected":false},"featured_media":9164,"template":"","meta":{"hide_page_title":"","_coblocks_attr":"","_coblocks_dimensions":"","_coblocks_responsive_height":"","_coblocks_accordion_ie_support":""},"product_cat":[24],"product_tag":[],"translation":{"provider":"WPGlobus","version":"3.0.1","language":"es","enabled_languages":["en","es","fr","ar","pt","it"],"languages":{"en":{"title":true,"content":true,"excerpt":false},"es":{"title":false,"content":true,"excerpt":false},"fr":{"title":true,"content":true,"excerpt":false},"ar":{"title":false,"content":true,"excerpt":false},"pt":{"title":false,"content":true,"excerpt":false},"it":{"title":false,"content":true,"excerpt":false}}},"_links":{"self":[{"href":"https:\/\/www.serrarpharma.com\/es\/wp-json\/wp\/v2\/product\/8596"}],"collection":[{"href":"https:\/\/www.serrarpharma.com\/es\/wp-json\/wp\/v2\/product"}],"about":[{"href":"https:\/\/www.serrarpharma.com\/es\/wp-json\/wp\/v2\/types\/product"}],"wp:featuredmedia":[{"embeddable":true,"href":"https:\/\/www.serrarpharma.com\/es\/wp-json\/wp\/v2\/media\/9164"}],"wp:attachment":[{"href":"https:\/\/www.serrarpharma.com\/es\/wp-json\/wp\/v2\/media?parent=8596"}],"wp:term":[{"taxonomy":"product_cat","embeddable":true,"href":"https:\/\/www.serrarpharma.com\/es\/wp-json\/wp\/v2\/product_cat?post=8596"},{"taxonomy":"product_tag","embeddable":true,"href":"https:\/\/www.serrarpharma.com\/es\/wp-json\/wp\/v2\/product_tag?post=8596"}],"curies":[{"name":"wp","href":"https:\/\/api.w.org\/{rel}","templated":true}]}}