{"id":8543,"date":"2020-10-01T14:03:23","date_gmt":"2020-10-01T14:03:23","guid":{"rendered":"https:\/\/www.serrarpharma.com\/?post_type=product&#038;p=8543"},"modified":"2025-02-01T23:16:13","modified_gmt":"2025-02-02T04:16:13","slug":"bodylift-bodyslim","status":"publish","type":"product","link":"https:\/\/www.serrarpharma.com\/es\/product\/bodylift-bodyslim\/","title":{"rendered":"SLIM PACKAGE"},"content":{"rendered":"<p>BODYLIFT &amp; BODYSLIM!<\/p>\n<p><strong>Basado en cafe\u00edna<\/strong><br \/>\nEstrella anticelul\u00edtica<br \/>\nAnti-edema<br \/>\nReafirmante.<br \/>\nMejora la circulaci\u00f3n sangu\u00ednea.<br \/>\nReconstruye la elasticidad de la piel.<br \/>\nEvita la agrupaci\u00f3n de c\u00e9lulas grasas.<\/p>\n<p><strong> Advertencia: <\/strong><br \/>\nDetente ante el menor cambio o reacci\u00f3n. Si es necesario, consulte a un profesional m\u00e9dico o informaci\u00f3n de salud en caso de reacci\u00f3n al\u00e9rgica.<br \/>\nCada piel es diferente y reacciona de manera diferente al mismo cosm\u00e9tico. No brindamos asesor\u00eda personalizada, no conocemos tu piel.<br \/>\nPara cualquier consejo personal, especialmente si est\u00e1 en tratamiento m\u00e9dico: consulte a su m\u00e9dico o dermat\u00f3logo.<br \/>\nNunca cambie un tratamiento prescrito en funci\u00f3n de lo que lee en Internet.<\/p>\n","protected":false},"excerpt":{"rendered":"<p>BODYLIFT &amp; BODYSLIM! Basado en cafe\u00edna Estrella anticelul\u00edtica Anti-edema Reafirmante. Mejora la circulaci\u00f3n sangu\u00ednea. Reconstruye la elasticidad de la piel. Evita la agrupaci\u00f3n de c\u00e9lulas grasas. Advertencia: Detente ante el menor cambio o reacci\u00f3n. Si es necesario, consulte a un profesional m\u00e9dico o informaci\u00f3n de salud en caso de reacci\u00f3n al\u00e9rgica. Cada piel es diferente [&hellip;]<\/p>\n","protected":false},"featured_media":8544,"template":"","meta":{"hide_page_title":"","_coblocks_attr":"","_coblocks_dimensions":"","_coblocks_responsive_height":"","_coblocks_accordion_ie_support":""},"product_cat":[21],"product_tag":[],"translation":{"provider":"WPGlobus","version":"3.0.1","language":"es","enabled_languages":["en","es","fr","ar","pt","it"],"languages":{"en":{"title":true,"content":true,"excerpt":false},"es":{"title":false,"content":true,"excerpt":false},"fr":{"title":false,"content":true,"excerpt":false},"ar":{"title":false,"content":true,"excerpt":false},"pt":{"title":false,"content":true,"excerpt":false},"it":{"title":false,"content":true,"excerpt":false}}},"_links":{"self":[{"href":"https:\/\/www.serrarpharma.com\/es\/wp-json\/wp\/v2\/product\/8543"}],"collection":[{"href":"https:\/\/www.serrarpharma.com\/es\/wp-json\/wp\/v2\/product"}],"about":[{"href":"https:\/\/www.serrarpharma.com\/es\/wp-json\/wp\/v2\/types\/product"}],"wp:featuredmedia":[{"embeddable":true,"href":"https:\/\/www.serrarpharma.com\/es\/wp-json\/wp\/v2\/media\/8544"}],"wp:attachment":[{"href":"https:\/\/www.serrarpharma.com\/es\/wp-json\/wp\/v2\/media?parent=8543"}],"wp:term":[{"taxonomy":"product_cat","embeddable":true,"href":"https:\/\/www.serrarpharma.com\/es\/wp-json\/wp\/v2\/product_cat?post=8543"},{"taxonomy":"product_tag","embeddable":true,"href":"https:\/\/www.serrarpharma.com\/es\/wp-json\/wp\/v2\/product_tag?post=8543"}],"curies":[{"name":"wp","href":"https:\/\/api.w.org\/{rel}","templated":true}]}}