{"id":8374,"date":"2020-09-21T20:33:05","date_gmt":"2020-09-21T20:33:05","guid":{"rendered":"https:\/\/www.serrarpharma.com\/?post_type=product&#038;p=8374"},"modified":"2024-08-21T20:32:39","modified_gmt":"2024-08-22T00:32:39","slug":"immunity-boost-package","status":"publish","type":"product","link":"https:\/\/www.serrarpharma.com\/es\/product\/immunity-boost-package\/","title":{"rendered":"Immunity Boost Package"},"content":{"rendered":"<p>\u00a1El paquete Immunity Boost incluye ZinaBoost, ProBiotic, Vitamin D3, Collagen Pure, y Programa Diario!!<\/p>\n<p><em>VALOR DE $283<\/em><br \/>\n<strong>COLLAGEN GRATIS<\/strong><\/p>\n<p><strong> Estimula el sistema inmunol\u00f3gico <\/strong><br \/>\nApoya las articulaciones<br \/>\nPreviene el dolor y la tendinitis.<br \/>\nMejora la apariencia de u\u00f1as y cabello.<br \/>\nApoya el sistema digestivo<br \/>\nControl de peso saludable<br \/>\nIngredientes puros y naturales.<\/p>\n<p><strong> Informaci\u00f3n importante: <\/strong><br \/>\nSi est\u00e1 tomando alg\u00fan medicamento recetado, tiene una afecci\u00f3n m\u00e9dica o tiene inquietudes espec\u00edficas sobre la idoneidad de cualquiera de nuestros productos en relaci\u00f3n con estos, siempre debe consultar a su m\u00e9dico de cabecera o farmac\u00e9utico antes de tomar suplementos. Las mujeres embarazadas o lactantes deben consultar a un m\u00e9dico de cabecera antes de tomar suplementos. No exceda la dosis diaria recomendada. Mantener fuera del alcance de los ni\u00f1os. Los suplementos no deben tomarse como sustitutos de una dieta variada. Siempre lea la etiqueta antes de usar<\/p>\n<p>Serrar Pharma utiliza solo ingredientes puros y naturales, de fuentes confiables de GMP. Aseguramos la calidad no solo de cada lote, sino tambi\u00e9n de cada ingrediente en ese lote, asegurando que obtenga solo el producto de la m\u00e1s alta calidad. Hay muchos beneficios de soporte de suplementos. Vea a continuaci\u00f3n los comentarios. Si tiene alguna pregunta, cont\u00e1ctenos en info@serrarpharma.com<\/p>\n","protected":false},"excerpt":{"rendered":"<p>\u00a1El paquete Immunity Boost incluye ZinaBoost, ProBiotic, Vitamin D3, Collagen Pure, y Programa Diario!! VALOR DE $283 COLLAGEN GRATIS Estimula el sistema inmunol\u00f3gico Apoya las articulaciones Previene el dolor y la tendinitis. Mejora la apariencia de u\u00f1as y cabello. Apoya el sistema digestivo Control de peso saludable Ingredientes puros y naturales. Informaci\u00f3n importante: Si est\u00e1 [&hellip;]<\/p>\n","protected":false},"featured_media":8545,"template":"","meta":{"hide_page_title":"","_coblocks_attr":"","_coblocks_dimensions":"","_coblocks_responsive_height":"","_coblocks_accordion_ie_support":""},"product_cat":[21],"product_tag":[],"translation":{"provider":"WPGlobus","version":"3.0.1","language":"es","enabled_languages":["en","es","fr","ar","pt","it"],"languages":{"en":{"title":true,"content":true,"excerpt":false},"es":{"title":false,"content":true,"excerpt":false},"fr":{"title":false,"content":true,"excerpt":false},"ar":{"title":false,"content":true,"excerpt":false},"pt":{"title":false,"content":true,"excerpt":false},"it":{"title":false,"content":true,"excerpt":false}}},"_links":{"self":[{"href":"https:\/\/www.serrarpharma.com\/es\/wp-json\/wp\/v2\/product\/8374"}],"collection":[{"href":"https:\/\/www.serrarpharma.com\/es\/wp-json\/wp\/v2\/product"}],"about":[{"href":"https:\/\/www.serrarpharma.com\/es\/wp-json\/wp\/v2\/types\/product"}],"wp:featuredmedia":[{"embeddable":true,"href":"https:\/\/www.serrarpharma.com\/es\/wp-json\/wp\/v2\/media\/8545"}],"wp:attachment":[{"href":"https:\/\/www.serrarpharma.com\/es\/wp-json\/wp\/v2\/media?parent=8374"}],"wp:term":[{"taxonomy":"product_cat","embeddable":true,"href":"https:\/\/www.serrarpharma.com\/es\/wp-json\/wp\/v2\/product_cat?post=8374"},{"taxonomy":"product_tag","embeddable":true,"href":"https:\/\/www.serrarpharma.com\/es\/wp-json\/wp\/v2\/product_tag?post=8374"}],"curies":[{"name":"wp","href":"https:\/\/api.w.org\/{rel}","templated":true}]}}