{"id":8368,"date":"2020-09-21T15:47:12","date_gmt":"2020-09-21T15:47:12","guid":{"rendered":"https:\/\/www.serrarpharma.com\/?post_type=product&#038;p=8368"},"modified":"2025-02-01T23:16:13","modified_gmt":"2025-02-02T04:16:13","slug":"phyto-reve-skin-care-package","status":"publish","type":"product","link":"https:\/\/www.serrarpharma.com\/es\/product\/phyto-reve-skin-care-package\/","title":{"rendered":"PHYTO R\u00caVE SKIN CARE PACKAGE"},"content":{"rendered":"<p><em> Valor de $ 385.00 <\/em><br \/>\n<strong> MASCARILLA GRATIS <\/strong><\/p>\n<p>Regenera<br \/>\nReduce visiblemente las arrugas.<br \/>\nDeja tu piel sana,<br \/>\nJoven, Hidratante y Luminoso<br \/>\nElaborado con ingredientes hipoalerg\u00e9nicos.<\/p>\n<p>Dise\u00f1ado para todo tipo de piel<\/p>\n<p>Suero de vitamina C<br \/>\nLimpiador<br \/>\nVirador<br \/>\nFregar<br \/>\nM\u00e1scara<br \/>\nDERM<br \/>\nECLAT<\/p>\n","protected":false},"excerpt":{"rendered":"<p>Valor de $ 385.00 MASCARILLA GRATIS Regenera Reduce visiblemente las arrugas. Deja tu piel sana, Joven, Hidratante y Luminoso Elaborado con ingredientes hipoalerg\u00e9nicos. Dise\u00f1ado para todo tipo de piel Suero de vitamina C Limpiador Virador Fregar M\u00e1scara DERM ECLAT<\/p>\n","protected":false},"featured_media":8504,"template":"","meta":{"hide_page_title":"","_coblocks_attr":"","_coblocks_dimensions":"","_coblocks_responsive_height":"","_coblocks_accordion_ie_support":""},"product_cat":[22],"product_tag":[],"translation":{"provider":"WPGlobus","version":"3.0.1","language":"es","enabled_languages":["en","es","fr","ar","pt","it"],"languages":{"en":{"title":true,"content":true,"excerpt":false},"es":{"title":false,"content":true,"excerpt":false},"fr":{"title":true,"content":true,"excerpt":false},"ar":{"title":false,"content":true,"excerpt":false},"pt":{"title":false,"content":true,"excerpt":false},"it":{"title":false,"content":true,"excerpt":false}}},"_links":{"self":[{"href":"https:\/\/www.serrarpharma.com\/es\/wp-json\/wp\/v2\/product\/8368"}],"collection":[{"href":"https:\/\/www.serrarpharma.com\/es\/wp-json\/wp\/v2\/product"}],"about":[{"href":"https:\/\/www.serrarpharma.com\/es\/wp-json\/wp\/v2\/types\/product"}],"wp:featuredmedia":[{"embeddable":true,"href":"https:\/\/www.serrarpharma.com\/es\/wp-json\/wp\/v2\/media\/8504"}],"wp:attachment":[{"href":"https:\/\/www.serrarpharma.com\/es\/wp-json\/wp\/v2\/media?parent=8368"}],"wp:term":[{"taxonomy":"product_cat","embeddable":true,"href":"https:\/\/www.serrarpharma.com\/es\/wp-json\/wp\/v2\/product_cat?post=8368"},{"taxonomy":"product_tag","embeddable":true,"href":"https:\/\/www.serrarpharma.com\/es\/wp-json\/wp\/v2\/product_tag?post=8368"}],"curies":[{"name":"wp","href":"https:\/\/api.w.org\/{rel}","templated":true}]}}