{"id":8365,"date":"2020-09-21T14:53:45","date_gmt":"2020-09-21T14:53:45","guid":{"rendered":"https:\/\/www.serrarpharma.com\/?post_type=product&#038;p=8365"},"modified":"2024-08-21T21:04:10","modified_gmt":"2024-08-22T01:04:10","slug":"sublime-skin-care-package","status":"publish","type":"product","link":"https:\/\/www.serrarpharma.com\/es\/product\/sublime-skin-care-package\/","title":{"rendered":"SUBLIME SKIN CARE PACKAGE"},"content":{"rendered":"<p>Valor de $ 583.00<br \/>\nSERUM DE OJOS GRATIS<\/p>\n<p>Elaborado con Guaran\u00e1<br \/>\nEfecto del p\u00e9ptido DHEA vegetal<br \/>\nAnti arrugas<br \/>\nC\u00edrculos anti-oscuros<br \/>\nAnti-hinchaz\u00f3n<br \/>\nFirmas<br \/>\nAnti-envejecimiento<br \/>\nIluminador<\/p>\n<p>Limpiador<br \/>\nVirador<br \/>\nDermoabrasi\u00f3n<br \/>\nNaturo-Lashes<br \/>\nSuero de vitamina C<br \/>\nSuero para ojos 45+<br \/>\nSUBLIME CREMA DE D\u00cdA<br \/>\nSUBLIME CREMA DE NOCHE<\/p>\n","protected":false},"excerpt":{"rendered":"<p>Valor de $ 583.00 SERUM DE OJOS GRATIS Elaborado con Guaran\u00e1 Efecto del p\u00e9ptido DHEA vegetal Anti arrugas C\u00edrculos anti-oscuros Anti-hinchaz\u00f3n Firmas Anti-envejecimiento Iluminador Limpiador Virador Dermoabrasi\u00f3n Naturo-Lashes Suero de vitamina C Suero para ojos 45+ SUBLIME CREMA DE D\u00cdA SUBLIME CREMA DE NOCHE<\/p>\n","protected":false},"featured_media":8485,"template":"","meta":{"hide_page_title":"","_coblocks_attr":"","_coblocks_dimensions":"","_coblocks_responsive_height":"","_coblocks_accordion_ie_support":""},"product_cat":[23],"product_tag":[],"translation":{"provider":"WPGlobus","version":"3.0.1","language":"es","enabled_languages":["en","es","fr","ar","pt","it"],"languages":{"en":{"title":true,"content":true,"excerpt":false},"es":{"title":false,"content":true,"excerpt":false},"fr":{"title":true,"content":true,"excerpt":false},"ar":{"title":false,"content":true,"excerpt":false},"pt":{"title":false,"content":true,"excerpt":false},"it":{"title":false,"content":true,"excerpt":false}}},"_links":{"self":[{"href":"https:\/\/www.serrarpharma.com\/es\/wp-json\/wp\/v2\/product\/8365"}],"collection":[{"href":"https:\/\/www.serrarpharma.com\/es\/wp-json\/wp\/v2\/product"}],"about":[{"href":"https:\/\/www.serrarpharma.com\/es\/wp-json\/wp\/v2\/types\/product"}],"wp:featuredmedia":[{"embeddable":true,"href":"https:\/\/www.serrarpharma.com\/es\/wp-json\/wp\/v2\/media\/8485"}],"wp:attachment":[{"href":"https:\/\/www.serrarpharma.com\/es\/wp-json\/wp\/v2\/media?parent=8365"}],"wp:term":[{"taxonomy":"product_cat","embeddable":true,"href":"https:\/\/www.serrarpharma.com\/es\/wp-json\/wp\/v2\/product_cat?post=8365"},{"taxonomy":"product_tag","embeddable":true,"href":"https:\/\/www.serrarpharma.com\/es\/wp-json\/wp\/v2\/product_tag?post=8365"}],"curies":[{"name":"wp","href":"https:\/\/api.w.org\/{rel}","templated":true}]}}