{"id":8360,"date":"2020-09-21T14:25:21","date_gmt":"2020-09-21T18:25:21","guid":{"rendered":"https:\/\/www.serrarpharma.com\/?post_type=product&#038;p=8360"},"modified":"2024-08-21T22:36:22","modified_gmt":"2024-08-22T02:36:22","slug":"untouched-skin-care-package","status":"publish","type":"product","link":"https:\/\/www.serrarpharma.com\/es\/product\/untouched-skin-care-package\/","title":{"rendered":"UNTOUCHED SKIN CARE PACKAGE"},"content":{"rendered":"<p>Valor de $ 523.00<br \/>\nSERUM DE OJOS GRATIS<\/p>\n<p><strong> Hecho con Tamarindo<br \/>\nefecto hialur\u00f3nico vegetal <\/strong><br \/>\nHidrata<br \/>\nAprieta los poros<br \/>\nC\u00edrculos anti-oscuros<br \/>\nAnti-hinchaz\u00f3n<br \/>\n<br \/>\n&nbsp;<\/p>\n<p>Limpiador<br \/>\nVirador<br \/>\nDermoabrasi\u00f3n<br \/>\nNaturo-Lashes<br \/>\nSuero de vitamina C<br \/>\nSuero para ojos 20+<br \/>\nUNTOUCHED CREMA DE D\u00cdA<br \/>\nUNTOUCHED CREMA DE NOCHE<\/p>\n","protected":false},"excerpt":{"rendered":"<p>Valor de $ 523.00 SERUM DE OJOS GRATIS Hecho con Tamarindo efecto hialur\u00f3nico vegetal Hidrata Aprieta los poros C\u00edrculos anti-oscuros Anti-hinchaz\u00f3n &nbsp; Limpiador Virador Dermoabrasi\u00f3n Naturo-Lashes Suero de vitamina C Suero para ojos 20+ UNTOUCHED CREMA DE D\u00cdA UNTOUCHED CREMA DE NOCHE<\/p>\n","protected":false},"featured_media":8486,"template":"","meta":{"hide_page_title":"","_coblocks_attr":"","_coblocks_dimensions":"","_coblocks_responsive_height":"","_coblocks_accordion_ie_support":""},"product_cat":[23],"product_tag":[],"translation":{"provider":"WPGlobus","version":"3.0.1","language":"es","enabled_languages":["en","es","fr","ar","pt","it"],"languages":{"en":{"title":true,"content":true,"excerpt":false},"es":{"title":false,"content":true,"excerpt":false},"fr":{"title":true,"content":true,"excerpt":false},"ar":{"title":false,"content":true,"excerpt":false},"pt":{"title":false,"content":true,"excerpt":false},"it":{"title":false,"content":true,"excerpt":false}}},"_links":{"self":[{"href":"https:\/\/www.serrarpharma.com\/es\/wp-json\/wp\/v2\/product\/8360"}],"collection":[{"href":"https:\/\/www.serrarpharma.com\/es\/wp-json\/wp\/v2\/product"}],"about":[{"href":"https:\/\/www.serrarpharma.com\/es\/wp-json\/wp\/v2\/types\/product"}],"wp:featuredmedia":[{"embeddable":true,"href":"https:\/\/www.serrarpharma.com\/es\/wp-json\/wp\/v2\/media\/8486"}],"wp:attachment":[{"href":"https:\/\/www.serrarpharma.com\/es\/wp-json\/wp\/v2\/media?parent=8360"}],"wp:term":[{"taxonomy":"product_cat","embeddable":true,"href":"https:\/\/www.serrarpharma.com\/es\/wp-json\/wp\/v2\/product_cat?post=8360"},{"taxonomy":"product_tag","embeddable":true,"href":"https:\/\/www.serrarpharma.com\/es\/wp-json\/wp\/v2\/product_tag?post=8360"}],"curies":[{"name":"wp","href":"https:\/\/api.w.org\/{rel}","templated":true}]}}