{"id":8353,"date":"2020-09-21T14:02:19","date_gmt":"2020-09-21T18:02:19","guid":{"rendered":"https:\/\/www.serrarpharma.com\/?post_type=product&#038;p=8353"},"modified":"2024-08-21T22:28:10","modified_gmt":"2024-08-22T02:28:10","slug":"leave-in-conditioner","status":"publish","type":"product","link":"https:\/\/www.serrarpharma.com\/es\/product\/leave-in-conditioner\/","title":{"rendered":"LEAVE-IN CONDITIONER"},"content":{"rendered":"<p><img loading=\"lazy\" class=\"alignnone wp-image-11371\" src=\"https:\/\/i0.wp.com\/www.serrarpharma.com\/wp-content\/uploads\/2021\/04\/Made-in-CA.png?resize=70%2C70&#038;ssl=1\" alt=\"\" width=\"70\" height=\"70\" srcset=\"https:\/\/i0.wp.com\/www.serrarpharma.com\/wp-content\/uploads\/2021\/04\/Made-in-CA.png?w=150&amp;ssl=1 150w, https:\/\/i0.wp.com\/www.serrarpharma.com\/wp-content\/uploads\/2021\/04\/Made-in-CA.png?resize=100%2C100&amp;ssl=1 100w\" sizes=\"(max-width: 70px) 100vw, 70px\" data-recalc-dims=\"1\" \/><img loading=\"lazy\" class=\"alignnone wp-image-11370\" src=\"https:\/\/i0.wp.com\/www.serrarpharma.com\/wp-content\/uploads\/2021\/04\/GMP.png?resize=70%2C70&#038;ssl=1\" alt=\"\" width=\"70\" height=\"70\" srcset=\"https:\/\/i0.wp.com\/www.serrarpharma.com\/wp-content\/uploads\/2021\/04\/GMP.png?w=150&amp;ssl=1 150w, https:\/\/i0.wp.com\/www.serrarpharma.com\/wp-content\/uploads\/2021\/04\/GMP.png?resize=100%2C100&amp;ssl=1 100w\" sizes=\"(max-width: 70px) 100vw, 70px\" data-recalc-dims=\"1\" \/><img loading=\"lazy\" class=\"alignnone wp-image-11369\" src=\"https:\/\/i0.wp.com\/www.serrarpharma.com\/wp-content\/uploads\/2021\/04\/Nongmo.png?resize=70%2C70&#038;ssl=1\" alt=\"\" width=\"70\" height=\"70\" srcset=\"https:\/\/i0.wp.com\/www.serrarpharma.com\/wp-content\/uploads\/2021\/04\/Nongmo.png?w=150&amp;ssl=1 150w, https:\/\/i0.wp.com\/www.serrarpharma.com\/wp-content\/uploads\/2021\/04\/Nongmo.png?resize=100%2C100&amp;ssl=1 100w\" sizes=\"(max-width: 70px) 100vw, 70px\" data-recalc-dims=\"1\" \/><img loading=\"lazy\" class=\"alignnone wp-image-11799\" src=\"https:\/\/i0.wp.com\/www.serrarpharma.com\/wp-content\/uploads\/2021\/04\/ISO-07.png?resize=70%2C70&#038;ssl=1\" alt=\"\" width=\"70\" height=\"70\" srcset=\"https:\/\/i0.wp.com\/www.serrarpharma.com\/wp-content\/uploads\/2021\/04\/ISO-07.png?resize=300%2C300&amp;ssl=1 300w, https:\/\/i0.wp.com\/www.serrarpharma.com\/wp-content\/uploads\/2021\/04\/ISO-07.png?resize=150%2C150&amp;ssl=1 150w, https:\/\/i0.wp.com\/www.serrarpharma.com\/wp-content\/uploads\/2021\/04\/ISO-07.png?resize=100%2C100&amp;ssl=1 100w, https:\/\/i0.wp.com\/www.serrarpharma.com\/wp-content\/uploads\/2021\/04\/ISO-07.png?w=418&amp;ssl=1 418w\" sizes=\"(max-width: 70px) 100vw, 70px\" data-recalc-dims=\"1\" \/><\/p>\n<p>&nbsp;<\/p>\n<p><strong>Bamb\u00fa de queratina<br \/>\nProbi\u00f3tico <\/strong><br \/>\nPerdida de cabello,<br \/>\nCrecimiento<br \/>\nCabello da\u00f1ado<br \/>\nVolumen<br \/>\nProteccion<br \/>\nFortalece el tallo del cabello<br \/>\nBrillantez<br \/>\nMantenimiento de estilo<br \/>\n(Rizo, Alisado)<\/p>\n<p>Este acondicionador sin enjuague de c\u00e1\u00f1amo y omega-3 est\u00e1 repleto de aceites naturales, extractos y amino\u00e1cidos. No contiene silicona y se almacena con un probi\u00f3tico, que se obtiene naturalmente de un proceso de fermentaci\u00f3n.<br \/>\nEs de base vegetal, que ofrece un brillo natural sin siliconas, ni acumulaci\u00f3n de residuos. Ayuda a mejorar tu cabello con Pea Peptide que combina una mezcla de amino\u00e1cidos. Es nutritivo y beneficioso para la voluminizaci\u00f3n del cabello y el fortalecimiento del tallo del cabello. Este acondicionador, dise\u00f1ado profesionalmente y probado en el sal\u00f3n, ofrece retenci\u00f3n de estilo, rizado, suavizado y protecci\u00f3n t\u00e9rmica. Estos beneficios se derivan de Karazime Protect, que es una mezcla de extractos de queratina, bamb\u00fa y hongos. Contiene pantenol (B5), goma guar, espesantes elaborados a base de vegetales y conservados con r\u00e1bano fermentado &#8230; un probi\u00f3tico.<\/p>\n<p><strong> Direcciones: <\/strong><br \/>\nDespu\u00e9s de enjuagar el CHAMP\u00da &amp; ACONDICIONADOR * y la MASCARILLA * adecuada para tu cabello, aplica una o dos gotas de LEAVE-N CONDITIONER * sobre el cabello h\u00famedo y luego distribuye uniformemente desde las ra\u00edces hasta las puntas. No lo enjuague. En su lugar, deje que el cabello se seque al aire o dif\u00fandalo con un secador de pelo. (* Dr. SERRAR\u00ae SERENA).<\/p>\n<p><strong> Advertencia: <\/strong><br \/>\nDetente ante el m\u00e1s m\u00ednimo cambio o reacci\u00f3n. Si es necesario, consulte a un profesional m\u00e9dico o informaci\u00f3n de salud en caso de reacci\u00f3n al\u00e9rgica.<br \/>\nToda la piel es diferente y reacciona de manera diferente al mismo cosm\u00e9tico. No proporcionamos asesoramiento personalizado, no conocemos su piel.<br \/>\nPara cualquier consejo personal, especialmente si est\u00e1 recibiendo tratamiento m\u00e9dico: consulte a su m\u00e9dico o dermat\u00f3logo.<br \/>\nNunca cambie un tratamiento prescrito en funci\u00f3n de lo que lee en Internet.<\/p>\n<p>&nbsp;<\/p>\n<p><span style=\"color: #005890;\"><strong><span class=\"VIiyi\" lang=\"es\"><span class=\"JLqJ4b ChMk0b\" data-language-for-alternatives=\"es\" data-language-to-translate-into=\"en\" data-phrase-index=\"1\">HECHO EN CANAD\u00c1\u00a0\u00a0\u00a0 |<\/span> \u00a0\u00a0 <span class=\"JLqJ4b ChMk0b\" data-language-for-alternatives=\"es\" data-language-to-translate-into=\"en\" data-phrase-index=\"2\">CERTIFICADO GMP\u00a0\u00a0\u00a0 |<\/span> \u00a0\u00a0 <span class=\"JLqJ4b ChMk0b\" data-language-for-alternatives=\"es\" data-language-to-translate-into=\"en\" data-phrase-index=\"3\">NO OGM \u00a0\u00a0 |<\/span> \u00a0\u00a0 <span class=\"JLqJ4b ChMk0b\" data-language-for-alternatives=\"es\" data-language-to-translate-into=\"en\" data-phrase-index=\"4\">LABORATORIO CERTIFICADO ISO 17025<\/span><\/span><\/strong><\/span><\/p>\n","protected":false},"excerpt":{"rendered":"<p>&nbsp; Bamb\u00fa de queratina Probi\u00f3tico Perdida de cabello, Crecimiento Cabello da\u00f1ado Volumen Proteccion Fortalece el tallo del cabello Brillantez Mantenimiento de estilo (Rizo, Alisado) Este acondicionador sin enjuague de c\u00e1\u00f1amo y omega-3 est\u00e1 repleto de aceites naturales, extractos y amino\u00e1cidos. No contiene silicona y se almacena con un probi\u00f3tico, que se obtiene naturalmente de un [&hellip;]<\/p>\n","protected":false},"featured_media":9142,"template":"","meta":{"hide_page_title":"","_coblocks_attr":"","_coblocks_dimensions":"","_coblocks_responsive_height":"","_coblocks_accordion_ie_support":""},"product_cat":[27],"product_tag":[],"translation":{"provider":"WPGlobus","version":"3.0.1","language":"es","enabled_languages":["en","es","fr","ar","pt","it"],"languages":{"en":{"title":true,"content":true,"excerpt":false},"es":{"title":false,"content":true,"excerpt":false},"fr":{"title":true,"content":true,"excerpt":false},"ar":{"title":false,"content":true,"excerpt":false},"pt":{"title":false,"content":true,"excerpt":false},"it":{"title":false,"content":true,"excerpt":false}}},"_links":{"self":[{"href":"https:\/\/www.serrarpharma.com\/es\/wp-json\/wp\/v2\/product\/8353"}],"collection":[{"href":"https:\/\/www.serrarpharma.com\/es\/wp-json\/wp\/v2\/product"}],"about":[{"href":"https:\/\/www.serrarpharma.com\/es\/wp-json\/wp\/v2\/types\/product"}],"wp:featuredmedia":[{"embeddable":true,"href":"https:\/\/www.serrarpharma.com\/es\/wp-json\/wp\/v2\/media\/9142"}],"wp:attachment":[{"href":"https:\/\/www.serrarpharma.com\/es\/wp-json\/wp\/v2\/media?parent=8353"}],"wp:term":[{"taxonomy":"product_cat","embeddable":true,"href":"https:\/\/www.serrarpharma.com\/es\/wp-json\/wp\/v2\/product_cat?post=8353"},{"taxonomy":"product_tag","embeddable":true,"href":"https:\/\/www.serrarpharma.com\/es\/wp-json\/wp\/v2\/product_tag?post=8353"}],"curies":[{"name":"wp","href":"https:\/\/api.w.org\/{rel}","templated":true}]}}