{"id":8352,"date":"2020-09-21T14:01:07","date_gmt":"2020-09-21T18:01:07","guid":{"rendered":"https:\/\/www.serrarpharma.com\/?post_type=product&#038;p=8352"},"modified":"2024-08-21T22:28:33","modified_gmt":"2024-08-22T02:28:33","slug":"mask-for-dry-hair","status":"publish","type":"product","link":"https:\/\/www.serrarpharma.com\/es\/product\/mask-for-dry-hair\/","title":{"rendered":"MASK FOR DRY HAIR"},"content":{"rendered":"<p><img loading=\"lazy\" class=\"alignnone wp-image-11371\" src=\"https:\/\/i0.wp.com\/www.serrarpharma.com\/wp-content\/uploads\/2021\/04\/Made-in-CA.png?resize=70%2C70&#038;ssl=1\" alt=\"\" width=\"70\" height=\"70\" srcset=\"https:\/\/i0.wp.com\/www.serrarpharma.com\/wp-content\/uploads\/2021\/04\/Made-in-CA.png?w=150&amp;ssl=1 150w, https:\/\/i0.wp.com\/www.serrarpharma.com\/wp-content\/uploads\/2021\/04\/Made-in-CA.png?resize=100%2C100&amp;ssl=1 100w\" sizes=\"(max-width: 70px) 100vw, 70px\" data-recalc-dims=\"1\" \/><img loading=\"lazy\" class=\"alignnone wp-image-11370\" src=\"https:\/\/i0.wp.com\/www.serrarpharma.com\/wp-content\/uploads\/2021\/04\/GMP.png?resize=70%2C70&#038;ssl=1\" alt=\"\" width=\"70\" height=\"70\" srcset=\"https:\/\/i0.wp.com\/www.serrarpharma.com\/wp-content\/uploads\/2021\/04\/GMP.png?w=150&amp;ssl=1 150w, https:\/\/i0.wp.com\/www.serrarpharma.com\/wp-content\/uploads\/2021\/04\/GMP.png?resize=100%2C100&amp;ssl=1 100w\" sizes=\"(max-width: 70px) 100vw, 70px\" data-recalc-dims=\"1\" \/><img loading=\"lazy\" class=\"alignnone wp-image-11369\" src=\"https:\/\/i0.wp.com\/www.serrarpharma.com\/wp-content\/uploads\/2021\/04\/Nongmo.png?resize=70%2C70&#038;ssl=1\" alt=\"\" width=\"70\" height=\"70\" srcset=\"https:\/\/i0.wp.com\/www.serrarpharma.com\/wp-content\/uploads\/2021\/04\/Nongmo.png?w=150&amp;ssl=1 150w, https:\/\/i0.wp.com\/www.serrarpharma.com\/wp-content\/uploads\/2021\/04\/Nongmo.png?resize=100%2C100&amp;ssl=1 100w\" sizes=\"(max-width: 70px) 100vw, 70px\" data-recalc-dims=\"1\" \/><img loading=\"lazy\" class=\"alignnone wp-image-11799\" src=\"https:\/\/i0.wp.com\/www.serrarpharma.com\/wp-content\/uploads\/2021\/04\/ISO-07.png?resize=70%2C70&#038;ssl=1\" alt=\"\" width=\"70\" height=\"70\" srcset=\"https:\/\/i0.wp.com\/www.serrarpharma.com\/wp-content\/uploads\/2021\/04\/ISO-07.png?resize=300%2C300&amp;ssl=1 300w, https:\/\/i0.wp.com\/www.serrarpharma.com\/wp-content\/uploads\/2021\/04\/ISO-07.png?resize=150%2C150&amp;ssl=1 150w, https:\/\/i0.wp.com\/www.serrarpharma.com\/wp-content\/uploads\/2021\/04\/ISO-07.png?resize=100%2C100&amp;ssl=1 100w, https:\/\/i0.wp.com\/www.serrarpharma.com\/wp-content\/uploads\/2021\/04\/ISO-07.png?w=418&amp;ssl=1 418w\" sizes=\"(max-width: 70px) 100vw, 70px\" data-recalc-dims=\"1\" \/><\/p>\n<p>&nbsp;<\/p>\n<p><strong>Con amino\u00e1cidos de seda <\/strong><br \/>\nRevitalizante<br \/>\nHidratante<br \/>\nBrillar<br \/>\nSin parabenos<br \/>\nConservante natural<br \/>\nEcol\u00f3gico<\/p>\n<p>Con excelentes propiedades acondicionadoras y un brillo saludable, esta mascarilla incluye prote\u00edna de guisante, amino\u00e1cidos de seda, vitaminas Pro B y E, manzanilla y glicerina para m\u00e1s cuerpo. El brillo se deriva naturalmente de las semillas de ricino hidrolizadas y es una alternativa a las siliconas. El \u00e1cido l\u00e1ctico equilibra el pH y es un buen humectante.<\/p>\n<p><strong> Direcciones: <\/strong><br \/>\nDespu\u00e9s de enjuagar el CHAMP\u00da Y ACONDICIONADOR *, aplique un toque de la MASCARILLA * adecuada para CABELLO SECO sobre el cabello limpio. Masajear tanto en los largos como en las puntas y dejar actuar de 5 a 10 minutos. Enjuague bien. Completa tu tratamiento con el producto LEAVE-IN ACONDICIONADOR *. No lo enjuague. En su lugar, deje que el cabello se seque al aire o difunda con un secador de pelo (* Dr SERRAR\u00ae SERENA).<\/p>\n<p><strong> Advertencia: <\/strong><br \/>\nDetente ante el m\u00e1s m\u00ednimo cambio o reacci\u00f3n. Si es necesario, consulte a un profesional m\u00e9dico o informaci\u00f3n de salud en caso de reacci\u00f3n al\u00e9rgica.<br \/>\nToda la piel es diferente y reacciona de manera diferente al mismo cosm\u00e9tico. No proporcionamos asesoramiento personalizado, no conocemos su piel.<br \/>\nPara cualquier consejo personal, especialmente si est\u00e1 recibiendo tratamiento m\u00e9dico: consulte a su m\u00e9dico o dermat\u00f3logo.<br \/>\nNunca cambie un tratamiento prescrito en funci\u00f3n de lo que lee en Internet.<\/p>\n<p>&nbsp;<\/p>\n<p><span style=\"color: #005890;\"><strong><span class=\"VIiyi\" lang=\"es\"><span class=\"JLqJ4b ChMk0b\" data-language-for-alternatives=\"es\" data-language-to-translate-into=\"en\" data-phrase-index=\"1\">HECHO EN CANAD\u00c1\u00a0\u00a0\u00a0 |<\/span> \u00a0\u00a0 <span class=\"JLqJ4b ChMk0b\" data-language-for-alternatives=\"es\" data-language-to-translate-into=\"en\" data-phrase-index=\"2\">CERTIFICADO GMP\u00a0\u00a0\u00a0 |<\/span> \u00a0\u00a0 <span class=\"JLqJ4b ChMk0b\" data-language-for-alternatives=\"es\" data-language-to-translate-into=\"en\" data-phrase-index=\"3\">NO OGM \u00a0\u00a0 |<\/span> \u00a0\u00a0 <span class=\"JLqJ4b ChMk0b\" data-language-for-alternatives=\"es\" data-language-to-translate-into=\"en\" data-phrase-index=\"4\">LABORATORIO CERTIFICADO ISO 17025<\/span><\/span><\/strong><\/span><\/p>\n","protected":false},"excerpt":{"rendered":"<p>&nbsp; Con amino\u00e1cidos de seda Revitalizante Hidratante Brillar Sin parabenos Conservante natural Ecol\u00f3gico Con excelentes propiedades acondicionadoras y un brillo saludable, esta mascarilla incluye prote\u00edna de guisante, amino\u00e1cidos de seda, vitaminas Pro B y E, manzanilla y glicerina para m\u00e1s cuerpo. El brillo se deriva naturalmente de las semillas de ricino hidrolizadas y es una [&hellip;]<\/p>\n","protected":false},"featured_media":9140,"template":"","meta":{"hide_page_title":"","_coblocks_attr":"","_coblocks_dimensions":"","_coblocks_responsive_height":"","_coblocks_accordion_ie_support":""},"product_cat":[27],"product_tag":[],"translation":{"provider":"WPGlobus","version":"3.0.1","language":"es","enabled_languages":["en","es","fr","ar","pt","it"],"languages":{"en":{"title":true,"content":true,"excerpt":false},"es":{"title":false,"content":true,"excerpt":false},"fr":{"title":true,"content":true,"excerpt":false},"ar":{"title":false,"content":true,"excerpt":false},"pt":{"title":false,"content":true,"excerpt":false},"it":{"title":false,"content":true,"excerpt":false}}},"_links":{"self":[{"href":"https:\/\/www.serrarpharma.com\/es\/wp-json\/wp\/v2\/product\/8352"}],"collection":[{"href":"https:\/\/www.serrarpharma.com\/es\/wp-json\/wp\/v2\/product"}],"about":[{"href":"https:\/\/www.serrarpharma.com\/es\/wp-json\/wp\/v2\/types\/product"}],"wp:featuredmedia":[{"embeddable":true,"href":"https:\/\/www.serrarpharma.com\/es\/wp-json\/wp\/v2\/media\/9140"}],"wp:attachment":[{"href":"https:\/\/www.serrarpharma.com\/es\/wp-json\/wp\/v2\/media?parent=8352"}],"wp:term":[{"taxonomy":"product_cat","embeddable":true,"href":"https:\/\/www.serrarpharma.com\/es\/wp-json\/wp\/v2\/product_cat?post=8352"},{"taxonomy":"product_tag","embeddable":true,"href":"https:\/\/www.serrarpharma.com\/es\/wp-json\/wp\/v2\/product_tag?post=8352"}],"curies":[{"name":"wp","href":"https:\/\/api.w.org\/{rel}","templated":true}]}}