{"id":8333,"date":"2020-09-20T21:51:23","date_gmt":"2020-09-20T21:51:23","guid":{"rendered":"https:\/\/www.serrarpharma.com\/?post_type=product&#038;p=8333"},"modified":"2024-08-21T22:19:47","modified_gmt":"2024-08-22T02:19:47","slug":"baby-cream","status":"publish","type":"product","link":"https:\/\/www.serrarpharma.com\/es\/product\/baby-cream\/","title":{"rendered":"BABY CREAM"},"content":{"rendered":"<p><img loading=\"lazy\" class=\"alignnone wp-image-11371\" src=\"https:\/\/i0.wp.com\/www.serrarpharma.com\/wp-content\/uploads\/2021\/04\/Made-in-CA.png?resize=70%2C70&#038;ssl=1\" alt=\"\" width=\"70\" height=\"70\" srcset=\"https:\/\/i0.wp.com\/www.serrarpharma.com\/wp-content\/uploads\/2021\/04\/Made-in-CA.png?w=150&amp;ssl=1 150w, https:\/\/i0.wp.com\/www.serrarpharma.com\/wp-content\/uploads\/2021\/04\/Made-in-CA.png?resize=100%2C100&amp;ssl=1 100w\" sizes=\"(max-width: 70px) 100vw, 70px\" data-recalc-dims=\"1\" \/><img loading=\"lazy\" class=\"alignnone wp-image-11370\" src=\"https:\/\/i0.wp.com\/www.serrarpharma.com\/wp-content\/uploads\/2021\/04\/GMP.png?resize=70%2C70&#038;ssl=1\" alt=\"\" width=\"70\" height=\"70\" srcset=\"https:\/\/i0.wp.com\/www.serrarpharma.com\/wp-content\/uploads\/2021\/04\/GMP.png?w=150&amp;ssl=1 150w, https:\/\/i0.wp.com\/www.serrarpharma.com\/wp-content\/uploads\/2021\/04\/GMP.png?resize=100%2C100&amp;ssl=1 100w\" sizes=\"(max-width: 70px) 100vw, 70px\" data-recalc-dims=\"1\" \/><img loading=\"lazy\" class=\"alignnone wp-image-11369\" src=\"https:\/\/i0.wp.com\/www.serrarpharma.com\/wp-content\/uploads\/2021\/04\/Nongmo.png?resize=70%2C70&#038;ssl=1\" alt=\"\" width=\"70\" height=\"70\" srcset=\"https:\/\/i0.wp.com\/www.serrarpharma.com\/wp-content\/uploads\/2021\/04\/Nongmo.png?w=150&amp;ssl=1 150w, https:\/\/i0.wp.com\/www.serrarpharma.com\/wp-content\/uploads\/2021\/04\/Nongmo.png?resize=100%2C100&amp;ssl=1 100w\" sizes=\"(max-width: 70px) 100vw, 70px\" data-recalc-dims=\"1\" \/><img loading=\"lazy\" class=\"alignnone wp-image-11799\" src=\"https:\/\/i0.wp.com\/www.serrarpharma.com\/wp-content\/uploads\/2021\/04\/ISO-07.png?resize=70%2C70&#038;ssl=1\" alt=\"\" width=\"70\" height=\"70\" srcset=\"https:\/\/i0.wp.com\/www.serrarpharma.com\/wp-content\/uploads\/2021\/04\/ISO-07.png?resize=300%2C300&amp;ssl=1 300w, https:\/\/i0.wp.com\/www.serrarpharma.com\/wp-content\/uploads\/2021\/04\/ISO-07.png?resize=150%2C150&amp;ssl=1 150w, https:\/\/i0.wp.com\/www.serrarpharma.com\/wp-content\/uploads\/2021\/04\/ISO-07.png?resize=100%2C100&amp;ssl=1 100w, https:\/\/i0.wp.com\/www.serrarpharma.com\/wp-content\/uploads\/2021\/04\/ISO-07.png?w=418&amp;ssl=1 418w\" sizes=\"(max-width: 70px) 100vw, 70px\" data-recalc-dims=\"1\" \/><\/p>\n<p><strong> A base de abejas <\/strong><br \/>\nHidratante<br \/>\nEstr\u00edas<br \/>\nManos de jardinero<br \/>\nInvierno<br \/>\nVEGANO<br \/>\nSin parabenos<br \/>\nSin aceite mineral<br \/>\nSin fragancia qu\u00edmica<\/p>\n<p>Una crema de noche tradicional en cera de abejas y b\u00f3rax cuyos or\u00edgenes se remontan a 100 a\u00f1os. Es m\u00e1s del 99% natural, altamente emoliente. Contiene ingredientes a base de una emulsi\u00f3n de crema espesa creada por una reacci\u00f3n de cera de abejas y b\u00f3rax (obtenido de roca sedimentaria). Mantequilla de textura firme que se derrite al contacto con la piel y se extiende f\u00e1cilmente. Co-emulsionantes de origen vegetal, aceite de coco org\u00e1nico, glicerina y vitamina E se combinan con un impresionante contenido de aceite natural<br \/>\nSi necesita un humectante que se dirija a la piel seca o problem\u00e1tica, el uso de c\u00e1\u00f1amo org\u00e1nico prensado en fr\u00edo y aceite de oliva tiene sus beneficios. Las propiedades reconstituyentes provienen de la retenci\u00f3n de \u00e1cidos grasos esenciales y la conservaci\u00f3n del contenido vitam\u00ednico.<br \/>\nTal vez una &#8220;crema protectora para beb\u00e9s&#8221;, &#8220;crema de manos de jardinero&#8221;, &#8220;crema de estr\u00edas&#8221;, &#8220;crema de invierno&#8221; o un &#8220;acondicionador de cut\u00edculas&#8221;. La aplicaci\u00f3n es amplia y variada, con un alto grado de satisfacci\u00f3n del cliente. Nutritivo y suave para la piel sensible, sin embargo, no se siente grasoso. Este producto se puede utilizar de diferentes formas (talones, pies, codos o rodillas \u00e1speras).<\/p>\n<p><strong> Direcciones: <\/strong><br \/>\n\u00daselo para todo el cuerpo, espec\u00edficamente \u00e1reas \u00e1speras y secas como talones, pies, codos y rodillas. Al ser natural, espesa y de larga duraci\u00f3n, esta crema es capaz de hidratar las pieles m\u00e1s secas. Masajear para estimular la circulaci\u00f3n y permitir que la crema penetre bien. Esta crema se puede utilizar a diario.<\/p>\n<p><strong> Advertencia: <\/strong><br \/>\nDetente ante el menor cambio o reacci\u00f3n. Si es necesario, consulte a un profesional m\u00e9dico o informaci\u00f3n de salud en caso de reacci\u00f3n al\u00e9rgica.<br \/>\nCada piel es diferente y reacciona de manera diferente al mismo cosm\u00e9tico. No brindamos asesor\u00eda personalizada, no conocemos tu piel.<br \/>\nPara cualquier consejo personal, especialmente si est\u00e1 en tratamiento m\u00e9dico: consulte a su m\u00e9dico o dermat\u00f3logo.<br \/>\nNunca cambie un tratamiento prescrito en funci\u00f3n de lo que lee en Internet.<\/p>\n<p>&nbsp;<\/p>\n<p><span style=\"color: #005890;\"><strong><span class=\"VIiyi\" lang=\"es\"><span class=\"JLqJ4b ChMk0b\" data-language-for-alternatives=\"es\" data-language-to-translate-into=\"en\" data-phrase-index=\"1\">HECHO EN CANAD\u00c1\u00a0\u00a0\u00a0 |<\/span> \u00a0\u00a0 <span class=\"JLqJ4b ChMk0b\" data-language-for-alternatives=\"es\" data-language-to-translate-into=\"en\" data-phrase-index=\"2\">CERTIFICADO GMP\u00a0\u00a0\u00a0 |<\/span> \u00a0\u00a0 <span class=\"JLqJ4b ChMk0b\" data-language-for-alternatives=\"es\" data-language-to-translate-into=\"en\" data-phrase-index=\"3\">NO OGM \u00a0\u00a0 |<\/span> \u00a0\u00a0 <span class=\"JLqJ4b ChMk0b\" data-language-for-alternatives=\"es\" data-language-to-translate-into=\"en\" data-phrase-index=\"4\">LABORATORIO CERTIFICADO ISO 17025<\/span><\/span><\/strong><\/span><\/p>\n","protected":false},"excerpt":{"rendered":"<p>A base de abejas Hidratante Estr\u00edas Manos de jardinero Invierno VEGANO Sin parabenos Sin aceite mineral Sin fragancia qu\u00edmica Una crema de noche tradicional en cera de abejas y b\u00f3rax cuyos or\u00edgenes se remontan a 100 a\u00f1os. Es m\u00e1s del 99% natural, altamente emoliente. Contiene ingredientes a base de una emulsi\u00f3n de crema espesa creada [&hellip;]<\/p>\n","protected":false},"featured_media":9162,"template":"","meta":{"hide_page_title":"","_coblocks_attr":"","_coblocks_dimensions":"","_coblocks_responsive_height":"","_coblocks_accordion_ie_support":""},"product_cat":[24],"product_tag":[],"translation":{"provider":"WPGlobus","version":"3.0.1","language":"es","enabled_languages":["en","es","fr","ar","pt","it"],"languages":{"en":{"title":true,"content":true,"excerpt":false},"es":{"title":false,"content":true,"excerpt":false},"fr":{"title":true,"content":true,"excerpt":false},"ar":{"title":false,"content":true,"excerpt":false},"pt":{"title":false,"content":true,"excerpt":false},"it":{"title":false,"content":true,"excerpt":false}}},"_links":{"self":[{"href":"https:\/\/www.serrarpharma.com\/es\/wp-json\/wp\/v2\/product\/8333"}],"collection":[{"href":"https:\/\/www.serrarpharma.com\/es\/wp-json\/wp\/v2\/product"}],"about":[{"href":"https:\/\/www.serrarpharma.com\/es\/wp-json\/wp\/v2\/types\/product"}],"wp:featuredmedia":[{"embeddable":true,"href":"https:\/\/www.serrarpharma.com\/es\/wp-json\/wp\/v2\/media\/9162"}],"wp:attachment":[{"href":"https:\/\/www.serrarpharma.com\/es\/wp-json\/wp\/v2\/media?parent=8333"}],"wp:term":[{"taxonomy":"product_cat","embeddable":true,"href":"https:\/\/www.serrarpharma.com\/es\/wp-json\/wp\/v2\/product_cat?post=8333"},{"taxonomy":"product_tag","embeddable":true,"href":"https:\/\/www.serrarpharma.com\/es\/wp-json\/wp\/v2\/product_tag?post=8333"}],"curies":[{"name":"wp","href":"https:\/\/api.w.org\/{rel}","templated":true}]}}