{"id":8331,"date":"2020-09-20T21:45:21","date_gmt":"2020-09-21T01:45:21","guid":{"rendered":"https:\/\/www.serrarpharma.com\/?post_type=product&#038;p=8331"},"modified":"2024-08-21T22:22:36","modified_gmt":"2024-08-22T02:22:36","slug":"deodorant","status":"publish","type":"product","link":"https:\/\/www.serrarpharma.com\/es\/product\/deodorant\/","title":{"rendered":"DEODORANT"},"content":{"rendered":"<p><img loading=\"lazy\" class=\"alignnone wp-image-11371\" src=\"https:\/\/i0.wp.com\/www.serrarpharma.com\/wp-content\/uploads\/2021\/04\/Made-in-CA.png?resize=70%2C70&#038;ssl=1\" alt=\"\" width=\"70\" height=\"70\" srcset=\"https:\/\/i0.wp.com\/www.serrarpharma.com\/wp-content\/uploads\/2021\/04\/Made-in-CA.png?w=150&amp;ssl=1 150w, https:\/\/i0.wp.com\/www.serrarpharma.com\/wp-content\/uploads\/2021\/04\/Made-in-CA.png?resize=100%2C100&amp;ssl=1 100w\" sizes=\"(max-width: 70px) 100vw, 70px\" data-recalc-dims=\"1\" \/><img loading=\"lazy\" class=\"alignnone wp-image-11370\" src=\"https:\/\/i0.wp.com\/www.serrarpharma.com\/wp-content\/uploads\/2021\/04\/GMP.png?resize=70%2C70&#038;ssl=1\" alt=\"\" width=\"70\" height=\"70\" srcset=\"https:\/\/i0.wp.com\/www.serrarpharma.com\/wp-content\/uploads\/2021\/04\/GMP.png?w=150&amp;ssl=1 150w, https:\/\/i0.wp.com\/www.serrarpharma.com\/wp-content\/uploads\/2021\/04\/GMP.png?resize=100%2C100&amp;ssl=1 100w\" sizes=\"(max-width: 70px) 100vw, 70px\" data-recalc-dims=\"1\" \/><img loading=\"lazy\" class=\"alignnone wp-image-11369\" src=\"https:\/\/i0.wp.com\/www.serrarpharma.com\/wp-content\/uploads\/2021\/04\/Nongmo.png?resize=70%2C70&#038;ssl=1\" alt=\"\" width=\"70\" height=\"70\" srcset=\"https:\/\/i0.wp.com\/www.serrarpharma.com\/wp-content\/uploads\/2021\/04\/Nongmo.png?w=150&amp;ssl=1 150w, https:\/\/i0.wp.com\/www.serrarpharma.com\/wp-content\/uploads\/2021\/04\/Nongmo.png?resize=100%2C100&amp;ssl=1 100w\" sizes=\"(max-width: 70px) 100vw, 70px\" data-recalc-dims=\"1\" \/><img loading=\"lazy\" class=\"alignnone wp-image-11799\" src=\"https:\/\/i0.wp.com\/www.serrarpharma.com\/wp-content\/uploads\/2021\/04\/ISO-07.png?resize=70%2C70&#038;ssl=1\" alt=\"\" width=\"70\" height=\"70\" srcset=\"https:\/\/i0.wp.com\/www.serrarpharma.com\/wp-content\/uploads\/2021\/04\/ISO-07.png?resize=300%2C300&amp;ssl=1 300w, https:\/\/i0.wp.com\/www.serrarpharma.com\/wp-content\/uploads\/2021\/04\/ISO-07.png?resize=150%2C150&amp;ssl=1 150w, https:\/\/i0.wp.com\/www.serrarpharma.com\/wp-content\/uploads\/2021\/04\/ISO-07.png?resize=100%2C100&amp;ssl=1 100w, https:\/\/i0.wp.com\/www.serrarpharma.com\/wp-content\/uploads\/2021\/04\/ISO-07.png?w=418&amp;ssl=1 418w\" sizes=\"(max-width: 70px) 100vw, 70px\" data-recalc-dims=\"1\" \/><\/p>\n<p>&nbsp;<\/p>\n<p>Un desodorante en barra que combate los olores y proporciona un confort puro y refrescante. Ofrece un desintoxicante triple con ingredientes naturales que previenen la acumulaci\u00f3n de materiales t\u00f3xicos, ayudan a controlar los olores y eliminan las impurezas para ayudar a absorber el sudor. La f\u00f3rmula refrescante se desliza sobre la piel clara y ayuda a iluminar el \u00e1rea de las axilas.<\/p>\n<p><strong> Basado en verduras<br \/>\nLibre de aluminio <\/strong><br \/>\nLibre de bactericidas<br \/>\nLucha contra los olores<br \/>\nProporciona comodidad:<br \/>\nPuro &#8211; Refrescante.<br \/>\n<strong> Sin sulfatos <\/strong><br \/>\nSin parabenos<br \/>\nSin aceite mineral<br \/>\nSin fragancia qu\u00edmica<\/p>\n<p><strong> Direcciones: <\/strong><br \/>\nAplicar a diario en las axilas.<br \/>\nNB: No lo use sobre la piel da\u00f1ada o directamente despu\u00e9s del afeitado, ya que esto puede aumentar la sensibilidad.<br \/>\nNota: Si cambia de un antitranspirante \/ desodorante tradicional a este producto, su cuerpo puede experimentar un breve per\u00edodo de transici\u00f3n.<\/p>\n<p><strong> Informaci\u00f3n sobre los ingredientes: <\/strong><br \/>\nUn desodorante s\u00f3lido es a base de plantas y se usa com\u00fanmente en establecimientos de alimentos y hospitales. Este producto es no t\u00f3xico, vegano, libre de crueldad animal y no contiene aluminio ni bicarbonato de sodio.<br \/>\nA base de propilenglicol *, Lauroil lactoyato **, extracto de flor de manzanilla recutita (manzanilla), jugo de hojas de aloe Barbadensis, frutas c\u00edtricas (pomelo), extracto de semilla, fenoxietanol y caprilil glicol (Optiphen\u00ae).<br \/>\n* Archer Daniels Midland (ADM) crea un propilenglicol de base biol\u00f3gica renovable que cumple con los est\u00e1ndares de la Farmacopea de los Estados Unidos (USP) y la etiqueta de productos de base biol\u00f3gica certificada por el USDA. ADM es la primera empresa del mundo en fabricar propilenglicol de base biol\u00f3gica que cumple con los requisitos de la USP. Lanzado en noviembre de 2011, el grado de excipiente de propilenglicol USP de ADM tambi\u00e9n recibi\u00f3 la etiqueta de producto de origen org\u00e1nico certificado por el USDA, lo que garantiza que el producto contiene un 100% de contenido de base biol\u00f3gica (generalmente derivado del ma\u00edz o la soja).<br \/>\n** Caproil \/ Lauroil Lactilato de sodio es un ingrediente activo multifuncional natural con propiedades antimicrobianas.<\/p>\n<p><strong> Advertencia: <\/strong><br \/>\nDetente ante el menor cambio o reacci\u00f3n. Si es necesario, consulte a un profesional m\u00e9dico o informaci\u00f3n de salud en caso de reacci\u00f3n al\u00e9rgica.<br \/>\nCada piel es diferente y reacciona de manera diferente al mismo cosm\u00e9tico. No brindamos asesor\u00eda personalizada, no conocemos tu piel.<br \/>\nPara cualquier consejo personal, especialmente si est\u00e1 en tratamiento m\u00e9dico: consulte a su m\u00e9dico o dermat\u00f3logo.<br \/>\nNunca cambie un tratamiento prescrito en funci\u00f3n de lo que lee en Internet.<\/p>\n<p>&nbsp;<\/p>\n<p><span style=\"color: #005890;\"><strong><span class=\"VIiyi\" lang=\"es\"><span class=\"JLqJ4b ChMk0b\" data-language-for-alternatives=\"es\" data-language-to-translate-into=\"en\" data-phrase-index=\"1\">HECHO EN CANAD\u00c1\u00a0\u00a0\u00a0 |<\/span> \u00a0\u00a0 <span class=\"JLqJ4b ChMk0b\" data-language-for-alternatives=\"es\" data-language-to-translate-into=\"en\" data-phrase-index=\"2\">CERTIFICADO GMP\u00a0\u00a0\u00a0 |<\/span> \u00a0\u00a0 <span class=\"JLqJ4b ChMk0b\" data-language-for-alternatives=\"es\" data-language-to-translate-into=\"en\" data-phrase-index=\"3\">NO OGM \u00a0\u00a0 |<\/span> \u00a0\u00a0 <span class=\"JLqJ4b ChMk0b\" data-language-for-alternatives=\"es\" data-language-to-translate-into=\"en\" data-phrase-index=\"4\">LABORATORIO CERTIFICADO ISO 17025<\/span><\/span><\/strong><\/span><\/p>\n","protected":false},"excerpt":{"rendered":"<p>&nbsp; Un desodorante en barra que combate los olores y proporciona un confort puro y refrescante. Ofrece un desintoxicante triple con ingredientes naturales que previenen la acumulaci\u00f3n de materiales t\u00f3xicos, ayudan a controlar los olores y eliminan las impurezas para ayudar a absorber el sudor. La f\u00f3rmula refrescante se desliza sobre la piel clara y [&hellip;]<\/p>\n","protected":false},"featured_media":9160,"template":"","meta":{"hide_page_title":"","_coblocks_attr":"","_coblocks_dimensions":"","_coblocks_responsive_height":"","_coblocks_accordion_ie_support":""},"product_cat":[24],"product_tag":[],"translation":{"provider":"WPGlobus","version":"3.0.1","language":"es","enabled_languages":["en","es","fr","ar","pt","it"],"languages":{"en":{"title":true,"content":true,"excerpt":false},"es":{"title":false,"content":true,"excerpt":false},"fr":{"title":true,"content":true,"excerpt":false},"ar":{"title":false,"content":true,"excerpt":false},"pt":{"title":false,"content":true,"excerpt":false},"it":{"title":false,"content":true,"excerpt":false}}},"_links":{"self":[{"href":"https:\/\/www.serrarpharma.com\/es\/wp-json\/wp\/v2\/product\/8331"}],"collection":[{"href":"https:\/\/www.serrarpharma.com\/es\/wp-json\/wp\/v2\/product"}],"about":[{"href":"https:\/\/www.serrarpharma.com\/es\/wp-json\/wp\/v2\/types\/product"}],"wp:featuredmedia":[{"embeddable":true,"href":"https:\/\/www.serrarpharma.com\/es\/wp-json\/wp\/v2\/media\/9160"}],"wp:attachment":[{"href":"https:\/\/www.serrarpharma.com\/es\/wp-json\/wp\/v2\/media?parent=8331"}],"wp:term":[{"taxonomy":"product_cat","embeddable":true,"href":"https:\/\/www.serrarpharma.com\/es\/wp-json\/wp\/v2\/product_cat?post=8331"},{"taxonomy":"product_tag","embeddable":true,"href":"https:\/\/www.serrarpharma.com\/es\/wp-json\/wp\/v2\/product_tag?post=8331"}],"curies":[{"name":"wp","href":"https:\/\/api.w.org\/{rel}","templated":true}]}}