{"id":8319,"date":"2020-09-20T21:15:48","date_gmt":"2020-09-21T01:15:48","guid":{"rendered":"https:\/\/www.serrarpharma.com\/?post_type=product&#038;p=8319"},"modified":"2024-08-21T22:37:21","modified_gmt":"2024-08-22T02:37:21","slug":"vitamin-c","status":"publish","type":"product","link":"https:\/\/www.serrarpharma.com\/es\/product\/vitamin-c\/","title":{"rendered":"VITAMIN C"},"content":{"rendered":"<p><img loading=\"lazy\" class=\"alignnone wp-image-11371\" src=\"https:\/\/i0.wp.com\/www.serrarpharma.com\/wp-content\/uploads\/2021\/04\/Made-in-CA.png?resize=70%2C70&#038;ssl=1\" alt=\"\" width=\"70\" height=\"70\" srcset=\"https:\/\/i0.wp.com\/www.serrarpharma.com\/wp-content\/uploads\/2021\/04\/Made-in-CA.png?w=150&amp;ssl=1 150w, https:\/\/i0.wp.com\/www.serrarpharma.com\/wp-content\/uploads\/2021\/04\/Made-in-CA.png?resize=100%2C100&amp;ssl=1 100w\" sizes=\"(max-width: 70px) 100vw, 70px\" data-recalc-dims=\"1\" \/><img loading=\"lazy\" class=\"alignnone wp-image-11370\" src=\"https:\/\/i0.wp.com\/www.serrarpharma.com\/wp-content\/uploads\/2021\/04\/GMP.png?resize=70%2C70&#038;ssl=1\" alt=\"\" width=\"70\" height=\"70\" srcset=\"https:\/\/i0.wp.com\/www.serrarpharma.com\/wp-content\/uploads\/2021\/04\/GMP.png?w=150&amp;ssl=1 150w, https:\/\/i0.wp.com\/www.serrarpharma.com\/wp-content\/uploads\/2021\/04\/GMP.png?resize=100%2C100&amp;ssl=1 100w\" sizes=\"(max-width: 70px) 100vw, 70px\" data-recalc-dims=\"1\" \/><img loading=\"lazy\" class=\"alignnone wp-image-11369\" src=\"https:\/\/i0.wp.com\/www.serrarpharma.com\/wp-content\/uploads\/2021\/04\/Nongmo.png?resize=70%2C70&#038;ssl=1\" alt=\"\" width=\"70\" height=\"70\" srcset=\"https:\/\/i0.wp.com\/www.serrarpharma.com\/wp-content\/uploads\/2021\/04\/Nongmo.png?w=150&amp;ssl=1 150w, https:\/\/i0.wp.com\/www.serrarpharma.com\/wp-content\/uploads\/2021\/04\/Nongmo.png?resize=100%2C100&amp;ssl=1 100w\" sizes=\"(max-width: 70px) 100vw, 70px\" data-recalc-dims=\"1\" \/><img loading=\"lazy\" class=\"alignnone wp-image-11799\" src=\"https:\/\/i0.wp.com\/www.serrarpharma.com\/wp-content\/uploads\/2021\/04\/ISO-07.png?resize=70%2C70&#038;ssl=1\" alt=\"\" width=\"70\" height=\"70\" srcset=\"https:\/\/i0.wp.com\/www.serrarpharma.com\/wp-content\/uploads\/2021\/04\/ISO-07.png?resize=300%2C300&amp;ssl=1 300w, https:\/\/i0.wp.com\/www.serrarpharma.com\/wp-content\/uploads\/2021\/04\/ISO-07.png?resize=150%2C150&amp;ssl=1 150w, https:\/\/i0.wp.com\/www.serrarpharma.com\/wp-content\/uploads\/2021\/04\/ISO-07.png?resize=100%2C100&amp;ssl=1 100w, https:\/\/i0.wp.com\/www.serrarpharma.com\/wp-content\/uploads\/2021\/04\/ISO-07.png?w=418&amp;ssl=1 418w\" sizes=\"(max-width: 70px) 100vw, 70px\" data-recalc-dims=\"1\" \/><\/p>\n<p><strong> Puntos oscuros <\/strong><br \/>\nPara piel sensible<br \/>\nFocos<br \/>\nExfoliante suave<br \/>\nReducci\u00f3n de manchas marrones<br \/>\nS\u00edntesis de col\u00e1geno<br \/>\nS\u00edntesis de elastina<br \/>\nAntiarrugas<br \/>\nAntioxidante<\/p>\n<p>Un s\u00e9rum de vitamina C multifuncional 100% natural que act\u00faa como exfoliante, antioxidante y agente aclarador de la piel con propiedades anti-envejecimiento.<\/p>\n<p><strong> Direcciones: <\/strong><br \/>\nDespu\u00e9s de limpiar y tonificar la piel con LIMPIADOR Y TONIFICADOR FRESCO *, aplique de 3 a 5 gotas de VITAMIN C BIO SERUM * en el rostro y cuello secos antes de cualquier otro tratamiento. Completa tu tratamiento durante el d\u00eda con la crema de d\u00eda BIO * y de noche, con la crema de noche BIO * (* Dr. SERRAR\u00ae BIO).<\/p>\n<p><strong> El \u00e1cido etil asc\u00f3rbico de SERRAR\u00ae afirma las ventajas: <\/strong><br \/>\n\u2022 Agente aclarador eficaz y estable para la piel.<br \/>\n\u2022 tono de piel equilibrado.<br \/>\n\u2022 prevenci\u00f3n del fotoenvejecimiento y reducci\u00f3n de las manchas oscuras.<br \/>\n\u2022 aumento de la s\u00edntesis de col\u00e1geno.<br \/>\n\u2022 Excelentes propiedades antioxidantes.<br \/>\n<strong> Se introduce niacinamida (vitamina B3) en el suero para mejorar los siguientes beneficios: <\/strong><br \/>\n\u2022 mejora la elasticidad de la piel con propiedades antiarrugas.<br \/>\n\u2022 mejora la funci\u00f3n barrera evitando que la piel pierda contenido de agua.<br \/>\n\u2022 Ayuda con la decoloraci\u00f3n y el tono desigual de la piel. \u2022 Estimula la microcirculaci\u00f3n en la dermis.<br \/>\nEl \u00e1cido hialur\u00f3nico (HA), presente de forma natural en el cuerpo, asegura la hidrataci\u00f3n y crea plenitud: una piel joven al mejorar su contenido de agua. A medida que la piel envejece, el HA disminuye. <strong> \u00c1cido hialur\u00f3nico: <\/strong><br \/>\n\u2022 Tiene un ligero efecto de relleno para nivelar las arrugas.<br \/>\n\u2022 elemento necesario para mantener una piel joven.<br \/>\n\u2022 mejora la producci\u00f3n de col\u00e1geno.<br \/>\n\u2022 ilumina la tez, reduciendo la opacidad.<br \/>\nLos \u00e1cidos de frutas derivados de uvas, manzanas, limones, naranjas y ca\u00f1a de az\u00facar act\u00faan como un alfa-hidroxi\u00e1cido natural. <strong> Ayuda: <\/strong><br \/>\n\u2022 Estimular la producci\u00f3n de elastina y col\u00e1geno.<br \/>\n\u2022 para mejorar el aspecto de la piel fotogr\u00e1fica da\u00f1ada.<br \/>\n\u2022 act\u00faa como un exfoliante exfoliante suave (a diferencia del \u00e1cido glic\u00f3lico o salic\u00edlico).<br \/>\n\u2022 Estimula la microcirculaci\u00f3n en la dermis.<\/p>\n<p><strong> Advertencia: <\/strong><br \/>\nDetente ante el menor cambio o reacci\u00f3n. Si es necesario, consulte a un profesional m\u00e9dico o informaci\u00f3n de salud en caso de reacci\u00f3n al\u00e9rgica.<br \/>\nCada piel es diferente y reacciona de manera diferente al mismo cosm\u00e9tico. No brindamos asesor\u00eda personalizada, no conocemos tu piel.<br \/>\nPara cualquier consejo personal, especialmente si est\u00e1 en tratamiento m\u00e9dico: consulte a su m\u00e9dico o dermat\u00f3logo.<br \/>\nNunca cambie un tratamiento prescrito en funci\u00f3n de lo que lee en Internet.<\/p>\n<p>&nbsp;<\/p>\n<p><span style=\"color: #005890;\"><strong><span class=\"VIiyi\" lang=\"es\"><span class=\"JLqJ4b ChMk0b\" data-language-for-alternatives=\"es\" data-language-to-translate-into=\"en\" data-phrase-index=\"1\">HECHO EN CANAD\u00c1 \u00a0\u00a0\u00a0\u00a0 |<\/span> \u00a0\u00a0\u00a0\u00a0 <span class=\"JLqJ4b ChMk0b\" data-language-for-alternatives=\"es\" data-language-to-translate-into=\"en\" data-phrase-index=\"2\">CERTIFICADO GMP \u00a0\u00a0\u00a0\u00a0 |<\/span> \u00a0\u00a0\u00a0\u00a0 <span class=\"JLqJ4b ChMk0b\" data-language-for-alternatives=\"es\" data-language-to-translate-into=\"en\" data-phrase-index=\"3\">NO OGM \u00a0\u00a0\u00a0\u00a0 |<\/span> \u00a0\u00a0\u00a0\u00a0 <span class=\"JLqJ4b ChMk0b\" data-language-for-alternatives=\"es\" data-language-to-translate-into=\"en\" data-phrase-index=\"4\">LABORATORIO CERTIFICADO ISO 17025<\/span><\/span><\/strong><\/span><\/p>\n","protected":false},"excerpt":{"rendered":"<p>Puntos oscuros Para piel sensible Focos Exfoliante suave Reducci\u00f3n de manchas marrones S\u00edntesis de col\u00e1geno S\u00edntesis de elastina Antiarrugas Antioxidante Un s\u00e9rum de vitamina C multifuncional 100% natural que act\u00faa como exfoliante, antioxidante y agente aclarador de la piel con propiedades anti-envejecimiento. Direcciones: Despu\u00e9s de limpiar y tonificar la piel con LIMPIADOR Y TONIFICADOR FRESCO [&hellip;]<\/p>\n","protected":false},"featured_media":8502,"template":"","meta":{"hide_page_title":"","_coblocks_attr":"","_coblocks_dimensions":"","_coblocks_responsive_height":"","_coblocks_accordion_ie_support":""},"product_cat":[23],"product_tag":[],"translation":{"provider":"WPGlobus","version":"3.0.1","language":"es","enabled_languages":["en","es","fr","ar","pt","it"],"languages":{"en":{"title":true,"content":true,"excerpt":false},"es":{"title":false,"content":true,"excerpt":false},"fr":{"title":false,"content":true,"excerpt":false},"ar":{"title":false,"content":true,"excerpt":false},"pt":{"title":false,"content":true,"excerpt":false},"it":{"title":false,"content":true,"excerpt":false}}},"_links":{"self":[{"href":"https:\/\/www.serrarpharma.com\/es\/wp-json\/wp\/v2\/product\/8319"}],"collection":[{"href":"https:\/\/www.serrarpharma.com\/es\/wp-json\/wp\/v2\/product"}],"about":[{"href":"https:\/\/www.serrarpharma.com\/es\/wp-json\/wp\/v2\/types\/product"}],"wp:featuredmedia":[{"embeddable":true,"href":"https:\/\/www.serrarpharma.com\/es\/wp-json\/wp\/v2\/media\/8502"}],"wp:attachment":[{"href":"https:\/\/www.serrarpharma.com\/es\/wp-json\/wp\/v2\/media?parent=8319"}],"wp:term":[{"taxonomy":"product_cat","embeddable":true,"href":"https:\/\/www.serrarpharma.com\/es\/wp-json\/wp\/v2\/product_cat?post=8319"},{"taxonomy":"product_tag","embeddable":true,"href":"https:\/\/www.serrarpharma.com\/es\/wp-json\/wp\/v2\/product_tag?post=8319"}],"curies":[{"name":"wp","href":"https:\/\/api.w.org\/{rel}","templated":true}]}}