{"id":8312,"date":"2020-09-20T21:02:34","date_gmt":"2020-09-21T01:02:34","guid":{"rendered":"https:\/\/www.serrarpharma.com\/?post_type=product&#038;p=8312"},"modified":"2024-08-21T22:41:56","modified_gmt":"2024-08-22T02:41:56","slug":"beau-regard-eye-serum-35","status":"publish","type":"product","link":"https:\/\/www.serrarpharma.com\/es\/product\/beau-regard-eye-serum-35\/","title":{"rendered":"BEAU REGARD EYE SERUM 35+"},"content":{"rendered":"<p><img loading=\"lazy\" class=\"alignnone wp-image-11371\" src=\"https:\/\/i0.wp.com\/www.serrarpharma.com\/wp-content\/uploads\/2021\/04\/Made-in-CA.png?resize=70%2C70&#038;ssl=1\" alt=\"\" width=\"70\" height=\"70\" srcset=\"https:\/\/i0.wp.com\/www.serrarpharma.com\/wp-content\/uploads\/2021\/04\/Made-in-CA.png?w=150&amp;ssl=1 150w, https:\/\/i0.wp.com\/www.serrarpharma.com\/wp-content\/uploads\/2021\/04\/Made-in-CA.png?resize=100%2C100&amp;ssl=1 100w\" sizes=\"(max-width: 70px) 100vw, 70px\" data-recalc-dims=\"1\" \/><img loading=\"lazy\" class=\"alignnone wp-image-11370\" src=\"https:\/\/i0.wp.com\/www.serrarpharma.com\/wp-content\/uploads\/2021\/04\/GMP.png?resize=70%2C70&#038;ssl=1\" alt=\"\" width=\"70\" height=\"70\" srcset=\"https:\/\/i0.wp.com\/www.serrarpharma.com\/wp-content\/uploads\/2021\/04\/GMP.png?w=150&amp;ssl=1 150w, https:\/\/i0.wp.com\/www.serrarpharma.com\/wp-content\/uploads\/2021\/04\/GMP.png?resize=100%2C100&amp;ssl=1 100w\" sizes=\"(max-width: 70px) 100vw, 70px\" data-recalc-dims=\"1\" \/><img loading=\"lazy\" class=\"alignnone wp-image-11369\" src=\"https:\/\/i0.wp.com\/www.serrarpharma.com\/wp-content\/uploads\/2021\/04\/Nongmo.png?resize=70%2C70&#038;ssl=1\" alt=\"\" width=\"70\" height=\"70\" srcset=\"https:\/\/i0.wp.com\/www.serrarpharma.com\/wp-content\/uploads\/2021\/04\/Nongmo.png?w=150&amp;ssl=1 150w, https:\/\/i0.wp.com\/www.serrarpharma.com\/wp-content\/uploads\/2021\/04\/Nongmo.png?resize=100%2C100&amp;ssl=1 100w\" sizes=\"(max-width: 70px) 100vw, 70px\" data-recalc-dims=\"1\" \/><img loading=\"lazy\" class=\"alignnone wp-image-11799\" src=\"https:\/\/i0.wp.com\/www.serrarpharma.com\/wp-content\/uploads\/2021\/04\/ISO-07.png?resize=70%2C70&#038;ssl=1\" alt=\"\" width=\"70\" height=\"70\" srcset=\"https:\/\/i0.wp.com\/www.serrarpharma.com\/wp-content\/uploads\/2021\/04\/ISO-07.png?resize=300%2C300&amp;ssl=1 300w, https:\/\/i0.wp.com\/www.serrarpharma.com\/wp-content\/uploads\/2021\/04\/ISO-07.png?resize=150%2C150&amp;ssl=1 150w, https:\/\/i0.wp.com\/www.serrarpharma.com\/wp-content\/uploads\/2021\/04\/ISO-07.png?resize=100%2C100&amp;ssl=1 100w, https:\/\/i0.wp.com\/www.serrarpharma.com\/wp-content\/uploads\/2021\/04\/ISO-07.png?w=418&amp;ssl=1 418w\" sizes=\"(max-width: 70px) 100vw, 70px\" data-recalc-dims=\"1\" \/><\/p>\n<p><strong>Suero de ojos<\/strong><br \/>\nArrugas anti-finas<br \/>\nC\u00edrculos anti-oscuros<br \/>\nAnti-hinchaz\u00f3n<br \/>\nAntioxidante<br \/>\nFirmas &#8211; Tonos<br \/>\nCalma &#8211; Revitaliza<br \/>\nReduce el exceso de grasa<br \/>\nDebajo del ment\u00f3n y el cuello<\/p>\n<p>Los ojos son el espejo de la belleza interior de cada uno. Eye Serum est\u00e1 dise\u00f1ado para tratar y reducir las ojeras, las bolsas debajo de los ojos y los signos del envejecimiento. Est\u00e1 repleto de poderosos activos que incorporan a\u00f1os de investigaci\u00f3n sobre una piel hidratada, suave y flexible. Cada ingrediente tiene una fuerza, por eso combinamos muchos ingredientes en todos nuestros productos para cubrir una amplia gama de tipos de piel y diferentes cambios de edad.<\/p>\n<p>Un l\u00edquido transparente sin aceite para geles faciales o sueros para los ojos. A este s\u00e9rum se le han a\u00f1adido activos espec\u00edficos que reducen las ojeras. Las propiedades cosm\u00e9ticas tienen PAL-GHK y PAL-GQPR que fortalecen la firmeza y el tono de la zona de los ojos. La crisina y la N-hidroxisuccinimida favorecen la eliminaci\u00f3n de los pigmentos de origen sangu\u00edneo debajo de los ojos, responsables de los colores de las ojeras. Este suero tambi\u00e9n incluye p\u00e9ptidos que se utilizan generalmente en productos reafirmantes para el rostro. Aumentamos estos p\u00e9ptidos con hidrataci\u00f3n (m\u00e1s de 20 a\u00f1os), complejo de reducci\u00f3n de arrugas finas (m\u00e1s de 35 a\u00f1os) y arrugas profundas (m\u00e1s de 45 a\u00f1os). Los tres sueros son muy beneficiosos para las ojeras y bolsas de todas las edades.<\/p>\n<p><strong> Ingredientes clave: <\/strong><br \/>\n\u2022 Crisina y N-hidroxisuccinimida: promueven la eliminaci\u00f3n de los pigmentos de origen sangu\u00edneo * debajo de los ojos.<br \/>\n\u2022 PAL-GHK y PAL-GQPR: (combinaciones de dos p\u00e9ptidos de Palmitoilato): refuerzan la firmeza y el tono de la zona de los ojos.<br \/>\n\u2022 Extracto de pepino: incluido por sus propiedades calmantes y revitalizantes, con capacidades antiinflamatorias y reafirmantes. Es un astringente natural y ayuda a cerrar los poros. Contiene potasio, silicio y azufre. Da una sensaci\u00f3n relajante.<br \/>\n\u2022 Extracto de soja: las isoflavonas de soja son los fitoestr\u00f3genos antioxidantes m\u00e1s potentes. Apoya la elasticidad y firmeza, ayudando a mantener la piel suave y flexible seg\u00fan sea necesario mientras reconstruye el col\u00e1geno da\u00f1ado.<br \/>\n\u2022 \u00d1ame silvestre: act\u00faa como un p\u00e9ptido natural que imita la dehidroepiandrosterona (DHEA) **.<br \/>\n\u2022 Guaran\u00e1 ***: utilizado en productos de cuidado corporal por sus propiedades tonificantes y astringentes, y en el tratamiento de la celulitis por sus acciones lipol\u00edticas y vasodilatadoras ****. Su uso en el SERUM PARA OJOS est\u00e1 destinado a reducir la hinchaz\u00f3n alrededor de los ojos y el exceso de grasa debajo del ment\u00f3n y el cuello.<br \/>\n\u2022 Extracto de uva: rico en flavonoides, fitoqu\u00edmicos que tienen propiedades antioxidantes como la vitamina C y la vitamina E. Se cree que los antioxidantes previenen y controlan muchas enfermedades al proteger las c\u00e9lulas de los estragos de las mol\u00e9culas de ox\u00edgeno inestables llamadas radicales libres.<br \/>\n\u2022 T\u00e9 verde japon\u00e9s: se inform\u00f3 que combate el da\u00f1o solar excesivo y el da\u00f1o ambiental. B\u00e1sicamente, esta antigua planta asi\u00e1tica tiene la capacidad de evitar que los radicales libres da\u00f1en a\u00fan m\u00e1s la estructura celular.<br \/>\n\u2022 Seta silvestre: astringente natural que mejora la tirantez y firmeza de la piel reduciendo la apariencia de los poros.<br \/>\n\u2022 ACB Bio-Chelate 5 PF: minerales oce\u00e1nicos que contienen altas concentraciones de selenio, magnesio, cobre, zinc, calcio, germanio destinados a reemplazar estos minerales necesarios agotados por la exposici\u00f3n ambiental diaria.<\/p>\n<p>* Los pigmentos sangu\u00edneos son responsables de los colores del c\u00edrculo oscuro.<br \/>\n** Como uno de los componentes b\u00e1sicos del cuerpo, la mejora de los niveles de DHEA se ha correlacionado con una mejor sensaci\u00f3n de bienestar, una reducci\u00f3n de la grasa corporal y una mejora del tono y la humedad de la piel, aunque muchos lo asocian con la menopausia. Es un poderoso f\u00e1rmaco antiinflamatorio que ayuda a acelerar la regeneraci\u00f3n de los tejidos, lo que conduce a la normalizaci\u00f3n de la piel da\u00f1ada.<br \/>\n*** El guaran\u00e1 es un arbusto rastrero originario del Amazonas (y en particular de las regiones de Manaos y Parintins). En la exuberante Amazon\u00eda brasile\u00f1a, donde es nativa, a menudo crece hasta 40 pies de altura. Aparte de su popularidad en una bebida, la actividad terap\u00e9utica del Guaran\u00e1 y su uso como estimulante proviene de los alcaloides de xantina (cafe\u00edna, teofilina, teobromina) donde se ha demostrado que la cafe\u00edna sola facilita la p\u00e9rdida de grasa y reduce la p\u00e9rdida de grasa. cansado.<br \/>\n**** Vasodilatador: Apertura de los capilares de la piel en respuesta a temperaturas calientes o estimulaci\u00f3n, aumentando as\u00ed el flujo sangu\u00edneo a la superficie del cuerpo.<\/p>\n<p><strong> Direcciones: <\/strong><br \/>\nTome una peque\u00f1a cantidad de las yemas de sus dedos. Luego, alise sobre el hueso de la ceja, debajo del ojo y desde la esquina interior hacia la esquina exterior. Para optimizar los resultados, aplique la crema ECLAT * durante el d\u00eda y la crema DERM * por la noche (* Dr SERRAR\u00ae).<\/p>\n<p><strong> Advertencia: <\/strong><br \/>\nDetente ante el menor cambio o reacci\u00f3n. Si es necesario, consulte a un profesional m\u00e9dico o informaci\u00f3n de salud en caso de reacci\u00f3n al\u00e9rgica.<br \/>\nCada piel es diferente y reacciona de manera diferente al mismo cosm\u00e9tico. No brindamos asesor\u00eda personalizada, no conocemos tu piel.<br \/>\nPara cualquier consejo personal, especialmente si est\u00e1 en tratamiento m\u00e9dico: consulte a su m\u00e9dico o dermat\u00f3logo.<br \/>\nNunca cambie un tratamiento prescrito en funci\u00f3n de lo que lee en Internet.<\/p>\n<p>&nbsp;<\/p>\n<p><span style=\"color: #005890;\"><strong><span class=\"VIiyi\" lang=\"es\"><span class=\"JLqJ4b ChMk0b\" data-language-for-alternatives=\"es\" data-language-to-translate-into=\"en\" data-phrase-index=\"1\">HECHO EN CANAD\u00c1 \u00a0\u00a0\u00a0\u00a0 |<\/span> \u00a0\u00a0\u00a0\u00a0 <span class=\"JLqJ4b ChMk0b\" data-language-for-alternatives=\"es\" data-language-to-translate-into=\"en\" data-phrase-index=\"2\">CERTIFICADO GMP \u00a0\u00a0\u00a0\u00a0 |<\/span> \u00a0\u00a0\u00a0\u00a0 <span class=\"JLqJ4b ChMk0b\" data-language-for-alternatives=\"es\" data-language-to-translate-into=\"en\" data-phrase-index=\"3\">NO OGM \u00a0\u00a0\u00a0\u00a0 |<\/span> \u00a0\u00a0\u00a0\u00a0 <span class=\"JLqJ4b ChMk0b\" data-language-for-alternatives=\"es\" data-language-to-translate-into=\"en\" data-phrase-index=\"4\">LABORATORIO CERTIFICADO ISO 17025<\/span><\/span><\/strong><\/span><\/p>\n","protected":false},"excerpt":{"rendered":"<p>Suero de ojos Arrugas anti-finas C\u00edrculos anti-oscuros Anti-hinchaz\u00f3n Antioxidante Firmas &#8211; Tonos Calma &#8211; Revitaliza Reduce el exceso de grasa Debajo del ment\u00f3n y el cuello Los ojos son el espejo de la belleza interior de cada uno. Eye Serum est\u00e1 dise\u00f1ado para tratar y reducir las ojeras, las bolsas debajo de los ojos y [&hellip;]<\/p>\n","protected":false},"featured_media":8469,"template":"","meta":{"hide_page_title":"","_coblocks_attr":"","_coblocks_dimensions":"","_coblocks_responsive_height":"","_coblocks_accordion_ie_support":""},"product_cat":[23],"product_tag":[],"translation":{"provider":"WPGlobus","version":"3.0.1","language":"es","enabled_languages":["en","es","fr","ar","pt","it"],"languages":{"en":{"title":true,"content":true,"excerpt":false},"es":{"title":false,"content":true,"excerpt":false},"fr":{"title":false,"content":true,"excerpt":false},"ar":{"title":false,"content":true,"excerpt":false},"pt":{"title":false,"content":true,"excerpt":false},"it":{"title":false,"content":true,"excerpt":false}}},"_links":{"self":[{"href":"https:\/\/www.serrarpharma.com\/es\/wp-json\/wp\/v2\/product\/8312"}],"collection":[{"href":"https:\/\/www.serrarpharma.com\/es\/wp-json\/wp\/v2\/product"}],"about":[{"href":"https:\/\/www.serrarpharma.com\/es\/wp-json\/wp\/v2\/types\/product"}],"wp:featuredmedia":[{"embeddable":true,"href":"https:\/\/www.serrarpharma.com\/es\/wp-json\/wp\/v2\/media\/8469"}],"wp:attachment":[{"href":"https:\/\/www.serrarpharma.com\/es\/wp-json\/wp\/v2\/media?parent=8312"}],"wp:term":[{"taxonomy":"product_cat","embeddable":true,"href":"https:\/\/www.serrarpharma.com\/es\/wp-json\/wp\/v2\/product_cat?post=8312"},{"taxonomy":"product_tag","embeddable":true,"href":"https:\/\/www.serrarpharma.com\/es\/wp-json\/wp\/v2\/product_tag?post=8312"}],"curies":[{"name":"wp","href":"https:\/\/api.w.org\/{rel}","templated":true}]}}