{"id":8297,"date":"2020-09-20T18:14:21","date_gmt":"2020-09-20T18:14:21","guid":{"rendered":"https:\/\/www.serrarpharma.com\/?post_type=product&#038;p=8297"},"modified":"2024-08-21T22:45:33","modified_gmt":"2024-08-22T02:45:33","slug":"sublime-day-cream","status":"publish","type":"product","link":"https:\/\/www.serrarpharma.com\/es\/product\/sublime-day-cream\/","title":{"rendered":"SUBLIME DAY CREAM"},"content":{"rendered":"<p><img loading=\"lazy\" class=\"alignnone wp-image-11371\" src=\"https:\/\/i0.wp.com\/www.serrarpharma.com\/wp-content\/uploads\/2021\/04\/Made-in-CA.png?resize=70%2C70&#038;ssl=1\" alt=\"\" width=\"70\" height=\"70\" srcset=\"https:\/\/i0.wp.com\/www.serrarpharma.com\/wp-content\/uploads\/2021\/04\/Made-in-CA.png?w=150&amp;ssl=1 150w, https:\/\/i0.wp.com\/www.serrarpharma.com\/wp-content\/uploads\/2021\/04\/Made-in-CA.png?resize=100%2C100&amp;ssl=1 100w\" sizes=\"(max-width: 70px) 100vw, 70px\" data-recalc-dims=\"1\" \/><img loading=\"lazy\" class=\"alignnone wp-image-11370\" src=\"https:\/\/i0.wp.com\/www.serrarpharma.com\/wp-content\/uploads\/2021\/04\/GMP.png?resize=70%2C70&#038;ssl=1\" alt=\"\" width=\"70\" height=\"70\" srcset=\"https:\/\/i0.wp.com\/www.serrarpharma.com\/wp-content\/uploads\/2021\/04\/GMP.png?w=150&amp;ssl=1 150w, https:\/\/i0.wp.com\/www.serrarpharma.com\/wp-content\/uploads\/2021\/04\/GMP.png?resize=100%2C100&amp;ssl=1 100w\" sizes=\"(max-width: 70px) 100vw, 70px\" data-recalc-dims=\"1\" \/><img loading=\"lazy\" class=\"alignnone wp-image-11369\" src=\"https:\/\/i0.wp.com\/www.serrarpharma.com\/wp-content\/uploads\/2021\/04\/Nongmo.png?resize=70%2C70&#038;ssl=1\" alt=\"\" width=\"70\" height=\"70\" srcset=\"https:\/\/i0.wp.com\/www.serrarpharma.com\/wp-content\/uploads\/2021\/04\/Nongmo.png?w=150&amp;ssl=1 150w, https:\/\/i0.wp.com\/www.serrarpharma.com\/wp-content\/uploads\/2021\/04\/Nongmo.png?resize=100%2C100&amp;ssl=1 100w\" sizes=\"(max-width: 70px) 100vw, 70px\" data-recalc-dims=\"1\" \/><img loading=\"lazy\" class=\"alignnone wp-image-11799\" src=\"https:\/\/i0.wp.com\/www.serrarpharma.com\/wp-content\/uploads\/2021\/04\/ISO-07.png?resize=70%2C70&#038;ssl=1\" alt=\"\" width=\"70\" height=\"70\" srcset=\"https:\/\/i0.wp.com\/www.serrarpharma.com\/wp-content\/uploads\/2021\/04\/ISO-07.png?resize=300%2C300&amp;ssl=1 300w, https:\/\/i0.wp.com\/www.serrarpharma.com\/wp-content\/uploads\/2021\/04\/ISO-07.png?resize=150%2C150&amp;ssl=1 150w, https:\/\/i0.wp.com\/www.serrarpharma.com\/wp-content\/uploads\/2021\/04\/ISO-07.png?resize=100%2C100&amp;ssl=1 100w, https:\/\/i0.wp.com\/www.serrarpharma.com\/wp-content\/uploads\/2021\/04\/ISO-07.png?w=418&amp;ssl=1 418w\" sizes=\"(max-width: 70px) 100vw, 70px\" data-recalc-dims=\"1\" \/><\/p>\n<p><strong>Edad 45+<br \/>\nGuaran\u00e1<br \/>\nP\u00e9ptido DHEA<br \/>\nEfecto <\/strong><br \/>\nL\u00edneas profundas<br \/>\nHidrata<br \/>\nFirmas<br \/>\nAntioxidante<br \/>\nAprieta los poros<br \/>\nPiel joven<br \/>\nAnti-envejecimiento<\/p>\n<p>Existe la inclusi\u00f3n de otros 3 ingredientes: extracto de soja, \u00f1ame silvestre y guaran\u00e1. Esta crema de d\u00eda y de noche est\u00e1 dise\u00f1ada para pieles m\u00e1s maduras. Cada ingrediente tiene una fuerza. Es por eso que combinamos muchos ingredientes en todos nuestros complejos para cubrir una amplia gama de tipos de piel y diferentes cambios.<\/p>\n<p>Crema de d\u00eda que incluye multitud de principios activos: aceites de jojoba, aguacate, manteca de karit\u00e9, glicerina vegetal y vitamina E.<\/p>\n<p><strong> Ingredientes clave: <\/strong><br \/>\n\u25cf Extracto de soja: las isoflavonas de soja son los fitoestr\u00f3genos antioxidantes m\u00e1s poderosos; Apoya la elasticidad y firmeza, ayudando a mantener la piel suave y flexible seg\u00fan sea necesario mientras reconstruye el col\u00e1geno da\u00f1ado.<br \/>\n\u25cf \u00f1ame silvestre: act\u00faa como un p\u00e9ptido natural que imita la dehidroepiandrosterona (DHEA) ** en la piel.<br \/>\n\u25cf Guaran\u00e1: utilizado en productos de cuidado corporal por sus propiedades tonificantes y astringentes, y en el tratamiento de la celulitis por sus acciones lipol\u00edticas y vasodilatadoras *. Su uso est\u00e1 destinado a reducir el exceso de grasa debajo del ment\u00f3n y el cuello.<br \/>\n\u25cf Extracto de uva: rico en flavonoides, fitoqu\u00edmicos que tienen propiedades antioxidantes como la vitamina C y la vitamina E. Se cree que los antioxidantes previenen y controlan muchas enfermedades al proteger las c\u00e9lulas de los estragos de las mol\u00e9culas de ox\u00edgeno inestables llamadas radicales libres.<br \/>\n\u25cf T\u00e9 verde japon\u00e9s: conocido por luchar contra el da\u00f1o solar excesivo y el da\u00f1o ambiental. B\u00e1sicamente, esta antigua planta asi\u00e1tica tiene la capacidad de evitar que los radicales libres da\u00f1en a\u00fan m\u00e1s la estructura celular.<br \/>\n\u25cf Hongo silvestre: astringente natural que mejora la tirantez y firmeza de la piel reduciendo la apariencia de los poros.<br \/>\n\u25cf Extracto de pepino: incluido por sus propiedades calmantes y revitalizantes, con capacidades antiinflamatorias y reafirmantes. Un astringente natural que ayuda a cerrar los poros. Contiene potasio, silicio y azufre. Da una sensaci\u00f3n relajante.<br \/>\n\u2022 ACB Bio-Chelate 5 PF: minerales oce\u00e1nicos que contienen altas concentraciones de selenio, magnesio, cobre, zinc, calcio, germanio destinado a reemplazar estos minerales necesarios agotados por la exposici\u00f3n ambiental diaria.<\/p>\n<p><strong> Direcciones: <\/strong><br \/>\nAplicar en rostro, cuello y escote despu\u00e9s de limpiar y tonificar la piel con FRESH TONER *. Para optimizar los resultados, aplique VITAMIN C SERUM BIO * antes de la crema de d\u00eda SUBLIME * durante el d\u00eda y complete su tratamiento por la noche con la crema de noche SUBLIME * (* Dr SERRAR\u00ae BIO).<br \/>\nPRECAUCI\u00d3N: Evite el contacto con los ojos y la boca. s\u00ed se produce irritaci\u00f3n, interrumpa el uso. Mantener fuera del alcance de los ni\u00f1os.<\/p>\n<p><strong> Advertencia: <\/strong><br \/>\nDetente ante el menor cambio o reacci\u00f3n. Si es necesario, consulte a un profesional m\u00e9dico o informaci\u00f3n de salud en caso de reacci\u00f3n al\u00e9rgica.<br \/>\nCada piel es diferente y reacciona de manera diferente al mismo cosm\u00e9tico. No brindamos asesor\u00eda personalizada, no conocemos tu piel.<br \/>\nPara cualquier consejo personal, especialmente si est\u00e1 en tratamiento m\u00e9dico: consulte a su m\u00e9dico o dermat\u00f3logo.<br \/>\nNunca cambie un tratamiento prescrito en funci\u00f3n de lo que lee en Internet.<\/p>\n<p>&nbsp;<\/p>\n<p><span style=\"color: #005890;\"><strong><span class=\"VIiyi\" lang=\"es\"><span class=\"JLqJ4b ChMk0b\" data-language-for-alternatives=\"es\" data-language-to-translate-into=\"en\" data-phrase-index=\"1\">HECHO EN CANAD\u00c1 \u00a0\u00a0\u00a0\u00a0 |<\/span> \u00a0\u00a0\u00a0\u00a0 <span class=\"JLqJ4b ChMk0b\" data-language-for-alternatives=\"es\" data-language-to-translate-into=\"en\" data-phrase-index=\"2\">CERTIFICADO GMP \u00a0\u00a0\u00a0\u00a0 |<\/span> \u00a0\u00a0\u00a0\u00a0 <span class=\"JLqJ4b ChMk0b\" data-language-for-alternatives=\"es\" data-language-to-translate-into=\"en\" data-phrase-index=\"3\">NO OGM \u00a0\u00a0\u00a0\u00a0 |<\/span> \u00a0\u00a0\u00a0\u00a0 <span class=\"JLqJ4b ChMk0b\" data-language-for-alternatives=\"es\" data-language-to-translate-into=\"en\" data-phrase-index=\"4\">LABORATORIO CERTIFICADO ISO 17025<\/span><\/span><\/strong><\/span><\/p>\n","protected":false},"excerpt":{"rendered":"<p>Edad 45+ Guaran\u00e1 P\u00e9ptido DHEA Efecto L\u00edneas profundas Hidrata Firmas Antioxidante Aprieta los poros Piel joven Anti-envejecimiento Existe la inclusi\u00f3n de otros 3 ingredientes: extracto de soja, \u00f1ame silvestre y guaran\u00e1. Esta crema de d\u00eda y de noche est\u00e1 dise\u00f1ada para pieles m\u00e1s maduras. Cada ingrediente tiene una fuerza. Es por eso que combinamos muchos [&hellip;]<\/p>\n","protected":false},"featured_media":8478,"template":"","meta":{"hide_page_title":"","_coblocks_attr":"","_coblocks_dimensions":"","_coblocks_responsive_height":"","_coblocks_accordion_ie_support":""},"product_cat":[23],"product_tag":[],"translation":{"provider":"WPGlobus","version":"3.0.1","language":"es","enabled_languages":["en","es","fr","ar","pt","it"],"languages":{"en":{"title":true,"content":true,"excerpt":false},"es":{"title":false,"content":true,"excerpt":false},"fr":{"title":true,"content":true,"excerpt":false},"ar":{"title":false,"content":true,"excerpt":false},"pt":{"title":false,"content":true,"excerpt":false},"it":{"title":false,"content":true,"excerpt":false}}},"_links":{"self":[{"href":"https:\/\/www.serrarpharma.com\/es\/wp-json\/wp\/v2\/product\/8297"}],"collection":[{"href":"https:\/\/www.serrarpharma.com\/es\/wp-json\/wp\/v2\/product"}],"about":[{"href":"https:\/\/www.serrarpharma.com\/es\/wp-json\/wp\/v2\/types\/product"}],"wp:featuredmedia":[{"embeddable":true,"href":"https:\/\/www.serrarpharma.com\/es\/wp-json\/wp\/v2\/media\/8478"}],"wp:attachment":[{"href":"https:\/\/www.serrarpharma.com\/es\/wp-json\/wp\/v2\/media?parent=8297"}],"wp:term":[{"taxonomy":"product_cat","embeddable":true,"href":"https:\/\/www.serrarpharma.com\/es\/wp-json\/wp\/v2\/product_cat?post=8297"},{"taxonomy":"product_tag","embeddable":true,"href":"https:\/\/www.serrarpharma.com\/es\/wp-json\/wp\/v2\/product_tag?post=8297"}],"curies":[{"name":"wp","href":"https:\/\/api.w.org\/{rel}","templated":true}]}}