{"id":8291,"date":"2020-09-20T18:09:04","date_gmt":"2020-09-20T18:09:04","guid":{"rendered":"https:\/\/www.serrarpharma.com\/?post_type=product&#038;p=8291"},"modified":"2024-08-21T22:47:39","modified_gmt":"2024-08-22T02:47:39","slug":"radiant-day-cream","status":"publish","type":"product","link":"https:\/\/www.serrarpharma.com\/es\/product\/radiant-day-cream\/","title":{"rendered":"RADIANT DAY CREAM"},"content":{"rendered":"<p><img loading=\"lazy\" class=\"alignnone wp-image-11371\" src=\"https:\/\/i0.wp.com\/www.serrarpharma.com\/wp-content\/uploads\/2021\/04\/Made-in-CA.png?resize=70%2C70&#038;ssl=1\" alt=\"\" width=\"70\" height=\"70\" srcset=\"https:\/\/i0.wp.com\/www.serrarpharma.com\/wp-content\/uploads\/2021\/04\/Made-in-CA.png?w=150&amp;ssl=1 150w, https:\/\/i0.wp.com\/www.serrarpharma.com\/wp-content\/uploads\/2021\/04\/Made-in-CA.png?resize=100%2C100&amp;ssl=1 100w\" sizes=\"(max-width: 70px) 100vw, 70px\" data-recalc-dims=\"1\" \/><img loading=\"lazy\" class=\"alignnone wp-image-11370\" src=\"https:\/\/i0.wp.com\/www.serrarpharma.com\/wp-content\/uploads\/2021\/04\/GMP.png?resize=70%2C70&#038;ssl=1\" alt=\"\" width=\"70\" height=\"70\" srcset=\"https:\/\/i0.wp.com\/www.serrarpharma.com\/wp-content\/uploads\/2021\/04\/GMP.png?w=150&amp;ssl=1 150w, https:\/\/i0.wp.com\/www.serrarpharma.com\/wp-content\/uploads\/2021\/04\/GMP.png?resize=100%2C100&amp;ssl=1 100w\" sizes=\"(max-width: 70px) 100vw, 70px\" data-recalc-dims=\"1\" \/><img loading=\"lazy\" class=\"alignnone wp-image-11369\" src=\"https:\/\/i0.wp.com\/www.serrarpharma.com\/wp-content\/uploads\/2021\/04\/Nongmo.png?resize=70%2C70&#038;ssl=1\" alt=\"\" width=\"70\" height=\"70\" srcset=\"https:\/\/i0.wp.com\/www.serrarpharma.com\/wp-content\/uploads\/2021\/04\/Nongmo.png?w=150&amp;ssl=1 150w, https:\/\/i0.wp.com\/www.serrarpharma.com\/wp-content\/uploads\/2021\/04\/Nongmo.png?resize=100%2C100&amp;ssl=1 100w\" sizes=\"(max-width: 70px) 100vw, 70px\" data-recalc-dims=\"1\" \/><img loading=\"lazy\" class=\"alignnone wp-image-11799\" src=\"https:\/\/i0.wp.com\/www.serrarpharma.com\/wp-content\/uploads\/2021\/04\/ISO-07.png?resize=70%2C70&#038;ssl=1\" alt=\"\" width=\"70\" height=\"70\" srcset=\"https:\/\/i0.wp.com\/www.serrarpharma.com\/wp-content\/uploads\/2021\/04\/ISO-07.png?resize=300%2C300&amp;ssl=1 300w, https:\/\/i0.wp.com\/www.serrarpharma.com\/wp-content\/uploads\/2021\/04\/ISO-07.png?resize=150%2C150&amp;ssl=1 150w, https:\/\/i0.wp.com\/www.serrarpharma.com\/wp-content\/uploads\/2021\/04\/ISO-07.png?resize=100%2C100&amp;ssl=1 100w, https:\/\/i0.wp.com\/www.serrarpharma.com\/wp-content\/uploads\/2021\/04\/ISO-07.png?w=418&amp;ssl=1 418w\" sizes=\"(max-width: 70px) 100vw, 70px\" data-recalc-dims=\"1\" \/><\/p>\n<p><strong>Edad 35+<br \/>\nPalmitoilo<br \/>\n\u00c1cido retinoico<br \/>\nEfecto <\/strong><br \/>\nLineas finas<br \/>\nHidrata<br \/>\nFirmas<br \/>\nAntioxidante<br \/>\nAprieta los poros<br \/>\nPiel joven<br \/>\nAnti-envejecimiento<\/p>\n<p>Uno de los ingredientes clave de nuestro complejo es el palmitoil pentap\u00e9ptido-3. El pentap\u00e9ptido-3 y su efecto botox imitan a las encefalinas y, por lo tanto, trabajan hacia la eterna juventud. Agregue a eso palmitoil-oligop\u00e9ptido, una mol\u00e9cula que puede imitar la actividad del \u00e1cido retinoico, y encontrar\u00e1 la piel de su beb\u00e9 nuevamente.<br \/>\nEl complejo de arrugas de l\u00edneas finas combina otros excelentes ingredientes que son extremadamente efectivos en el rostro. Cada uno complementa los lipop\u00e9ptidos, ayudando en otros cambios en la piel con la edad.<\/p>\n<p><strong> Ingredientes clave: <\/strong><br \/>\n\u2022 Extracto de uva: rico en flavonoides, fitoqu\u00edmicos que tienen propiedades antioxidantes como la vitamina C y la vitamina E. Se cree que los antioxidantes previenen y controlan muchas enfermedades al proteger las c\u00e9lulas de los estragos de las mol\u00e9culas de ox\u00edgeno inestables llamadas radicales libres.<br \/>\n\u2022 T\u00e9 verde japon\u00e9s: conocido por combatir el da\u00f1o solar excesivo y el da\u00f1o ambiental. B\u00e1sicamente, esta antigua planta asi\u00e1tica tiene la capacidad de evitar que los radicales libres da\u00f1en a\u00fan m\u00e1s la estructura celular.<br \/>\n\u2022 Seta silvestre: astringente natural que mejora la tirantez y firmeza de la piel, ya que disminuye la apariencia de los poros.<br \/>\n\u2022 Pepino: es un astringente natural y ayuda a cerrar los poros. Contiene potasio, silicio y azufre. Da una sensaci\u00f3n relajante. Se utiliza com\u00fanmente en productos para el cuidado de la piel como antiinflamatorio, un excelente ingrediente calmante y acondicionador para la piel.<br \/>\n\u2022 Prote\u00edna de guisante: contiene prote\u00ednas y amino\u00e1cidos de f\u00e1cil absorci\u00f3n por la piel (tambi\u00e9n potasio, silicio y azufre). Es un complejo hidratante que ofrece una combinaci\u00f3n de propiedades formadoras de pel\u00edcula y equilibrantes de humedad que proporciona una sensaci\u00f3n relajante.<\/p>\n<p>Indicaciones de la crema de d\u00eda:<br \/>\nCrema de d\u00eda que incluye multitud de principios activos: aceites de jojoba, aguacate, manteca de karit\u00e9, glicerina vegetal, vitamina E.<\/p>\n<p>Estudio cl\u00ednico :<br \/>\nResultados de la prueba: Un estudio en Francia utiliz\u00f3 perfilometr\u00eda (an\u00e1lisis de imagen de la piel) para medir uno de los ingredientes principales de nuestro complejo Seaplex Fine Line.<br \/>\nEn este estudio, registraron y observaron la densidad, profundidad y volumen de las arrugas alrededor de los ojos, lo que implica tratar el \u00e1rea y monitorear los cambios a lo largo del tiempo. En el primer ensayo doble ciego y de doble cara, 49 mujeres se aplicaron crema de lipop\u00e9ptidos o un placebo dos veces al d\u00eda. En el estudio activo controlado, 16 mujeres compararon los efectos de las cremas cosm\u00e9ticas que contienen el lipop\u00e9ptido activo o 700 ppm de retinol en la piel fotoenvejecida. Este ensayo tambi\u00e9n utiliz\u00f3 un dise\u00f1o doble ciego e incluy\u00f3 perfilometr\u00eda, ultrasonido y evaluaciones cl\u00ednicas despu\u00e9s de dos y cuatro meses de tratamiento.<br \/>\nEn ambos ensayos, los resultados del estudio fueron estad\u00edsticamente significativos, afirmando que el tratamiento con lipop\u00e9ptidos permite:<br \/>\nReducci\u00f3n del 50% de la profundidad de las arrugas. Reducci\u00f3n del 68% de la densidad de las arrugas. Reducci\u00f3n del 24% del volumen de las arrugas.<br \/>\nLos lipop\u00e9ptidos tambi\u00e9n se han relacionado con una mayor densidad y grosor de las fibras de elastina y una mayor regularidad del col\u00e1geno intravenoso, ambos esenciales para una piel suave y flexible.<br \/>\nA diferencia del retinol o la vitamina C, que pueden inducir irritaci\u00f3n de la piel e hiperreactividad, los lipop\u00e9ptidos ayudan a estimular la matriz celular que conduce a la s\u00edntesis de col\u00e1geno I y IV, fibronectina y glicosaminoglicanos que conducen a la reducci\u00f3n de arrugas y la cicatrizaci\u00f3n de heridas.<\/p>\n<p><strong> Direcciones: <\/strong><br \/>\nAplicar en rostro, cuello y escote despu\u00e9s de limpiar y tonificar la piel con FRESH TONER *. Para optimizar los resultados, aplique VITAMIN C SERUM BIO * antes de la crema de d\u00eda RADIANT * durante el d\u00eda y complete su tratamiento por la noche con la crema de noche RADIANT * (* Dr SERRAR\u00ae BIO).<br \/>\nPRECAUCI\u00d3N: Evite el contacto con los ojos y la boca. s\u00ed se produce irritaci\u00f3n, interrumpa el uso. Mantener fuera del alcance de los ni\u00f1os.<\/p>\n<p><strong> Advertencia: <\/strong><br \/>\nDetente ante el menor cambio o reacci\u00f3n. Si es necesario, consulte a un profesional m\u00e9dico o informaci\u00f3n de salud en caso de reacci\u00f3n al\u00e9rgica.<br \/>\nCada piel es diferente y reacciona de manera diferente al mismo cosm\u00e9tico. No brindamos asesor\u00eda personalizada, no conocemos tu piel.<br \/>\nPara cualquier consejo personal, especialmente si est\u00e1 en tratamiento m\u00e9dico: consulte a su m\u00e9dico o dermat\u00f3logo.<br \/>\nNunca cambie un tratamiento prescrito en funci\u00f3n de lo que lee en Internet.<\/p>\n<p>&nbsp;<\/p>\n<p><span style=\"color: #005890;\"><strong><span class=\"VIiyi\" lang=\"es\"><span class=\"JLqJ4b ChMk0b\" data-language-for-alternatives=\"es\" data-language-to-translate-into=\"en\" data-phrase-index=\"1\">HECHO EN CANAD\u00c1 \u00a0\u00a0\u00a0\u00a0 |<\/span> \u00a0\u00a0\u00a0\u00a0 <span class=\"JLqJ4b ChMk0b\" data-language-for-alternatives=\"es\" data-language-to-translate-into=\"en\" data-phrase-index=\"2\">CERTIFICADO GMP \u00a0\u00a0\u00a0\u00a0 |<\/span> \u00a0\u00a0\u00a0\u00a0 <span class=\"JLqJ4b ChMk0b\" data-language-for-alternatives=\"es\" data-language-to-translate-into=\"en\" data-phrase-index=\"3\">NO OGM \u00a0\u00a0\u00a0\u00a0 |<\/span> \u00a0\u00a0\u00a0\u00a0 <span class=\"JLqJ4b ChMk0b\" data-language-for-alternatives=\"es\" data-language-to-translate-into=\"en\" data-phrase-index=\"4\">LABORATORIO CERTIFICADO ISO 17025<\/span><\/span><\/strong><\/span><\/p>\n","protected":false},"excerpt":{"rendered":"<p>Edad 35+ Palmitoilo \u00c1cido retinoico Efecto Lineas finas Hidrata Firmas Antioxidante Aprieta los poros Piel joven Anti-envejecimiento Uno de los ingredientes clave de nuestro complejo es el palmitoil pentap\u00e9ptido-3. El pentap\u00e9ptido-3 y su efecto botox imitan a las encefalinas y, por lo tanto, trabajan hacia la eterna juventud. Agregue a eso palmitoil-oligop\u00e9ptido, una mol\u00e9cula que [&hellip;]<\/p>\n","protected":false},"featured_media":8476,"template":"","meta":{"hide_page_title":"","_coblocks_attr":"","_coblocks_dimensions":"","_coblocks_responsive_height":"","_coblocks_accordion_ie_support":""},"product_cat":[23],"product_tag":[],"translation":{"provider":"WPGlobus","version":"3.0.1","language":"es","enabled_languages":["en","es","fr","ar","pt","it"],"languages":{"en":{"title":true,"content":true,"excerpt":false},"es":{"title":false,"content":true,"excerpt":false},"fr":{"title":true,"content":true,"excerpt":false},"ar":{"title":false,"content":true,"excerpt":false},"pt":{"title":false,"content":true,"excerpt":false},"it":{"title":false,"content":true,"excerpt":false}}},"_links":{"self":[{"href":"https:\/\/www.serrarpharma.com\/es\/wp-json\/wp\/v2\/product\/8291"}],"collection":[{"href":"https:\/\/www.serrarpharma.com\/es\/wp-json\/wp\/v2\/product"}],"about":[{"href":"https:\/\/www.serrarpharma.com\/es\/wp-json\/wp\/v2\/types\/product"}],"wp:featuredmedia":[{"embeddable":true,"href":"https:\/\/www.serrarpharma.com\/es\/wp-json\/wp\/v2\/media\/8476"}],"wp:attachment":[{"href":"https:\/\/www.serrarpharma.com\/es\/wp-json\/wp\/v2\/media?parent=8291"}],"wp:term":[{"taxonomy":"product_cat","embeddable":true,"href":"https:\/\/www.serrarpharma.com\/es\/wp-json\/wp\/v2\/product_cat?post=8291"},{"taxonomy":"product_tag","embeddable":true,"href":"https:\/\/www.serrarpharma.com\/es\/wp-json\/wp\/v2\/product_tag?post=8291"}],"curies":[{"name":"wp","href":"https:\/\/api.w.org\/{rel}","templated":true}]}}