{"id":8288,"date":"2020-09-20T18:07:24","date_gmt":"2020-09-20T18:07:24","guid":{"rendered":"https:\/\/www.serrarpharma.com\/?post_type=product&#038;p=8288"},"modified":"2024-08-21T22:50:27","modified_gmt":"2024-08-22T02:50:27","slug":"untouched-night-cream","status":"publish","type":"product","link":"https:\/\/www.serrarpharma.com\/es\/product\/untouched-night-cream\/","title":{"rendered":"UNTOUCHED NIGHT CREAM"},"content":{"rendered":"<p><img loading=\"lazy\" class=\"alignnone wp-image-11371\" src=\"https:\/\/i0.wp.com\/www.serrarpharma.com\/wp-content\/uploads\/2021\/04\/Made-in-CA.png?resize=70%2C70&#038;ssl=1\" alt=\"\" width=\"70\" height=\"70\" srcset=\"https:\/\/i0.wp.com\/www.serrarpharma.com\/wp-content\/uploads\/2021\/04\/Made-in-CA.png?w=150&amp;ssl=1 150w, https:\/\/i0.wp.com\/www.serrarpharma.com\/wp-content\/uploads\/2021\/04\/Made-in-CA.png?resize=100%2C100&amp;ssl=1 100w\" sizes=\"(max-width: 70px) 100vw, 70px\" data-recalc-dims=\"1\" \/><img loading=\"lazy\" class=\"alignnone wp-image-11370\" src=\"https:\/\/i0.wp.com\/www.serrarpharma.com\/wp-content\/uploads\/2021\/04\/GMP.png?resize=70%2C70&#038;ssl=1\" alt=\"\" width=\"70\" height=\"70\" srcset=\"https:\/\/i0.wp.com\/www.serrarpharma.com\/wp-content\/uploads\/2021\/04\/GMP.png?w=150&amp;ssl=1 150w, https:\/\/i0.wp.com\/www.serrarpharma.com\/wp-content\/uploads\/2021\/04\/GMP.png?resize=100%2C100&amp;ssl=1 100w\" sizes=\"(max-width: 70px) 100vw, 70px\" data-recalc-dims=\"1\" \/><img loading=\"lazy\" class=\"alignnone wp-image-11369\" src=\"https:\/\/i0.wp.com\/www.serrarpharma.com\/wp-content\/uploads\/2021\/04\/Nongmo.png?resize=70%2C70&#038;ssl=1\" alt=\"\" width=\"70\" height=\"70\" srcset=\"https:\/\/i0.wp.com\/www.serrarpharma.com\/wp-content\/uploads\/2021\/04\/Nongmo.png?w=150&amp;ssl=1 150w, https:\/\/i0.wp.com\/www.serrarpharma.com\/wp-content\/uploads\/2021\/04\/Nongmo.png?resize=100%2C100&amp;ssl=1 100w\" sizes=\"(max-width: 70px) 100vw, 70px\" data-recalc-dims=\"1\" \/><img loading=\"lazy\" class=\"alignnone wp-image-11799\" src=\"https:\/\/i0.wp.com\/www.serrarpharma.com\/wp-content\/uploads\/2021\/04\/ISO-07.png?resize=70%2C70&#038;ssl=1\" alt=\"\" width=\"70\" height=\"70\" srcset=\"https:\/\/i0.wp.com\/www.serrarpharma.com\/wp-content\/uploads\/2021\/04\/ISO-07.png?resize=300%2C300&amp;ssl=1 300w, https:\/\/i0.wp.com\/www.serrarpharma.com\/wp-content\/uploads\/2021\/04\/ISO-07.png?resize=150%2C150&amp;ssl=1 150w, https:\/\/i0.wp.com\/www.serrarpharma.com\/wp-content\/uploads\/2021\/04\/ISO-07.png?resize=100%2C100&amp;ssl=1 100w, https:\/\/i0.wp.com\/www.serrarpharma.com\/wp-content\/uploads\/2021\/04\/ISO-07.png?w=418&amp;ssl=1 418w\" sizes=\"(max-width: 70px) 100vw, 70px\" data-recalc-dims=\"1\" \/><\/p>\n<p><strong>Edad 20+<br \/>\nTamarinier<br \/>\nVegetal hialur\u00f3nico<br \/>\nEfecto <\/strong><br \/>\nHidrata<br \/>\nFirmas<br \/>\nAntioxidante<br \/>\nAprieta los poros<br \/>\nPiel joven<br \/>\nAnti-envejecimiento<\/p>\n<p><strong> Indicaciones: <\/strong><br \/>\nCrema de noche con un tacto ligeramente m\u00e1s espeso y propiedades m\u00e1s hidratantes. Calidad excepcional, presenta aceites m\u00e1s naturales y un color m\u00e1s claro gracias al uso de extracto de jojoba sin disolventes. Nuestra crema de noche altamente emoliente est\u00e1 destinada a pieles que naturalmente requieren m\u00e1s aceites sin dejar una sensaci\u00f3n grasosa. Es perfecto para climas secos y \u00e1ridos o incluso para el calor forzado del ventilador en invierno.<\/p>\n<p><strong> Direcciones: <\/strong><br \/>\nAplicar en rostro, cuello y escote despu\u00e9s de limpiar y tonificar la piel con FRESH TONER *. Para optimizar los resultados, aplique VITAMIN C SERUM BIO * antes de la crema de d\u00eda RADIANT * durante el d\u00eda y complete su tratamiento por la noche con la crema de noche RADIANT * (* Dr SERRAR\u00ae BIO).<br \/>\nPRECAUCI\u00d3N: Evite el contacto con los ojos y la boca. s\u00ed se produce irritaci\u00f3n, interrumpa el uso. Mantener fuera del alcance de los ni\u00f1os.<\/p>\n<p><strong> Advertencia: <\/strong><br \/>\nDetente ante el menor cambio o reacci\u00f3n. Si es necesario, consulte a un profesional m\u00e9dico o informaci\u00f3n de salud en caso de reacci\u00f3n al\u00e9rgica.<br \/>\nCada piel es diferente y reacciona de manera diferente al mismo cosm\u00e9tico. No brindamos asesor\u00eda personalizada, no conocemos tu piel.<br \/>\nPara cualquier consejo personal, especialmente si est\u00e1 en tratamiento m\u00e9dico: consulte a su m\u00e9dico o dermat\u00f3logo.<br \/>\nNunca cambie un tratamiento prescrito en funci\u00f3n de lo que lee en Internet.<\/p>\n<p>&nbsp;<\/p>\n<p><span style=\"color: #005890;\"><strong><span class=\"VIiyi\" lang=\"es\"><span class=\"JLqJ4b ChMk0b\" data-language-for-alternatives=\"es\" data-language-to-translate-into=\"en\" data-phrase-index=\"1\">HECHO EN CANAD\u00c1 \u00a0\u00a0\u00a0\u00a0 |<\/span> \u00a0\u00a0\u00a0\u00a0 <span class=\"JLqJ4b ChMk0b\" data-language-for-alternatives=\"es\" data-language-to-translate-into=\"en\" data-phrase-index=\"2\">CERTIFICADO GMP \u00a0\u00a0\u00a0\u00a0 |<\/span> \u00a0\u00a0\u00a0\u00a0 <span class=\"JLqJ4b ChMk0b\" data-language-for-alternatives=\"es\" data-language-to-translate-into=\"en\" data-phrase-index=\"3\">NO OGM \u00a0\u00a0\u00a0\u00a0 |<\/span> \u00a0\u00a0\u00a0\u00a0 <span class=\"JLqJ4b ChMk0b\" data-language-for-alternatives=\"es\" data-language-to-translate-into=\"en\" data-phrase-index=\"4\">LABORATORIO CERTIFICADO ISO 17025<\/span><\/span><\/strong><\/span><\/p>\n","protected":false},"excerpt":{"rendered":"<p>Edad 20+ Tamarinier Vegetal hialur\u00f3nico Efecto Hidrata Firmas Antioxidante Aprieta los poros Piel joven Anti-envejecimiento Indicaciones: Crema de noche con un tacto ligeramente m\u00e1s espeso y propiedades m\u00e1s hidratantes. Calidad excepcional, presenta aceites m\u00e1s naturales y un color m\u00e1s claro gracias al uso de extracto de jojoba sin disolventes. Nuestra crema de noche altamente emoliente [&hellip;]<\/p>\n","protected":false},"featured_media":8473,"template":"","meta":{"hide_page_title":"","_coblocks_attr":"","_coblocks_dimensions":"","_coblocks_responsive_height":"","_coblocks_accordion_ie_support":""},"product_cat":[23],"product_tag":[],"translation":{"provider":"WPGlobus","version":"3.0.1","language":"es","enabled_languages":["en","es","fr","ar","pt","it"],"languages":{"en":{"title":true,"content":true,"excerpt":false},"es":{"title":false,"content":true,"excerpt":false},"fr":{"title":true,"content":true,"excerpt":false},"ar":{"title":false,"content":true,"excerpt":false},"pt":{"title":false,"content":true,"excerpt":false},"it":{"title":false,"content":true,"excerpt":false}}},"_links":{"self":[{"href":"https:\/\/www.serrarpharma.com\/es\/wp-json\/wp\/v2\/product\/8288"}],"collection":[{"href":"https:\/\/www.serrarpharma.com\/es\/wp-json\/wp\/v2\/product"}],"about":[{"href":"https:\/\/www.serrarpharma.com\/es\/wp-json\/wp\/v2\/types\/product"}],"wp:featuredmedia":[{"embeddable":true,"href":"https:\/\/www.serrarpharma.com\/es\/wp-json\/wp\/v2\/media\/8473"}],"wp:attachment":[{"href":"https:\/\/www.serrarpharma.com\/es\/wp-json\/wp\/v2\/media?parent=8288"}],"wp:term":[{"taxonomy":"product_cat","embeddable":true,"href":"https:\/\/www.serrarpharma.com\/es\/wp-json\/wp\/v2\/product_cat?post=8288"},{"taxonomy":"product_tag","embeddable":true,"href":"https:\/\/www.serrarpharma.com\/es\/wp-json\/wp\/v2\/product_tag?post=8288"}],"curies":[{"name":"wp","href":"https:\/\/api.w.org\/{rel}","templated":true}]}}