{"id":7806,"date":"2020-06-13T00:31:13","date_gmt":"2020-06-13T04:31:13","guid":{"rendered":"https:\/\/www.serrarpharma.com\/?post_type=product&#038;p=7806"},"modified":"2024-08-21T21:49:26","modified_gmt":"2024-08-22T01:49:26","slug":"phyto-tonic-dr-serrar","status":"publish","type":"product","link":"https:\/\/www.serrarpharma.com\/es\/product\/phyto-tonic-dr-serrar\/","title":{"rendered":"TONER"},"content":{"rendered":"<p><img loading=\"lazy\" class=\"alignnone wp-image-11371\" src=\"https:\/\/i0.wp.com\/www.serrarpharma.com\/wp-content\/uploads\/2021\/04\/Made-in-CA.png?resize=70%2C70&#038;ssl=1\" alt=\"\" width=\"70\" height=\"70\" srcset=\"https:\/\/i0.wp.com\/www.serrarpharma.com\/wp-content\/uploads\/2021\/04\/Made-in-CA.png?w=150&amp;ssl=1 150w, https:\/\/i0.wp.com\/www.serrarpharma.com\/wp-content\/uploads\/2021\/04\/Made-in-CA.png?resize=100%2C100&amp;ssl=1 100w\" sizes=\"(max-width: 70px) 100vw, 70px\" data-recalc-dims=\"1\" \/><img loading=\"lazy\" class=\"alignnone wp-image-11370\" src=\"https:\/\/i0.wp.com\/www.serrarpharma.com\/wp-content\/uploads\/2021\/04\/GMP.png?resize=70%2C70&#038;ssl=1\" alt=\"\" width=\"70\" height=\"70\" srcset=\"https:\/\/i0.wp.com\/www.serrarpharma.com\/wp-content\/uploads\/2021\/04\/GMP.png?w=150&amp;ssl=1 150w, https:\/\/i0.wp.com\/www.serrarpharma.com\/wp-content\/uploads\/2021\/04\/GMP.png?resize=100%2C100&amp;ssl=1 100w\" sizes=\"(max-width: 70px) 100vw, 70px\" data-recalc-dims=\"1\" \/><img loading=\"lazy\" class=\"alignnone wp-image-11369\" src=\"https:\/\/i0.wp.com\/www.serrarpharma.com\/wp-content\/uploads\/2021\/04\/Nongmo.png?resize=70%2C70&#038;ssl=1\" alt=\"\" width=\"70\" height=\"70\" srcset=\"https:\/\/i0.wp.com\/www.serrarpharma.com\/wp-content\/uploads\/2021\/04\/Nongmo.png?w=150&amp;ssl=1 150w, https:\/\/i0.wp.com\/www.serrarpharma.com\/wp-content\/uploads\/2021\/04\/Nongmo.png?resize=100%2C100&amp;ssl=1 100w\" sizes=\"(max-width: 70px) 100vw, 70px\" data-recalc-dims=\"1\" \/><img loading=\"lazy\" class=\"alignnone wp-image-11799\" src=\"https:\/\/i0.wp.com\/www.serrarpharma.com\/wp-content\/uploads\/2021\/04\/ISO-07.png?resize=70%2C70&#038;ssl=1\" alt=\"\" width=\"70\" height=\"70\" srcset=\"https:\/\/i0.wp.com\/www.serrarpharma.com\/wp-content\/uploads\/2021\/04\/ISO-07.png?resize=300%2C300&amp;ssl=1 300w, https:\/\/i0.wp.com\/www.serrarpharma.com\/wp-content\/uploads\/2021\/04\/ISO-07.png?resize=150%2C150&amp;ssl=1 150w, https:\/\/i0.wp.com\/www.serrarpharma.com\/wp-content\/uploads\/2021\/04\/ISO-07.png?resize=100%2C100&amp;ssl=1 100w, https:\/\/i0.wp.com\/www.serrarpharma.com\/wp-content\/uploads\/2021\/04\/ISO-07.png?w=418&amp;ssl=1 418w\" sizes=\"(max-width: 70px) 100vw, 70px\" data-recalc-dims=\"1\" \/><\/p>\n<p>&nbsp;<\/p>\n<p>Purifica &#8211; Calma<br \/>\nRevitaliza &#8211; Hidrata<br \/>\nAntis\u00e9ptico<br \/>\nAprietaPores<br \/>\nMejora las cicatrices del acn\u00e9<br \/>\nAlivia la irritaci\u00f3n del afeitado<br \/>\nSin alcohol<br \/>\nHecho con<br \/>\n<strong> Ingredientes hipoalerg\u00e9nicos <\/strong><br \/>\nDise\u00f1ado para todo tipo de piel<\/p>\n<p>VIRAJE<br \/>\nResplandor<br \/>\nRevitalizar<br \/>\nAntis\u00e9ptico no irritante<\/p>\n<p>Dr. SERRAR<sup>\u00ae<\/sup> PHYTO TONIC Velours loci\u00f3n es esencial para una limpieza completa de la piel. Muchas personas piensan que puede prescindir f\u00e1cilmente de una loci\u00f3n t\u00f3nica siempre que limpie la piel de su cara al menos dos veces al d\u00eda con productos adecuados. Esto puede ser cierto cuando tienes una piel perfecta &#8230; De lo contrario, el t\u00f3ner facial es esencial para limpiar y proteger tu piel adecuadamente.<\/p>\n<p>PHYTO TONIC es dulce y sin alcohol de extractos de plantas extra\u00eddos de tilo, albaricoques y ar\u00e1ndanos. Hidrata, refresca, suaviza, calma, descongestiona, aclara, tonifica y restaura la luminosidad de la piel. Contiene antioxidantes, que ayudan a apretar los poros, equilibrar la piel y prepararla para la hidrataci\u00f3n. Esta loci\u00f3n es adecuada para la mayor\u00eda de los tipos de piel, incluidas las pieles mixtas y sensibles.<\/p>\n<p>PHYTO TONIC es org\u00e1nico y sin alcohol, ideal para equilibrar el pH de la epidermis y los poros reafirmantes. Al instante refresca y suaviza la piel. Se puede usar para calmar las irritaciones asociadas con el afeitado. Proporciona a la piel confort, flexibilidad e hidrataci\u00f3n.<br \/>\nEl uso diario de esta loci\u00f3n t\u00f3nica sin alcohol refresca y asegura la oxigenaci\u00f3n regeneradora de la piel gracias a la acci\u00f3n reparadora de las prote\u00ednas vegetales y astringentes.<br \/>\nPHYTO TONIC elimina todo rastro de desmaquillante y deja la piel perfectamente clara y radiante. El limpiador facial tonifica y aprieta los poros mientras normaliza el exceso de sebo.<br \/>\nPrepara la piel para los siguientes tratamientos (VIT C, DERM, ECLAT)<\/p>\n<h5>\u00bfPor qu\u00e9 elegir Dr. SERRAR<sup>\u00ae<\/sup> PHYTO TONIC?<\/h5>\n<p>Dr. SERRAR <sup> \u00ae <\/sup> PHYTO TONIC se fabrica de acuerdo con los m\u00e1s altos est\u00e1ndares en la industria farmac\u00e9utica. La loci\u00f3n contiene extractos de plantas avanzadas de tilo, albaricoque, ar\u00e1ndano. Hidrata, refresca, suaviza, calma, descongestiona, aclara, tonifica y restaura la luminosidad de la piel. Contiene antioxidantes, que ayudan a apretar los poros, equilibrar la piel y prepararla para la hidrataci\u00f3n. Esta loci\u00f3n es adecuada para la mayor\u00eda de los tipos de piel.<\/p>\n<div class=\"productlist\">PHYTO TONIC es org\u00e1nico y sin alcohol, ideal para equilibrar el pH de la epidermis y los poros reafirmantes.<br \/>\nPHYTO TONIC no contiene parabenos, productos derivados del petr\u00f3leo, aceite mineral, alcohol ni fragancias artificiales. Producto no probado en animales (certificado humano).<br \/>\nDE LA M\u00c1XIMA CALIDAD. SIN GLUTEN. Hecho en Canad\u00e1.<br \/>\nGood Manufacturing Practice (GMP) es un conjunto de estrictas regulaciones farmac\u00e9uticas que aseguran que los complementos alimenticios se fabriquen y controlen con un alto nivel que sea adecuado para su uso.<br \/>\nSin soja, sin gluten, con certificaci\u00f3n kosher, sin l\u00e1cteos, sin leche, nueces, man\u00ed, mariscos, trigo y soja. Tambi\u00e9n libre de levadura, cebada, arroz, sodio y az\u00facar.<br \/>\nM\u00e1xima eficiencia.<br \/>\nTodo de origen natural.<br \/>\nHecho con ingredientes hipoalerg\u00e9nicos.<br \/>\n100% ingr\u00e9dients d&#8217;origine naturelle<br \/>\nSans allerg\u00e8ne.<\/div>\n<p><strong> RECOMENDACI\u00d3N DE PRUEBA DE PARCHE <\/strong><br \/>\nEsta es una loci\u00f3n t\u00f3nica CONCENTRADA y POTENTE que contiene ingredientes activos a base de plantas que pueden causar irritaci\u00f3n de la piel o brotes para las personas con alergias. Es IMPORTANTE que realice una prueba de parche del producto * al menos 24-48 * horas antes de la aplicaci\u00f3n regular para garantizar que el producto se ajuste bien a su piel.<\/p>\n<p><strong> Instrucciones de uso <\/strong><br \/>\nSi la f\u00f3rmula es compatible con su piel, aplique cada semana. S\u00f3lo para uso externo.<br \/>\nPHYTO CLEAN se usa por la ma\u00f1ana y por la noche, despu\u00e9s de limpiar la piel, vierta un poco de t\u00f3ner en una almohadilla de algod\u00f3n de manera uniforme o directa en la palma de sus manos y acaricie el cuello y el escote y en la piel limpia de su cara. Una vez aplicada, la loci\u00f3n se absorbe (sin alcohol) de forma natural proporcionando un bienestar y relajaci\u00f3n inmediatos. Calma la irritaci\u00f3n del afeitado.<br \/>\n\u00daselo despu\u00e9s del PHYTO CLEAN.<\/p>\n<p>Despu\u00e9s del PHYTO TONIC, use la CREMA ECLAT durante el d\u00eda y la crema DERM por la noche.<br \/>\nEl kit Dr. SERRAR<sup>\u00ae<\/sup>: PHYTO (CLEAN + SCRUB + MASK + TONIC) + Vitamin C + ECLAT + DERM, regenera a\u00f1os de da\u00f1o ambiental y deja la piel sana y joven. Reduce visiblemente las l\u00edneas finas y las arrugas, haciendo que su piel sea m\u00e1s robusta y luminosa. Dise\u00f1ado para todo tipo de pieles.<\/p>\n<p>Dr. SERRAR<sup>\u00ae<\/sup> PHYTO TONIC es una marca potente pero segura y probada. Trabajamos con laboratorios en Canad\u00e1 y Estados Unidos para desarrollar nuestros productos. Cada producto que lanzamos est\u00e1 desarrollado para ser lo m\u00e1s poderoso posible, con el fin de ofrecer el m\u00e1ximo efecto sin dejar de ser dermatol\u00f3gicamente seguro para su piel.<\/p>\n<p><strong> Advertencia: <\/strong><br \/>\nDetente ante el m\u00e1s m\u00ednimo cambio o reacci\u00f3n. Si es necesario, consulte a un profesional m\u00e9dico o informaci\u00f3n de salud en caso de reacci\u00f3n al\u00e9rgica.<br \/>\nCada piel es diferente y reacciona de manera diferente al mismo cosm\u00e9tico. No proporcionamos asesoramiento personalizado, no conocemos su piel. Para cualquier consejo personal, especialmente si est\u00e1 recibiendo tratamiento m\u00e9dico: consulte a su m\u00e9dico o dermat\u00f3logo. Nunca cambie un tratamiento prescrito en funci\u00f3n de lo que lee en Internet.<\/p>\n<p>&nbsp;<\/p>\n<p><span style=\"color: #005890;\"><strong><span class=\"VIiyi\" lang=\"es\"><span class=\"JLqJ4b ChMk0b\" data-language-for-alternatives=\"es\" data-language-to-translate-into=\"en\" data-phrase-index=\"4\">HECHO EN CANAD\u00c1\u00a0\u00a0\u00a0 | \u00a0\u00a0 CERTIFICADO GMP\u00a0\u00a0\u00a0 | \u00a0\u00a0 NO OGM \u00a0\u00a0 | \u00a0\u00a0 LABORATORIO CERTIFICADO ISO 17025<\/span><\/span><\/strong><\/span><\/p>\n","protected":false},"excerpt":{"rendered":"<p>&nbsp; Purifica &#8211; Calma Revitaliza &#8211; Hidrata Antis\u00e9ptico AprietaPores Mejora las cicatrices del acn\u00e9 Alivia la irritaci\u00f3n del afeitado Sin alcohol Hecho con Ingredientes hipoalerg\u00e9nicos Dise\u00f1ado para todo tipo de piel VIRAJE Resplandor Revitalizar Antis\u00e9ptico no irritante Dr. SERRAR\u00ae PHYTO TONIC Velours loci\u00f3n es esencial para una limpieza completa de la piel. Muchas personas piensan [&hellip;]<\/p>\n","protected":false},"featured_media":8790,"template":"","meta":{"hide_page_title":"","_coblocks_attr":"","_coblocks_dimensions":"","_coblocks_responsive_height":"","_coblocks_accordion_ie_support":""},"product_cat":[22],"product_tag":[],"translation":{"provider":"WPGlobus","version":"3.0.1","language":"es","enabled_languages":["en","es","fr","ar","pt","it"],"languages":{"en":{"title":true,"content":true,"excerpt":false},"es":{"title":false,"content":true,"excerpt":false},"fr":{"title":true,"content":true,"excerpt":false},"ar":{"title":false,"content":true,"excerpt":false},"pt":{"title":false,"content":true,"excerpt":false},"it":{"title":false,"content":true,"excerpt":false}}},"_links":{"self":[{"href":"https:\/\/www.serrarpharma.com\/es\/wp-json\/wp\/v2\/product\/7806"}],"collection":[{"href":"https:\/\/www.serrarpharma.com\/es\/wp-json\/wp\/v2\/product"}],"about":[{"href":"https:\/\/www.serrarpharma.com\/es\/wp-json\/wp\/v2\/types\/product"}],"wp:featuredmedia":[{"embeddable":true,"href":"https:\/\/www.serrarpharma.com\/es\/wp-json\/wp\/v2\/media\/8790"}],"wp:attachment":[{"href":"https:\/\/www.serrarpharma.com\/es\/wp-json\/wp\/v2\/media?parent=7806"}],"wp:term":[{"taxonomy":"product_cat","embeddable":true,"href":"https:\/\/www.serrarpharma.com\/es\/wp-json\/wp\/v2\/product_cat?post=7806"},{"taxonomy":"product_tag","embeddable":true,"href":"https:\/\/www.serrarpharma.com\/es\/wp-json\/wp\/v2\/product_tag?post=7806"}],"curies":[{"name":"wp","href":"https:\/\/api.w.org\/{rel}","templated":true}]}}