{"id":7805,"date":"2020-06-13T00:44:44","date_gmt":"2020-06-13T04:44:44","guid":{"rendered":"https:\/\/www.serrarpharma.com\/?post_type=product&#038;p=7805"},"modified":"2024-08-21T21:48:13","modified_gmt":"2024-08-22T01:48:13","slug":"phyto-clean-dr-serrar","status":"publish","type":"product","link":"https:\/\/www.serrarpharma.com\/es\/product\/phyto-clean-dr-serrar\/","title":{"rendered":"CLEANSER"},"content":{"rendered":"<p><img loading=\"lazy\" class=\"alignnone wp-image-11371\" src=\"https:\/\/i0.wp.com\/www.serrarpharma.com\/wp-content\/uploads\/2021\/04\/Made-in-CA.png?resize=70%2C70&#038;ssl=1\" alt=\"\" width=\"70\" height=\"70\" srcset=\"https:\/\/i0.wp.com\/www.serrarpharma.com\/wp-content\/uploads\/2021\/04\/Made-in-CA.png?w=150&amp;ssl=1 150w, https:\/\/i0.wp.com\/www.serrarpharma.com\/wp-content\/uploads\/2021\/04\/Made-in-CA.png?resize=100%2C100&amp;ssl=1 100w\" sizes=\"(max-width: 70px) 100vw, 70px\" data-recalc-dims=\"1\" \/><img loading=\"lazy\" class=\"alignnone wp-image-11370\" src=\"https:\/\/i0.wp.com\/www.serrarpharma.com\/wp-content\/uploads\/2021\/04\/GMP.png?resize=70%2C70&#038;ssl=1\" alt=\"\" width=\"70\" height=\"70\" srcset=\"https:\/\/i0.wp.com\/www.serrarpharma.com\/wp-content\/uploads\/2021\/04\/GMP.png?w=150&amp;ssl=1 150w, https:\/\/i0.wp.com\/www.serrarpharma.com\/wp-content\/uploads\/2021\/04\/GMP.png?resize=100%2C100&amp;ssl=1 100w\" sizes=\"(max-width: 70px) 100vw, 70px\" data-recalc-dims=\"1\" \/><img loading=\"lazy\" class=\"alignnone wp-image-11369\" src=\"https:\/\/i0.wp.com\/www.serrarpharma.com\/wp-content\/uploads\/2021\/04\/Nongmo.png?resize=70%2C70&#038;ssl=1\" alt=\"\" width=\"70\" height=\"70\" srcset=\"https:\/\/i0.wp.com\/www.serrarpharma.com\/wp-content\/uploads\/2021\/04\/Nongmo.png?w=150&amp;ssl=1 150w, https:\/\/i0.wp.com\/www.serrarpharma.com\/wp-content\/uploads\/2021\/04\/Nongmo.png?resize=100%2C100&amp;ssl=1 100w\" sizes=\"(max-width: 70px) 100vw, 70px\" data-recalc-dims=\"1\" \/><img loading=\"lazy\" class=\"alignnone wp-image-11799\" src=\"https:\/\/i0.wp.com\/www.serrarpharma.com\/wp-content\/uploads\/2021\/04\/ISO-07.png?resize=70%2C70&#038;ssl=1\" alt=\"\" width=\"70\" height=\"70\" srcset=\"https:\/\/i0.wp.com\/www.serrarpharma.com\/wp-content\/uploads\/2021\/04\/ISO-07.png?resize=300%2C300&amp;ssl=1 300w, https:\/\/i0.wp.com\/www.serrarpharma.com\/wp-content\/uploads\/2021\/04\/ISO-07.png?resize=150%2C150&amp;ssl=1 150w, https:\/\/i0.wp.com\/www.serrarpharma.com\/wp-content\/uploads\/2021\/04\/ISO-07.png?resize=100%2C100&amp;ssl=1 100w, https:\/\/i0.wp.com\/www.serrarpharma.com\/wp-content\/uploads\/2021\/04\/ISO-07.png?w=418&amp;ssl=1 418w\" sizes=\"(max-width: 70px) 100vw, 70px\" data-recalc-dims=\"1\" \/><\/p>\n<p>&nbsp;<\/p>\n<p>Limpia &#8211; Purifica<br \/>\nHidrata &#8211; Suaviza<br \/>\nIlumina &#8211; Refresca<br \/>\nPrepara la piel<br \/>\npara tratamientos posteriores<br \/>\nRalentiza<br \/>\nlos signos del envejecimiento<br \/>\nHecho con<br \/>\n<strong> Ingredientes hipoalerg\u00e9nicos <\/strong><br \/>\nDise\u00f1ado para todo tipo de piel<\/p>\n<p>Lleno de beneficios antienvejecimiento<br \/>\nAntiinflamatorio<br \/>\nSin gluten<br \/>\nDise\u00f1ado para todo tipo de pieles.<\/p>\n<p>El Dr. SERRAR<sup>\u00ae<\/sup> PHYTO CLEAN Velours Cleansing Milk (desmaquillante) es el cuidado esencial para limpiar la cara y mantener la piel clara y radiante. Es ideal para todo tipo de pieles; incluso pieles sensibles. Efectivo para una limpieza suave y profunda de la epidermis. Elimina el maquillaje y las impurezas en la cara, los ojos (elimina el rimel), los p\u00e1rpados, los labios y el cuello con la misma eficacia que un tratamiento de spa. Limpia en un abrir y cerrar de ojos mientras preserva el equilibrio hidrolip\u00eddico de la piel. Su f\u00f3rmula basada en robane; La sustancia del aceite de oliva es muy penetrante. Este ingrediente restaura, proporciona flexibilidad y protege contra la irritaci\u00f3n de la piel. PHYTO CLEAN contiene otros ingredientes con reconocidas propiedades calmantes; propilenglicol, amerchol y silicona que permiten la hidrataci\u00f3n de la piel y deja una sensaci\u00f3n inmediata de frescura.<\/p>\n<p>PHYTO CLEAN Respeta el pH fisiol\u00f3gico de la piel. Su base neutra deja la piel flexible y permeable y la prepara eficazmente para recibir otros tratamientos.<br \/>\nEs un tratamiento natural excepcional que ayuda a retrasar los signos del envejecimiento de la piel con sus beneficios antienvejecimiento, antiinflamatorios y tonificantes. Los ingredientes tienen propiedades antioxidantes e hidratantes que ayudan a proteger la piel del envejecimiento de la piel.<\/p>\n<p>PHYTO CLEAN no contiene parabenos, productos derivados del petr\u00f3leo, aceite mineral, alcohol ni fragancias artificiales. Producto no probado en animales (certificado humano). Todos los ingredientes de la agricultura ecol\u00f3gica.<\/p>\n<p><strong> Instrucciones de uso: <\/strong><br \/>\nSe usa por la ma\u00f1ana en preparaci\u00f3n para el cuidado hidratante y protector, como limpiador y desmaquillante. Agitar antes de usar. Vierta una peque\u00f1a cantidad de leche limpiadora en sus manos y masajee suavemente la cara y el cuello con los dedos con movimientos circulares.<br \/>\nEnjuague con agua tibia, seque con un pa\u00f1o h\u00famedo. Deja una agradable sensaci\u00f3n de suavidad, flexibilidad y frescura en la piel. Incluso elimina el maquillaje impermeable sin esfuerzo y se enjuaga f\u00e1cilmente.<\/p>\n<h5>\u00bfPor qu\u00e9 elegir Dr. SERRAR<sup>\u00ae<\/sup> PHYTO CLEAN?<\/h5>\n<p>Dr. SERRAR\u00ae PHYTO CLEAN se fabrica de acuerdo con los m\u00e1s altos est\u00e1ndares en la industria farmac\u00e9utica. La crema contiene la f\u00f3rmula base avanzada de robanets; La sustancia del aceite de oliva es muy penetrante. Este ingrediente restaura, proporciona flexibilidad y protege contra la irritaci\u00f3n de la piel. Otros ingredientes con reconocidas propiedades calmantes; propilenglicol, amerchol y silicona que permiten la hidrataci\u00f3n de la piel y dejan una sensaci\u00f3n inmediata de frescura.<br \/>\npH Respeta la piel fisiol\u00f3gica. Su base neutra deja la piel flexible y permeable y la prepara eficazmente para recibir otros tratamientos. Es un tratamiento natural excepcional que ayuda a retrasar los signos del envejecimiento de la piel con sus beneficios antienvejecimiento, antioxidantes, antiinflamatorios y tonificantes. PHYTO CLEAN no contiene parabenos, productos derivados del petr\u00f3leo, aceite mineral, alcohol ni fragancias artificiales. Producto no probado en animales (certificado humano).<\/p>\n<div class=\"productlist\">DE LA M\u00c1XIMA CALIDAD. SIN GLUTEN. Hecho en Canad\u00e1.<br \/>\nGood Manufacturing Practice (GMP) es un conjunto de estrictas regulaciones farmac\u00e9uticas que aseguran que los complementos alimenticios se fabriquen y controlen con un alto nivel que sea adecuado para su uso.<br \/>\nSin soja, sin gluten, con certificaci\u00f3n kosher, sin l\u00e1cteos, sin leche, nueces, man\u00ed, mariscos, trigo y soja. Tambi\u00e9n libre de levadura, cebada, arroz, sodio y az\u00facar.<br \/>\nM\u00e1xima eficiencia.<br \/>\nTodo de origen natural.<br \/>\nHecho con ingredientes hipoalerg\u00e9nicos.<br \/>\n* Ingredientes de la agricultura ecol\u00f3gica<\/div>\n<p>&nbsp;<\/p>\n<p><strong>RECOMENDACI\u00d3N DE PRUEBA DE PARCHE <\/strong><br \/>\nEsta es una crema limpia CONCENTRADA y POTENTE que contiene ingredientes activos a base de plantas que pueden causar irritaci\u00f3n de la piel o brotes para las personas con alergias. Es IMPORTANTE que realice una prueba de parche del producto * al menos 24-48 * horas antes de la aplicaci\u00f3n regular para garantizar que el producto se ajuste bien a su piel.<\/p>\n<p><strong>Aplicaci\u00f3n <\/strong><br \/>\nSi la f\u00f3rmula es compatible con su piel, aplique cada semana. S\u00f3lo para uso externo.<br \/>\nPHYTO CLEAN se usa por la ma\u00f1ana en preparaci\u00f3n para el cuidado hidratante y protector, como limpiador y desmaquillante. Agitar antes de usar. Vierta una peque\u00f1a cantidad de leche limpiadora en sus manos y masajee suavemente la cara y el cuello con los dedos con movimientos circulares.<br \/>\nEnjuague con agua tibia, seque con un pa\u00f1o h\u00famedo. Deja una agradable sensaci\u00f3n de suavidad, flexibilidad y frescura en la piel. Incluso elimina el maquillaje impermeable sin esfuerzo y se enjuaga f\u00e1cilmente.<\/p>\n<p>Despu\u00e9s del PHYTO CLEAN, use el PHYTO TONIC. El kit Dr. SERRAR<sup>\u00ae<\/sup>: PHYTO (CLEAN + SCRUB + MASK + TONIC) + Vitamin C + ECLAT + DERM, regenera a\u00f1os de da\u00f1o ambiental y deja la piel sana y joven. Reduce visiblemente las l\u00edneas finas y las arrugas, haciendo que su piel sea m\u00e1s robusta y luminosa. Dise\u00f1ado para todo tipo de pieles.<\/p>\n<p>Dr. SERRAR<sup>\u00ae<\/sup> PHYTO CLEAN cream es una marca potente pero segura y probada. Trabajamos con laboratorios en Canad\u00e1 y Estados Unidos para desarrollar nuestros productos. Cada producto que lanzamos est\u00e1 desarrollado para ser lo m\u00e1s poderoso posible, con el fin de ofrecer el m\u00e1ximo efecto sin dejar de ser dermatol\u00f3gicamente seguro para su piel.<\/p>\n<p><strong>Advertencia: <\/strong><br \/>\nDetente ante el m\u00e1s m\u00ednimo cambio o reacci\u00f3n. Si es necesario, consulte a un profesional m\u00e9dico o informaci\u00f3n de salud en caso de reacci\u00f3n al\u00e9rgica. Cada piel es diferente y reacciona de manera diferente al mismo cosm\u00e9tico. No proporcionamos asesoramiento personalizado, no conocemos su piel.<br \/>\nPara cualquier consejo personal, especialmente si est\u00e1 recibiendo tratamiento m\u00e9dico: consulte a su m\u00e9dico o dermat\u00f3logo. Nunca cambie un tratamiento prescrito en funci\u00f3n de lo que lee en Internet.<\/p>\n<p>&nbsp;<\/p>\n<p><span style=\"color: #005890;\"><strong><span class=\"VIiyi\" lang=\"es\"><span class=\"JLqJ4b ChMk0b\" data-language-for-alternatives=\"es\" data-language-to-translate-into=\"en\" data-phrase-index=\"1\">HECHO EN CANAD\u00c1\u00a0\u00a0\u00a0 |<\/span> \u00a0\u00a0 <span class=\"JLqJ4b ChMk0b\" data-language-for-alternatives=\"es\" data-language-to-translate-into=\"en\" data-phrase-index=\"2\">CERTIFICADO GMP\u00a0\u00a0\u00a0 |<\/span> \u00a0\u00a0 <span class=\"JLqJ4b ChMk0b\" data-language-for-alternatives=\"es\" data-language-to-translate-into=\"en\" data-phrase-index=\"3\">NO OGM \u00a0\u00a0 |<\/span> \u00a0\u00a0 <span class=\"JLqJ4b ChMk0b\" data-language-for-alternatives=\"es\" data-language-to-translate-into=\"en\" data-phrase-index=\"4\">LABORATORIO CERTIFICADO ISO 17025<\/span><\/span><\/strong><\/span><\/p>\n","protected":false},"excerpt":{"rendered":"<p>&nbsp; Limpia &#8211; Purifica Hidrata &#8211; Suaviza Ilumina &#8211; Refresca Prepara la piel para tratamientos posteriores Ralentiza los signos del envejecimiento Hecho con Ingredientes hipoalerg\u00e9nicos Dise\u00f1ado para todo tipo de piel Lleno de beneficios antienvejecimiento Antiinflamatorio Sin gluten Dise\u00f1ado para todo tipo de pieles. El Dr. SERRAR\u00ae PHYTO CLEAN Velours Cleansing Milk (desmaquillante) es el [&hellip;]<\/p>\n","protected":false},"featured_media":8789,"template":"","meta":{"hide_page_title":"","_coblocks_attr":"","_coblocks_dimensions":"","_coblocks_responsive_height":"","_coblocks_accordion_ie_support":""},"product_cat":[22],"product_tag":[],"translation":{"provider":"WPGlobus","version":"3.0.1","language":"es","enabled_languages":["en","es","fr","ar","pt","it"],"languages":{"en":{"title":true,"content":true,"excerpt":false},"es":{"title":false,"content":true,"excerpt":false},"fr":{"title":true,"content":true,"excerpt":false},"ar":{"title":false,"content":true,"excerpt":false},"pt":{"title":false,"content":true,"excerpt":false},"it":{"title":false,"content":true,"excerpt":false}}},"_links":{"self":[{"href":"https:\/\/www.serrarpharma.com\/es\/wp-json\/wp\/v2\/product\/7805"}],"collection":[{"href":"https:\/\/www.serrarpharma.com\/es\/wp-json\/wp\/v2\/product"}],"about":[{"href":"https:\/\/www.serrarpharma.com\/es\/wp-json\/wp\/v2\/types\/product"}],"wp:featuredmedia":[{"embeddable":true,"href":"https:\/\/www.serrarpharma.com\/es\/wp-json\/wp\/v2\/media\/8789"}],"wp:attachment":[{"href":"https:\/\/www.serrarpharma.com\/es\/wp-json\/wp\/v2\/media?parent=7805"}],"wp:term":[{"taxonomy":"product_cat","embeddable":true,"href":"https:\/\/www.serrarpharma.com\/es\/wp-json\/wp\/v2\/product_cat?post=7805"},{"taxonomy":"product_tag","embeddable":true,"href":"https:\/\/www.serrarpharma.com\/es\/wp-json\/wp\/v2\/product_tag?post=7805"}],"curies":[{"name":"wp","href":"https:\/\/api.w.org\/{rel}","templated":true}]}}