{"id":7804,"date":"2020-06-13T00:46:56","date_gmt":"2020-06-13T00:46:56","guid":{"rendered":"https:\/\/www.serrarpharma.com\/?post_type=product&#038;p=7804"},"modified":"2025-02-01T23:16:12","modified_gmt":"2025-02-02T04:16:12","slug":"phyto-mask-dr-serrar","status":"publish","type":"product","link":"https:\/\/www.serrarpharma.com\/es\/product\/phyto-mask-dr-serrar\/","title":{"rendered":"MASK"},"content":{"rendered":"<p><img loading=\"lazy\" class=\"alignnone wp-image-11371\" src=\"https:\/\/i0.wp.com\/www.serrarpharma.com\/wp-content\/uploads\/2021\/04\/Made-in-CA.png?resize=70%2C70&#038;ssl=1\" alt=\"\" width=\"70\" height=\"70\" srcset=\"https:\/\/i0.wp.com\/www.serrarpharma.com\/wp-content\/uploads\/2021\/04\/Made-in-CA.png?w=150&amp;ssl=1 150w, https:\/\/i0.wp.com\/www.serrarpharma.com\/wp-content\/uploads\/2021\/04\/Made-in-CA.png?resize=100%2C100&amp;ssl=1 100w\" sizes=\"(max-width: 70px) 100vw, 70px\" data-recalc-dims=\"1\" \/><img loading=\"lazy\" class=\"alignnone wp-image-11370\" src=\"https:\/\/i0.wp.com\/www.serrarpharma.com\/wp-content\/uploads\/2021\/04\/GMP.png?resize=70%2C70&#038;ssl=1\" alt=\"\" width=\"70\" height=\"70\" srcset=\"https:\/\/i0.wp.com\/www.serrarpharma.com\/wp-content\/uploads\/2021\/04\/GMP.png?w=150&amp;ssl=1 150w, https:\/\/i0.wp.com\/www.serrarpharma.com\/wp-content\/uploads\/2021\/04\/GMP.png?resize=100%2C100&amp;ssl=1 100w\" sizes=\"(max-width: 70px) 100vw, 70px\" data-recalc-dims=\"1\" \/><img loading=\"lazy\" class=\"alignnone wp-image-11369\" src=\"https:\/\/i0.wp.com\/www.serrarpharma.com\/wp-content\/uploads\/2021\/04\/Nongmo.png?resize=70%2C70&#038;ssl=1\" alt=\"\" width=\"70\" height=\"70\" srcset=\"https:\/\/i0.wp.com\/www.serrarpharma.com\/wp-content\/uploads\/2021\/04\/Nongmo.png?w=150&amp;ssl=1 150w, https:\/\/i0.wp.com\/www.serrarpharma.com\/wp-content\/uploads\/2021\/04\/Nongmo.png?resize=100%2C100&amp;ssl=1 100w\" sizes=\"(max-width: 70px) 100vw, 70px\" data-recalc-dims=\"1\" \/><img loading=\"lazy\" class=\"alignnone wp-image-11799\" src=\"https:\/\/i0.wp.com\/www.serrarpharma.com\/wp-content\/uploads\/2021\/04\/ISO-07.png?resize=70%2C70&#038;ssl=1\" alt=\"\" width=\"70\" height=\"70\" srcset=\"https:\/\/i0.wp.com\/www.serrarpharma.com\/wp-content\/uploads\/2021\/04\/ISO-07.png?resize=300%2C300&amp;ssl=1 300w, https:\/\/i0.wp.com\/www.serrarpharma.com\/wp-content\/uploads\/2021\/04\/ISO-07.png?resize=150%2C150&amp;ssl=1 150w, https:\/\/i0.wp.com\/www.serrarpharma.com\/wp-content\/uploads\/2021\/04\/ISO-07.png?resize=100%2C100&amp;ssl=1 100w, https:\/\/i0.wp.com\/www.serrarpharma.com\/wp-content\/uploads\/2021\/04\/ISO-07.png?w=418&amp;ssl=1 418w\" sizes=\"(max-width: 70px) 100vw, 70px\" data-recalc-dims=\"1\" \/><\/p>\n<p>Reparaciones &#8211; Cura<br \/>\nHidrata<br \/>\nAntioxidante<br \/>\nAntis\u00e9ptico &#8211; Oxigenado<br \/>\nAnti-Rojeces &#8211; Calma<br \/>\nAclara &#8211; Reafirma<br \/>\nFlexibilidad &#8211; Comodidad de la piel<br \/>\nDa una apariencia joven<br \/>\nHecho con<br \/>\n<strong> Ingredientes hipoalerg\u00e9nicos <\/strong><br \/>\nDise\u00f1ado para todo tipo de piel<\/p>\n<p>Estimula la circulaci\u00f3n de la epidermis.<br \/>\nOxigenaci\u00f3n de la piel<br \/>\nAntis\u00e9ptico no irritante<br \/>\nDise\u00f1ado para todo tipo de pieles.<\/p>\n<p>La m\u00e1scara cosm\u00e9tica es un ritual creado hace miles de a\u00f1os. El antiguo Egipto y su legendaria Cleopatra amaban este tipo de cuidados. Este ritual ha cruzado las edades pasando por la antigua Grecia, que dio el nombre de cosm\u00e9ticos traducidos al griego antiguo por Kosmos, que significa cara y adorno.<\/p>\n<p>La m\u00e1scara de belleza es un tratamiento ritual que ayuda a mantener la piel al proporcionarle todos los elementos e ingredientes activos que necesita para el equilibrio de la piel y retrasar los signos del envejecimiento.<\/p>\n<p>Una piel diferente requiere un tratamiento nutritivo y calmante confortable.<br \/>\nDr. SERRAR <sup> \u00ae <\/sup> PHYTO MASK es el tratamiento hidratante que reequilibrar\u00e1 todo tipo de pieles normales, secas, mixtas y extra sensibles. . La hidrataci\u00f3n es el punto com\u00fan para todos los tipos de piel. Las c\u00e9lulas y las gl\u00e1ndulas subcut\u00e1neas no pueden crear agua. Esta hidrataci\u00f3n ser\u00e1 la clave para mantener un equilibrio de la pel\u00edcula hidrolip\u00eddica.<br \/>\nEste tratamiento espec\u00edfico puede compensar una degradaci\u00f3n de la piel, como arrugas, p\u00e9rdida de firmeza, ojeras, granos, sequedad.<\/p>\n<p>Piel seca, por ejemplo, falta de agua y l\u00edpidos. Es por eso que ser\u00e1 necesario optar por PHYTO MASK, una m\u00e1scara rica en hidrataci\u00f3n y nutrici\u00f3n con ingredientes activos que podr\u00e1n restaurar esta falta de agua y proporcionar flexibilidad y comodidad para la piel.<br \/>\nPor el contrario, la piel grasa producir\u00e1 una cantidad excesiva de sebo, una sustancia grasa que proteger\u00e1 la barrera epid\u00e9rmica. Sin embargo, debe saber que esta sobreproducci\u00f3n se debe en parte a una interrupci\u00f3n de las gl\u00e1ndulas seb\u00e1ceas, pero tambi\u00e9n a una posible deshidrataci\u00f3n. Si la piel siente un desequilibrio y falta de agua, solo puede devolver el sebo para protegerse. Una sobreproducci\u00f3n de sebo obstruir\u00e1 los poros y causar\u00e1 manchas y puntos negros, pero no resolver\u00e1 el problema de la falta de agua.<br \/>\nAdem\u00e1s, PHYTO MASK est\u00e1 enriquecida con ingredientes con varias propiedades antioxidantes, anti-enrojecimiento, calmantes y calmantes. Por lo tanto, es perfecto para pieles reactivas y sensibles.<\/p>\n<p><strong> INGREDIENTES CLAVE <\/strong><br \/>\nAlanto\u00edna:<br \/>\nCuraci\u00f3n, promueve la proliferaci\u00f3n celular de la piel. Elimina el tejido necr\u00f3tico. Agente reparador y restaurador del epitelio. no irritante y es hidratante, suavizante y calmante.<\/p>\n<p>Extracto de hinojo:<br \/>\nRegula la humedad de la piel y alivia la irritaci\u00f3n.<\/p>\n<p>Extracto de mu\u00e9rdago y b\u00e1lsamo de lim\u00f3n:<br \/>\nPropiedad antis\u00e9ptica.<\/p>\n<p>Extracto de l\u00fapulo:<br \/>\nRico en estr\u00f3geno vegetal que ayuda a reafirmar la piel. t\u00f3nico estimulante y antis\u00e9ptico.<\/p>\n<p>Extracto de milenrama:<br \/>\nEstimula la circulaci\u00f3n sangu\u00ednea en la epidermis y la oxigenaci\u00f3n de la piel.<\/p>\n<p>El uso de PHYTO MASK proporciona m\u00e1s comodidad y resultados sorprendentes para una piel perfecta y brillante.<\/p>\n<p><strong> \u00bfPor qu\u00e9 elegir Dr. SERRAR<sup>\u00ae<\/sup> PHYTO MASK? <\/strong><br \/>\nDr. SERRAR <sup> \u00ae <\/sup> PHYTO MASK se fabrica de acuerdo con los m\u00e1s altos est\u00e1ndares en la industria farmac\u00e9utica. La crema contiene extracto avanzado de hinojo, Houblon, Linguee, Achill\u00e9e, Manzanilla en combinaci\u00f3n con Alanto\u00edna. Estas sustancias naturales ayudan a la piel a mantener estas funciones generativas. Esta M\u00c1SCARA elimina las impurezas y las c\u00e9lulas muertas de la piel, le da un aspecto joven y saludable y la prepara para recibir los elementos activos de los productos de tratamiento.<br \/>\nPHYTO MASK es un agente curativo, reparador y restaurador del epitelio. Promueve la proliferaci\u00f3n celular de la piel, elimina el tejido necr\u00f3tico. Es hidratante, suavizante y calmante, regula la humedad de la piel y alivia la irritaci\u00f3n. Rico en estr\u00f3genos vegetales, ayuda a reafirmar la piel. Estimula la circulaci\u00f3n de la sangre en la epidermis y la oxigenaci\u00f3n de la piel. Tiene una propiedad antis\u00e9ptica no irritante. Dise\u00f1ado para todo tipo de pieles.<\/p>\n<div class=\"productlist\">MAYOR CALIDAD. SIN GLUTEN. Hecho en Canad\u00e1.<br \/>\nGood Manufacturing Practice (GMP) es un conjunto de estrictas regulaciones farmac\u00e9uticas que aseguran que los complementos alimenticios se fabriquen y controlen con un alto nivel que sea adecuado para su uso.<br \/>\nSin soja, sin gluten, con certificaci\u00f3n kosher, sin l\u00e1cteos, sin leche, nueces, man\u00ed, mariscos, trigo y soja. Tambi\u00e9n libre de levadura, cebada, arroz, sodio y az\u00facar.<br \/>\nM\u00e1xima eficiencia.<br \/>\nTodo de origen natural.<br \/>\nHecho con ingredientes hipoalerg\u00e9nicos.<\/div>\n<p>&nbsp;<\/p>\n<p><strong> RECOMENDACI\u00d3N DE PRUEBA DE PARCHE <\/strong><br \/>\nEsta es una crema de mascarilla CONCENTRADA y POTENTE que contiene ingredientes activos de origen vegetal que pueden causar irritaci\u00f3n de la piel o brotes para las personas con alergias. Es IMPORTANTE que realice una prueba de parche del producto * al menos 24-48 * horas antes de la aplicaci\u00f3n regular para garantizar que el producto se ajuste bien a su piel.<\/p>\n<p><strong> Instrucciones de uso <\/strong><br \/>\nSi la f\u00f3rmula es compatible con su piel, aplique cada semana. S\u00f3lo para uso externo.<br \/>\nEl uso de PHYTO MASK brinda m\u00e1s comodidad y resultados sorprendentes para una piel perfecta y radiante. Esta MASK elimina la impureza y las c\u00e9lulas muertas, le da una apariencia joven y saludable y la prepara para recibir los elementos activos de los productos de tratamiento.<br \/>\nAplique una capa generosa de Phyto Repair en la cara, el pecho o el cuello, evitando el \u00e1rea de los ojos y los labios. Deje que la m\u00e1scara repose durante 10 a 15 minutos. Enjuague con agua fr\u00eda si lo desea. Use 2-3 veces a la semana o seg\u00fan sea necesario.<\/p>\n<p>Use la M\u00c1SCARA PHYTO despu\u00e9s de la exfoliaci\u00f3n con PHYTO SCRUB +. PHYTO TONIC<br \/>\nDespu\u00e9s de la PHYTO MASK use Dr. SERRAR\u00ae Vitamin C + ECLAT (d\u00eda) + DERM (noche).<br \/>\nEl kit Dr. SERRAR <sup> \u00ae <\/sup>: PHYTO (CLEAN + SCRUB + MASK + TONIC) + Vitamin C + ECLAT + DERM, regenera a\u00f1os de da\u00f1o ambiental y deja la piel sana y joven. Reduce visiblemente las l\u00edneas finas y las arrugas, haciendo que su piel sea m\u00e1s robusta y luminosa. Dise\u00f1ado para todo tipo de pieles.<\/p>\n<p>Dr. SERRAR <sup> \u00ae <\/sup> PHYTO MASK cream es una marca potente pero segura y probada. Trabajamos con laboratorios en Canad\u00e1 y Estados Unidos para desarrollar nuestros productos. Cada producto que lanzamos est\u00e1 desarrollado para ser lo m\u00e1s poderoso posible, con el fin de ofrecer el m\u00e1ximo efecto sin dejar de ser dermatol\u00f3gicamente seguro para su piel.<\/p>\n<p><strong> Advertencia: <\/strong><br \/>\nDetente ante el m\u00e1s m\u00ednimo cambio o reacci\u00f3n. Si es necesario, consulte a un profesional m\u00e9dico o informaci\u00f3n de salud en caso de reacci\u00f3n al\u00e9rgica.<br \/>\nCada piel es diferente y reacciona de manera diferente al mismo cosm\u00e9tico. No proporcionamos asesoramiento personalizado, no conocemos su piel.<br \/>\nPara cualquier consejo personal, especialmente si est\u00e1 recibiendo tratamiento m\u00e9dico: consulte a su m\u00e9dico o dermat\u00f3logo.<br \/>\nNunca cambie un tratamiento prescrito en funci\u00f3n de lo que lee en Internet.<\/p>\n<p>&nbsp;<\/p>\n<p><span style=\"color: #005890;\"><strong><span class=\"VIiyi\" lang=\"es\"><span class=\"JLqJ4b ChMk0b\" data-language-for-alternatives=\"es\" data-language-to-translate-into=\"en\" data-phrase-index=\"1\">HECHO EN CANAD\u00c1\u00a0\u00a0\u00a0 |<\/span> \u00a0\u00a0 <span class=\"JLqJ4b ChMk0b\" data-language-for-alternatives=\"es\" data-language-to-translate-into=\"en\" data-phrase-index=\"2\">CERTIFICADO GMP\u00a0\u00a0\u00a0 |<\/span> \u00a0\u00a0 <span class=\"JLqJ4b ChMk0b\" data-language-for-alternatives=\"es\" data-language-to-translate-into=\"en\" data-phrase-index=\"3\">NO OGM \u00a0\u00a0 |<\/span> \u00a0\u00a0 <span class=\"JLqJ4b ChMk0b\" data-language-for-alternatives=\"es\" data-language-to-translate-into=\"en\" data-phrase-index=\"4\">LABORATORIO CERTIFICADO ISO 17025<\/span><\/span><\/strong><\/span><\/p>\n","protected":false},"excerpt":{"rendered":"<p>Reparaciones &#8211; Cura Hidrata Antioxidante Antis\u00e9ptico &#8211; Oxigenado Anti-Rojeces &#8211; Calma Aclara &#8211; Reafirma Flexibilidad &#8211; Comodidad de la piel Da una apariencia joven Hecho con Ingredientes hipoalerg\u00e9nicos Dise\u00f1ado para todo tipo de piel Estimula la circulaci\u00f3n de la epidermis. Oxigenaci\u00f3n de la piel Antis\u00e9ptico no irritante Dise\u00f1ado para todo tipo de pieles. La m\u00e1scara [&hellip;]<\/p>\n","protected":false},"featured_media":8489,"template":"","meta":{"hide_page_title":"","_coblocks_attr":"","_coblocks_dimensions":"","_coblocks_responsive_height":"","_coblocks_accordion_ie_support":""},"product_cat":[22],"product_tag":[],"translation":{"provider":"WPGlobus","version":"3.0.1","language":"es","enabled_languages":["en","es","fr","ar","pt","it"],"languages":{"en":{"title":true,"content":true,"excerpt":false},"es":{"title":false,"content":true,"excerpt":false},"fr":{"title":true,"content":true,"excerpt":false},"ar":{"title":false,"content":true,"excerpt":false},"pt":{"title":false,"content":true,"excerpt":false},"it":{"title":false,"content":true,"excerpt":false}}},"_links":{"self":[{"href":"https:\/\/www.serrarpharma.com\/es\/wp-json\/wp\/v2\/product\/7804"}],"collection":[{"href":"https:\/\/www.serrarpharma.com\/es\/wp-json\/wp\/v2\/product"}],"about":[{"href":"https:\/\/www.serrarpharma.com\/es\/wp-json\/wp\/v2\/types\/product"}],"wp:featuredmedia":[{"embeddable":true,"href":"https:\/\/www.serrarpharma.com\/es\/wp-json\/wp\/v2\/media\/8489"}],"wp:attachment":[{"href":"https:\/\/www.serrarpharma.com\/es\/wp-json\/wp\/v2\/media?parent=7804"}],"wp:term":[{"taxonomy":"product_cat","embeddable":true,"href":"https:\/\/www.serrarpharma.com\/es\/wp-json\/wp\/v2\/product_cat?post=7804"},{"taxonomy":"product_tag","embeddable":true,"href":"https:\/\/www.serrarpharma.com\/es\/wp-json\/wp\/v2\/product_tag?post=7804"}],"curies":[{"name":"wp","href":"https:\/\/api.w.org\/{rel}","templated":true}]}}