{"id":7801,"date":"2020-06-07T14:56:28","date_gmt":"2020-06-07T14:56:28","guid":{"rendered":"https:\/\/www.serrarpharma.com\/?post_type=product&#038;p=7801"},"modified":"2024-08-21T22:01:59","modified_gmt":"2024-08-22T02:01:59","slug":"phyto-scrub-dr-serrar","status":"publish","type":"product","link":"https:\/\/www.serrarpharma.com\/es\/product\/phyto-scrub-dr-serrar\/","title":{"rendered":"SCRUB"},"content":{"rendered":"<p><img loading=\"lazy\" class=\"alignnone wp-image-11371\" src=\"https:\/\/i0.wp.com\/www.serrarpharma.com\/wp-content\/uploads\/2021\/04\/Made-in-CA.png?resize=70%2C70&#038;ssl=1\" alt=\"\" width=\"70\" height=\"70\" srcset=\"https:\/\/i0.wp.com\/www.serrarpharma.com\/wp-content\/uploads\/2021\/04\/Made-in-CA.png?w=150&amp;ssl=1 150w, https:\/\/i0.wp.com\/www.serrarpharma.com\/wp-content\/uploads\/2021\/04\/Made-in-CA.png?resize=100%2C100&amp;ssl=1 100w\" sizes=\"(max-width: 70px) 100vw, 70px\" data-recalc-dims=\"1\" \/><img loading=\"lazy\" class=\"alignnone wp-image-11370\" src=\"https:\/\/i0.wp.com\/www.serrarpharma.com\/wp-content\/uploads\/2021\/04\/GMP.png?resize=70%2C70&#038;ssl=1\" alt=\"\" width=\"70\" height=\"70\" srcset=\"https:\/\/i0.wp.com\/www.serrarpharma.com\/wp-content\/uploads\/2021\/04\/GMP.png?w=150&amp;ssl=1 150w, https:\/\/i0.wp.com\/www.serrarpharma.com\/wp-content\/uploads\/2021\/04\/GMP.png?resize=100%2C100&amp;ssl=1 100w\" sizes=\"(max-width: 70px) 100vw, 70px\" data-recalc-dims=\"1\" \/><img loading=\"lazy\" class=\"alignnone wp-image-11369\" src=\"https:\/\/i0.wp.com\/www.serrarpharma.com\/wp-content\/uploads\/2021\/04\/Nongmo.png?resize=70%2C70&#038;ssl=1\" alt=\"\" width=\"70\" height=\"70\" srcset=\"https:\/\/i0.wp.com\/www.serrarpharma.com\/wp-content\/uploads\/2021\/04\/Nongmo.png?w=150&amp;ssl=1 150w, https:\/\/i0.wp.com\/www.serrarpharma.com\/wp-content\/uploads\/2021\/04\/Nongmo.png?resize=100%2C100&amp;ssl=1 100w\" sizes=\"(max-width: 70px) 100vw, 70px\" data-recalc-dims=\"1\" \/><img loading=\"lazy\" class=\"alignnone wp-image-11799\" src=\"https:\/\/i0.wp.com\/www.serrarpharma.com\/wp-content\/uploads\/2021\/04\/ISO-07.png?resize=70%2C70&#038;ssl=1\" alt=\"\" width=\"70\" height=\"70\" srcset=\"https:\/\/i0.wp.com\/www.serrarpharma.com\/wp-content\/uploads\/2021\/04\/ISO-07.png?resize=300%2C300&amp;ssl=1 300w, https:\/\/i0.wp.com\/www.serrarpharma.com\/wp-content\/uploads\/2021\/04\/ISO-07.png?resize=150%2C150&amp;ssl=1 150w, https:\/\/i0.wp.com\/www.serrarpharma.com\/wp-content\/uploads\/2021\/04\/ISO-07.png?resize=100%2C100&amp;ssl=1 100w, https:\/\/i0.wp.com\/www.serrarpharma.com\/wp-content\/uploads\/2021\/04\/ISO-07.png?w=418&amp;ssl=1 418w\" sizes=\"(max-width: 70px) 100vw, 70px\" data-recalc-dims=\"1\" \/><\/p>\n<p>Nutre &#8211; Calma<br \/>\nAntioxidante<br \/>\nElimina las impurezas<br \/>\nC\u00e9lulas muertas de la piel<br \/>\nAprieta los poros<br \/>\nProlonga el bronceado<br \/>\nHecho con<br \/>\n<strong>Ingredientes hipoalerg\u00e9nicos<\/strong><br \/>\nDise\u00f1ado para todo tipo de piel<\/p>\n<p>Reduce la aparici\u00f3n de l\u00edneas finas y arrugas.<br \/>\nLos antioxidantes previenen el envejecimiento de la piel.<br \/>\nProtege de las agresiones externas diarias.<br \/>\nMejor piel oxigenada, radiante y luminosa.<br \/>\nHidratos de la piel m\u00e1s sensible.<br \/>\nNutritiva y calmante<br \/>\nAstringente aprieta los poros<br \/>\nRelaja los m\u00fasculos de tu cara<br \/>\nPiel m\u00e1s suave con un toque aterciopelado.<br \/>\nDise\u00f1ado para todo tipo de pieles.<\/p>\n<p><strong> Por qu\u00e9 elegir un exfoliante: <\/strong><br \/>\nEs importante exfoliar tu piel regularmente. Ya sea para prolongar el bronceado o mejorar la efectividad del cuidado. La exfoliaci\u00f3n es parte de una rutina de belleza ideal y una piel hermosa y suave.<\/p>\n<p><strong> \u00bfQu\u00e9 es un exfoliante? <\/strong><br \/>\nLa exfoliaci\u00f3n consiste en eliminar las c\u00e9lulas muertas acumuladas en su epidermis, la superficie de su piel. Si no se eliminan y la capa de c\u00e9lulas muertas se vuelve demasiado gruesa, esto puede tener varias consecuencias en la epidermis:<\/p>\n<div class=\"productlist\">Piel m\u00e1s dulce que carece de luminosidad.<br \/>\nMenos piel oxigenada, como desvitalizada<br \/>\nPiel m\u00e1s \u00e1spera al tacto<br \/>\nPiel m\u00e1s seca<br \/>\nPelos encarnados, debido a las gl\u00e1ndulas piloseb\u00e1ceas, en la ra\u00edz del cabello, que se obstruye m\u00e1s f\u00e1cilmente<\/div>\n<p>Los poros obstruidos y las espinillas en la cara ocurren porque la piel est\u00e1 congestionada. Aunque la naturaleza a menudo hace las cosas bien, y la piel de su cuerpo se ralentiza la mayor parte del tiempo, a veces necesita un peque\u00f1o impulso para limpiarse, desintoxicarse y nutrirse a fondo.<\/p>\n<p>Dr. SERRAR<sup>\u00ae<\/sup> PHYTO SCRUB es una exfoliaci\u00f3n mec\u00e1nica. Est\u00e1 compuesto de diferentes ingredientes activos naturales y org\u00e1nicos, para un cuidado efectivo que respeta su salud y el medio ambiente.<br \/>\nCompuesto por granos de diatomeas, PHYTO SCRUB tiene poder abrasivo sobre la piel, contiene microgranos naturales muy finos, lo que le permitir\u00e1 ser respetuoso con la piel y ser efectivo. Son suaves y agradables de usar: desplazar\u00e1n las c\u00e9lulas muertas sin atacar su piel. Gracias al masaje, los granos del PHYTO SCRUB permiten que la piel elimine las c\u00e9lulas muertas y las impurezas.<\/p>\n<p>Despu\u00e9s de usar PHYTO SCRUB, su piel estar\u00e1 m\u00e1s sana y suave. Al exfoliar regularmente la piel de su cara, contribuir\u00e1 a la renovaci\u00f3n celular natural al eliminar parte del estrato c\u00f3rneo compuesto por c\u00e9lulas muertas. Por lo tanto, su piel est\u00e1 mejor oxigenada, se renueva mejor y m\u00e1s r\u00e1pido, lo que la hace m\u00e1s radiante y luminosa.<\/p>\n<p>Otro beneficio: la capa protectora de su piel se refina y, por lo tanto, es menos impermeable, el cuidado que le brinda puede penetrar mejor y m\u00e1s profundamente. PHYTO SCRUB tambi\u00e9n reduce la aparici\u00f3n de arrugas y l\u00edneas finas y suaviza la piel con un toque aterciopelado.<\/p>\n<p>Los aceites vegetales son esenciales en PHYTO SCRUB porque inmediatamente despu\u00e9s de la exfoliaci\u00f3n, ayudan a reestructurar y nutrir la piel. Se recomienda dejar el exfoliante en la piel durante 3 a 4 minutos despu\u00e9s de un suave masaje, para beneficiarse de las propiedades nutritivas y calmantes de los aceites vegetales: este es el gesto ideal para reequilibrar la hidrataci\u00f3n de la epidermis m\u00e1s sensible.<\/p>\n<p>PHYTO SCRUB no solo exfolia la piel, sino que le dar\u00e1 un cuidado real. Use ingredientes activos que mejoren la condici\u00f3n de la piel, circulatorio, astringente (acci\u00f3n que aprieta los poros), antioxidante (previene el envejecimiento de la piel y protege de las agresiones externas diarias) o incluso relajantes, para ayudar a que los m\u00fasculos de su rostro se alivien.<\/p>\n<p>&nbsp;<\/p>\n<h5>\u00bfPor qu\u00e9 elegir Dr. SERRAR<sup>\u00ae<\/sup> PHYTO SCRUB?<\/h5>\n<p>Dr. SERRAR<sup>\u00ae<\/sup> PHYTO SCRUB est\u00e1 fabricado de acuerdo con los m\u00e1s altos est\u00e1ndares en la industria farmac\u00e9utica. Tanto exfoliante como tratante, la crema contiene microgr\u00e1nulos de diatomeas avanzados, extracto de pepino, aceite de s\u00e9samo, aceite de almendras dulces y alanto\u00edna. Estas sustancias naturales ayudan a la piel a mantener estas funciones generativas. Al lijar suavemente, esta crema elimina las impurezas y las c\u00e9lulas muertas de la piel, le da un aspecto joven y saludable y la prepara para recibir los elementos activos de los productos de tratamiento. Dise\u00f1ado para todo tipo de pieles. Para la cara, cuello, pies y cuerpo.<\/p>\n<div class=\"productlist\">MAYOR CALIDAD. SIN GLUTEN. Hecho en Canad\u00e1.<br \/>\nGood Manufacturing Practice (GMP) es un conjunto de estrictas regulaciones farmac\u00e9uticas que aseguran que los complementos alimenticios se fabriquen y controlen con un alto nivel que sea adecuado para su uso.<br \/>\nSin soja, sin gluten, con certificaci\u00f3n kosher, sin l\u00e1cteos, sin leche, nueces, man\u00ed, mariscos, trigo y soja. Tambi\u00e9n libre de levadura, cebada, arroz, sodio y az\u00facar.<br \/>\nM\u00e1xima eficiencia.<br \/>\nTodo de origen natural.<br \/>\nHecho con ingredientes hipoalerg\u00e9nicos.<\/div>\n<p><strong> RECOMENDACI\u00d3N DE PRUEBA DE PARCHE <\/strong><br \/>\nEsta es una crema exfoliante CONCENTRADA y POTENTE que contiene ingredientes activos a base de plantas que pueden causar irritaci\u00f3n de la piel o brotes para las personas con alergias. Es IMPORTANTE que realice una prueba de parche del producto * al menos 24-48 * horas antes de la aplicaci\u00f3n regular para garantizar que el producto se ajuste bien a su piel.<\/p>\n<p><strong> Mode d&#8217;emploi <\/strong><br \/>\nSi la formule est compatible avec votre peau, appliquez une fois par semaine. Pour usage externe uniquement.<br \/>\nPour le visage, le cou, les pieds et le corps.<br \/>\nApr\u00e8s l&#8217;exfoliation, utilisez le Dr. SERRAR<sup>\u00ae<\/sup> PHYTO TONIC + Vitamine C + ECLAT (jour) + DERM (nuit).<br \/>\nLe kit Dr. SERRAR<sup>\u00ae<\/sup>: PHYTO (CLEAN + SCRUB + MASK + TONIC) + Vitamine C + ECLAT + DERM, r\u00e9g\u00e9n\u00e8re des ann\u00e9es de dommages environnementaux et laisse votre peau saine et jeune. R\u00e9duit visiblement les ridules et les rides, rendant votre peau plus robuste et lumineuse. Con\u00e7u pour tous les types de peau.<br \/>\nLa cr\u00e8me Dr. SERRAR\u00ae PHYTO SCRUB est une marque puissante mais s\u00fbre et test\u00e9e. Nous travaillons avec des laboratoires au Canada et aux \u00c9tats-Unis pour d\u00e9velopper nos produits. Chaque produit que nous lan\u00e7ons est d\u00e9velopp\u00e9 pour \u00eatre le plus puissant possible, afin d&#8217;offrir un effet maximum tout en restant dermatologiquement s\u00fbr pour votre peau.<\/p>\n<p><strong> Avertissement: <\/strong><br \/>\nArr\u00eatez-vous au moindre changement ou r\u00e9action. Si n\u00e9cessaire, consultez un professionnel de la sant\u00e9 ou des informations sur la sant\u00e9 en cas de r\u00e9actions allergiques.<br \/>\nChaque peau est diff\u00e9rente et r\u00e9agit diff\u00e9remment au m\u00eame cosm\u00e9tique. Nous ne fournissons pas de conseils personnalis\u00e9s, nous ne connaissons pas votre peau.<br \/>\nPour tout conseil personnalis\u00e9, notamment si vous suivez un traitement m\u00e9dical: consultez votre m\u00e9decin ou votre dermatologue.<br \/>\nNe modifiez jamais un traitement prescrit en fonction de ce que vous lisez sur Internet.<\/p>\n<p><strong> Instrucciones de uso <\/strong><br \/>\nSi la f\u00f3rmula es compatible con su piel, aplique una vez por semana. S\u00f3lo para uso externo.<br \/>\nPara la cara, cuello, pies y cuerpo.<br \/>\nDespu\u00e9s de la exfoliaci\u00f3n use el Dr. SERRAR<sup>\u00ae<\/sup> PHYTO TONIC + Vitamin C + ECLAT (d\u00eda) + DERM (noche).<br \/>\nEl kit Dr. SERRAR<sup>\u00ae<\/sup>: PHYTO (CLEAN + SCRUB + MASK + TONIC) + Vitamin C + ECLAT + DERM, regenera a\u00f1os de da\u00f1o ambiental y deja la piel sana y joven. Reduce visiblemente las l\u00edneas finas y las arrugas, haciendo que su piel sea m\u00e1s robusta y luminosa. Dise\u00f1ado para todo tipo de pieles.<br \/>\nLa crema Dr. SERRAR<sup>\u00ae<\/sup> PHYTO SCRUB es una marca potente pero segura y probada. Trabajamos con laboratorios en Canad\u00e1 y Estados Unidos para desarrollar nuestros productos. Cada producto que lanzamos est\u00e1 desarrollado para ser lo m\u00e1s poderoso posible, con el fin de ofrecer el m\u00e1ximo efecto sin dejar de ser dermatol\u00f3gicamente seguro para su piel.<\/p>\n<p><strong> Advertencia: <\/strong><br \/>\nDetente ante el m\u00e1s m\u00ednimo cambio o reacci\u00f3n. Si es necesario, consulte a un profesional m\u00e9dico o informaci\u00f3n de salud en caso de reacciones al\u00e9rgicas.<br \/>\nCada piel es diferente y reacciona de manera diferente al mismo cosm\u00e9tico. No proporcionamos asesoramiento personalizado, no conocemos su piel.<br \/>\nPara cualquier consejo personal, especialmente si est\u00e1 recibiendo tratamiento m\u00e9dico: consulte a su m\u00e9dico o dermat\u00f3logo.<br \/>\nNunca cambie un tratamiento prescrito en funci\u00f3n de lo que lee en Internet.<\/p>\n<p>&nbsp;<\/p>\n<p><span style=\"color: #005890;\"><strong><span class=\"VIiyi\" lang=\"es\"><span class=\"JLqJ4b ChMk0b\" data-language-for-alternatives=\"es\" data-language-to-translate-into=\"en\" data-phrase-index=\"1\">HECHO EN CANAD\u00c1\u00a0\u00a0\u00a0 |<\/span> \u00a0\u00a0 <span class=\"JLqJ4b ChMk0b\" data-language-for-alternatives=\"es\" data-language-to-translate-into=\"en\" data-phrase-index=\"2\">CERTIFICADO GMP\u00a0\u00a0\u00a0 |<\/span> \u00a0\u00a0 <span class=\"JLqJ4b ChMk0b\" data-language-for-alternatives=\"es\" data-language-to-translate-into=\"en\" data-phrase-index=\"3\">NO OGM \u00a0\u00a0 |<\/span> \u00a0\u00a0 <span class=\"JLqJ4b ChMk0b\" data-language-for-alternatives=\"es\" data-language-to-translate-into=\"en\" data-phrase-index=\"4\">LABORATORIO CERTIFICADO ISO 17025<\/span><\/span><\/strong><\/span><\/p>\n","protected":false},"excerpt":{"rendered":"<p>Nutre &#8211; Calma Antioxidante Elimina las impurezas C\u00e9lulas muertas de la piel Aprieta los poros Prolonga el bronceado Hecho con Ingredientes hipoalerg\u00e9nicos Dise\u00f1ado para todo tipo de piel Reduce la aparici\u00f3n de l\u00edneas finas y arrugas. Los antioxidantes previenen el envejecimiento de la piel. Protege de las agresiones externas diarias. Mejor piel oxigenada, radiante y [&hellip;]<\/p>\n","protected":false},"featured_media":8488,"template":"","meta":{"hide_page_title":"","_coblocks_attr":"","_coblocks_dimensions":"","_coblocks_responsive_height":"","_coblocks_accordion_ie_support":""},"product_cat":[22],"product_tag":[],"translation":{"provider":"WPGlobus","version":"3.0.1","language":"es","enabled_languages":["en","es","fr","ar","pt","it"],"languages":{"en":{"title":true,"content":true,"excerpt":false},"es":{"title":false,"content":true,"excerpt":false},"fr":{"title":true,"content":true,"excerpt":false},"ar":{"title":false,"content":true,"excerpt":false},"pt":{"title":false,"content":true,"excerpt":false},"it":{"title":false,"content":true,"excerpt":false}}},"_links":{"self":[{"href":"https:\/\/www.serrarpharma.com\/es\/wp-json\/wp\/v2\/product\/7801"}],"collection":[{"href":"https:\/\/www.serrarpharma.com\/es\/wp-json\/wp\/v2\/product"}],"about":[{"href":"https:\/\/www.serrarpharma.com\/es\/wp-json\/wp\/v2\/types\/product"}],"wp:featuredmedia":[{"embeddable":true,"href":"https:\/\/www.serrarpharma.com\/es\/wp-json\/wp\/v2\/media\/8488"}],"wp:attachment":[{"href":"https:\/\/www.serrarpharma.com\/es\/wp-json\/wp\/v2\/media?parent=7801"}],"wp:term":[{"taxonomy":"product_cat","embeddable":true,"href":"https:\/\/www.serrarpharma.com\/es\/wp-json\/wp\/v2\/product_cat?post=7801"},{"taxonomy":"product_tag","embeddable":true,"href":"https:\/\/www.serrarpharma.com\/es\/wp-json\/wp\/v2\/product_tag?post=7801"}],"curies":[{"name":"wp","href":"https:\/\/api.w.org\/{rel}","templated":true}]}}