{"id":7718,"date":"2020-06-05T03:09:52","date_gmt":"2020-06-05T03:09:52","guid":{"rendered":"https:\/\/www.serrarpharma.com\/?post_type=product&#038;p=7718"},"modified":"2024-08-21T22:05:33","modified_gmt":"2024-08-22T02:05:33","slug":"dr-serrar-derm","status":"publish","type":"product","link":"https:\/\/www.serrarpharma.com\/es\/product\/dr-serrar-derm\/","title":{"rendered":"DERM Ergothioneine"},"content":{"rendered":"<p><img loading=\"lazy\" class=\"alignnone wp-image-11896\" src=\"https:\/\/i0.wp.com\/www.serrarpharma.com\/wp-content\/uploads\/2021\/05\/Quality-Labels-US-09.png?resize=70%2C70&#038;ssl=1\" alt=\"\" width=\"70\" height=\"70\" data-recalc-dims=\"1\" \/><img loading=\"lazy\" class=\"alignnone wp-image-11370\" src=\"https:\/\/i0.wp.com\/www.serrarpharma.com\/wp-content\/uploads\/2021\/04\/GMP.png?resize=70%2C70&#038;ssl=1\" alt=\"\" width=\"70\" height=\"70\" srcset=\"https:\/\/i0.wp.com\/www.serrarpharma.com\/wp-content\/uploads\/2021\/04\/GMP.png?w=150&amp;ssl=1 150w, https:\/\/i0.wp.com\/www.serrarpharma.com\/wp-content\/uploads\/2021\/04\/GMP.png?resize=100%2C100&amp;ssl=1 100w\" sizes=\"(max-width: 70px) 100vw, 70px\" data-recalc-dims=\"1\" \/><img loading=\"lazy\" class=\"alignnone wp-image-11369\" src=\"https:\/\/i0.wp.com\/www.serrarpharma.com\/wp-content\/uploads\/2021\/04\/Nongmo.png?resize=70%2C70&#038;ssl=1\" alt=\"\" width=\"70\" height=\"70\" srcset=\"https:\/\/i0.wp.com\/www.serrarpharma.com\/wp-content\/uploads\/2021\/04\/Nongmo.png?w=150&amp;ssl=1 150w, https:\/\/i0.wp.com\/www.serrarpharma.com\/wp-content\/uploads\/2021\/04\/Nongmo.png?resize=100%2C100&amp;ssl=1 100w\" sizes=\"(max-width: 70px) 100vw, 70px\" data-recalc-dims=\"1\" \/><img loading=\"lazy\" class=\"alignnone wp-image-11799\" src=\"https:\/\/i0.wp.com\/www.serrarpharma.com\/wp-content\/uploads\/2021\/04\/ISO-07.png?resize=70%2C70&#038;ssl=1\" alt=\"\" width=\"70\" height=\"70\" srcset=\"https:\/\/i0.wp.com\/www.serrarpharma.com\/wp-content\/uploads\/2021\/04\/ISO-07.png?resize=300%2C300&amp;ssl=1 300w, https:\/\/i0.wp.com\/www.serrarpharma.com\/wp-content\/uploads\/2021\/04\/ISO-07.png?resize=150%2C150&amp;ssl=1 150w, https:\/\/i0.wp.com\/www.serrarpharma.com\/wp-content\/uploads\/2021\/04\/ISO-07.png?resize=100%2C100&amp;ssl=1 100w, https:\/\/i0.wp.com\/www.serrarpharma.com\/wp-content\/uploads\/2021\/04\/ISO-07.png?w=418&amp;ssl=1 418w\" sizes=\"(max-width: 70px) 100vw, 70px\" data-recalc-dims=\"1\" \/><\/p>\n<p>&nbsp;<\/p>\n<p><strong>Basado en ergotione\u00edna <\/strong><br \/>\nSuaviza &#8211; Hidrata<br \/>\nIlumina &#8211; Reafirma<br \/>\nAntioxidante<br \/>\nAntiarrugas<br \/>\nLucha contra los signos del envejecimiento:<br \/>\n(L\u00edneas finas, arrugas, manchas marrones)<br \/>\nHecho con<br \/>\n<strong> Ingredientes hipoalerg\u00e9nicos <\/strong><br \/>\nDise\u00f1ado para todo tipo de piel<\/p>\n<p>Dr. SERRAR<sup>\u00ae<\/sup> Skin Care es una marca cuyos tratamientos antioxidantes se preparan seg\u00fan los par\u00e1metros para la protecci\u00f3n contra el envejecimiento atmosf\u00e9rico. Este \u00faltimo denota signos visibles de exposici\u00f3n a una variedad de agresores ambientales. Estos agresores incluyen rayos UV, radiaci\u00f3n infrarroja (IRA) y contaminaci\u00f3n.<\/p>\n<p>Adem\u00e1s, bajo el efecto de la edad y las condiciones clim\u00e1ticas, la piel pierde su elasticidad y su luminosidad. Para superar estos inconvenientes, ofrecemos los antioxidantes antienvejecimiento del Dr. Serrar Skin Care, una gama de productos dise\u00f1ados para prevenir, frenar y corregir los primeros signos del envejecimiento de la piel. Los productos para la piel madura se preparan a partir de elementos bioestimulantes y extractos de plantas que suavizan, nutren e hidratan la piel mientras promueven el suministro de sangre epid\u00e9rmica. Tonifican y regeneran la piel y contribuyen a su salud y bienestar. Estos productos se recomiendan para todas las personas mayores de 21 a\u00f1os.<\/p>\n<p>Sin embargo, otros factores promueven el envejecimiento prematuro de la piel, incluido el medio ambiente, el estilo de vida deficiente, la deshidrataci\u00f3n y la exposici\u00f3n prolongada al sol. Antes de los 30 a\u00f1os de edad, los signos del envejecimiento a\u00fan no son visibles: luego aplicamos prevenci\u00f3n con la crema \u00c9CLAT para el cuidado de la piel Dr. SERRAR <sup> \u00ae <\/sup> por la ma\u00f1ana y DERM Ergothioneine por la noche.<\/p>\n<p>Es a partir de los 30 a\u00f1os que las l\u00edneas finas y las l\u00edneas de expresi\u00f3n comienzan a tomar forma: tez apagada, falta de firmeza, piel menos lisa. Estos signos que llamamos envejecimiento de la piel son causados \u200b\u200bpor un exceso de estr\u00e9s oxidativo. La piel, predispuesta a acumular da\u00f1os, se convierte en el primer espejo de la edad. Sin embargo, estos signos leves de envejecimiento son reversibles y se pueden solucionar r\u00e1pidamente.<\/p>\n<p>Tan pronto como aparecen las primeras arrugas, la aplicaci\u00f3n de una crema antioxidante antienvejecimiento DERM Ergothioneine te ayuda a luchar contra el envejecimiento de la piel: para detener el tiempo.<\/p>\n<p>La crema antienvejecimiento DERM Ergothioneine ayuda a combatir los signos del envejecimiento con ingredientes de primera l\u00ednea para obtener resultados sorprendentes. A medida que envejecemos, nos secamos y, sobre todo, las mujeres. Por eso es tan importante darle a nuestra piel la humedad que necesita para mantenerse regordeta y saludable.<\/p>\n<p>Nuestra crema antienvejecimiento DERM Ergothioneine de marca privada hidrata y retiene la humedad para reducir los signos del envejecimiento para una apariencia fresca y juvenil:<\/p>\n<div class=\"productlist\">Reduce la apariencia de l\u00edneas finas y arrugas<br \/>\nHidrata e hidrata<br \/>\nSuaviza y suaviza la sequedad.<br \/>\nBloqueos de humedad<\/div>\n<p><strong> INGREDIENTES CLAVE <\/strong><br \/>\nUtilizamos ingredientes premium para ofrecer a los clientes un producto de alta calidad que les encantar\u00e1. Nuestra crema antienvejecimiento de etiqueta privada fue formulada con algunos de los ingredientes antienvejecimiento m\u00e1s populares de la industria para garantizar su efectividad.<\/p>\n<p>Aceite de jojoba: hidrata, protege y suaviza las l\u00edneas finas.<br \/>\nErgotioneina: protege la piel del da\u00f1o del ADN.<br \/>\nExtracto de hoja de t\u00e9 verde: contiene antioxidantes antienvejecimiento.<br \/>\nEstearato de glicerilo: ayuda a prevenir la p\u00e9rdida de humedad.<br \/>\nProte\u00edna de trigo hidrolizada: ayuda a la piel a retener la humedad.<\/p>\n<p><strong>\u00bfQu\u00e9 es la ergotione\u00edna o la ergotione\u00edna?<\/strong><br \/>\nLa ergotioneina es un amino\u00e1cido con un grupo tiol \/ tiona. Por lo general, se sintetiza por ciertos hongos y bacterias. Tambi\u00e9n se encuentra en muchos frutos secos, legumbres, hojas verdes, hongos y mariscos, y se encuentra en hongos en mayor concentraci\u00f3n que cualquier otra fuente. Tambi\u00e9n es un metabolito del glutati\u00f3n. Por lo general, es un s\u00f3lido cristalino blanco, pero tambi\u00e9n se presenta en forma de una soluci\u00f3n ins\u00edpida e incolora.<\/p>\n<p><strong>Uso y beneficios:<\/strong><br \/>\nDebido a su especialidad estructural del \u00e1tomo de azufre, es un antioxidante estable y poderoso. No solo previene la oxidaci\u00f3n, sino tambi\u00e9n la eliminaci\u00f3n de radicales libres, en particular los radicales -OH.<\/p>\n<p>Papel de la ergotioneina:<\/p>\n<div class=\"productlist\">Protege la piel del da\u00f1o del ADN.<br \/>\nAntioxidante estable y potente.<br \/>\nPreviene la degeneraci\u00f3n de la piel por factores clim\u00e1ticos como la contaminaci\u00f3n, los da\u00f1inos rayos UV, la exposici\u00f3n a humos qu\u00edmicos, etc.<br \/>\nAyuda a retener el tanque de agua por m\u00e1s tiempo, evitando que la piel envejezca prematuramente. Por lo tanto, se puede evitar la aparici\u00f3n de l\u00edneas finas, arrugas o flacidez.<br \/>\nEstabiliza la formulaci\u00f3n de la crema DERM. Previene los efectos nocivos del ox\u00edgeno en el producto, como decoloraci\u00f3n, separaci\u00f3n, etc.<\/div>\n<p>&nbsp;<\/p>\n<h5>\u00bfPor qu\u00e9 elegir Dr. SERRAR<sup>\u00ae<\/sup> DERM Ergothioneine antioxidante antienvejecimiento?<\/h5>\n<p>Dr. SERRAR<sup>\u00ae<\/sup> DERM Ergothioneine antioxidantes anti-\u00e2ge se fabrican de acuerdo con los m\u00e1s altos est\u00e1ndares en la industria farmac\u00e9utica. Contienen ingredientes antioxidantes avanzados, aceite de jojoba, ergotione\u00edna, extracto de hoja de t\u00e9 verde, estearato de glicerilo, prote\u00edna de trigo hidrolizada en esta f\u00f3rmula avanzada dise\u00f1ada para proteger la piel del da\u00f1o del ADN. Contiene antioxidantes antienvejecimiento, ayuda a prevenir la p\u00e9rdida de humedad, ayuda a la piel a retener la humedad, hidrata y protege y suaviza las l\u00edneas finas que incluyen brillo, firmeza, arrugas, manchas oscuras y manchas solares.<\/p>\n<div class=\"productlist\">M\u00c1S ALTA CALIDAD Hecho en EE. UU.<br \/>\nInstalaciones certificadas por la FDA<br \/>\nGood Manufacturing Practice (GMP) es un conjunto de estrictas regulaciones farmac\u00e9uticas que aseguran que los complementos alimenticios se fabriquen y controlen con un alto nivel que sea adecuado para su uso.<br \/>\nSin soja, sin gluten, certificado kosher, sin l\u00e1cteos, sin leche, nueces de \u00e1rbol, man\u00ed, mariscos, soja. Tambi\u00e9n libre de levadura, cebada, arroz, sodio y az\u00facar.<br \/>\nM\u00e1xima eficiencia<br \/>\nTodo de origen natural<br \/>\nHecho con ingredientes hipoalerg\u00e9nicos<\/div>\n<p>&nbsp;<\/p>\n<p><strong> Indicaciones <\/strong><br \/>\nEl proceso de envejecimiento disminuye naturalmente la humedad, el col\u00e1geno y los nutrientes cruciales de la piel, dejando la piel seca, arrugada y manchada. La crema DERM Ergothioneine est\u00e1 dise\u00f1ada con precisi\u00f3n para revitalizar la piel envejecida, proporcionando los nutrientes clave necesarios para restaurar la piel a su aspecto hermoso y juvenil.<\/p>\n<p><strong> RECOMENDACI\u00d3N DE PRUEBA DE PARCHE <\/strong><br \/>\nEsta es una crema facial CONCENTRADA y POTENTE que contiene ingredientes activos a base de plantas que pueden causar irritaci\u00f3n de la piel o brotes para las personas con alergias. Es IMPORTANTE que realice una prueba de parche del producto * al menos 24-48 * horas antes de la aplicaci\u00f3n regular para garantizar que el producto se ajuste bien a su piel.<\/p>\n<p><strong> Aplicaci\u00f3n <\/strong><br \/>\nSi la f\u00f3rmula es compatible con su piel, aplique dos veces al d\u00eda. S\u00f3lo para uso externo.<br \/>\nPor la ma\u00f1ana y por la tarde, despu\u00e9s de limpiar y tonificar la piel y aplicar el suero VITAMINA C. Aplicar en cara, cuello.<\/p>\n<p>&nbsp;<\/p>\n<p><span style=\"color: #005890;\"><strong><span class=\"VIiyi\" lang=\"es\"><span class=\"JLqJ4b ChMk0b\" data-language-for-alternatives=\"es\" data-language-to-translate-into=\"en\" data-phrase-index=\"1\">HECHO EN USA \u00a0\u00a0 |<\/span> \u00a0\u00a0 <span class=\"JLqJ4b ChMk0b\" data-language-for-alternatives=\"es\" data-language-to-translate-into=\"en\" data-phrase-index=\"2\">CERTIFICADO GMP\u00a0\u00a0\u00a0 |<\/span> \u00a0\u00a0 <span class=\"JLqJ4b ChMk0b\" data-language-for-alternatives=\"es\" data-language-to-translate-into=\"en\" data-phrase-index=\"3\">NO OGM \u00a0\u00a0 |<\/span> \u00a0\u00a0 <span class=\"JLqJ4b ChMk0b\" data-language-for-alternatives=\"es\" data-language-to-translate-into=\"en\" data-phrase-index=\"4\">LABORATORIO CERTIFICADO ISO 17025<\/span><\/span><\/strong><\/span><\/p>\n","protected":false},"excerpt":{"rendered":"<p>&nbsp; Basado en ergotione\u00edna Suaviza &#8211; Hidrata Ilumina &#8211; Reafirma Antioxidante Antiarrugas Lucha contra los signos del envejecimiento: (L\u00edneas finas, arrugas, manchas marrones) Hecho con Ingredientes hipoalerg\u00e9nicos Dise\u00f1ado para todo tipo de piel Dr. SERRAR\u00ae Skin Care es una marca cuyos tratamientos antioxidantes se preparan seg\u00fan los par\u00e1metros para la protecci\u00f3n contra el envejecimiento atmosf\u00e9rico. [&hellip;]<\/p>\n","protected":false},"featured_media":8589,"template":"","meta":{"hide_page_title":"","_coblocks_attr":"","_coblocks_dimensions":"","_coblocks_responsive_height":"","_coblocks_accordion_ie_support":""},"product_cat":[22],"product_tag":[],"translation":{"provider":"WPGlobus","version":"3.0.1","language":"es","enabled_languages":["en","es","fr","ar","pt","it"],"languages":{"en":{"title":true,"content":true,"excerpt":false},"es":{"title":false,"content":true,"excerpt":false},"fr":{"title":false,"content":true,"excerpt":false},"ar":{"title":false,"content":true,"excerpt":false},"pt":{"title":false,"content":true,"excerpt":false},"it":{"title":false,"content":true,"excerpt":false}}},"_links":{"self":[{"href":"https:\/\/www.serrarpharma.com\/es\/wp-json\/wp\/v2\/product\/7718"}],"collection":[{"href":"https:\/\/www.serrarpharma.com\/es\/wp-json\/wp\/v2\/product"}],"about":[{"href":"https:\/\/www.serrarpharma.com\/es\/wp-json\/wp\/v2\/types\/product"}],"wp:featuredmedia":[{"embeddable":true,"href":"https:\/\/www.serrarpharma.com\/es\/wp-json\/wp\/v2\/media\/8589"}],"wp:attachment":[{"href":"https:\/\/www.serrarpharma.com\/es\/wp-json\/wp\/v2\/media?parent=7718"}],"wp:term":[{"taxonomy":"product_cat","embeddable":true,"href":"https:\/\/www.serrarpharma.com\/es\/wp-json\/wp\/v2\/product_cat?post=7718"},{"taxonomy":"product_tag","embeddable":true,"href":"https:\/\/www.serrarpharma.com\/es\/wp-json\/wp\/v2\/product_tag?post=7718"}],"curies":[{"name":"wp","href":"https:\/\/api.w.org\/{rel}","templated":true}]}}