{"id":7713,"date":"2020-06-05T02:09:24","date_gmt":"2020-06-05T02:09:24","guid":{"rendered":"https:\/\/www.serrarpharma.com\/?post_type=product&#038;p=7713"},"modified":"2025-02-01T23:16:13","modified_gmt":"2025-02-02T04:16:13","slug":"dr-serrar-bodyslim","status":"publish","type":"product","link":"https:\/\/www.serrarpharma.com\/es\/product\/dr-serrar-bodyslim\/","title":{"rendered":"BODYSLIM"},"content":{"rendered":"<p><img loading=\"lazy\" class=\"alignnone wp-image-11896\" src=\"https:\/\/i0.wp.com\/www.serrarpharma.com\/wp-content\/uploads\/2021\/05\/Quality-Labels-US-09.png?resize=70%2C70&#038;ssl=1\" alt=\"\" width=\"70\" height=\"70\" data-recalc-dims=\"1\" \/><img loading=\"lazy\" class=\"alignnone wp-image-11370\" src=\"https:\/\/i0.wp.com\/www.serrarpharma.com\/wp-content\/uploads\/2021\/04\/GMP.png?resize=70%2C70&#038;ssl=1\" alt=\"\" width=\"70\" height=\"70\" srcset=\"https:\/\/i0.wp.com\/www.serrarpharma.com\/wp-content\/uploads\/2021\/04\/GMP.png?w=150&amp;ssl=1 150w, https:\/\/i0.wp.com\/www.serrarpharma.com\/wp-content\/uploads\/2021\/04\/GMP.png?resize=100%2C100&amp;ssl=1 100w\" sizes=\"(max-width: 70px) 100vw, 70px\" data-recalc-dims=\"1\" \/><img loading=\"lazy\" class=\"alignnone wp-image-11369\" src=\"https:\/\/i0.wp.com\/www.serrarpharma.com\/wp-content\/uploads\/2021\/04\/Nongmo.png?resize=70%2C70&#038;ssl=1\" alt=\"\" width=\"70\" height=\"70\" srcset=\"https:\/\/i0.wp.com\/www.serrarpharma.com\/wp-content\/uploads\/2021\/04\/Nongmo.png?w=150&amp;ssl=1 150w, https:\/\/i0.wp.com\/www.serrarpharma.com\/wp-content\/uploads\/2021\/04\/Nongmo.png?resize=100%2C100&amp;ssl=1 100w\" sizes=\"(max-width: 70px) 100vw, 70px\" data-recalc-dims=\"1\" \/><img loading=\"lazy\" class=\"alignnone wp-image-11799\" src=\"https:\/\/i0.wp.com\/www.serrarpharma.com\/wp-content\/uploads\/2021\/04\/ISO-07.png?resize=70%2C70&#038;ssl=1\" alt=\"\" width=\"70\" height=\"70\" srcset=\"https:\/\/i0.wp.com\/www.serrarpharma.com\/wp-content\/uploads\/2021\/04\/ISO-07.png?resize=300%2C300&amp;ssl=1 300w, https:\/\/i0.wp.com\/www.serrarpharma.com\/wp-content\/uploads\/2021\/04\/ISO-07.png?resize=150%2C150&amp;ssl=1 150w, https:\/\/i0.wp.com\/www.serrarpharma.com\/wp-content\/uploads\/2021\/04\/ISO-07.png?resize=100%2C100&amp;ssl=1 100w, https:\/\/i0.wp.com\/www.serrarpharma.com\/wp-content\/uploads\/2021\/04\/ISO-07.png?w=418&amp;ssl=1 418w\" sizes=\"(max-width: 70px) 100vw, 70px\" data-recalc-dims=\"1\" \/><\/p>\n<p>Anticelulitis &#8211; reafirmante<br \/>\nNutre la piel durante el embarazo<br \/>\nMejora la apariencia de cicatrices e Estr\u00edas<br \/>\nEvita la agrupaci\u00f3n C\u00e9lulas grasas<\/p>\n<p>El Dr. SERRAR<sup>\u00ae<\/sup> producto para el cuidado de la piel es su mejor aliado. Un verdadero impulso si decides tomar el control de tu peso. Es una marca cuyos tratamientos contra la celulitis y la piel de naranja se preparan seg\u00fan los par\u00e1metros para la protecci\u00f3n contra el almacenamiento de grasa y la flacidez de la piel.<br \/>\nPara deshacerse de los kilos de m\u00e1s, no hay una soluci\u00f3n r\u00e1pida. Debe seguir el programa ZinaCal: comer sano, hacer ejercicio y dormir lo suficiente. Pero quien dice kilos de m\u00e1s tambi\u00e9n dice celulitis, capitones, c\u00e1scara de naranja &#8230; Una comida saludable y actividades f\u00edsicas no son suficientes para combatir este flagelo, conocido por todas las mujeres, ya sean delgadas o redondas. Para eliminar estos grumos de grasa que se forman debajo de la piel, hemos desarrollado dos tipos de crema, dependiendo de su intenci\u00f3n y su problema.<\/p>\n<p>En el caso de tejido adiposo demasiado grueso con piel fl\u00e1cida, elija una crema reductora de lipo BODYSLIM que evitar\u00e1 que la grasa se aloje en el tejido adiposo o disminuya.<br \/>\nPara la celulitis, que se caracteriza por una apariencia de piel de naranja en las \u00e1reas femeninas (abdomen, caderas, muslos, abdomen, gl\u00fateos y, a veces, en el interior de los brazos), elija una crema anti-agua o drenante BODYLIFT. Porque la celulitis siempre va acompa\u00f1ada de retenci\u00f3n de agua y mala circulaci\u00f3n.<\/p>\n<p>Para las pieles que han perdido su elasticidad, con piel anaranjada, mala circulaci\u00f3n y tejido suelto, elija una crema BODYLIFT reafirmante y drenante.<\/p>\n<p>ELECCI\u00d3N DE LA CREMA Adelgazante.<br \/>\nLas cremas adelgazantes BODYSLIM + BODYLIFT se utilizan sobre todo para esculpir su cuerpo al reafirmarlo. Tambi\u00e9n suavizan los hoyuelos, la c\u00e1scara de naranja y reducen la grasa.<\/p>\n<p>La crema BODYLIFT a menudo act\u00faa sobre la &#8220;retenci\u00f3n de agua&#8221; que se observa en ciertas celulitis. Por lo tanto, hay mujeres que est\u00e1n m\u00e1s satisfechas que otras: las que tienen problemas venosos, piernas pesadas, tienen una porci\u00f3n de agua en sus pantalones que se puede mejorar con BODYLIFT y con masajes.<\/p>\n<p>La crema adelgazante BODYSLIM tiene la propiedad de suavizar y reestructurar el tejido adiposo excesivamente grueso mientras hidrata la piel. Gracias a su composici\u00f3n rica en vitaminas y oligoelementos, BODYSLIM tiene muchas propiedades: reactivaci\u00f3n de los intercambios metab\u00f3licos, remineralizaci\u00f3n y reafirmaci\u00f3n. Facilita la eliminaci\u00f3n de residuos y dep\u00f3sitos grasos.<\/p>\n<p>Para obtener un buen resultado, se recomienda aplicar la crema en forma de ligeros masajes circulares en la parte del cuerpo que desea remodelar. Ya sea en los muslos, las nalgas, las caderas o el est\u00f3mago, es importante hacer estos movimientos circulares de abajo hacia arriba. El masaje estimula la circulaci\u00f3n sangu\u00ednea y ayuda a borrar la apariencia de la c\u00e1scara de naranja. El drenaje de desechos t\u00f3xicos es, por lo tanto, m\u00e1s f\u00e1cil y r\u00e1pido. Adem\u00e1s, cuando masajeas, creas un peque\u00f1o gasto f\u00edsico, que ayuda a suavizar las fibras de col\u00e1geno y elastina. Los efectos de la crema BODYSLIM se optimizan.<\/p>\n<p>El uso diario de la crema BODYSLIM durante un m\u00ednimo de un mes le permitir\u00e1 observar un resultado positivo. Para un mayor resultado garantizado, es necesario aplicarlo ma\u00f1ana y tarde durante varios meses. Dos o tres meses son suficientes para convencerse.<br \/>\nEficiencia.<\/p>\n<p>BODYSLIM solo es efectivo adem\u00e1s de otras acciones. No es un tratamiento de choque. Si, al mismo tiempo, come un exceso de grasa y az\u00facar, el efecto de la crema ser\u00e1 cero. Una crema adelgazante pr\u00e1cticamente no tiene efecto por s\u00ed sola. Por otro lado, en el contexto de un programa de adelgazamiento y anticelul\u00edtico ZinaCal, uno puede comenzar a ver los efectos despu\u00e9s de 15 d\u00edas.<br \/>\nLos tres elementos complementarios de la dieta creamare, el ejercicio f\u00edsico y la relajaci\u00f3n, porque debes saber que las grasas relacionadas con el estr\u00e9s no son insignificantes.<\/p>\n<p><strong> Ingredientes: <\/strong><br \/>\nAgua, aceite de Persea Gratissima (aguacate), mantequilla de Butyrospermum Parkii (karit\u00e9), benzoato de alquilo C12-15, alcohol cetear\u00edlico, cafe\u00edna, fosfato de ascorbilo s\u00f3dico (vitamina C), alcohol behen\u00edlico, dimeticona, ciclopentasiloxano, polisorbato 60, pantenol (vitamina B5) , Fenoxietanol, d-alfa tocoferol (vitamina E), glicerina, \u00e1cido este\u00e1rico, metosulfato de behentrimonio, hialuronato de sodio (\u00e1cido hialur\u00f3nico), fragancia, butilenglicol, pentilenglicol, etilhexilglicerina, EDTA dis\u00f3dico, extracto de cloruro de sodio, cloruro de extracto de sodio, cloruro de extracto de sodio, cloruro de extracto de sodio.<\/p>\n<p><strong> INGREDIENTES CLAVE <\/strong><br \/>\nLa crema adelgazante BODYSLIM est\u00e1 compuesta en gran parte por el cuidado anticelul\u00edtico de la estrella de cafe\u00edna, es el ingrediente m\u00e1s importante porque permite la eliminaci\u00f3n de grasas. Cuanto mayor sea el nivel de cafe\u00edna, m\u00e1s efectiva ser\u00e1 la crema adelgazante. Adem\u00e1s de la cafe\u00edna, BODYSLIM tambi\u00e9n contiene otros ingredientes que son agentes de reestructuraci\u00f3n activos, que estimulan la actividad celular, tonifican el tejido graso y evitan que las c\u00e9lulas almacenen grasa, lo que ayudar\u00e1 a desalojarla y quemarla gracias a los ingredientes del &#8220;quemador de grasa&#8221;. Adem\u00e1s, el col\u00e1geno y otros ingredientes ayudan a eliminar la grasa almacenada y evitan la formaci\u00f3n de nueva redondez y ayudan a reafirmar la piel y darle una apariencia m\u00e1s lisa y uniforme.La acci\u00f3n de la crema tiene lugar gracias a estas diversas mol\u00e9culas que act\u00faan sobre los receptores de las c\u00e9lulas grasas al evitar la transformaci\u00f3n de pre-adipocitos en adipocitos. La s\u00edntesis de fibras de soporte mejora as\u00ed la firmeza de la piel.<\/p>\n<h5>\u00bfPor qu\u00e9 elegir Dr. SERRAR<sup>\u00ae<\/sup> BODYSLIM?<\/h5>\n<p>El Dr. SERRAR<sup>\u00ae<\/sup> BODYSLIM anticelul\u00edtico y reafirmante se fabrican de acuerdo con los m\u00e1s altos est\u00e1ndares en la industria farmac\u00e9utica. Utilizan los beneficios naturales de la cafe\u00edna y los ingredientes avanzados para reafirmar y tonificar su piel. Elimina la apariencia de la celulitis mientras embellece su piel a trav\u00e9s de la nutrici\u00f3n del aceite de coco.<\/p>\n<div class=\"productlist\">M\u00c1S ALTA CALIDAD Hecho en EE. UU.<br \/>\nInstalaciones certificadas por la FDA<br \/>\nGood Manufacturing Practice (GMP) es un conjunto de estrictas regulaciones farmac\u00e9uticas que aseguran que los complementos alimenticios se fabriquen y controlen con un alto nivel que sea adecuado para su uso.<br \/>\nSin soja, sin gluten, certificado kosher, sin l\u00e1cteos, sin leche, nueces de \u00e1rbol, man\u00ed, mariscos, soja. Tambi\u00e9n libre de levadura, cebada, arroz, sodio y az\u00facar.<br \/>\nM\u00e1xima eficiencia<br \/>\nTodo de origen natural<br \/>\nHecho con ingredientes hipoalerg\u00e9nicos<\/div>\n<p><strong> Indicaciones <\/strong><br \/>\nReafirmante, adelgazante e hidratante: BODYSLIM puede ayudar a reconstruir el col\u00e1geno y la elasticidad de la piel. El uso regular hace que su piel se rejuvenezca, ya que esto es muy importante para una piel sana. Nuestro nuevo gel reafirmante corporal est\u00e1 dise\u00f1ado como un poderoso removedor de celulitis para tensar la piel para que pueda lograr un cutis suave y sin esfuerzo con un m\u00ednimo esfuerzo.<\/p>\n<p><strong> RECOMENDACI\u00d3N DE PRUEBA DE PARCHE <\/strong><br \/>\nEste es un BODYSLIM CONCENTRADO y POTENTE que contiene ingredientes activos a base de plantas que pueden causar irritaci\u00f3n de la piel o brotes para las personas con alergias. Es IMPORTANTE que realice una prueba de parche del producto * al menos 24-48 * horas antes de la aplicaci\u00f3n regular para garantizar que el producto se ajuste bien a su piel.<\/p>\n<p><strong> Aplicaci\u00f3n <\/strong><br \/>\nPara la aplicaci\u00f3n en el est\u00f3mago: masajee con movimientos circulares en el sentido de las agujas del reloj, mientras penetra la crema.<br \/>\nPara las piernas: sube desde la rodilla hasta la parte superior del muslo, haciendo c\u00edrculos peque\u00f1os.<br \/>\nPara caderas y gl\u00fateos: coloque las manos planas a cada lado de la pelvis y haga grandes movimientos circulares presionando suavemente, luego m\u00e1s y m\u00e1s fuerte, subiendo hacia la cintura.<br \/>\nPara los brazos: masajee desde el codo hasta los hombros, enfatizando el interior del brazo.<\/p>\n<p><strong> TENGA EN CUENTA: <\/strong><br \/>\nPara que la crema sea lo m\u00e1s efectiva posible, se recomienda exfoliar regularmente la piel, ya que esto la libera de la suciedad peque\u00f1a que obstruir\u00e1 los poros.<br \/>\nLa aplicaci\u00f3n del producto, seguida de actividad f\u00edsica, le permite quemar grasa y evitar reponer existencias. Tambi\u00e9n obtendr\u00e1 una piel m\u00e1s armoniosa que habr\u00e1 recuperado toda su firmeza.<\/p>\n<p>Una dieta sana y equilibrada no debe pasarse por alto. Beber al menos 1,5 litros de agua al d\u00eda.<br \/>\nAplique la crema adelgazante y masajee despu\u00e9s de una ducha o ba\u00f1o caliente. La temperatura y la hidrataci\u00f3n son dos elementos que promueven la penetraci\u00f3n transcut\u00e1nea.<br \/>\nEs mejor evitar aplicarlos sobre la piel sensible (atopia, alergias conocidas a ciertos excipientes, etc.) y sobre cualquier piel da\u00f1ada, ya sea una cicatriz reciente, quemaduras solares, una placa de psoriasis &#8230;<\/p>\n<p>Puede mejorar el efecto de la crema adelgazante agregando unas gotas de aceites esenciales drenantes al agua del ba\u00f1o. Tambi\u00e9n insista con el cabezal de la ducha en las partes afectadas alternando chorros de agua fr\u00eda y caliente.<\/p>\n<p>La crema BODYSLIM de Dr. SERRAR<sup>\u00ae<\/sup> es una marca potente pero segura y probada. Trabajamos con laboratorios en Canad\u00e1 y Estados Unidos para desarrollar nuestros productos. Cada producto que lanzamos est\u00e1 desarrollado para ser lo m\u00e1s poderoso posible, con el fin de ofrecer el m\u00e1ximo efecto sin dejar de ser dermatol\u00f3gicamente seguro para su piel.<\/p>\n<p><strong> Advertencia: <\/strong><br \/>\nDetente ante el m\u00e1s m\u00ednimo cambio o reacci\u00f3n. Si es necesario, consulte a un profesional m\u00e9dico o informaci\u00f3n de salud en caso de reacci\u00f3n al\u00e9rgica.<br \/>\nToda la piel es diferente y reacciona de manera diferente al mismo cosm\u00e9tico. No proporcionamos asesoramiento personalizado, no conocemos su piel.<br \/>\nPara cualquier consejo personal, especialmente si est\u00e1 recibiendo tratamiento m\u00e9dico: consulte a su m\u00e9dico o dermat\u00f3logo.<br \/>\nNunca cambie un tratamiento prescrito en funci\u00f3n de lo que lee en Internet.<\/p>\n<p>&nbsp;<\/p>\n<p><span style=\"color: #005890;\"><strong><span class=\"VIiyi\" lang=\"es\"><span class=\"JLqJ4b ChMk0b\" data-language-for-alternatives=\"es\" data-language-to-translate-into=\"en\" data-phrase-index=\"1\">HECHO EN USA \u00a0\u00a0 |<\/span> \u00a0\u00a0 <span class=\"JLqJ4b ChMk0b\" data-language-for-alternatives=\"es\" data-language-to-translate-into=\"en\" data-phrase-index=\"2\">CERTIFICADO GMP\u00a0\u00a0\u00a0 |<\/span> \u00a0\u00a0 <span class=\"JLqJ4b ChMk0b\" data-language-for-alternatives=\"es\" data-language-to-translate-into=\"en\" data-phrase-index=\"3\">NO OGM \u00a0\u00a0 |<\/span> \u00a0\u00a0 <span class=\"JLqJ4b ChMk0b\" data-language-for-alternatives=\"es\" data-language-to-translate-into=\"en\" data-phrase-index=\"4\">LABORATORIO CERTIFICADO ISO 17025<\/span><\/span><\/strong><\/span><\/p>\n","protected":false},"excerpt":{"rendered":"<p>Anticelulitis &#8211; reafirmante Nutre la piel durante el embarazo Mejora la apariencia de cicatrices e Estr\u00edas Evita la agrupaci\u00f3n C\u00e9lulas grasas El Dr. SERRAR\u00ae producto para el cuidado de la piel es su mejor aliado. Un verdadero impulso si decides tomar el control de tu peso. Es una marca cuyos tratamientos contra la celulitis y [&hellip;]<\/p>\n","protected":false},"featured_media":8401,"template":"","meta":{"hide_page_title":"","_coblocks_attr":"","_coblocks_dimensions":"","_coblocks_responsive_height":"","_coblocks_accordion_ie_support":""},"product_cat":[21],"product_tag":[],"translation":{"provider":"WPGlobus","version":"3.0.1","language":"es","enabled_languages":["en","es","fr","ar","pt","it"],"languages":{"en":{"title":true,"content":true,"excerpt":false},"es":{"title":false,"content":true,"excerpt":false},"fr":{"title":false,"content":true,"excerpt":false},"ar":{"title":false,"content":true,"excerpt":false},"pt":{"title":false,"content":true,"excerpt":false},"it":{"title":false,"content":true,"excerpt":false}}},"_links":{"self":[{"href":"https:\/\/www.serrarpharma.com\/es\/wp-json\/wp\/v2\/product\/7713"}],"collection":[{"href":"https:\/\/www.serrarpharma.com\/es\/wp-json\/wp\/v2\/product"}],"about":[{"href":"https:\/\/www.serrarpharma.com\/es\/wp-json\/wp\/v2\/types\/product"}],"wp:featuredmedia":[{"embeddable":true,"href":"https:\/\/www.serrarpharma.com\/es\/wp-json\/wp\/v2\/media\/8401"}],"wp:attachment":[{"href":"https:\/\/www.serrarpharma.com\/es\/wp-json\/wp\/v2\/media?parent=7713"}],"wp:term":[{"taxonomy":"product_cat","embeddable":true,"href":"https:\/\/www.serrarpharma.com\/es\/wp-json\/wp\/v2\/product_cat?post=7713"},{"taxonomy":"product_tag","embeddable":true,"href":"https:\/\/www.serrarpharma.com\/es\/wp-json\/wp\/v2\/product_tag?post=7713"}],"curies":[{"name":"wp","href":"https:\/\/api.w.org\/{rel}","templated":true}]}}