{"id":7701,"date":"2020-06-05T01:12:05","date_gmt":"2020-06-05T05:12:05","guid":{"rendered":"https:\/\/www.serrarpharma.com\/?post_type=product&#038;p=7701"},"modified":"2024-08-21T21:11:17","modified_gmt":"2024-08-22T01:11:17","slug":"dr-serrar-bodylift","status":"publish","type":"product","link":"https:\/\/www.serrarpharma.com\/es\/product\/dr-serrar-bodylift\/","title":{"rendered":"BODYLIFT"},"content":{"rendered":"<p><img loading=\"lazy\" class=\"alignnone wp-image-11371\" src=\"https:\/\/i0.wp.com\/www.serrarpharma.com\/wp-content\/uploads\/2021\/04\/Made-in-CA.png?resize=70%2C70&#038;ssl=1\" alt=\"\" width=\"70\" height=\"70\" srcset=\"https:\/\/i0.wp.com\/www.serrarpharma.com\/wp-content\/uploads\/2021\/04\/Made-in-CA.png?w=150&amp;ssl=1 150w, https:\/\/i0.wp.com\/www.serrarpharma.com\/wp-content\/uploads\/2021\/04\/Made-in-CA.png?resize=100%2C100&amp;ssl=1 100w\" sizes=\"(max-width: 70px) 100vw, 70px\" data-recalc-dims=\"1\" \/><img loading=\"lazy\" class=\"alignnone wp-image-11370\" src=\"https:\/\/i0.wp.com\/www.serrarpharma.com\/wp-content\/uploads\/2021\/04\/GMP.png?resize=70%2C70&#038;ssl=1\" alt=\"\" width=\"70\" height=\"70\" srcset=\"https:\/\/i0.wp.com\/www.serrarpharma.com\/wp-content\/uploads\/2021\/04\/GMP.png?w=150&amp;ssl=1 150w, https:\/\/i0.wp.com\/www.serrarpharma.com\/wp-content\/uploads\/2021\/04\/GMP.png?resize=100%2C100&amp;ssl=1 100w\" sizes=\"(max-width: 70px) 100vw, 70px\" data-recalc-dims=\"1\" \/><img loading=\"lazy\" class=\"alignnone wp-image-11369\" src=\"https:\/\/i0.wp.com\/www.serrarpharma.com\/wp-content\/uploads\/2021\/04\/Nongmo.png?resize=70%2C70&#038;ssl=1\" alt=\"\" width=\"70\" height=\"70\" srcset=\"https:\/\/i0.wp.com\/www.serrarpharma.com\/wp-content\/uploads\/2021\/04\/Nongmo.png?w=150&amp;ssl=1 150w, https:\/\/i0.wp.com\/www.serrarpharma.com\/wp-content\/uploads\/2021\/04\/Nongmo.png?resize=100%2C100&amp;ssl=1 100w\" sizes=\"(max-width: 70px) 100vw, 70px\" data-recalc-dims=\"1\" \/><img loading=\"lazy\" class=\"alignnone wp-image-11799\" src=\"https:\/\/i0.wp.com\/www.serrarpharma.com\/wp-content\/uploads\/2021\/04\/ISO-07.png?resize=70%2C70&#038;ssl=1\" alt=\"\" width=\"70\" height=\"70\" srcset=\"https:\/\/i0.wp.com\/www.serrarpharma.com\/wp-content\/uploads\/2021\/04\/ISO-07.png?resize=300%2C300&amp;ssl=1 300w, https:\/\/i0.wp.com\/www.serrarpharma.com\/wp-content\/uploads\/2021\/04\/ISO-07.png?resize=150%2C150&amp;ssl=1 150w, https:\/\/i0.wp.com\/www.serrarpharma.com\/wp-content\/uploads\/2021\/04\/ISO-07.png?resize=100%2C100&amp;ssl=1 100w, https:\/\/i0.wp.com\/www.serrarpharma.com\/wp-content\/uploads\/2021\/04\/ISO-07.png?w=418&amp;ssl=1 418w\" sizes=\"(max-width: 70px) 100vw, 70px\" data-recalc-dims=\"1\" \/><\/p>\n<p>Anticelulitis<br \/>\nMejora la mala circulaci\u00f3n sangu\u00ednea<br \/>\nCalma &#8211; Descongesti\u00f3n<br \/>\nDisminuye la retenci\u00f3n de agua<br \/>\nPiernas ligeras<\/p>\n<p>Los productos para el cuidado de la piel Dr. SERRAR<sup>\u00ae<\/sup> son su mejor aliado. Un verdadero impulso si decides tomar el control de tu peso. Es una marca cuyos tratamientos contra la celulitis y la piel de naranja se preparan seg\u00fan los par\u00e1metros para la protecci\u00f3n contra el almacenamiento de grasa y la flacidez de la piel.<br \/>\nPara deshacerse de los kilos de m\u00e1s, no hay una soluci\u00f3n r\u00e1pida. Debe seguir el programa ZinaCal: comer sano, hacer ejercicio y dormir lo suficiente. Pero quien dice kilos de m\u00e1s tambi\u00e9n dice celulitis, capitones, c\u00e1scara de naranja &#8230; Una comida saludable y actividades f\u00edsicas no son suficientes para combatir este flagelo, conocido por todas las mujeres, ya sean delgadas o redondas. Para eliminar estos grumos de grasa que se forman debajo de la piel, hemos desarrollado dos tipos de crema, dependiendo de su intenci\u00f3n y su problema.<\/p>\n<p>En el caso de tejido adiposo demasiado grueso con piel fl\u00e1cida, elija una crema reductora de lipo BODYSLIM que evitar\u00e1 que la grasa se aloje en el tejido adiposo o disminuya.<br \/>\nPara la celulitis, que se caracteriza por una apariencia de piel de naranja en las \u00e1reas femeninas (abdomen, caderas, muslos, abdomen, gl\u00fateos y, a veces, en el interior de los brazos), elija una crema anti-agua o drenante BODYLIFT. Porque la celulitis siempre va acompa\u00f1ada de retenci\u00f3n de agua y mala circulaci\u00f3n.<\/p>\n<p>Para las pieles que han perdido su elasticidad, con piel anaranjada, mala circulaci\u00f3n y tejido suelto, elija una crema BODYLIFT reafirmante y drenante.<\/p>\n<p>ELECCI\u00d3N DE CREMA Adelgazante<br \/>\nLas cremas adelgazantes BODYSLIM &amp; BODYLIFT se utilizan sobre todo para esculpir su cuerpo al reafirmarlo. Tambi\u00e9n suavizan los hoyuelos, la c\u00e1scara de naranja y reducen la grasa.<\/p>\n<p>La crema BODYLIFT a menudo act\u00faa sobre la &#8220;retenci\u00f3n de agua&#8221; que se observa en ciertas celulitis. Por lo tanto, hay mujeres que est\u00e1n m\u00e1s satisfechas que otras: las que tienen problemas venosos, piernas pesadas, tienen una porci\u00f3n de agua en sus pantalones que se puede mejorar con BODYLIFT y con masajes.<br \/>\nPara obtener un buen resultado, se recomienda aplicar la crema en forma de ligeros masajes circulares en la parte del cuerpo que desea remodelar. Ya sea en los muslos, las nalgas, las caderas o el est\u00f3mago, es importante hacer estos movimientos circulares de abajo hacia arriba. El masaje estimula la circulaci\u00f3n sangu\u00ednea y ayuda a borrar la apariencia de la c\u00e1scara de naranja. El drenaje de desechos t\u00f3xicos es, por lo tanto, m\u00e1s f\u00e1cil y r\u00e1pido. Adem\u00e1s, cuando masajeas, creas un peque\u00f1o gasto f\u00edsico, que ayuda a suavizar las fibras de col\u00e1geno y elastina. Los efectos de la crema BODYLIFT se optimizan.<\/p>\n<p>El uso diario de la crema BODYLIFT durante un m\u00ednimo de un mes le permitir\u00e1 observar un resultado positivo. Para un mayor resultado garantizado, es necesario aplicarlo ma\u00f1ana y tarde durante varios meses. Dos o tres meses son suficientes para convencerse.<\/p>\n<p><strong> Eficiencia <\/strong><br \/>\nBODYLIFT solo es efectivo adem\u00e1s de otras acciones. No es un tratamiento de choque. Si, al mismo tiempo, come un exceso de grasa y az\u00facar, el efecto de la crema ser\u00e1 cero. Una crema adelgazante pr\u00e1cticamente no tiene efecto por s\u00ed sola. Por otro lado, en el contexto de un programa de adelgazamiento y anticelul\u00edtico ZinaCal, uno puede comenzar a ver los efectos despu\u00e9s de 15 d\u00edas.<br \/>\nLos tres elementos complementarios de la dieta creamare, el ejercicio f\u00edsico y la relajaci\u00f3n, porque debes saber que las grasas relacionadas con el estr\u00e9s no son insignificantes.<\/p>\n<p>Este producto ha sido especialmente formulado para responder favorablemente, sin el riesgo de intolerancia, a los tratamientos destinados a mejorar la apariencia de BODYLIFT, hidratar, suavizar y proteger la piel contra la acci\u00f3n del agua pesada y el estilo de vida. Este producto se basa en ingredientes naturales de muy alta calidad que han demostrado en cosm\u00e9tica su efectividad y raz\u00f3n de ser.<\/p>\n<p>Gel-crema sin perfume que contiene extractos de casta\u00f1o de indias y hiedra, as\u00ed como mucopolisac\u00e1ridos, que ayudan a retrasar la formaci\u00f3n de edema local, eliminan el agua y promueven el drenaje. BODYLIFT tambi\u00e9n tiene una acci\u00f3n descongestionante y tonificante, fluidifica las grasas subcut\u00e1neas y participa en la eliminaci\u00f3n de las grasas en la capa de la piel. Recomendado en el caso de celulitis, sobrecarga grasa o grasa en caderas, muslos, cintura y tobillos.<\/p>\n<p><strong> Ingredientes: <\/strong><br \/>\nAguamarina, escualano, sorbitol, \u00e1cido este\u00e1rico, propilenglicol, extracto de semilla de aesculus hippocastanum (casta\u00f1o de indias), agua (y) extracto de hedera helix (hiedra), miristato de isopropilo, metilparabeno, propilparabeno, alcohol cet\u00edlico, glicoaminoglicano, grietanolamina, trietanolamina, trietanolamina, trietanolamina, trietanolamina Sorbato, Caramelo, Fragancia<\/p>\n<p><strong> INGREDIENTES CLAVE <\/strong><\/p>\n<p><strong> Extracto de casta\u00f1o de indias <\/strong><br \/>\nAprieta los poros grandes, act\u00faa sobre los poros obstruidos. Estimula la circulaci\u00f3n sangu\u00ednea de las capas perif\u00e9ricas de la piel. Antis\u00e9ptico y astringente, calmante y descongestionante.<\/p>\n<p><strong> Mucopolisac\u00e1ridos <\/strong><br \/>\nAyuda a liberar el agua atrapada en el tejido. Combinado con ingredientes que facilitan la movilizaci\u00f3n de las grasas, es un producto que se utiliza para combatir la celulitis.<\/p>\n<h5>\u00bfPor qu\u00e9 elegir Dr. SERRAR<sup>\u00ae<\/sup> BODYLIFT?<\/h5>\n<p>SerrarPharma BODYLIFT anti celulitis y anti edema, se fabrican de acuerdo con los m\u00e1s altos est\u00e1ndares en la industria farmac\u00e9utica. Utilizan los beneficios naturales del extracto de casta\u00f1o de indias, mucopolisac\u00e1ridos e ingredientes avanzados. Estimula la circulaci\u00f3n sangu\u00ednea de las capas perif\u00e9ricas de la piel, es calmante y act\u00faa como descongestionante. Ayuda a liberar el agua atrapada en el tejido, combinada con ingredientes que facilitan la movilizaci\u00f3n de las grasas, es un producto que se utiliza para combatir la celulitis.<\/p>\n<div class=\"productlist\">M\u00c1S ALTA CALIDAD Hecho en EE. UU.<br \/>\nInstalaciones certificadas por la FDA<br \/>\nGood Manufacturing Practice (GMP) es un conjunto de estrictas regulaciones farmac\u00e9uticas que aseguran que los complementos alimenticios se fabriquen y controlen con un alto nivel que sea adecuado para su uso.<br \/>\nSin soja, sin gluten, certificado kosher, sin l\u00e1cteos, sin leche, nueces de \u00e1rbol, man\u00ed, mariscos, soja. Tambi\u00e9n libre de levadura, cebada, arroz, sodio y az\u00facar.<br \/>\nM\u00e1xima eficiencia<br \/>\nTodas las fuentes naturales.<br \/>\nHecho con ingredientes hipoalerg\u00e9nicos<\/div>\n<p><strong> Indicaciones <\/strong><br \/>\nCELULITA, ADELGAZANTE, HIDRATANTE, EDEMA: BODYLIFT estimula la circulaci\u00f3n sangu\u00ednea de las capas perif\u00e9ricas de la piel, es calmante y act\u00faa como descongestionante. Ayuda a liberar el agua atrapada en el tejido. Combinado con ingredientes que facilitan la movilizaci\u00f3n de las grasas, es un producto que se utiliza para combatir la celulitis.<\/p>\n<p><strong> RECOMENDACI\u00d3N DE PRUEBA DE PARCHE <\/strong><br \/>\nEste es un BODYLIFT CONCENTRADO y POTENTE que contiene ingredientes activos de origen vegetal que pueden causar irritaci\u00f3n de la piel o brotes para las personas con alergias. Es IMPORTANTE que realice una prueba de parche del producto * al menos 24-48 * horas antes de la aplicaci\u00f3n regular para garantizar que el producto se ajuste bien a su piel.<\/p>\n<p><strong> Aplicaci\u00f3n <\/strong><br \/>\nPara la aplicaci\u00f3n en el est\u00f3mago: masajee con movimientos circulares en el sentido de las agujas del reloj, mientras penetra la crema.<br \/>\nPara las piernas: sube desde la rodilla hasta la parte superior del muslo, haciendo c\u00edrculos peque\u00f1os.<br \/>\nPara caderas y gl\u00fateos: coloque las manos planas a cada lado de la pelvis y haga grandes movimientos circulares presionando suavemente, luego m\u00e1s y m\u00e1s fuerte, subiendo hacia la cintura.<br \/>\nPara los brazos: masajee desde el codo hasta los hombros, enfatizando el interior del brazo.<\/p>\n<p><strong> TENGA EN CUENTA: <\/strong><br \/>\nPara que la crema sea lo m\u00e1s efectiva posible, se recomienda exfoliar regularmente la piel, ya que esto la libera de la suciedad peque\u00f1a que obstruir\u00e1 los poros.<br \/>\nLa aplicaci\u00f3n del producto, seguida de actividad f\u00edsica, le permite quemar grasa y evitar reponer existencias. Tambi\u00e9n obtendr\u00e1 una piel m\u00e1s armoniosa que habr\u00e1 recuperado toda su firmeza.<br \/>\nUna dieta sana y equilibrada no debe pasarse por alto. Beber al menos 1,5 litros de agua al d\u00eda.<br \/>\nAplique la crema adelgazante y masajee despu\u00e9s de una ducha o ba\u00f1o caliente. La temperatura y la hidrataci\u00f3n son dos elementos que promueven la penetraci\u00f3n transcut\u00e1nea.<br \/>\nEs mejor evitar aplicarlos sobre la piel sensible (atopia, alergias conocidas a ciertos excipientes, etc.) y sobre cualquier piel da\u00f1ada, ya sea una cicatriz reciente, quemaduras solares, una placa de psoriasis &#8230;<br \/>\nPuede mejorar el efecto de la crema adelgazante agregando unas gotas de aceites esenciales drenantes al agua del ba\u00f1o. Tambi\u00e9n insista con el cabezal de la ducha en las partes afectadas alternando chorros de agua fr\u00eda y caliente.<\/p>\n<p>La crema Dr. SERRAR<sup>\u00ae<\/sup> BODYLIFT es una marca potente pero segura y probada. Trabajamos con laboratorios en Canad\u00e1 y Estados Unidos para desarrollar nuestros productos. Cada producto que lanzamos est\u00e1 desarrollado para ser lo m\u00e1s poderoso posible, con el fin de ofrecer el m\u00e1ximo efecto sin dejar de ser dermatol\u00f3gicamente seguro para su piel.<\/p>\n<p><strong> Advertencia: <\/strong><br \/>\nDetente ante el m\u00e1s m\u00ednimo cambio o reacci\u00f3n. Si es necesario, consulte a un profesional m\u00e9dico o informaci\u00f3n de salud en caso de reacci\u00f3n al\u00e9rgica. Toda la piel es diferente y reacciona de manera diferente al mismo cosm\u00e9tico. No proporcionamos asesoramiento personalizado, no conocemos su piel. Para cualquier consejo personal, especialmente si est\u00e1 recibiendo tratamiento m\u00e9dico: consulte a su m\u00e9dico o dermat\u00f3logo. Nunca cambie un tratamiento prescrito en funci\u00f3n de lo que lee en Internet.<\/p>\n<p>&nbsp;<\/p>\n<p><span style=\"color: #005890;\"><strong><span class=\"VIiyi\" lang=\"es\"><span class=\"JLqJ4b ChMk0b\" data-language-for-alternatives=\"es\" data-language-to-translate-into=\"en\" data-phrase-index=\"1\">HECHO EN CANAD\u00c1 \u00a0\u00a0\u00a0\u00a0 |<\/span> \u00a0\u00a0\u00a0\u00a0 <span class=\"JLqJ4b ChMk0b\" data-language-for-alternatives=\"es\" data-language-to-translate-into=\"en\" data-phrase-index=\"2\">CERTIFICADO GMP \u00a0\u00a0\u00a0\u00a0 |<\/span> \u00a0\u00a0\u00a0\u00a0 <span class=\"JLqJ4b ChMk0b\" data-language-for-alternatives=\"es\" data-language-to-translate-into=\"en\" data-phrase-index=\"3\">NO OGM \u00a0\u00a0\u00a0\u00a0 |<\/span> \u00a0\u00a0\u00a0\u00a0 <span class=\"JLqJ4b ChMk0b\" data-language-for-alternatives=\"es\" data-language-to-translate-into=\"en\" data-phrase-index=\"4\">LABORATORIO CERTIFICADO ISO 17025<\/span><\/span><\/strong><\/span><\/p>\n","protected":false},"excerpt":{"rendered":"<p>Anticelulitis Mejora la mala circulaci\u00f3n sangu\u00ednea Calma &#8211; Descongesti\u00f3n Disminuye la retenci\u00f3n de agua Piernas ligeras Los productos para el cuidado de la piel Dr. SERRAR\u00ae son su mejor aliado. Un verdadero impulso si decides tomar el control de tu peso. Es una marca cuyos tratamientos contra la celulitis y la piel de naranja se [&hellip;]<\/p>\n","protected":false},"featured_media":8400,"template":"","meta":{"hide_page_title":"","_coblocks_attr":"","_coblocks_dimensions":"","_coblocks_responsive_height":"","_coblocks_accordion_ie_support":""},"product_cat":[21],"product_tag":[],"translation":{"provider":"WPGlobus","version":"3.0.1","language":"es","enabled_languages":["en","es","fr","ar","pt","it"],"languages":{"en":{"title":true,"content":true,"excerpt":false},"es":{"title":false,"content":true,"excerpt":false},"fr":{"title":false,"content":true,"excerpt":false},"ar":{"title":false,"content":true,"excerpt":false},"pt":{"title":false,"content":true,"excerpt":false},"it":{"title":false,"content":true,"excerpt":false}}},"_links":{"self":[{"href":"https:\/\/www.serrarpharma.com\/es\/wp-json\/wp\/v2\/product\/7701"}],"collection":[{"href":"https:\/\/www.serrarpharma.com\/es\/wp-json\/wp\/v2\/product"}],"about":[{"href":"https:\/\/www.serrarpharma.com\/es\/wp-json\/wp\/v2\/types\/product"}],"wp:featuredmedia":[{"embeddable":true,"href":"https:\/\/www.serrarpharma.com\/es\/wp-json\/wp\/v2\/media\/8400"}],"wp:attachment":[{"href":"https:\/\/www.serrarpharma.com\/es\/wp-json\/wp\/v2\/media?parent=7701"}],"wp:term":[{"taxonomy":"product_cat","embeddable":true,"href":"https:\/\/www.serrarpharma.com\/es\/wp-json\/wp\/v2\/product_cat?post=7701"},{"taxonomy":"product_tag","embeddable":true,"href":"https:\/\/www.serrarpharma.com\/es\/wp-json\/wp\/v2\/product_tag?post=7701"}],"curies":[{"name":"wp","href":"https:\/\/api.w.org\/{rel}","templated":true}]}}