{"id":7700,"date":"2020-06-05T02:35:57","date_gmt":"2020-06-05T02:35:57","guid":{"rendered":"https:\/\/www.serrarpharma.com\/?post_type=product&#038;p=7700"},"modified":"2025-02-01T23:16:12","modified_gmt":"2025-02-02T04:16:12","slug":"dr-serrar-eclat","status":"publish","type":"product","link":"https:\/\/www.serrarpharma.com\/es\/product\/dr-serrar-eclat\/","title":{"rendered":"ECLAT Collagen"},"content":{"rendered":"<p><img loading=\"lazy\" class=\"alignnone wp-image-11371\" src=\"https:\/\/i0.wp.com\/www.serrarpharma.com\/wp-content\/uploads\/2021\/04\/Made-in-CA.png?resize=70%2C70&#038;ssl=1\" alt=\"\" width=\"70\" height=\"70\" srcset=\"https:\/\/i0.wp.com\/www.serrarpharma.com\/wp-content\/uploads\/2021\/04\/Made-in-CA.png?w=150&amp;ssl=1 150w, https:\/\/i0.wp.com\/www.serrarpharma.com\/wp-content\/uploads\/2021\/04\/Made-in-CA.png?resize=100%2C100&amp;ssl=1 100w\" sizes=\"(max-width: 70px) 100vw, 70px\" data-recalc-dims=\"1\" \/><img loading=\"lazy\" class=\"alignnone wp-image-11370\" src=\"https:\/\/i0.wp.com\/www.serrarpharma.com\/wp-content\/uploads\/2021\/04\/GMP.png?resize=70%2C70&#038;ssl=1\" alt=\"\" width=\"70\" height=\"70\" srcset=\"https:\/\/i0.wp.com\/www.serrarpharma.com\/wp-content\/uploads\/2021\/04\/GMP.png?w=150&amp;ssl=1 150w, https:\/\/i0.wp.com\/www.serrarpharma.com\/wp-content\/uploads\/2021\/04\/GMP.png?resize=100%2C100&amp;ssl=1 100w\" sizes=\"(max-width: 70px) 100vw, 70px\" data-recalc-dims=\"1\" \/><img loading=\"lazy\" class=\"alignnone wp-image-11369\" src=\"https:\/\/i0.wp.com\/www.serrarpharma.com\/wp-content\/uploads\/2021\/04\/Nongmo.png?resize=70%2C70&#038;ssl=1\" alt=\"\" width=\"70\" height=\"70\" srcset=\"https:\/\/i0.wp.com\/www.serrarpharma.com\/wp-content\/uploads\/2021\/04\/Nongmo.png?w=150&amp;ssl=1 150w, https:\/\/i0.wp.com\/www.serrarpharma.com\/wp-content\/uploads\/2021\/04\/Nongmo.png?resize=100%2C100&amp;ssl=1 100w\" sizes=\"(max-width: 70px) 100vw, 70px\" data-recalc-dims=\"1\" \/><img loading=\"lazy\" class=\"alignnone wp-image-11799\" src=\"https:\/\/i0.wp.com\/www.serrarpharma.com\/wp-content\/uploads\/2021\/04\/ISO-07.png?resize=70%2C70&#038;ssl=1\" alt=\"\" width=\"70\" height=\"70\" srcset=\"https:\/\/i0.wp.com\/www.serrarpharma.com\/wp-content\/uploads\/2021\/04\/ISO-07.png?resize=300%2C300&amp;ssl=1 300w, https:\/\/i0.wp.com\/www.serrarpharma.com\/wp-content\/uploads\/2021\/04\/ISO-07.png?resize=150%2C150&amp;ssl=1 150w, https:\/\/i0.wp.com\/www.serrarpharma.com\/wp-content\/uploads\/2021\/04\/ISO-07.png?resize=100%2C100&amp;ssl=1 100w, https:\/\/i0.wp.com\/www.serrarpharma.com\/wp-content\/uploads\/2021\/04\/ISO-07.png?w=418&amp;ssl=1 418w\" sizes=\"(max-width: 70px) 100vw, 70px\" data-recalc-dims=\"1\" \/><\/p>\n<p>&nbsp;<\/p>\n<p>A base de col\u00e1geno<br \/>\nAnti arrugas<br \/>\nHidrata &#8211; Nutre<br \/>\nProtege &#8211; Revitaliza<br \/>\nIlumina &#8211; Reafirma<br \/>\nHecho con<br \/>\n<strong>Ingredientes hipoalerg\u00e9nicos<\/strong><br \/>\nDise\u00f1ado para todo tipo de piel<\/p>\n<p>Dr. SERRAR<sup>\u00ae<\/sup> Skin Care es una marca cuyos tratamientos antioxidantes e hidratantes se preparan seg\u00fan los par\u00e1metros para la protecci\u00f3n contra el envejecimiento atmosf\u00e9rico. Este \u00faltimo denota signos visibles de exposici\u00f3n a una variedad de agresores ambientales. Estos agresores incluyen rayos UV, radiaci\u00f3n infrarroja (IRA) y contaminaci\u00f3n. La investigaci\u00f3n muestra que la sobreexposici\u00f3n a estos agresores puede conducir al envejecimiento visible de la piel, y que el uso de antioxidantes t\u00f3picos puede ayudar a prevenir este efecto.<\/p>\n<p>Bajo el efecto de la edad y las condiciones clim\u00e1ticas, la piel pierde su elasticidad y luminosidad. Para superar estos inconvenientes, ofrecemos una gama de productos dise\u00f1ados para prevenir, ralentizar y corregir los primeros signos de envejecimiento de la piel.<\/p>\n<p>Los productos del Dr. SERRAR<sup>\u00ae<\/sup> Skin Care est\u00e1n preparados a partir de elementos bioestimulantes y extractos de plantas que suavizan, nutren e hidratan la piel mientras promueven el suministro de sangre epid\u00e9rmica. Tonifican y regeneran la piel y contribuyen a su salud y bienestar. Estos productos se recomiendan para todas las personas mayores de 21 a\u00f1os.<\/p>\n<p>El col\u00e1geno ECLAT te ayuda a combatir el envejecimiento de la piel. Ayuda a defender la piel contra el estr\u00e9s oxidativo y reduce las consecuencias de la exposici\u00f3n a la piel, la crema de col\u00e1geno ECLAT es un antioxidante antienvejecimiento, revitalizante e hidratante para ayudarlo a prevenir las arrugas y la barrera protectora de la piel.<\/p>\n<p>El col\u00e1geno ECLAT es una emulsi\u00f3n cremosa de color rosa p\u00e1lido con un delicado aroma a flores, que contiene col\u00e1geno, colibr\u00ed, elastina, alanto\u00edna. Estas sustancias naturales ayudan a la piel a mantener estas funciones generativas. Esta maravillosa crema de d\u00eda y de noche protege y suaviza, hidrata, nutre, revitaliza y previene la aparici\u00f3n de arrugas. Las ceramidas contenidas en esta crema sirven como vectores para col\u00e1geno y elastina. Evitan la acci\u00f3n de la elastasa que destruye estas mol\u00e9culas.<\/p>\n<p><strong>Col\u00e1geno:<\/strong><br \/>\nEl origen griego de la palabra col\u00e1geno, &#8220;kolla&#8221; significa pegamento.<br \/>\nDebido a su participaci\u00f3n directa en el envejecimiento de la piel, el col\u00e1geno se ha convertido en un ingrediente activo de elecci\u00f3n en la lucha contra el envejecimiento.<br \/>\nEl col\u00e1geno es la prote\u00edna m\u00e1s abundante en el cuerpo humano. Representa aproximadamente el 6% de nuestro peso total y aproximadamente el 65% de todas las prote\u00ednas fibrosas en el cuerpo. Es el componente esencial de la dermis. El col\u00e1geno est\u00e1 compuesto de fibras hechas por fibroblastos y se encuentra principalmente en el tejido conectivo. Tambi\u00e9n est\u00e1 presente en los huesos, cart\u00edlagos, ligamentos, tendones, cabello, donde act\u00faa como una especie de pegamento, asegurando la cohesi\u00f3n entre las c\u00e9lulas. Proporciona resistencia y elasticidad a la piel.<br \/>\nEl col\u00e1geno se renueva continuamente a lo largo de la vida. Pero a medida que envejece, su producci\u00f3n se deteriora. El col\u00e1geno producido es de menor calidad, pierde grosor y resistencia, lo que resulta en una p\u00e9rdida de elasticidad, tono y firmeza de los tejidos. Se estima que a partir de los 30 a\u00f1os, la p\u00e9rdida es de alrededor del 1% por a\u00f1o. Para frenar los efectos del envejecimiento, el col\u00e1geno se ha hecho un lugar en la cosm\u00e9tica.<br \/>\nEl col\u00e1geno participa proporcionalmente en el proceso de envejecimiento de la piel. Desempe\u00f1a un papel importante en la elasticidad y calidad de la dermis. En cosm\u00e9tica, se utiliza por su acci\u00f3n antienvejecimiento preventiva, regeneradora e hidratante.<\/p>\n<p>El col\u00e1geno da fuerza a las estructuras d\u00e9rmicas mientras las protege. Tambi\u00e9n est\u00e1 fuertemente involucrado en el proceso de curaci\u00f3n.<\/p>\n<p>El col\u00e1geno mejora la calidad de la piel y preserva su juventud. Utilizado en el cuidado para estimular la s\u00edntesis natural de col\u00e1geno para mejorar la firmeza, el tono y la elasticidad de la piel, todos estos marcadores determinantes en la piel joven o madura.<\/p>\n<p>El COL\u00c1GENO tiene un efecto tensor inmediato, ayuda a mantener la integridad estructural de los tejidos y limita la p\u00e9rdida de agua, luchando as\u00ed contra la sequedad de la piel y ayudando a mantener una buena calidad de la piel.<\/p>\n<p><strong> INGREDIENTES: <\/strong><br \/>\nAguamarina, \u00e1cido este\u00e1rico, cera de abejas, escualano, fenoxietanol (y) caprilglicol (y) etilhexilglicerina (y) hexilenglicol, propilenglicol, borat s\u00f3dico, glicerina, elastina, alanto\u00edna, col\u00e1geno, tocoferol, prunciso, aceite de almendra, dulce de batata, aceite de almendra dulce Bht, Dmdm hidanto\u00edna, agua (y) fosfol\u00edpidos (y) esfingol\u00edpidos, carb\u00f3mero, oleato de sorbit\u00e1n, trietanolamina, fragancia.<\/p>\n<p><strong> INGREDIENTES PRINCIPALES <\/strong><\/p>\n<p><strong>Col\u00e1geno:<\/strong><br \/>\nMejora la firmeza, la tonicidad y la elasticidad.<br \/>\nMejora la calidad de la piel y preserva su juventud.<br \/>\nAcci\u00f3n preventiva antienvejecimiento y regeneradora e hidratante.<br \/>\nInvolucrado en el proceso de curaci\u00f3n.<\/p>\n<p><strong>Elastina:<\/strong><br \/>\nFibra proteica que acompa\u00f1a al col\u00e1geno en el tejido conectivo. Despu\u00e9s del col\u00e1geno, la elastina es una de las escleroprote\u00ednas fibrosas m\u00e1s importantes del cuerpo. Su estructura en espiral le da a la piel su elasticidad. Apoya, refuerza y \u200b\u200bcompleta la acci\u00f3n del col\u00e1geno.<\/p>\n<p><strong>Alanto\u00edna:<\/strong><br \/>\nCura y promueve la proliferaci\u00f3n celular de la piel. Elimina el tejido necr\u00f3tico. Agente reparador y restaurador del epitelio. Es hidratante, suavizante, calmante y no irritante.<\/p>\n<p><strong>Ceramida:<\/strong><br \/>\nUtilizados como veh\u00edculo para el col\u00e1geno y la elastina, tienen un poder hidratante muy fuerte de las capas epid\u00e9rmicas superiores y evitan la acci\u00f3n el\u00e1stica que destruye estas dos mol\u00e9culas.<\/p>\n<p><strong>Robane: Squalane<\/strong><br \/>\nSustancia del aceite de oliva que es muy penetrante, que restaura y garantiza la flexibilidad y protege contra las irritaciones de la piel.<\/p>\n<h5>\u00bfPor qu\u00e9 elegir el col\u00e1geno Dr. SERRAR<sup>\u00ae<\/sup> ECLAT Collagen?<\/h5>\n<p>La crema de col\u00e1geno Dr. SERRAR<sup>\u00ae<\/sup> ECLAT Collagen se fabrica de acuerdo con los m\u00e1s altos est\u00e1ndares en la industria farmac\u00e9utica. Contienen col\u00e1geno avanzado, elastina, alanto\u00edna, roban. Estas sustancias naturales ayudan a la piel a mantener estas funciones generativas. Esta f\u00f3rmula avanzada dise\u00f1ada para atacar los signos m\u00e1s comunes del envejecimiento, incluyendo brillo, firmeza, l\u00edneas finas, arrugas, manchas oscuras y manchas solares.<\/p>\n<div class=\"productlist\">MAYOR CALIDAD. SIN GLUTEN. Hecho en Canad\u00e1.<br \/>\nGood Manufacturing Practice (GMP) es un conjunto de estrictas regulaciones farmac\u00e9uticas que aseguran que los complementos alimenticios se fabriquen y controlen con un alto nivel que sea adecuado para su uso.<br \/>\nSin soja, sin gluten, con certificaci\u00f3n kosher, sin l\u00e1cteos, sin leche, nueces, man\u00ed, mariscos, trigo y soja. Tambi\u00e9n libre de levadura, cebada, arroz, sodio y az\u00facar.<br \/>\nM\u00e1xima eficiencia.<br \/>\nTodo de origen natural.<br \/>\nHecho con ingredientes hipoalerg\u00e9nicos.<\/div>\n<p><strong> Indicaciones <\/strong><br \/>\nEl proceso de envejecimiento disminuye naturalmente la humedad, el col\u00e1geno y los nutrientes cruciales de la piel, dejando la piel seca, arrugada y manchada. Collag\u00e8ne, Elastine, Ceramide, cire d\u2019abeille est\u00e1 dise\u00f1ado con precisi\u00f3n para revitalizar el envejecimiento de la piel, proporcionando los nutrientes clave necesarios para restaurar la piel a su aspecto hermoso y juvenil.<\/p>\n<p><strong> RECOMENDACI\u00d3N DE PRUEBA DE PARCHE <\/strong><br \/>\nEsta es una crema facial CONCENTRADA y POTENTE que contiene ingredientes activos a base de plantas que pueden causar irritaci\u00f3n de la piel o brotes para las personas con alergias. Es IMPORTANTE que realice una prueba de parche del producto * al menos 24-48 * horas antes de la aplicaci\u00f3n regular para garantizar que el producto se ajuste bien a su piel.<\/p>\n<p><strong> C\u00d3MO UTILIZAR <\/strong><br \/>\nSi la f\u00f3rmula es compatible con su piel, aplique dos veces al d\u00eda. S\u00f3lo para uso externo.<br \/>\nCrema de d\u00eda y de noche, protege y suaviza, hidrata, nutre, revitaliza la epidermis. Previene la aparici\u00f3n de arrugas.<br \/>\nDespu\u00e9s de limpiar y tonificar la piel, en la cara, el cuello y el pecho despu\u00e9s del suero de vitamina C.<br \/>\nPor la noche, complete su tratamiento con crema Derm.<br \/>\nEste kit Zina Vitamin C + RADIANCE + DERM: Regenera a\u00f1os de da\u00f1o ambiental y deja su piel sana y joven. Reduce visiblemente las l\u00edneas finas y las arrugas, haciendo que su piel sea m\u00e1s robusta y luminosa.<br \/>\nLa crema Dr. SERRAR<sup>\u00ae<\/sup> ECLAT Collagen es una marca potente pero segura y probada. Trabajamos con laboratorios en Canad\u00e1 y Estados Unidos para desarrollar nuestros productos. Cada producto que lanzamos est\u00e1 desarrollado para ser lo m\u00e1s poderoso posible, con el fin de ofrecer el m\u00e1ximo efecto sin dejar de ser dermatol\u00f3gicamente seguro para su piel.<\/p>\n<p><strong> Advertencia: <\/strong><br \/>\nDetente ante el m\u00e1s m\u00ednimo cambio o reacci\u00f3n. Si es necesario, consulte a un profesional m\u00e9dico o informaci\u00f3n de salud en caso de reacci\u00f3n al\u00e9rgica.<br \/>\nCada piel es diferente y reacciona de manera diferente al mismo cosm\u00e9tico. No proporcionamos asesoramiento personalizado, no conocemos su piel.<br \/>\nPara cualquier consejo personal, especialmente si est\u00e1 recibiendo tratamiento m\u00e9dico: consulte a su m\u00e9dico o dermat\u00f3logo.<br \/>\nNunca cambie un tratamiento prescrito en funci\u00f3n de lo que lee en Internet.<\/p>\n<p>&nbsp;<\/p>\n<p><span style=\"color: #005890;\"><strong><span class=\"VIiyi\" lang=\"es\"><span class=\"JLqJ4b ChMk0b\" data-language-for-alternatives=\"es\" data-language-to-translate-into=\"en\" data-phrase-index=\"1\">HECHO EN CANAD\u00c1\u00a0\u00a0\u00a0 |<\/span> \u00a0\u00a0 <span class=\"JLqJ4b ChMk0b\" data-language-for-alternatives=\"es\" data-language-to-translate-into=\"en\" data-phrase-index=\"2\">CERTIFICADO GMP\u00a0\u00a0\u00a0 |<\/span> \u00a0\u00a0 <span class=\"JLqJ4b ChMk0b\" data-language-for-alternatives=\"es\" data-language-to-translate-into=\"en\" data-phrase-index=\"3\">NO OGM \u00a0\u00a0 |<\/span> \u00a0\u00a0 <span class=\"JLqJ4b ChMk0b\" data-language-for-alternatives=\"es\" data-language-to-translate-into=\"en\" data-phrase-index=\"4\">LABORATORIO CERTIFICADO ISO 17025<\/span><\/span><\/strong><\/span><\/p>\n","protected":false},"excerpt":{"rendered":"<p>&nbsp; A base de col\u00e1geno Anti arrugas Hidrata &#8211; Nutre Protege &#8211; Revitaliza Ilumina &#8211; Reafirma Hecho con Ingredientes hipoalerg\u00e9nicos Dise\u00f1ado para todo tipo de piel Dr. SERRAR\u00ae Skin Care es una marca cuyos tratamientos antioxidantes e hidratantes se preparan seg\u00fan los par\u00e1metros para la protecci\u00f3n contra el envejecimiento atmosf\u00e9rico. Este \u00faltimo denota signos visibles [&hellip;]<\/p>\n","protected":false},"featured_media":8588,"template":"","meta":{"hide_page_title":"","_coblocks_attr":"","_coblocks_dimensions":"","_coblocks_responsive_height":"","_coblocks_accordion_ie_support":""},"product_cat":[22],"product_tag":[],"translation":{"provider":"WPGlobus","version":"3.0.1","language":"es","enabled_languages":["en","es","fr","ar","pt","it"],"languages":{"en":{"title":true,"content":true,"excerpt":false},"es":{"title":false,"content":true,"excerpt":false},"fr":{"title":false,"content":true,"excerpt":false},"ar":{"title":false,"content":true,"excerpt":false},"pt":{"title":false,"content":true,"excerpt":false},"it":{"title":false,"content":true,"excerpt":false}}},"_links":{"self":[{"href":"https:\/\/www.serrarpharma.com\/es\/wp-json\/wp\/v2\/product\/7700"}],"collection":[{"href":"https:\/\/www.serrarpharma.com\/es\/wp-json\/wp\/v2\/product"}],"about":[{"href":"https:\/\/www.serrarpharma.com\/es\/wp-json\/wp\/v2\/types\/product"}],"wp:featuredmedia":[{"embeddable":true,"href":"https:\/\/www.serrarpharma.com\/es\/wp-json\/wp\/v2\/media\/8588"}],"wp:attachment":[{"href":"https:\/\/www.serrarpharma.com\/es\/wp-json\/wp\/v2\/media?parent=7700"}],"wp:term":[{"taxonomy":"product_cat","embeddable":true,"href":"https:\/\/www.serrarpharma.com\/es\/wp-json\/wp\/v2\/product_cat?post=7700"},{"taxonomy":"product_tag","embeddable":true,"href":"https:\/\/www.serrarpharma.com\/es\/wp-json\/wp\/v2\/product_tag?post=7700"}],"curies":[{"name":"wp","href":"https:\/\/api.w.org\/{rel}","templated":true}]}}