{"id":7623,"date":"2020-06-04T17:58:13","date_gmt":"2020-06-04T21:58:13","guid":{"rendered":"https:\/\/www.serrarpharma.com\/?post_type=product&#038;p=7623"},"modified":"2024-08-21T22:08:51","modified_gmt":"2024-08-22T02:08:51","slug":"dr-serrar-vitamin-c-serum","status":"publish","type":"product","link":"https:\/\/www.serrarpharma.com\/es\/product\/dr-serrar-vitamin-c-serum\/","title":{"rendered":"VITAMIN C SERUM"},"content":{"rendered":"<p><img loading=\"lazy\" class=\"alignnone wp-image-11896\" src=\"https:\/\/i0.wp.com\/www.serrarpharma.com\/wp-content\/uploads\/2021\/05\/Quality-Labels-US-09.png?resize=70%2C70&#038;ssl=1\" alt=\"\" width=\"70\" height=\"70\" data-recalc-dims=\"1\" \/><img loading=\"lazy\" class=\"alignnone wp-image-11370\" src=\"https:\/\/i0.wp.com\/www.serrarpharma.com\/wp-content\/uploads\/2021\/04\/GMP.png?resize=70%2C70&#038;ssl=1\" alt=\"\" width=\"70\" height=\"70\" srcset=\"https:\/\/i0.wp.com\/www.serrarpharma.com\/wp-content\/uploads\/2021\/04\/GMP.png?w=150&amp;ssl=1 150w, https:\/\/i0.wp.com\/www.serrarpharma.com\/wp-content\/uploads\/2021\/04\/GMP.png?resize=100%2C100&amp;ssl=1 100w\" sizes=\"(max-width: 70px) 100vw, 70px\" data-recalc-dims=\"1\" \/><img loading=\"lazy\" class=\"alignnone wp-image-11369\" src=\"https:\/\/i0.wp.com\/www.serrarpharma.com\/wp-content\/uploads\/2021\/04\/Nongmo.png?resize=70%2C70&#038;ssl=1\" alt=\"\" width=\"70\" height=\"70\" srcset=\"https:\/\/i0.wp.com\/www.serrarpharma.com\/wp-content\/uploads\/2021\/04\/Nongmo.png?w=150&amp;ssl=1 150w, https:\/\/i0.wp.com\/www.serrarpharma.com\/wp-content\/uploads\/2021\/04\/Nongmo.png?resize=100%2C100&amp;ssl=1 100w\" sizes=\"(max-width: 70px) 100vw, 70px\" data-recalc-dims=\"1\" \/><img loading=\"lazy\" class=\"alignnone wp-image-11799\" src=\"https:\/\/i0.wp.com\/www.serrarpharma.com\/wp-content\/uploads\/2021\/04\/ISO-07.png?resize=70%2C70&#038;ssl=1\" alt=\"\" width=\"70\" height=\"70\" srcset=\"https:\/\/i0.wp.com\/www.serrarpharma.com\/wp-content\/uploads\/2021\/04\/ISO-07.png?resize=300%2C300&amp;ssl=1 300w, https:\/\/i0.wp.com\/www.serrarpharma.com\/wp-content\/uploads\/2021\/04\/ISO-07.png?resize=150%2C150&amp;ssl=1 150w, https:\/\/i0.wp.com\/www.serrarpharma.com\/wp-content\/uploads\/2021\/04\/ISO-07.png?resize=100%2C100&amp;ssl=1 100w, https:\/\/i0.wp.com\/www.serrarpharma.com\/wp-content\/uploads\/2021\/04\/ISO-07.png?w=418&amp;ssl=1 418w\" sizes=\"(max-width: 70px) 100vw, 70px\" data-recalc-dims=\"1\" \/><\/p>\n<p><strong> ILUMINADO<br \/>\n20% VIT C<br \/>\nHIALURONATO DE SODIO <\/strong><\/p>\n<p>Antioxidante muy potente<br \/>\nAntiarrugas<br \/>\nAntienvejecimiento<br \/>\nIlumina &#8211; Cura<br \/>\nHecho con<br \/>\n<strong> Ingredientes hipoalerg\u00e9nicos <\/strong><br \/>\nDise\u00f1ado para todo tipo de piel<\/p>\n<p>Dr. SERRAR\u00ae Skin Care es una marca cuyos tratamientos antioxidantes se preparan seg\u00fan los par\u00e1metros para la protecci\u00f3n contra el envejecimiento atmosf\u00e9rico. Este \u00faltimo denota signos visibles de exposici\u00f3n a una variedad de agresores ambientales. Estos agresores incluyen rayos UV, radiaci\u00f3n infrarroja (IRA) y contaminaci\u00f3n. La investigaci\u00f3n muestra que la sobreexposici\u00f3n a estos agresores puede conducir al envejecimiento visible de la piel, y que el uso de antioxidantes t\u00f3picos puede ayudar a prevenir este efecto.<\/p>\n<p><strong> \u00bfQu\u00e9 es el suero de vitamina C? <\/strong><br \/>\nLa investigaci\u00f3n cl\u00ednica muestra que las combinaciones espec\u00edficas de antioxidantes, cuando se dise\u00f1an de manera efectiva, funcionan sin\u00e9rgicamente para ofrecer mejores resultados que estos mismos antioxidantes utilizados por separado. La elecci\u00f3n de Vitamin C E Ferulic para este suero a base de vitamina C est\u00e1 dise\u00f1ada para tener resultados \u00f3ptimos:<\/p>\n<div class=\"productlist\">Refuerza la protecci\u00f3n contra los rayos UV para prevenir mejor los signos visibles del envejecimiento.<br \/>\nReduce la apariencia del da\u00f1o solar.<\/div>\n<p>VITAMIN C Serum, se usa para aclarar y renovar la piel. Es una f\u00f3rmula poderosa para combatir el tono de piel opaco y desigual y los signos del envejecimiento con solo 11 ingredientes. Sin fragancia, sin silicona, solo ingredientes activos esenciales de excelencia en dermatolog\u00eda.<\/p>\n<p><strong> Ingredientes: <\/strong> agua destilada, \u00e1cido L-asc\u00f3rbico (vitamina C), etoxidiglicol, propanodiol Zemea (derivado de ma\u00edz), niacinamida (vitamina B3), filtrado de fermentaci\u00f3n de ra\u00edz de r\u00e1bano Leuconostoc \/ Laureth-23, hialuronato de sodio, Tocoferol d-alfa (vitamina E), dl-pantenol (pro-vitamina B5), rosa damascena (agua de rosas), glicerina kosher, \u00e1cido fer\u00falico, sorbato de potasio.<\/p>\n<p><strong> INGREDIENTES CLAVE <\/strong><br \/>\n20% de \u00e1cido L-asc\u00f3rbico (vitamina C):<br \/>\nLa vitamina C es un antioxidante muy poderoso que no es efectivamente absorbido por la piel debido a su estructura. Las caracter\u00edsticas de la preparaci\u00f3n del Dr. SERRAR\u00ae de este suero permiten que la vitamina C sea efectivamente absorbida por la piel:<\/p>\n<div class=\"productlist\">1) \u00e1cido L-asc\u00f3rbico puro (vitamina C);<br \/>\n2) un pH \u00e1cido de entre 2.0 y 3.5;<br \/>\n3) una concentraci\u00f3n del 20% en una f\u00f3rmula 100% hipoalerg\u00e9nica.<\/div>\n<p>Esencial para el buen funcionamiento del cuerpo, la vitamina C est\u00e1 presente en la piel donde, al atrapar una determinada categor\u00eda de radicales libres, combate el da\u00f1o causado por el estr\u00e9s oxidativo. y ayuda a proteger contra el estr\u00e9s oxidativo mientras proporciona beneficios visibles contra el envejecimiento. Tambi\u00e9n es un activo para combatir los trastornos pigmentarios, redensificar la matriz extracelular y luchar contra la inflamaci\u00f3n para calmar la piel. En la cara, los efectos de estos activos multitarea son inmediatos: las l\u00edneas finas se reducen, la tez es m\u00e1s uniforme y el resplandor se da una segunda respiraci\u00f3n.<\/p>\n<p><strong> Niacinamida (vitamina B3) <\/strong><br \/>\nUtilizado por nuestra piel, la niacinamida ofrece varias acciones:<\/p>\n<div class=\"productlist\">Mejora de la funci\u00f3n barrera de la piel. Aceleraci\u00f3n de la diferenciaci\u00f3n celular.<br \/>\nCuraci\u00f3n r\u00e1pida Ayuda a reestructurar la epidermis.<br \/>\nEfectos antiinflamatorios, limita la irritaci\u00f3n.<br \/>\nReducci\u00f3n de la p\u00e9rdida de agua, efecto hidratante de las diferentes capas de la piel, incluido el estrato c\u00f3rneo.<br \/>\nAumenta las enzimas que crean ceramidas y serina para una mejor cohesi\u00f3n celular.<br \/>\nLucha contra estados at\u00f3picos, contra piel seca.<br \/>\nInhibici\u00f3n de citoquinas inflamatorias.<br \/>\nDisminuye y regula la producci\u00f3n de melanina (manchas marrones).<br \/>\nUna interesante acci\u00f3n antienvejecimiento y antiinflamatoria adecuada para todo tipo de piel y todas las edades (adultos).<br \/>\nVITAMINA C Suero, por lo tanto de inter\u00e9s para la piel con acn\u00e9 inflamatorio, piel irritada, piel at\u00f3pica, piel que se vuelve sensible, piel que reacciona m\u00e1s que antes, piel con poros visibles, espinillas emergentes, ros\u00e1cea, piel bajo tratamiento irritante (retinol, retinoides, Anti acn\u00e9).<\/div>\n<p><strong><br \/>\nHialuronato de sodio <\/strong><br \/>\nEl hialuronato de sodio es la sal del \u00e1cido hialur\u00f3nico. Es un componente natural del tejido conectivo. Penetra f\u00e1cilmente en la epidermis y luego es capaz de absorber una gran cantidad de agua, hasta 20 veces su peso.<br \/>\nDescubierto en la d\u00e9cada de 1930, el \u00e1cido hialur\u00f3nico es abundante en la dermis de la piel joven, pero su cantidad disminuye con la edad: la piel aparece m\u00e1s da\u00f1ada, con arrugas. El \u00e1cido hialur\u00f3nico es una mol\u00e9cula bastante grande que tiene dificultades para penetrar en la piel y es mucho m\u00e1s efectiva cuando se inyecta. En un cosm\u00e9tico, se usa su sal: el hialuronato de sodio es una mol\u00e9cula mucho m\u00e1s peque\u00f1a, que penetra m\u00e1s f\u00e1cilmente y luego puede moverse hacia las capas profundas de la piel. Esta sal es un poderoso humectante que atrae y retiene el agua, convirti\u00e9ndola en el producto hidratante de elecci\u00f3n para la piel: ayuda a mantenerla &#8220;h\u00fameda&#8221;. A medida que atrae y se une al agua, causa una ligera hinchaz\u00f3n, lo que reduce la aparici\u00f3n de l\u00edneas finas y arrugas, para dar a la piel una apariencia m\u00e1s juvenil.<\/p>\n<p><strong> 1% de alfa-tocoferol <\/strong><br \/>\nEsta forma de vitamina E neutraliza los radicales libres y repone los l\u00edpidos en la piel. Como se ha demostrado, el alfa-tocoferol funciona de forma sin\u00e9rgica con la vitamina C, y cada uno de ellos se regenera.Sobre todo, ayuda a calmar la piel y protegerla de los efectos nocivos de la contaminaci\u00f3n. Consecuencias; Menos signos de fatiga en la cara.<\/p>\n<p>Sus funciones<br \/>\nAntioxidante: inhibe las reacciones favorecidas por el ox\u00edgeno, evitando as\u00ed la oxidaci\u00f3n y la ranciedad.<br \/>\nAgente para el cuidado de la piel: mantiene la piel en buenas condiciones<\/p>\n<p><strong> Pro-vitamina B5 <\/strong><br \/>\nEl pantenol es un alcohol ampliamente utilizado en cosm\u00e9tica. El pantenol mejora la hidrataci\u00f3n, reduce la picaz\u00f3n y la inflamaci\u00f3n de la piel. Acelera y mejora la curaci\u00f3n de las heridas epid\u00e9rmicas. A menudo se usa en productos para el tratamiento de quemaduras solares. Cuando el pantenol se aplica localmente, penetra en las capas inferiores de la piel, es absorbido por las c\u00e9lulas de la piel y transformado en \u00e1cido pantot\u00e9nico (m\u00e1s com\u00fanmente conocido como vitamina B5). Es esta penetraci\u00f3n la que permite la hidrataci\u00f3n esencial.<br \/>\n0,5% de \u00e1cido fer\u00falico<br \/>\nUn antioxidante a base de plantas, el \u00e1cido fer\u00falico neutraliza los radicales libres y mejora los beneficios antioxidantes de las vitaminas C y E.<\/p>\n<h5>\u00bfPor qu\u00e9 elegir Dr. SERRAR\u00ae VITAMIN C SERUM?<\/h5>\n<p>Dr. SERRAR\u00ae VITAMIN C SERUM se fabrica de acuerdo con los m\u00e1s altos est\u00e1ndares en la industria farmac\u00e9utica. Contienen suero antioxidante avanzado: un nutriente indispensable para la producci\u00f3n de col\u00e1geno, la vitamina C se combina sin\u00e9rgicamente con hialuronato de sodio y vitamina E en esta f\u00f3rmula avanzada dise\u00f1ada para atacar los signos m\u00e1s comunes del envejecimiento, incluidos el brillo, la firmeza, las l\u00edneas finas, las arrugas, las manchas oscuras y el sol lugares.<\/p>\n<div class=\"productlist\">MAYOR CALIDAD. SIN GLUTEN. Hecho en EE.UU.<br \/>\nInstalaciones certificadas por la FDA<br \/>\nGood Manufacturing Practice (GMP) es un conjunto de estrictas regulaciones farmac\u00e9uticas que aseguran que los complementos alimenticios se fabriquen y controlen con un alto nivel que sea adecuado para su uso.<br \/>\nSin soja, sin gluten, certificado kosher, sin l\u00e1cteos, sin leche, nueces de \u00e1rbol, man\u00ed, mariscos, trigo y soja. Tambi\u00e9n libre de levadura, cebada, arroz, sodio y az\u00facar.<br \/>\nM\u00e1xima eficiencia<br \/>\nTodo de origen natural<br \/>\nHecho con ingredientes hipoalerg\u00e9nicos<\/div>\n<p>&nbsp;<\/p>\n<p>Indicaciones<br \/>\nEl proceso de envejecimiento disminuye naturalmente la humedad, el col\u00e1geno y los nutrientes cruciales de la piel, dejando la piel seca, arrugada y manchada. El suero de vitamina C est\u00e1 dise\u00f1ado con precisi\u00f3n para revitalizar la piel envejecida, proporcionando los nutrientes clave necesarios para restaurar la piel a su aspecto hermoso y juvenil.<\/p>\n<p><strong> RECOMENDACI\u00d3N DE PRUEBA DE PARCHE <\/strong>: este es un suero facial CONCENTRADO y POTENTE que contiene ingredientes activos a base de plantas que pueden causar irritaci\u00f3n de la piel o brotes en personas con alergias. Es IMPORTANTE que realice una prueba de parche del producto * al menos 24-48 * horas antes de la aplicaci\u00f3n regular para garantizar que el producto se ajuste bien a su piel.<br \/>\nRecomendado independientemente de la edad, los cosm\u00e9ticos a base de vitamina C no se recomiendan en caso de piel sensible o ros\u00e1cea.<\/p>\n<p><strong> C\u00d3MO UTILIZAR <\/strong><br \/>\nSi la f\u00f3rmula es compatible con su piel, aplique 3-5 gotas una vez al d\u00eda seguido de una crema hidratante. S\u00f3lo para uso externo.<br \/>\nPor la ma\u00f1ana, despu\u00e9s de limpiar y tonificar la piel, aplique 4-5 gotas en la cara, el cuello y el pecho secos antes de cualquier otro producto para el cuidado de la piel.<br \/>\nComplete su d\u00eda con la crema ECLAT.<br \/>\nComplete su tratamiento por la noche con la crema DERM.<br \/>\nEl kit (VITAMIN C SERUM + ECLAT + DERM) regenera a\u00f1os de da\u00f1o ambiental y deja la piel sana y joven. Reduce visiblemente las l\u00edneas finas y las arrugas, haciendo que su piel sea m\u00e1s robusta y luminosa.<\/p>\n<p>Dr. SERRAR\u00ae VITAMIN C SERUM es una marca potente pero segura y probada. Trabajamos con laboratorios en Canad\u00e1 y Estados Unidos para desarrollar nuestros productos. Cada producto que lanzamos est\u00e1 desarrollado para ser lo m\u00e1s poderoso posible, con el fin de ofrecer el m\u00e1ximo efecto sin dejar de ser dermatol\u00f3gicamente seguro para su piel.<\/p>\n<p><strong> Advertencia: <\/strong><br \/>\nDetente ante el m\u00e1s m\u00ednimo cambio o reacci\u00f3n. Si es necesario, consulte a un profesional m\u00e9dico o informaci\u00f3n de salud en caso de reacci\u00f3n al\u00e9rgica.<br \/>\nCada piel es diferente y reacciona de manera diferente al mismo cosm\u00e9tico. No proporcionamos asesoramiento personalizado, no conocemos su piel.<br \/>\nPara cualquier consejo personal, especialmente si est\u00e1 recibiendo tratamiento m\u00e9dico: consulte a su m\u00e9dico o dermat\u00f3logo.<br \/>\nNunca cambie un tratamiento prescrito en funci\u00f3n de lo que lee en Internet.<\/p>\n<p>&nbsp;<\/p>\n<p><span style=\"color: #005890;\"><strong><span class=\"VIiyi\" lang=\"es\"><span class=\"JLqJ4b ChMk0b\" data-language-for-alternatives=\"es\" data-language-to-translate-into=\"en\" data-phrase-index=\"1\">HECHO EN USA \u00a0\u00a0 |<\/span> \u00a0\u00a0 <span class=\"JLqJ4b ChMk0b\" data-language-for-alternatives=\"es\" data-language-to-translate-into=\"en\" data-phrase-index=\"2\">CERTIFICADO GMP\u00a0\u00a0\u00a0 |<\/span> \u00a0\u00a0 <span class=\"JLqJ4b ChMk0b\" data-language-for-alternatives=\"es\" data-language-to-translate-into=\"en\" data-phrase-index=\"3\">NO OGM \u00a0\u00a0 |<\/span> \u00a0\u00a0 <span class=\"JLqJ4b ChMk0b\" data-language-for-alternatives=\"es\" data-language-to-translate-into=\"en\" data-phrase-index=\"4\">LABORATORIO CERTIFICADO ISO 17025<\/span><\/span><\/strong><\/span><\/p>\n","protected":false},"excerpt":{"rendered":"<p>ILUMINADO 20% VIT C HIALURONATO DE SODIO Antioxidante muy potente Antiarrugas Antienvejecimiento Ilumina &#8211; Cura Hecho con Ingredientes hipoalerg\u00e9nicos Dise\u00f1ado para todo tipo de piel Dr. SERRAR\u00ae Skin Care es una marca cuyos tratamientos antioxidantes se preparan seg\u00fan los par\u00e1metros para la protecci\u00f3n contra el envejecimiento atmosf\u00e9rico. Este \u00faltimo denota signos visibles de exposici\u00f3n a [&hellip;]<\/p>\n","protected":false},"featured_media":8833,"template":"","meta":{"hide_page_title":"","_coblocks_attr":"","_coblocks_dimensions":"","_coblocks_responsive_height":"","_coblocks_accordion_ie_support":""},"product_cat":[22],"product_tag":[],"translation":{"provider":"WPGlobus","version":"3.0.1","language":"es","enabled_languages":["en","es","fr","ar","pt","it"],"languages":{"en":{"title":true,"content":true,"excerpt":false},"es":{"title":false,"content":true,"excerpt":false},"fr":{"title":false,"content":true,"excerpt":false},"ar":{"title":false,"content":true,"excerpt":false},"pt":{"title":false,"content":true,"excerpt":false},"it":{"title":false,"content":true,"excerpt":false}}},"_links":{"self":[{"href":"https:\/\/www.serrarpharma.com\/es\/wp-json\/wp\/v2\/product\/7623"}],"collection":[{"href":"https:\/\/www.serrarpharma.com\/es\/wp-json\/wp\/v2\/product"}],"about":[{"href":"https:\/\/www.serrarpharma.com\/es\/wp-json\/wp\/v2\/types\/product"}],"wp:featuredmedia":[{"embeddable":true,"href":"https:\/\/www.serrarpharma.com\/es\/wp-json\/wp\/v2\/media\/8833"}],"wp:attachment":[{"href":"https:\/\/www.serrarpharma.com\/es\/wp-json\/wp\/v2\/media?parent=7623"}],"wp:term":[{"taxonomy":"product_cat","embeddable":true,"href":"https:\/\/www.serrarpharma.com\/es\/wp-json\/wp\/v2\/product_cat?post=7623"},{"taxonomy":"product_tag","embeddable":true,"href":"https:\/\/www.serrarpharma.com\/es\/wp-json\/wp\/v2\/product_tag?post=7623"}],"curies":[{"name":"wp","href":"https:\/\/api.w.org\/{rel}","templated":true}]}}