{"id":7618,"date":"2020-06-03T17:46:11","date_gmt":"2020-06-03T21:46:11","guid":{"rendered":"https:\/\/www.serrarpharma.com\/?post_type=product&#038;p=7618"},"modified":"2024-08-21T21:13:23","modified_gmt":"2024-08-22T01:13:23","slug":"collagen-pure","status":"publish","type":"product","link":"https:\/\/www.serrarpharma.com\/es\/product\/collagen-pure\/","title":{"rendered":"Collagen Pure"},"content":{"rendered":"<p><img loading=\"lazy\" class=\"alignnone wp-image-11896\" src=\"https:\/\/i0.wp.com\/www.serrarpharma.com\/wp-content\/uploads\/2021\/05\/Quality-Labels-US-09.png?resize=70%2C70&#038;ssl=1\" alt=\"\" width=\"70\" height=\"70\" data-recalc-dims=\"1\" \/><img loading=\"lazy\" class=\"alignnone wp-image-11370\" src=\"https:\/\/i0.wp.com\/www.serrarpharma.com\/wp-content\/uploads\/2021\/04\/GMP.png?resize=70%2C70&#038;ssl=1\" alt=\"\" width=\"70\" height=\"70\" srcset=\"https:\/\/i0.wp.com\/www.serrarpharma.com\/wp-content\/uploads\/2021\/04\/GMP.png?w=150&amp;ssl=1 150w, https:\/\/i0.wp.com\/www.serrarpharma.com\/wp-content\/uploads\/2021\/04\/GMP.png?resize=100%2C100&amp;ssl=1 100w\" sizes=\"(max-width: 70px) 100vw, 70px\" data-recalc-dims=\"1\" \/><img loading=\"lazy\" class=\"alignnone wp-image-11369\" src=\"https:\/\/i0.wp.com\/www.serrarpharma.com\/wp-content\/uploads\/2021\/04\/Nongmo.png?resize=70%2C70&#038;ssl=1\" alt=\"\" width=\"70\" height=\"70\" srcset=\"https:\/\/i0.wp.com\/www.serrarpharma.com\/wp-content\/uploads\/2021\/04\/Nongmo.png?w=150&amp;ssl=1 150w, https:\/\/i0.wp.com\/www.serrarpharma.com\/wp-content\/uploads\/2021\/04\/Nongmo.png?resize=100%2C100&amp;ssl=1 100w\" sizes=\"(max-width: 70px) 100vw, 70px\" data-recalc-dims=\"1\" \/><img loading=\"lazy\" class=\"alignnone wp-image-11799\" src=\"https:\/\/i0.wp.com\/www.serrarpharma.com\/wp-content\/uploads\/2021\/04\/ISO-07.png?resize=70%2C70&#038;ssl=1\" alt=\"\" width=\"70\" height=\"70\" srcset=\"https:\/\/i0.wp.com\/www.serrarpharma.com\/wp-content\/uploads\/2021\/04\/ISO-07.png?resize=300%2C300&amp;ssl=1 300w, https:\/\/i0.wp.com\/www.serrarpharma.com\/wp-content\/uploads\/2021\/04\/ISO-07.png?resize=150%2C150&amp;ssl=1 150w, https:\/\/i0.wp.com\/www.serrarpharma.com\/wp-content\/uploads\/2021\/04\/ISO-07.png?resize=100%2C100&amp;ssl=1 100w, https:\/\/i0.wp.com\/www.serrarpharma.com\/wp-content\/uploads\/2021\/04\/ISO-07.png?w=418&amp;ssl=1 418w\" sizes=\"(max-width: 70px) 100vw, 70px\" data-recalc-dims=\"1\" \/><\/p>\n<p>Soporte de articulaciones<br \/>\nPiel saludable<br \/>\nReduce las arrugas<br \/>\nProporciona tejido conectivo<br \/>\nAyuda a desarrollar m\u00fasculo<br \/>\nQuemar grasa<\/p>\n<p><strong> Qu\u00e9 es el col\u00e1geno: <\/strong><br \/>\nEl col\u00e1geno es como el pegamento que mantiene unido el cuerpo. Es la prote\u00edna m\u00e1s abundante en el cuerpo y se puede encontrar en los m\u00fasculos, la piel, los cart\u00edlagos, los huesos y la sangre solo por nombrar algunas de las funciones vitales que desempe\u00f1a en el cuerpo. En los \u00faltimos a\u00f1os, el col\u00e1geno ha comenzado a ser cada vez m\u00e1s popular.<br \/>\n<strong><br \/>\nPor qu\u00e9 col\u00e1geno: <\/strong><br \/>\nCollagen es un complejo de col\u00e1geno de m\u00faltiples mol\u00e9culas que ofrece apoyo para la salud de las articulaciones y una piel sana. El col\u00e1geno puede apoyar la elasticidad y firmeza de la piel, as\u00ed como ayudar a retener la humedad. *<\/p>\n<div class=\"productlist\">Apoya la salud de las articulaciones<br \/>\nPromueve la elasticidad de la piel<br \/>\nPuede ayudar a disminuir la aparici\u00f3n de l\u00edneas finas y arrugas *<br \/>\nPotencial para proporcionar soporte de tejido conectivo *<br \/>\nAyuda a desarrollar m\u00fasculo y quemar grasa<br \/>\nSuplemento natural<\/div>\n<p>&#8211;<br \/>\nEl cuerpo produce naturalmente col\u00e1geno, pero a medida que envejecemos comenzamos a producir cada vez menos. Esto puede provocar signos visibles de envejecimiento, como arrugas y flacidez de la piel, y signos invisibles de envejecimiento, como dolor en las articulaciones. El col\u00e1geno puede ayudar a darle a su cuerpo los componentes b\u00e1sicos que necesita para mantener estas y otras \u00e1reas de salud. Tambi\u00e9n puede ayudar a apoyar la masa muscular saludable. \u00a1Con su amplia gama de beneficios y usos, el col\u00e1geno puede atraer a clientes j\u00f3venes y mayores!<\/p>\n<h5>\u00bfPor qu\u00e9 elegir Dr. SERRAR<sup>\u00ae<\/sup> Collagen Pure?<\/h5>\n<p>Dr. SERRAR<sup>\u00ae<\/sup> Collagen Pure se fabrica de acuerdo con los m\u00e1s altos est\u00e1ndares de la industria farmac\u00e9utica. Contienen complejos de col\u00e1geno de m\u00faltiples mol\u00e9culas: p\u00e9ptidos de membrana bovina, de pollo y de c\u00e1scara de huevo.<\/p>\n<div class=\"productlist\">DE LA M\u00c1XIMA CALIDAD. SIN GLUTEN. Hecho en EE.UU.<br \/>\nInstalaciones certificadas por la FDA<br \/>\nGood Manufacturing Practice (GMP) es un conjunto de estrictas regulaciones farmac\u00e9uticas que aseguran que los complementos alimenticios se fabriquen y controlen con un alto nivel que sea adecuado para su uso.<br \/>\nSin soja, sin gluten, certificado kosher, sin l\u00e1cteos, sin leche, nueces de \u00e1rbol, man\u00ed, mariscos, trigo y soja. Tambi\u00e9n libre de levadura, cebada, arroz, sodio y az\u00facar.<br \/>\nM\u00e1xima eficiencia<br \/>\nTodas las fuentes naturales<br \/>\nHecho con ingredientes hipoalerg\u00e9nicos<\/div>\n<p><strong><br \/>\nInstrucciones de uso: <\/strong><br \/>\nComo suplemento diet\u00e9tico, tome una (1) c\u00e1psula una vez al d\u00eda antes de las comidas, o como lo indique un profesional de la salud.<br \/>\nGuardar en un lugar fresco y seco.<\/p>\n<p><strong> Otros ingredientes <\/strong><br \/>\nC\u00e1psulas de gelatina, estearato de magnesio<\/p>\n<p><strong><br \/>\nInformaci\u00f3n importante: <\/strong><br \/>\nSi est\u00e1 tomando alg\u00fan medicamento recetado, tiene una afecci\u00f3n m\u00e9dica o tiene inquietudes espec\u00edficas sobre la idoneidad de cualquiera de nuestros productos en relaci\u00f3n con estos, siempre debe consultar a su m\u00e9dico de cabecera o farmac\u00e9utico antes de tomar suplementos. Las mujeres embarazadas o lactantes deben consultar a un m\u00e9dico de cabecera antes de tomar suplementos. No exceda la dosis diaria recomendada. Mantener fuera del alcance de los ni\u00f1os. Los suplementos no deben tomarse como sustitutos de una dieta variada. Siempre lea la etiqueta antes de usar.<\/p>\n<p>Serrar Pharma utiliza solo ingredientes puros y naturales, de fuentes confiables de GMP. Aseguramos la calidad no solo de cada lote, sino tambi\u00e9n de cada ingrediente en ese lote, asegurando que obtenga solo el producto de la m\u00e1s alta calidad. Hay muchos beneficios de soporte de suplementos. Ver opiniones<br \/>\nSi tiene alguna pregunta, por favor cont\u00e1ctenos. Gracias.<\/p>\n<p>&nbsp;<\/p>\n<p><span style=\"color: #005890;\"><strong><span class=\"VIiyi\" lang=\"es\"><span class=\"JLqJ4b ChMk0b\" data-language-for-alternatives=\"es\" data-language-to-translate-into=\"en\" data-phrase-index=\"1\">HECHO EN USA \u00a0\u00a0\u00a0\u00a0 |<\/span> \u00a0\u00a0\u00a0\u00a0 <span class=\"JLqJ4b ChMk0b\" data-language-for-alternatives=\"es\" data-language-to-translate-into=\"en\" data-phrase-index=\"2\">CERTIFICADO GMP \u00a0\u00a0\u00a0\u00a0 |<\/span> \u00a0\u00a0\u00a0\u00a0 <span class=\"JLqJ4b ChMk0b\" data-language-for-alternatives=\"es\" data-language-to-translate-into=\"en\" data-phrase-index=\"3\">NO OGM \u00a0\u00a0\u00a0\u00a0 |<\/span> \u00a0\u00a0\u00a0\u00a0 <span class=\"JLqJ4b ChMk0b\" data-language-for-alternatives=\"es\" data-language-to-translate-into=\"en\" data-phrase-index=\"4\">LABORATORIO CERTIFICADO ISO 17025<\/span><\/span><\/strong><\/span><\/p>\n","protected":false},"excerpt":{"rendered":"<p>Soporte de articulaciones Piel saludable Reduce las arrugas Proporciona tejido conectivo Ayuda a desarrollar m\u00fasculo Quemar grasa Qu\u00e9 es el col\u00e1geno: El col\u00e1geno es como el pegamento que mantiene unido el cuerpo. Es la prote\u00edna m\u00e1s abundante en el cuerpo y se puede encontrar en los m\u00fasculos, la piel, los cart\u00edlagos, los huesos y la [&hellip;]<\/p>\n","protected":false},"featured_media":7917,"template":"","meta":{"hide_page_title":"","_coblocks_attr":"","_coblocks_dimensions":"","_coblocks_responsive_height":"","_coblocks_accordion_ie_support":""},"product_cat":[21],"product_tag":[],"translation":{"provider":"WPGlobus","version":"3.0.1","language":"es","enabled_languages":["en","es","fr","ar","pt","it"],"languages":{"en":{"title":true,"content":true,"excerpt":false},"es":{"title":false,"content":true,"excerpt":false},"fr":{"title":true,"content":true,"excerpt":false},"ar":{"title":false,"content":true,"excerpt":false},"pt":{"title":false,"content":true,"excerpt":false},"it":{"title":false,"content":true,"excerpt":false}}},"_links":{"self":[{"href":"https:\/\/www.serrarpharma.com\/es\/wp-json\/wp\/v2\/product\/7618"}],"collection":[{"href":"https:\/\/www.serrarpharma.com\/es\/wp-json\/wp\/v2\/product"}],"about":[{"href":"https:\/\/www.serrarpharma.com\/es\/wp-json\/wp\/v2\/types\/product"}],"wp:featuredmedia":[{"embeddable":true,"href":"https:\/\/www.serrarpharma.com\/es\/wp-json\/wp\/v2\/media\/7917"}],"wp:attachment":[{"href":"https:\/\/www.serrarpharma.com\/es\/wp-json\/wp\/v2\/media?parent=7618"}],"wp:term":[{"taxonomy":"product_cat","embeddable":true,"href":"https:\/\/www.serrarpharma.com\/es\/wp-json\/wp\/v2\/product_cat?post=7618"},{"taxonomy":"product_tag","embeddable":true,"href":"https:\/\/www.serrarpharma.com\/es\/wp-json\/wp\/v2\/product_tag?post=7618"}],"curies":[{"name":"wp","href":"https:\/\/api.w.org\/{rel}","templated":true}]}}