{"id":7405,"date":"2020-05-20T01:36:17","date_gmt":"2020-05-20T05:36:17","guid":{"rendered":"https:\/\/www.serrarpharma.com\/?post_type=product&#038;p=7405"},"modified":"2024-08-21T21:16:42","modified_gmt":"2024-08-22T01:16:42","slug":"zinaprobiotic","status":"publish","type":"product","link":"https:\/\/www.serrarpharma.com\/es\/product\/zinaprobiotic\/","title":{"rendered":"ProBiotic"},"content":{"rendered":"<p><img loading=\"lazy\" class=\"alignnone wp-image-11371\" src=\"https:\/\/i0.wp.com\/www.serrarpharma.com\/wp-content\/uploads\/2021\/04\/Made-in-CA.png?resize=70%2C70&#038;ssl=1\" alt=\"\" width=\"70\" height=\"70\" srcset=\"https:\/\/i0.wp.com\/www.serrarpharma.com\/wp-content\/uploads\/2021\/04\/Made-in-CA.png?w=150&amp;ssl=1 150w, https:\/\/i0.wp.com\/www.serrarpharma.com\/wp-content\/uploads\/2021\/04\/Made-in-CA.png?resize=100%2C100&amp;ssl=1 100w\" sizes=\"(max-width: 70px) 100vw, 70px\" data-recalc-dims=\"1\" \/><img loading=\"lazy\" class=\"alignnone wp-image-11370\" src=\"https:\/\/i0.wp.com\/www.serrarpharma.com\/wp-content\/uploads\/2021\/04\/GMP.png?resize=70%2C70&#038;ssl=1\" alt=\"\" width=\"70\" height=\"70\" srcset=\"https:\/\/i0.wp.com\/www.serrarpharma.com\/wp-content\/uploads\/2021\/04\/GMP.png?w=150&amp;ssl=1 150w, https:\/\/i0.wp.com\/www.serrarpharma.com\/wp-content\/uploads\/2021\/04\/GMP.png?resize=100%2C100&amp;ssl=1 100w\" sizes=\"(max-width: 70px) 100vw, 70px\" data-recalc-dims=\"1\" \/><img loading=\"lazy\" class=\"alignnone wp-image-11369\" src=\"https:\/\/i0.wp.com\/www.serrarpharma.com\/wp-content\/uploads\/2021\/04\/Nongmo.png?resize=70%2C70&#038;ssl=1\" alt=\"\" width=\"70\" height=\"70\" srcset=\"https:\/\/i0.wp.com\/www.serrarpharma.com\/wp-content\/uploads\/2021\/04\/Nongmo.png?w=150&amp;ssl=1 150w, https:\/\/i0.wp.com\/www.serrarpharma.com\/wp-content\/uploads\/2021\/04\/Nongmo.png?resize=100%2C100&amp;ssl=1 100w\" sizes=\"(max-width: 70px) 100vw, 70px\" data-recalc-dims=\"1\" \/><img loading=\"lazy\" class=\"alignnone wp-image-11799\" src=\"https:\/\/i0.wp.com\/www.serrarpharma.com\/wp-content\/uploads\/2021\/04\/ISO-07.png?resize=70%2C70&#038;ssl=1\" alt=\"\" width=\"70\" height=\"70\" srcset=\"https:\/\/i0.wp.com\/www.serrarpharma.com\/wp-content\/uploads\/2021\/04\/ISO-07.png?resize=300%2C300&amp;ssl=1 300w, https:\/\/i0.wp.com\/www.serrarpharma.com\/wp-content\/uploads\/2021\/04\/ISO-07.png?resize=150%2C150&amp;ssl=1 150w, https:\/\/i0.wp.com\/www.serrarpharma.com\/wp-content\/uploads\/2021\/04\/ISO-07.png?resize=100%2C100&amp;ssl=1 100w, https:\/\/i0.wp.com\/www.serrarpharma.com\/wp-content\/uploads\/2021\/04\/ISO-07.png?w=418&amp;ssl=1 418w\" sizes=\"(max-width: 70px) 100vw, 70px\" data-recalc-dims=\"1\" \/><\/p>\n<p><strong> Beneficios para la salud de Dr. SERRAR<sup>\u00ae<\/sup> ProBiotic For Life <\/strong><\/p>\n<div class=\"productlist\">Todos los ingredientes naturales<br \/>\nDiariamente para apoyar<br \/>\nDigesti\u00f3n<br \/>\nHinchaz\u00f3n<br \/>\nDiarrea asociada con antibi\u00f3ticos<br \/>\nEstre\u00f1imiento en los ancianos<br \/>\nViajes al extranjero<br \/>\nControl de peso<br \/>\nApoyo inmune<br \/>\nP\u00e9rdida de memoria<br \/>\nMal humor<br \/>\nBienestar<br \/>\nArrugas con la edad<br \/>\nPiel seca<br \/>\nProblemas del cuero cabelludo<br \/>\nFotosensibilidad<\/div>\n<p>Los numerosos datos cient\u00edficos favorecen los probi\u00f3ticos, en particular por las siguientes ventajas y usos principales:<br \/>\n<strong><br \/>\nAYUDA AL SISTEMA DIGESTIVO: <\/strong><\/p>\n<div class=\"productlist\">Digesti\u00f3n<br \/>\nHinchaz\u00f3n<br \/>\nDiarrea asociada con antibi\u00f3ticos<br \/>\nEstre\u00f1imiento en los ancianos<br \/>\nViajes al extranjero<\/div>\n<p><strong><br \/>\nDESPACIO DEL PROGRESO DE ENFERMEDADES DEGENERATIVAS <\/strong><\/p>\n<div class=\"productlist\">Enfermedad de Alzheimer<br \/>\nEnfermedad de Parkinson<br \/>\nEsclerosis m\u00faltiple<br \/>\nDemencia<\/div>\n<p><strong><br \/>\nPREVENCI\u00d3N DE REACCIONES DE INMUNIDAD AUTOM\u00c1TICA <\/strong><\/p>\n<div class=\"productlist\">Alergia alimentaria<br \/>\nEczema<\/div>\n<p><strong><br \/>\nPROTEGE EL CORAZ\u00d3N <\/strong><\/p>\n<div class=\"productlist\">Dislipidemia (colesterol en sangre)<br \/>\nHipertensi\u00f3n arterial<\/div>\n<p><strong><br \/>\nMEJORAR EL RENDIMIENTO COGNITIVO <\/strong><\/p>\n<div class=\"productlist\">P\u00e9rdida de memoria<br \/>\nMal humor<\/div>\n<p><strong><br \/>\nREGULAR APETITO Y MANTENER PESO SALUDABLE <\/strong><\/p>\n<div class=\"productlist\">Obesidad o sobrepeso<br \/>\nTrastornos de la alimentaci\u00f3n<br \/>\nDiabetes tipo 2<\/div>\n<p><strong><br \/>\nPREVENCI\u00d3N DE ENFERMEDADES INFLAMATORIAS <\/strong><\/p>\n<div class=\"productlist\">Enfermedad de Crohn<br \/>\nIntestino irritable \/ s\u00edndrome del intestino<\/div>\n<p><strong><br \/>\nAPOYANDO LA INMUNIDAD Y PROTEGIENDO CONTRA LAS INFECCIONES <\/strong><\/p>\n<div class=\"productlist\">Infecciones respiratorias<br \/>\nInfecciones del tracto urinario<br \/>\nVaginosis bacteriana<br \/>\nOtitis (infecciones del o\u00eddo)<br \/>\nVacunaci\u00f3n en los ancianos<\/div>\n<p><strong><br \/>\nREDUCIR EL ESTR\u00c9S PSICOL\u00d3GICO <\/strong><\/p>\n<div class=\"productlist\">Ansiedad<br \/>\nDepresi\u00f3n<br \/>\nDificultad para concentrarse<\/div>\n<p><strong><br \/>\nPREVENCI\u00d3N DE DEFICIENCIAS NUTRICIONALES <\/strong><\/p>\n<div class=\"productlist\">Trastornos del espectro autista<br \/>\nIntolerancia alimentaria<\/div>\n<p><strong><br \/>\nRETRASAR EL ENVEJECIMIENTO DERMATOL\u00d3GICO <\/strong><\/p>\n<div class=\"productlist\">Arrugas con la edad<br \/>\nPiel seca<br \/>\nProblemas del cuero cabelludo<br \/>\nFotosensibilidad<\/div>\n<p>&nbsp;<\/p>\n<p>No hace falta decir que es importante comer bien todos los d\u00edas con una variedad de alimentos saludables m\u00e1s all\u00e1 de la suplementaci\u00f3n.<\/p>\n<p>&nbsp;<\/p>\n<h5>\u00bfPor qu\u00e9 elegir Dr. SERRAR<sup>\u00ae<\/sup> Probiotic?<\/h5>\n<p>Los probi\u00f3ticos SerrarPharma se fabrican de acuerdo con los m\u00e1s altos est\u00e1ndares en la industria farmac\u00e9utica. Contienen complejos de m\u00faltiples cepas que reflejan la composici\u00f3n natural de la flora probi\u00f3tica humana (Bifidobacterias y Lactobacilos).<\/p>\n<div class=\"productlist\">DE LA M\u00c1XIMA CALIDAD. SIN GLUTEN. Hecho en EE.UU.<br \/>\nInstalaciones certificadas por la FDA<br \/>\nGood Manufacturing Practice (GMP) es un conjunto de estrictas regulaciones farmac\u00e9uticas que aseguran que los complementos alimenticios se fabriquen y controlen con un alto nivel que sea adecuado para su uso.<br \/>\nSin soja, sin gluten, certificado kosher, sin l\u00e1cteos, vegetariano<br \/>\nLibre de leche, huevo, pescado, mariscos crust\u00e1ceos, nueces, man\u00ed, trigo y soja. Tambi\u00e9n libre de levadura, gluten, cebada, arroz, sodio y az\u00facar.<br \/>\nM\u00e1xima eficiencia<br \/>\nTodo de origen natural<\/div>\n<p><strong><br \/>\nInstrucciones de uso <\/strong><br \/>\nComo suplemento diet\u00e9tico, tome una (1) c\u00e1psula una vez al d\u00eda antes de las comidas, o como lo indique un profesional de la salud.<br \/>\nGuardar en un lugar fresco y seco.<br \/>\nMezcla patentada de 50 mil millones en UFC: Bifidobacterium lactis (HA-194), Lactobacillus acidophilus (HA-122), Bifidobacterium longum (HA-135), Bifidobacterium bifidum, Lactobacillus casei, Lactobacillus plantarum (HA-119), Lactobaus, Salctoba, Lactobacillus acidophilus (HA-122), Bifidobacterium longum (HA-135), Bifidobacterium bifidum, Lactobacillus casei, Lactobacillus plantarum (HA-119), Lactobaus, Salctoba, Lactobacusus , Lactobacillus rhamnosus (HA-111), Lactobacillus bulgaricus, Lactospore (bacillus coagulans).<\/p>\n<p><strong> Otros ingredientes <\/strong><br \/>\nHarina de arroz de grano largo. Celulosa Vegetal. C\u00e1psula vegetariana SerrarPharma, LLC. Los productos est\u00e1n hechos con ingredientes de la m\u00e1s alta calidad y fabricados de acuerdo con las Buenas Pr\u00e1cticas de Manufactura (cGMP) actuales.<\/p>\n<p>&#8211;<br \/>\n<strong> Informaci\u00f3n importante: <\/strong><br \/>\nSi est\u00e1 tomando alg\u00fan medicamento recetado, tiene una afecci\u00f3n m\u00e9dica o tiene inquietudes espec\u00edficas sobre la idoneidad de cualquiera de nuestros productos en relaci\u00f3n con estos, siempre debe consultar a su m\u00e9dico de cabecera o farmac\u00e9utico antes de tomar suplementos. Las mujeres embarazadas o lactantes deben consultar a un m\u00e9dico de cabecera antes de tomar suplementos. No exceda la dosis diaria recomendada. Mantener fuera del alcance de los ni\u00f1os. Los suplementos no deben tomarse como sustitutos de una dieta variada. Siempre lea la etiqueta antes de usar<\/p>\n<p>Serrar Pharma utiliza solo ingredientes puros y naturales, de fuentes confiables de GMP. Aseguramos la calidad no solo de cada lote, sino tambi\u00e9n de cada ingrediente en ese lote, asegurando que obtenga solo el producto de la m\u00e1s alta calidad. Hay muchos beneficios de soporte de suplementos. Vea a continuaci\u00f3n los comentarios. Si tiene alguna pregunta, cont\u00e1ctenos en info@serrarpharma.com<\/p>\n<p>&nbsp;<\/p>\n<p><span style=\"color: #005890;\"><strong><span class=\"VIiyi\" lang=\"es\"><span class=\"JLqJ4b ChMk0b\" data-language-for-alternatives=\"es\" data-language-to-translate-into=\"en\" data-phrase-index=\"1\">HECHO EN CANAD\u00c1\u00a0\u00a0\u00a0 |<\/span> \u00a0\u00a0 <span class=\"JLqJ4b ChMk0b\" data-language-for-alternatives=\"es\" data-language-to-translate-into=\"en\" data-phrase-index=\"2\">CERTIFICADO GMP\u00a0\u00a0\u00a0 |<\/span> \u00a0\u00a0 <span class=\"JLqJ4b ChMk0b\" data-language-for-alternatives=\"es\" data-language-to-translate-into=\"en\" data-phrase-index=\"3\">NO OGM \u00a0\u00a0 |<\/span> \u00a0\u00a0 <span class=\"JLqJ4b ChMk0b\" data-language-for-alternatives=\"es\" data-language-to-translate-into=\"en\" data-phrase-index=\"4\">LABORATORIO CERTIFICADO ISO 17025<\/span><\/span><\/strong><\/span><\/p>\n","protected":false},"excerpt":{"rendered":"<p>Beneficios para la salud de Dr. SERRAR\u00ae ProBiotic For Life Todos los ingredientes naturales Diariamente para apoyar Digesti\u00f3n Hinchaz\u00f3n Diarrea asociada con antibi\u00f3ticos Estre\u00f1imiento en los ancianos Viajes al extranjero Control de peso Apoyo inmune P\u00e9rdida de memoria Mal humor Bienestar Arrugas con la edad Piel seca Problemas del cuero cabelludo Fotosensibilidad Los numerosos datos [&hellip;]<\/p>\n","protected":false},"featured_media":10552,"template":"","meta":{"hide_page_title":"","_coblocks_attr":"","_coblocks_dimensions":"","_coblocks_responsive_height":"","_coblocks_accordion_ie_support":""},"product_cat":[21],"product_tag":[],"translation":{"provider":"WPGlobus","version":"3.0.1","language":"es","enabled_languages":["en","es","fr","ar","pt","it"],"languages":{"en":{"title":true,"content":true,"excerpt":false},"es":{"title":false,"content":true,"excerpt":false},"fr":{"title":false,"content":true,"excerpt":false},"ar":{"title":false,"content":true,"excerpt":false},"pt":{"title":false,"content":true,"excerpt":false},"it":{"title":false,"content":true,"excerpt":false}}},"_links":{"self":[{"href":"https:\/\/www.serrarpharma.com\/es\/wp-json\/wp\/v2\/product\/7405"}],"collection":[{"href":"https:\/\/www.serrarpharma.com\/es\/wp-json\/wp\/v2\/product"}],"about":[{"href":"https:\/\/www.serrarpharma.com\/es\/wp-json\/wp\/v2\/types\/product"}],"wp:featuredmedia":[{"embeddable":true,"href":"https:\/\/www.serrarpharma.com\/es\/wp-json\/wp\/v2\/media\/10552"}],"wp:attachment":[{"href":"https:\/\/www.serrarpharma.com\/es\/wp-json\/wp\/v2\/media?parent=7405"}],"wp:term":[{"taxonomy":"product_cat","embeddable":true,"href":"https:\/\/www.serrarpharma.com\/es\/wp-json\/wp\/v2\/product_cat?post=7405"},{"taxonomy":"product_tag","embeddable":true,"href":"https:\/\/www.serrarpharma.com\/es\/wp-json\/wp\/v2\/product_tag?post=7405"}],"curies":[{"name":"wp","href":"https:\/\/api.w.org\/{rel}","templated":true}]}}