{"id":7401,"date":"2020-05-20T01:14:02","date_gmt":"2020-05-20T05:14:02","guid":{"rendered":"https:\/\/www.serrarpharma.com\/?post_type=product&#038;p=7401"},"modified":"2024-08-21T21:17:55","modified_gmt":"2024-08-22T01:17:55","slug":"zinavitamin-d3","status":"publish","type":"product","link":"https:\/\/www.serrarpharma.com\/es\/product\/zinavitamin-d3\/","title":{"rendered":"Vitamin D3"},"content":{"rendered":"<p><img loading=\"lazy\" class=\"alignnone wp-image-11896\" src=\"https:\/\/i0.wp.com\/www.serrarpharma.com\/wp-content\/uploads\/2021\/05\/Quality-Labels-US-09.png?resize=70%2C70&#038;ssl=1\" alt=\"\" width=\"70\" height=\"70\" data-recalc-dims=\"1\" \/><img loading=\"lazy\" class=\"alignnone wp-image-11370\" src=\"https:\/\/i0.wp.com\/www.serrarpharma.com\/wp-content\/uploads\/2021\/04\/GMP.png?resize=70%2C70&#038;ssl=1\" alt=\"\" width=\"70\" height=\"70\" srcset=\"https:\/\/i0.wp.com\/www.serrarpharma.com\/wp-content\/uploads\/2021\/04\/GMP.png?w=150&amp;ssl=1 150w, https:\/\/i0.wp.com\/www.serrarpharma.com\/wp-content\/uploads\/2021\/04\/GMP.png?resize=100%2C100&amp;ssl=1 100w\" sizes=\"(max-width: 70px) 100vw, 70px\" data-recalc-dims=\"1\" \/><img loading=\"lazy\" class=\"alignnone wp-image-11369\" src=\"https:\/\/i0.wp.com\/www.serrarpharma.com\/wp-content\/uploads\/2021\/04\/Nongmo.png?resize=70%2C70&#038;ssl=1\" alt=\"\" width=\"70\" height=\"70\" srcset=\"https:\/\/i0.wp.com\/www.serrarpharma.com\/wp-content\/uploads\/2021\/04\/Nongmo.png?w=150&amp;ssl=1 150w, https:\/\/i0.wp.com\/www.serrarpharma.com\/wp-content\/uploads\/2021\/04\/Nongmo.png?resize=100%2C100&amp;ssl=1 100w\" sizes=\"(max-width: 70px) 100vw, 70px\" data-recalc-dims=\"1\" \/><img loading=\"lazy\" class=\"alignnone wp-image-11799\" src=\"https:\/\/i0.wp.com\/www.serrarpharma.com\/wp-content\/uploads\/2021\/04\/ISO-07.png?resize=70%2C70&#038;ssl=1\" alt=\"\" width=\"70\" height=\"70\" srcset=\"https:\/\/i0.wp.com\/www.serrarpharma.com\/wp-content\/uploads\/2021\/04\/ISO-07.png?resize=300%2C300&amp;ssl=1 300w, https:\/\/i0.wp.com\/www.serrarpharma.com\/wp-content\/uploads\/2021\/04\/ISO-07.png?resize=150%2C150&amp;ssl=1 150w, https:\/\/i0.wp.com\/www.serrarpharma.com\/wp-content\/uploads\/2021\/04\/ISO-07.png?resize=100%2C100&amp;ssl=1 100w, https:\/\/i0.wp.com\/www.serrarpharma.com\/wp-content\/uploads\/2021\/04\/ISO-07.png?w=418&amp;ssl=1 418w\" sizes=\"(max-width: 70px) 100vw, 70px\" data-recalc-dims=\"1\" \/><\/p>\n<p>&nbsp;<\/p>\n<p>SUMINISTRO DE 4 MESES<br \/>\n<strong>Beneficios para la salud de Dr. SERRAR<sup>\u00ae<\/sup> Vitamin D3 <\/strong><\/p>\n<div class=\"productlist\">5000 UI<br \/>\nTodos los ingredientes naturales<br \/>\nDiariamente para apoyar<br \/>\nAbsorci\u00f3n de calcio<br \/>\nUn sistema inmunitario sano y fuerte<br \/>\nSalud pulmonar<br \/>\nRiesgo reducido de gripe<br \/>\nEvitar la diabetes<br \/>\nAumenta la salud del coraz\u00f3n<br \/>\nHuesos y dientes m\u00e1s fuertes<br \/>\nFortalece los m\u00fasculos<br \/>\nProtege la memoria<br \/>\nEstado de \u00e1nimo y bienestar mejorados<br \/>\nAumente naturalmente los niveles de energ\u00eda<br \/>\nAntiinflamatorio<\/div>\n<p>&nbsp;<\/p>\n<p>&#8211;<br \/>\nDr. SERRAR<sup>\u00ae<\/sup> Vitamin D3 Vegetarian 5000 IU High Absorcion<br \/>\n500 UI por gota<br \/>\n(4 meses de suministro)<br \/>\n\u00a1Las gotas son una f\u00e1cil ca\u00edda diaria de vitaminas con grandes beneficios!<\/p>\n<p><strong>BENEFICIOS CLAVE <\/strong><\/p>\n<div class=\"productlist\">Promueve el fortalecimiento de huesos y dientes sanos<br \/>\nApoya inmunitario<br \/>\nApoye la salud del cerebro y del sistema nervioso<br \/>\nApoyar la respuesta inflamatoria<br \/>\nAdmite la funci\u00f3n pulmonar<br \/>\nRegula los niveles de insulina<br \/>\nRegulaci\u00f3n de la diabetes<br \/>\nApoyo a la salud cardiovascular<br \/>\nDisminuci\u00f3n de las posibilidades de enfermedad card\u00edaca<br \/>\nContribuye a la funci\u00f3n muscular normal<br \/>\nAbsorci\u00f3n \/ utilizaci\u00f3n normal de calcio y f\u00f3sforo<br \/>\nNiveles normales de calcio en la sangre<br \/>\nTiene un papel en el proceso de divisi\u00f3n celular<br \/>\nReducci\u00f3n del riesgo de esclerosis m\u00faltiple<br \/>\nLucha contra la enfermedad<br \/>\nCombatir la depresi\u00f3n<br \/>\nP\u00e9rdida de peso<\/div>\n<p>&#8211;<\/p>\n<p><strong>\u00bfQu\u00e9 es la vitamina D3? <\/strong><br \/>\nLa vitamina D a veces se llama la &#8220;vitamina del sol&#8221; porque se produce en la piel en respuesta a la luz solar (ultravioleta B: UVB). Es una vitamina liposoluble en una familia de compuestos que incluye vitaminas D-1, D-2 y D-3. Ser\u00eda dif\u00edcil encontrar cantidades suficientes de vitamina D solo con alimentos, ya que la cantidad es peque\u00f1a en la mayor\u00eda de los alimentos, excepto en el pescado graso. Si su cuerpo no obtiene suficiente vitamina D, corre el riesgo de desarrollar anomal\u00edas \u00f3seas como huesos blandos (osteomalacia) o huesos fr\u00e1giles (osteoporosis).<\/p>\n<p><strong> \u00bfPor qu\u00e9 la vitamina D3? <\/strong><br \/>\nSeg\u00fan un estudio reciente, m\u00e1s del 40% de toda la poblaci\u00f3n tiene deficiencia de vitamina D. \u00bfEres uno de ellos? \u00bfC\u00f3mo sabr\u00edas? Los s\u00edntomas comunes incluyen:<\/p>\n<div class=\"productlist\">Cambios de humor<br \/>\nDepresi\u00f3n<br \/>\nFalta de energ\u00eda<br \/>\nCondiciones cr\u00f3nicas de la piel<br \/>\nOtras enfermedades cr\u00f3nicas<\/div>\n<p><strong><br \/>\nSi sufre alguno de estos, la respuesta podr\u00eda ser tan simple como unas gotas de nuestra vitamina D3 cada d\u00eda. <\/strong><\/p>\n<p>&nbsp;<\/p>\n<h5>\u00bfPor qu\u00e9 elegir Dr. SERRAR<sup>\u00ae<\/sup> Vitamin D3?<\/h5>\n<p>SerrarPharma Vitamin D3 se fabrica de acuerdo con los m\u00e1s altos est\u00e1ndares de calidad en la industria farmac\u00e9utica. Contienen vitamina D3 5000iu El l\u00edquido natural de alta absorci\u00f3n con aceite de oliva contiene el nivel m\u00e1s alto de vitamina D3 efectiva en una sabrosa dosis diaria. Nuestra f\u00f3rmula est\u00e1 dise\u00f1ada para que simplemente caiga debajo de la lengua para una absorci\u00f3n m\u00e1xima. La vitamina D3 l\u00edquida se absorbe m\u00e1s f\u00e1cilmente y es ideal para personas con problemas digestivos.<\/p>\n<div class=\"productlist\">Una botella de suministro para 4 meses. 120 dosis diarias. Gran sabor y vegetariano.<br \/>\nHecho en EE.UU. El aceite de oliva est\u00e1 garantizado puro y fabricado en instalaciones certificadas cGMP.<br \/>\nRecomendado por los mejores dermat\u00f3logos y onc\u00f3logos. Apoya la desintoxicaci\u00f3n, el sistema inmunol\u00f3gico \u00f3ptimo y mejora el sue\u00f1o. El 80% de los estadounidenses tienen deficiencia de vitamina D3. La vitamina D3 es liposoluble y se absorbe mejor como aceite natural, como en nuestra exclusiva f\u00f3rmula de aceite de oliva.<br \/>\nConsigue un cabello y piel sanos; obtener energ\u00eda y metabolismo \u00f3ptimos.<br \/>\nInstalaciones certificadas por la FDA<br \/>\nGood Manufacturing Practice (GMP) es un conjunto de estrictas regulaciones farmac\u00e9uticas que aseguran que los complementos alimenticios se fabriquen y controlen con un alto nivel que sea adecuado para su uso.<br \/>\nSin soja, sin gluten, con certificaci\u00f3n kosher, sin l\u00e1cteos, vegetariana<br \/>\nLibre de leche, huevo, pescado, mariscos crust\u00e1ceos, nueces, man\u00ed, trigo y soja. Tambi\u00e9n libre de levadura, gluten, cebada, arroz, sodio y az\u00facar.<br \/>\nL\u00edquido de absorci\u00f3n r\u00e1pida<br \/>\nPure VIT D3 entregado en aceite de oliva virgen extra sin OMG<br \/>\nM\u00e1xima eficiencia<br \/>\nTodas las fuentes naturales<\/div>\n<p><strong><br \/>\nInstrucciones de uso <\/strong><\/p>\n<div class=\"productlist\">Tome 10 gotas al d\u00eda. Nuestra f\u00f3rmula de alta absorci\u00f3n est\u00e1 dise\u00f1ada para que simplemente caiga debajo de la lengua para una m\u00e1xima absorci\u00f3n.<br \/>\nNo exceda la dosis indicada.<br \/>\nUna botella de suministro para 4 meses. 210 dosis diarias. Hecho en EE.UU. Aceite De Oliva.<br \/>\nGarantizado puro y fabricado en instalaciones certificadas cGMP.<br \/>\nLa vitamina D3 l\u00edquida se absorbe m\u00e1s f\u00e1cilmente y es ideal para personas con problemas digestivos<\/div>\n<p>&#8211;<br \/>\n<strong> Informaci\u00f3n importante: <\/strong><br \/>\nSi est\u00e1 tomando alg\u00fan medicamento recetado, tiene una afecci\u00f3n m\u00e9dica o tiene inquietudes espec\u00edficas sobre la idoneidad de cualquiera de nuestros productos en relaci\u00f3n con estos, siempre debe consultar a su m\u00e9dico de cabecera o farmac\u00e9utico antes de tomar suplementos. Las mujeres embarazadas o lactantes deben consultar a un m\u00e9dico de cabecera antes de tomar suplementos. No exceda la dosis diaria recomendada. Mantener fuera del alcance de los ni\u00f1os. Los suplementos no deben tomarse como sustitutos de una dieta variada. Siempre lea la etiqueta antes de usar<\/p>\n<p>Serrar Pharma utiliza solo ingredientes puros y naturales, de fuentes confiables de GMP. Aseguramos la calidad no solo de cada lote, sino tambi\u00e9n de cada ingrediente en ese lote, asegurando que obtenga solo el producto de la m\u00e1s alta calidad. Hay muchos beneficios de soporte de suplementos. Vea a continuaci\u00f3n los comentarios. Si tiene alguna pregunta, cont\u00e1ctenos en info@serrarpharma.com<\/p>\n<p>&nbsp;<\/p>\n<p><span style=\"color: #005890;\"><strong><span class=\"VIiyi\" lang=\"es\"><span class=\"JLqJ4b ChMk0b\" data-language-for-alternatives=\"es\" data-language-to-translate-into=\"en\" data-phrase-index=\"1\">HECHO EN USA \u00a0\u00a0\u00a0\u00a0 |<\/span> \u00a0\u00a0\u00a0\u00a0 <span class=\"JLqJ4b ChMk0b\" data-language-for-alternatives=\"es\" data-language-to-translate-into=\"en\" data-phrase-index=\"2\">CERTIFICADO GMP \u00a0\u00a0\u00a0\u00a0 |<\/span> \u00a0\u00a0\u00a0\u00a0 <span class=\"JLqJ4b ChMk0b\" data-language-for-alternatives=\"es\" data-language-to-translate-into=\"en\" data-phrase-index=\"3\">NO OGM \u00a0\u00a0\u00a0\u00a0 |<\/span> \u00a0\u00a0\u00a0\u00a0 <span class=\"JLqJ4b ChMk0b\" data-language-for-alternatives=\"es\" data-language-to-translate-into=\"en\" data-phrase-index=\"4\">LABORATORIO CERTIFICADO ISO 17025<\/span><\/span><\/strong><\/span><\/p>\n","protected":false},"excerpt":{"rendered":"<p>&nbsp; SUMINISTRO DE 4 MESES Beneficios para la salud de Dr. SERRAR\u00ae Vitamin D3 5000 UI Todos los ingredientes naturales Diariamente para apoyar Absorci\u00f3n de calcio Un sistema inmunitario sano y fuerte Salud pulmonar Riesgo reducido de gripe Evitar la diabetes Aumenta la salud del coraz\u00f3n Huesos y dientes m\u00e1s fuertes Fortalece los m\u00fasculos Protege [&hellip;]<\/p>\n","protected":false},"featured_media":7923,"template":"","meta":{"hide_page_title":"","_coblocks_attr":"","_coblocks_dimensions":"","_coblocks_responsive_height":"","_coblocks_accordion_ie_support":""},"product_cat":[21],"product_tag":[],"translation":{"provider":"WPGlobus","version":"3.0.1","language":"es","enabled_languages":["en","es","fr","ar","pt","it"],"languages":{"en":{"title":true,"content":true,"excerpt":false},"es":{"title":false,"content":true,"excerpt":false},"fr":{"title":false,"content":true,"excerpt":false},"ar":{"title":false,"content":true,"excerpt":false},"pt":{"title":false,"content":true,"excerpt":false},"it":{"title":false,"content":true,"excerpt":false}}},"_links":{"self":[{"href":"https:\/\/www.serrarpharma.com\/es\/wp-json\/wp\/v2\/product\/7401"}],"collection":[{"href":"https:\/\/www.serrarpharma.com\/es\/wp-json\/wp\/v2\/product"}],"about":[{"href":"https:\/\/www.serrarpharma.com\/es\/wp-json\/wp\/v2\/types\/product"}],"wp:featuredmedia":[{"embeddable":true,"href":"https:\/\/www.serrarpharma.com\/es\/wp-json\/wp\/v2\/media\/7923"}],"wp:attachment":[{"href":"https:\/\/www.serrarpharma.com\/es\/wp-json\/wp\/v2\/media?parent=7401"}],"wp:term":[{"taxonomy":"product_cat","embeddable":true,"href":"https:\/\/www.serrarpharma.com\/es\/wp-json\/wp\/v2\/product_cat?post=7401"},{"taxonomy":"product_tag","embeddable":true,"href":"https:\/\/www.serrarpharma.com\/es\/wp-json\/wp\/v2\/product_tag?post=7401"}],"curies":[{"name":"wp","href":"https:\/\/api.w.org\/{rel}","templated":true}]}}