{"id":5051,"date":"2020-05-08T16:52:07","date_gmt":"2020-05-08T20:52:07","guid":{"rendered":"https:\/\/www.serrarpharma.com\/?post_type=product&#038;p=5051"},"modified":"2024-08-21T21:35:25","modified_gmt":"2024-08-22T01:35:25","slug":"premium-package","status":"publish","type":"product","link":"https:\/\/www.serrarpharma.com\/es\/product\/premium-package\/","title":{"rendered":"Premium Package"},"content":{"rendered":"<div class=\"module--translations-translatedtext js-module--translations-translatedtext\"><span style=\"color: #16659e;\"><strong>DETOX ACTUALMENTE AGOTADO &#8211; SER\u00c1 REEMPLAZADO POR UN PROBI\u00d3TICO<\/strong><\/span><\/div>\n<p>\u00a1El paquete Premium incluye ZinaSlim, ZinaBoost, ZinaDetox, ZinaBalance, y Programa Diario!!<\/p>\n<p>Control de peso saludable y obesidad.<\/p>\n<p>Reduce el antojo de az\u00facar y los bocadillos<br \/>\nSupresor de apetito<br \/>\nAumenta tu metabolismo.<br \/>\nElimina la fatiga.<br \/>\nIncremento de energ\u00eda<br \/>\n<strong> Reduce el estr\u00e9s y la ansiedad.<br \/>\nRegula las hormonas.<br \/>\nReduce el almacenamiento de grasa en el est\u00f3mago.<br \/>\nApoya la salud gastrointestinal.<br \/>\nDesintoxicaci\u00f3n<\/strong><\/p>\n<p>INGREDIENTES PUROS Y NATURALES<\/p>\n<p><strong> Informaci\u00f3n importante: <\/strong><br \/>\nSi est\u00e1 tomando alg\u00fan medicamento recetado, tiene una afecci\u00f3n m\u00e9dica o tiene inquietudes espec\u00edficas sobre la idoneidad de cualquiera de nuestros productos en relaci\u00f3n con estos, siempre debe consultar a su m\u00e9dico de cabecera o farmac\u00e9utico antes de tomar suplementos. Las mujeres embarazadas o lactantes deben consultar a un m\u00e9dico de cabecera antes de tomar suplementos. No exceda la dosis diaria recomendada. Mantener fuera del alcance de los ni\u00f1os. Los suplementos no deben tomarse como sustitutos de una dieta variada. Siempre lea la etiqueta antes de usar<\/p>\n<p>Serrar Pharma utiliza solo ingredientes puros y naturales, de fuentes confiables de GMP. Aseguramos la calidad no solo de cada lote, sino tambi\u00e9n de cada ingrediente en ese lote, asegurando que obtenga solo el producto de la m\u00e1s alta calidad. Hay muchos beneficios de soporte de suplementos. Vea a continuaci\u00f3n los comentarios. Si tiene alguna pregunta, cont\u00e1ctenos en info@serrarpharma.com<\/p>\n","protected":false},"excerpt":{"rendered":"<p>DETOX ACTUALMENTE AGOTADO &#8211; SER\u00c1 REEMPLAZADO POR UN PROBI\u00d3TICO \u00a1El paquete Premium incluye ZinaSlim, ZinaBoost, ZinaDetox, ZinaBalance, y Programa Diario!! Control de peso saludable y obesidad. Reduce el antojo de az\u00facar y los bocadillos Supresor de apetito Aumenta tu metabolismo. Elimina la fatiga. Incremento de energ\u00eda Reduce el estr\u00e9s y la ansiedad. Regula las hormonas. [&hellip;]<\/p>\n","protected":false},"featured_media":8539,"template":"","meta":{"hide_page_title":"","_coblocks_attr":"","_coblocks_dimensions":"","_coblocks_responsive_height":"","_coblocks_accordion_ie_support":""},"product_cat":[21],"product_tag":[],"translation":{"provider":"WPGlobus","version":"3.0.1","language":"es","enabled_languages":["en","es","fr","ar","pt","it"],"languages":{"en":{"title":true,"content":true,"excerpt":false},"es":{"title":false,"content":true,"excerpt":false},"fr":{"title":false,"content":true,"excerpt":false},"ar":{"title":false,"content":true,"excerpt":false},"pt":{"title":false,"content":true,"excerpt":false},"it":{"title":false,"content":true,"excerpt":false}}},"_links":{"self":[{"href":"https:\/\/www.serrarpharma.com\/es\/wp-json\/wp\/v2\/product\/5051"}],"collection":[{"href":"https:\/\/www.serrarpharma.com\/es\/wp-json\/wp\/v2\/product"}],"about":[{"href":"https:\/\/www.serrarpharma.com\/es\/wp-json\/wp\/v2\/types\/product"}],"wp:featuredmedia":[{"embeddable":true,"href":"https:\/\/www.serrarpharma.com\/es\/wp-json\/wp\/v2\/media\/8539"}],"wp:attachment":[{"href":"https:\/\/www.serrarpharma.com\/es\/wp-json\/wp\/v2\/media?parent=5051"}],"wp:term":[{"taxonomy":"product_cat","embeddable":true,"href":"https:\/\/www.serrarpharma.com\/es\/wp-json\/wp\/v2\/product_cat?post=5051"},{"taxonomy":"product_tag","embeddable":true,"href":"https:\/\/www.serrarpharma.com\/es\/wp-json\/wp\/v2\/product_tag?post=5051"}],"curies":[{"name":"wp","href":"https:\/\/api.w.org\/{rel}","templated":true}]}}