{"id":4879,"date":"2020-05-08T03:01:11","date_gmt":"2020-05-08T03:01:11","guid":{"rendered":"https:\/\/www.serrarpharma.com\/?post_type=product&#038;p=4879"},"modified":"2021-03-30T11:48:45","modified_gmt":"2021-03-30T15:48:45","slug":"bronze-package","status":"publish","type":"product","link":"https:\/\/www.serrarpharma.com\/es\/product\/bronze-package\/","title":{"rendered":"Bronze Package"},"content":{"rendered":"<p>\u00a1El paquete de bronce incluye ZinaSlim, ZinaBoost y Programa Diario!<\/p>\n<p>Para control de peso saludable y obesidad.<br \/>\n<strong> Supresor del apetito<br \/>\nSupresor de sabor dulce.<br \/>\nAumenta su metabolismo. <\/strong><br \/>\nElimina la fatiga.<br \/>\nIncremento de energ\u00eda<\/p>\n<p>Complementa un estilo de vida con una dieta baja en calor\u00edas.<br \/>\nPara los participantes en un peso saludable programa de gesti\u00f3n.<br \/>\n<br \/> <br \/>\nINGREDIENTES PUROS Y NATURALES<br \/>\n<br \/>\n&nbsp;<br \/>\n<strong> Informaci\u00f3n importante: <\/strong><br \/>\nSi est\u00e1 tomando alg\u00fan medicamento recetado, tiene una afecci\u00f3n m\u00e9dica o tiene inquietudes espec\u00edficas sobre la idoneidad de cualquiera de nuestros productos en relaci\u00f3n con estos, siempre debe consultar a su m\u00e9dico de cabecera o farmac\u00e9utico antes de tomar suplementos. Las mujeres embarazadas o lactantes deben consultar a un m\u00e9dico de cabecera antes de tomar suplementos. No exceda la dosis diaria recomendada. Mantener fuera del alcance de los ni\u00f1os. Los suplementos no deben tomarse como sustitutos de una dieta variada. Siempre lea la etiqueta antes de usar<br \/>\n<br \/>\nSerrar Pharma utiliza solo ingredientes puros y naturales, de fuentes confiables de GMP. Aseguramos la calidad no solo de cada lote, sino tambi\u00e9n de cada ingrediente en ese lote, asegurando que obtenga solo el producto de la m\u00e1s alta calidad. Hay muchos beneficios de soporte de suplementos. Vea a continuaci\u00f3n los comentarios. Si tiene alguna pregunta, cont\u00e1ctenos en info@serrarpharma.com<\/p>\n","protected":false},"excerpt":{"rendered":"<p>\u00a1El paquete de bronce incluye ZinaSlim, ZinaBoost y Programa Diario! Para control de peso saludable y obesidad. Supresor del apetito Supresor de sabor dulce. Aumenta su metabolismo. Elimina la fatiga. Incremento de energ\u00eda Complementa un estilo de vida con una dieta baja en calor\u00edas. Para los participantes en un peso saludable programa de gesti\u00f3n. INGREDIENTES [&hellip;]<\/p>\n","protected":false},"featured_media":8535,"template":"","meta":{"hide_page_title":"","_coblocks_attr":"","_coblocks_dimensions":"","_coblocks_responsive_height":"","_coblocks_accordion_ie_support":""},"product_cat":[21],"product_tag":[],"translation":{"provider":"WPGlobus","version":"3.0.1","language":"es","enabled_languages":["en","es","fr","ar","pt","it"],"languages":{"en":{"title":true,"content":true,"excerpt":false},"es":{"title":false,"content":true,"excerpt":false},"fr":{"title":false,"content":true,"excerpt":false},"ar":{"title":false,"content":true,"excerpt":false},"pt":{"title":false,"content":true,"excerpt":false},"it":{"title":false,"content":true,"excerpt":false}}},"_links":{"self":[{"href":"https:\/\/www.serrarpharma.com\/es\/wp-json\/wp\/v2\/product\/4879"}],"collection":[{"href":"https:\/\/www.serrarpharma.com\/es\/wp-json\/wp\/v2\/product"}],"about":[{"href":"https:\/\/www.serrarpharma.com\/es\/wp-json\/wp\/v2\/types\/product"}],"wp:featuredmedia":[{"embeddable":true,"href":"https:\/\/www.serrarpharma.com\/es\/wp-json\/wp\/v2\/media\/8535"}],"wp:attachment":[{"href":"https:\/\/www.serrarpharma.com\/es\/wp-json\/wp\/v2\/media?parent=4879"}],"wp:term":[{"taxonomy":"product_cat","embeddable":true,"href":"https:\/\/www.serrarpharma.com\/es\/wp-json\/wp\/v2\/product_cat?post=4879"},{"taxonomy":"product_tag","embeddable":true,"href":"https:\/\/www.serrarpharma.com\/es\/wp-json\/wp\/v2\/product_tag?post=4879"}],"curies":[{"name":"wp","href":"https:\/\/api.w.org\/{rel}","templated":true}]}}