{"id":1882,"date":"2020-04-15T02:08:06","date_gmt":"2020-04-15T02:08:06","guid":{"rendered":"https:\/\/www.serrarpharma.com\/?post_type=product&#038;p=1882"},"modified":"2021-11-12T13:28:02","modified_gmt":"2021-11-12T18:28:02","slug":"zinaboost","status":"publish","type":"product","link":"https:\/\/www.serrarpharma.com\/es\/product\/zinaboost\/","title":{"rendered":"ZinaBoost Advance"},"content":{"rendered":"<p><img loading=\"lazy\" class=\"alignnone wp-image-11896\" src=\"https:\/\/i0.wp.com\/www.serrarpharma.com\/wp-content\/uploads\/2021\/05\/Quality-Labels-US-09.png?resize=70%2C70&#038;ssl=1\" alt=\"\" width=\"70\" height=\"70\" data-recalc-dims=\"1\" \/><img loading=\"lazy\" class=\"alignnone wp-image-11370\" src=\"https:\/\/i0.wp.com\/www.serrarpharma.com\/wp-content\/uploads\/2021\/04\/GMP.png?resize=70%2C70&#038;ssl=1\" alt=\"\" width=\"70\" height=\"70\" srcset=\"https:\/\/i0.wp.com\/www.serrarpharma.com\/wp-content\/uploads\/2021\/04\/GMP.png?w=150&amp;ssl=1 150w, https:\/\/i0.wp.com\/www.serrarpharma.com\/wp-content\/uploads\/2021\/04\/GMP.png?resize=100%2C100&amp;ssl=1 100w\" sizes=\"(max-width: 70px) 100vw, 70px\" data-recalc-dims=\"1\" \/><img loading=\"lazy\" class=\"alignnone wp-image-11369\" src=\"https:\/\/i0.wp.com\/www.serrarpharma.com\/wp-content\/uploads\/2021\/04\/Nongmo.png?resize=70%2C70&#038;ssl=1\" alt=\"\" width=\"70\" height=\"70\" srcset=\"https:\/\/i0.wp.com\/www.serrarpharma.com\/wp-content\/uploads\/2021\/04\/Nongmo.png?w=150&amp;ssl=1 150w, https:\/\/i0.wp.com\/www.serrarpharma.com\/wp-content\/uploads\/2021\/04\/Nongmo.png?resize=100%2C100&amp;ssl=1 100w\" sizes=\"(max-width: 70px) 100vw, 70px\" data-recalc-dims=\"1\" \/><img loading=\"lazy\" class=\"alignnone wp-image-11799\" src=\"https:\/\/i0.wp.com\/www.serrarpharma.com\/wp-content\/uploads\/2021\/04\/ISO-07.png?resize=70%2C70&#038;ssl=1\" alt=\"\" width=\"70\" height=\"70\" srcset=\"https:\/\/i0.wp.com\/www.serrarpharma.com\/wp-content\/uploads\/2021\/04\/ISO-07.png?resize=300%2C300&amp;ssl=1 300w, https:\/\/i0.wp.com\/www.serrarpharma.com\/wp-content\/uploads\/2021\/04\/ISO-07.png?resize=150%2C150&amp;ssl=1 150w, https:\/\/i0.wp.com\/www.serrarpharma.com\/wp-content\/uploads\/2021\/04\/ISO-07.png?resize=100%2C100&amp;ssl=1 100w, https:\/\/i0.wp.com\/www.serrarpharma.com\/wp-content\/uploads\/2021\/04\/ISO-07.png?w=418&amp;ssl=1 418w\" sizes=\"(max-width: 70px) 100vw, 70px\" data-recalc-dims=\"1\" \/><\/p>\n<p><strong> Permite la actividad f\u00edsica para cualquier persona con una dieta baja en calor\u00edas en un programa de p\u00e9rdida de peso <\/strong><\/p>\n<div class=\"productlist\">Acelera el metabolismo de los nutrientes<br \/>\nAumentar la energ\u00eda<br \/>\nElimina la fatiga<br \/>\nSuprime el apetito y el deseo de az\u00facar.<br \/>\nEfecto hipogluc\u00e9mico y controles de az\u00facar en la sangre<br \/>\nAyuda a equilibrar las grasas y las hormonas.<br \/>\nAyuda en el buen funcionamiento de los m\u00fasculos.<br \/>\nAumenta las capacidades f\u00edsicas y el rendimiento<\/div>\n<p>&#8211;<\/p>\n<p>Estos productos promueven la resistencia, ayudan a reducir la fatiga, mejoran el rendimiento f\u00edsico y mantienen la capacidad del cuerpo para metabolizar los nutrientes. Esta f\u00f3rmula \u00fanica y exclusiva ha sido cuidadosamente dise\u00f1ada para ayudarlo a mantener las capacidades del cuerpo para metabolizar nutrientes y aumentar sus capacidades f\u00edsicas durante el rendimiento f\u00edsico (estr\u00e9s f\u00edsico).<\/p>\n<p>Supresor de sabor dulce.<br \/>\nAumenta tu metabolismo.<br \/>\nAumenta la energ\u00eda.<br \/>\nElimina la fatiga.<br \/>\nUn complemento para un estilo de vida<br \/>\nIncluye un bajo en calor\u00edas<br \/>\nDieta y Regular<br \/>\nActividad f\u00edsica<br \/>\npara los involucrados<br \/>\nen un peso saludable<br \/>\nPrograma de gesti\u00f3n.<\/p>\n<p><strong>Dosis:<\/strong><\/p>\n<p>30 gotas una vez al d\u00eda despu\u00e9s del desayuno<\/p>\n<p><strong> Informaci\u00f3n importante: <\/strong><br \/>\nSi est\u00e1 tomando alg\u00fan medicamento recetado, tiene una afecci\u00f3n m\u00e9dica o tiene inquietudes espec\u00edficas sobre la idoneidad de cualquiera de nuestros productos en relaci\u00f3n con estos, siempre debe consultar a su m\u00e9dico de cabecera o farmac\u00e9utico antes de tomar suplementos. Las mujeres embarazadas o lactantes deben consultar a un m\u00e9dico de cabecera antes de tomar suplementos. No exceda la dosis diaria recomendada. Mantener fuera del alcance de los ni\u00f1os. Los suplementos no deben tomarse como sustitutos de una dieta variada. Siempre lea la etiqueta antes de usar<\/p>\n<p>Serrar Pharma utiliza solo ingredientes puros y naturales, de fuentes confiables de GMP. Aseguramos la calidad no solo de cada lote, sino tambi\u00e9n de cada ingrediente en ese lote, asegurando que obtenga solo el producto de la m\u00e1s alta calidad. Hay muchos beneficios de soporte de suplementos. Vea a continuaci\u00f3n los comentarios. Si tiene alguna pregunta, cont\u00e1ctenos en info@serrarpharma.com<\/p>\n<p>&nbsp;<\/p>\n<p><span style=\"color: #005890;\"><strong><span class=\"VIiyi\" lang=\"es\"><span class=\"JLqJ4b ChMk0b\" data-language-for-alternatives=\"es\" data-language-to-translate-into=\"en\" data-phrase-index=\"1\">HECHO EN USA \u00a0\u00a0\u00a0 |<\/span> \u00a0\u00a0\u00a0\u00a0 <span class=\"JLqJ4b ChMk0b\" data-language-for-alternatives=\"es\" data-language-to-translate-into=\"en\" data-phrase-index=\"2\">CERTIFICADO GMP \u00a0\u00a0\u00a0\u00a0 |<\/span> \u00a0\u00a0\u00a0\u00a0 <span class=\"JLqJ4b ChMk0b\" data-language-for-alternatives=\"es\" data-language-to-translate-into=\"en\" data-phrase-index=\"3\">NO OGM \u00a0\u00a0\u00a0\u00a0 |<\/span> \u00a0\u00a0\u00a0\u00a0 <span class=\"JLqJ4b ChMk0b\" data-language-for-alternatives=\"es\" data-language-to-translate-into=\"en\" data-phrase-index=\"4\">LABORATORIO CERTIFICADO ISO 17025<\/span><\/span><\/strong><\/span><\/p>\n","protected":false},"excerpt":{"rendered":"<p>Permite la actividad f\u00edsica para cualquier persona con una dieta baja en calor\u00edas en un programa de p\u00e9rdida de peso Acelera el metabolismo de los nutrientes Aumentar la energ\u00eda Elimina la fatiga Suprime el apetito y el deseo de az\u00facar. Efecto hipogluc\u00e9mico y controles de az\u00facar en la sangre Ayuda a equilibrar las grasas y [&hellip;]<\/p>\n","protected":false},"featured_media":7920,"template":"","meta":{"hide_page_title":"","_coblocks_attr":"","_coblocks_dimensions":"","_coblocks_responsive_height":"","_coblocks_accordion_ie_support":""},"product_cat":[21],"product_tag":[],"translation":{"provider":"WPGlobus","version":"3.0.1","language":"es","enabled_languages":["en","es","fr","ar","pt","it"],"languages":{"en":{"title":true,"content":true,"excerpt":false},"es":{"title":false,"content":true,"excerpt":false},"fr":{"title":false,"content":true,"excerpt":false},"ar":{"title":false,"content":true,"excerpt":false},"pt":{"title":false,"content":true,"excerpt":false},"it":{"title":false,"content":true,"excerpt":false}}},"_links":{"self":[{"href":"https:\/\/www.serrarpharma.com\/es\/wp-json\/wp\/v2\/product\/1882"}],"collection":[{"href":"https:\/\/www.serrarpharma.com\/es\/wp-json\/wp\/v2\/product"}],"about":[{"href":"https:\/\/www.serrarpharma.com\/es\/wp-json\/wp\/v2\/types\/product"}],"wp:featuredmedia":[{"embeddable":true,"href":"https:\/\/www.serrarpharma.com\/es\/wp-json\/wp\/v2\/media\/7920"}],"wp:attachment":[{"href":"https:\/\/www.serrarpharma.com\/es\/wp-json\/wp\/v2\/media?parent=1882"}],"wp:term":[{"taxonomy":"product_cat","embeddable":true,"href":"https:\/\/www.serrarpharma.com\/es\/wp-json\/wp\/v2\/product_cat?post=1882"},{"taxonomy":"product_tag","embeddable":true,"href":"https:\/\/www.serrarpharma.com\/es\/wp-json\/wp\/v2\/product_tag?post=1882"}],"curies":[{"name":"wp","href":"https:\/\/api.w.org\/{rel}","templated":true}]}}