{"id":1879,"date":"2020-04-15T01:51:05","date_gmt":"2020-04-15T01:51:05","guid":{"rendered":"https:\/\/www.serrarpharma.com\/?post_type=product&#038;p=1879"},"modified":"2021-11-25T13:06:20","modified_gmt":"2021-11-25T18:06:20","slug":"zinaslim-advanced","status":"publish","type":"product","link":"https:\/\/www.serrarpharma.com\/es\/product\/zinaslim-advanced\/","title":{"rendered":"ZinaSlim Advanced"},"content":{"rendered":"<p><img loading=\"lazy\" class=\"alignnone wp-image-11896\" src=\"https:\/\/i0.wp.com\/www.serrarpharma.com\/wp-content\/uploads\/2021\/05\/Quality-Labels-US-09.png?resize=70%2C70&#038;ssl=1\" alt=\"\" width=\"70\" height=\"70\" data-recalc-dims=\"1\" \/><img loading=\"lazy\" class=\"alignnone wp-image-11370\" src=\"https:\/\/i0.wp.com\/www.serrarpharma.com\/wp-content\/uploads\/2021\/04\/GMP.png?resize=70%2C70&#038;ssl=1\" alt=\"\" width=\"70\" height=\"70\" srcset=\"https:\/\/i0.wp.com\/www.serrarpharma.com\/wp-content\/uploads\/2021\/04\/GMP.png?w=150&amp;ssl=1 150w, https:\/\/i0.wp.com\/www.serrarpharma.com\/wp-content\/uploads\/2021\/04\/GMP.png?resize=100%2C100&amp;ssl=1 100w\" sizes=\"(max-width: 70px) 100vw, 70px\" data-recalc-dims=\"1\" \/><img loading=\"lazy\" class=\"alignnone wp-image-11369\" src=\"https:\/\/i0.wp.com\/www.serrarpharma.com\/wp-content\/uploads\/2021\/04\/Nongmo.png?resize=70%2C70&#038;ssl=1\" alt=\"\" width=\"70\" height=\"70\" srcset=\"https:\/\/i0.wp.com\/www.serrarpharma.com\/wp-content\/uploads\/2021\/04\/Nongmo.png?w=150&amp;ssl=1 150w, https:\/\/i0.wp.com\/www.serrarpharma.com\/wp-content\/uploads\/2021\/04\/Nongmo.png?resize=100%2C100&amp;ssl=1 100w\" sizes=\"(max-width: 70px) 100vw, 70px\" data-recalc-dims=\"1\" \/><img loading=\"lazy\" class=\"alignnone wp-image-11799\" src=\"https:\/\/i0.wp.com\/www.serrarpharma.com\/wp-content\/uploads\/2021\/04\/ISO-07.png?resize=70%2C70&#038;ssl=1\" alt=\"\" width=\"70\" height=\"70\" srcset=\"https:\/\/i0.wp.com\/www.serrarpharma.com\/wp-content\/uploads\/2021\/04\/ISO-07.png?resize=300%2C300&amp;ssl=1 300w, https:\/\/i0.wp.com\/www.serrarpharma.com\/wp-content\/uploads\/2021\/04\/ISO-07.png?resize=150%2C150&amp;ssl=1 150w, https:\/\/i0.wp.com\/www.serrarpharma.com\/wp-content\/uploads\/2021\/04\/ISO-07.png?resize=100%2C100&amp;ssl=1 100w, https:\/\/i0.wp.com\/www.serrarpharma.com\/wp-content\/uploads\/2021\/04\/ISO-07.png?w=418&amp;ssl=1 418w\" sizes=\"(max-width: 70px) 100vw, 70px\" data-recalc-dims=\"1\" \/><\/p>\n<p>Reduce el aumento de peso.<br \/>\nComplementa un estilo de vida incluye una dieta baja en calor\u00edas Para los participantes En un peso saludable Programa de gesti\u00f3n.<br \/>\nSupresor de apetito<\/p>\n<p>Reduce el aumento de peso<br \/>\n<strong>Reduce:<\/strong><\/p>\n<div class=\"productlist\">Contenido de grasa y%<br \/>\nCintura y caderas (IMC)<br \/>\nHipertensi\u00f3n arterial<br \/>\nAnsiedad y fatiga<\/div>\n<p><strong> Incrementos: <\/strong><\/p>\n<div class=\"productlist\">Sensaci\u00f3n de saciedad<br \/>\nP\u00e9rdida de grasa con ejercicio aer\u00f3bico<\/div>\n<p><strong> Efecto hipogluc\u00e9mico: <\/strong><\/p>\n<div class=\"productlist\">Supresor de sabor dulce<br \/>\nRegulaci\u00f3n del nivel de az\u00facar<\/div>\n<p><strong><br \/>\nEFECTO EN EL EQUILIBRIO L\u00cdPIDO Y LAS HORMONAS <\/strong><\/p>\n<p><strong> Reduce: <\/strong><\/p>\n<div class=\"productlist\">LDL<br \/>\nNivel de colesterol<br \/>\nActividad de la lipasa pancre\u00e1tica<\/div>\n<p><strong> Incrementos: <\/strong><\/p>\n<div class=\"productlist\">Total, libre, niveles de testosterona HDL, libido en hombres<br \/>\nSerotonina (bienestar y menos ansiedad)<\/div>\n<p>&nbsp;<\/p>\n<p>Esta f\u00f3rmula \u00fanica y exclusiva ha sido cuidadosamente creada por el Dr. Serrar MD, PhD, ND para ayudarlo a encontrar una soluci\u00f3n de p\u00e9rdida de peso segura y natural. Es \u00fatil para cualquier persona con una dieta baja en calor\u00edas en un programa de p\u00e9rdida de peso.<\/p>\n<p>Este suplemento bot\u00e1nico natural contiene sustancias naturales que controlan el apetito de forma natural y aumentan los niveles de la hormona serotonina (una sustancia qu\u00edmica en el cerebro que te hace feliz, relajado, emocional y f\u00edsicamente). Esta poderosa f\u00f3rmula lo ayudar\u00e1 a evitar comer en exceso y comer emocionalmente alimentos y refrigerios poco saludables. Le ayuda a mejorar su estado de \u00e1nimo y energ\u00eda a medida que el cuerpo se adapta a los nuevos h\u00e1bitos alimenticios saludables. Muchos pacientes notan un cambio positivo: una mejor apariencia de su silueta (activaci\u00f3n del metabolismo: disminuci\u00f3n de la grasa corporal), un mejor estado de \u00e1nimo, una disminuci\u00f3n del colesterol, una disminuci\u00f3n de la presi\u00f3n arterial y una regularizaci\u00f3n de su nivel de az\u00facar despu\u00e9s de los primeros 30 d\u00edas. \u00a1ZinaSlim lo coloca en el camino correcto para reducir en gran medida su estr\u00e9s y fatiga, y convertirse en una persona m\u00e1s feliz y saludable!<\/p>\n<p><strong>Dosis:<\/strong><\/p>\n<p>10 gotas 3 veces al d\u00eda<\/p>\n<p>15 minutos antes del desayuno, almuerzo y cena<\/p>\n<p>No coma 15 minutos despu\u00e9s de tomar las gotas.<\/p>\n<p><strong> Informaci\u00f3n importante: <\/strong><br \/>\nSi est\u00e1 tomando alg\u00fan medicamento recetado, tiene una afecci\u00f3n m\u00e9dica o tiene inquietudes espec\u00edficas sobre la idoneidad de cualquiera de nuestros productos en relaci\u00f3n con estos, siempre debe consultar a su m\u00e9dico de cabecera o farmac\u00e9utico antes de tomar suplementos. Las mujeres embarazadas o lactantes deben consultar a un m\u00e9dico de cabecera antes de tomar suplementos. No exceda la dosis diaria recomendada. Mantener fuera del alcance de los ni\u00f1os. Los suplementos no deben tomarse como sustitutos de una dieta variada. Siempre lea la etiqueta antes de usar<\/p>\n<p>Serrar Pharma utiliza solo ingredientes puros y naturales, de fuentes confiables de GMP. Aseguramos la calidad no solo de cada lote, sino tambi\u00e9n de cada ingrediente en ese lote, asegurando que obtenga solo el producto de la m\u00e1s alta calidad. Hay muchos beneficios de soporte de suplementos. Vea a continuaci\u00f3n los comentarios. Si tiene alguna pregunta, cont\u00e1ctenos en info@serrarpharma.com<\/p>\n<p>&nbsp;<\/p>\n<p><span style=\"color: #005890;\"><strong><span class=\"VIiyi\" lang=\"es\"><span class=\"JLqJ4b ChMk0b\" data-language-for-alternatives=\"es\" data-language-to-translate-into=\"en\" data-phrase-index=\"1\">HECHO EN USA \u00a0\u00a0\u00a0\u00a0 |<\/span> \u00a0\u00a0\u00a0\u00a0 <span class=\"JLqJ4b ChMk0b\" data-language-for-alternatives=\"es\" data-language-to-translate-into=\"en\" data-phrase-index=\"2\">CERTIFICADO GMP \u00a0\u00a0\u00a0\u00a0 |<\/span> \u00a0\u00a0\u00a0\u00a0 <span class=\"JLqJ4b ChMk0b\" data-language-for-alternatives=\"es\" data-language-to-translate-into=\"en\" data-phrase-index=\"3\">NO OGM \u00a0\u00a0\u00a0\u00a0 |<\/span> \u00a0\u00a0\u00a0\u00a0 <span class=\"JLqJ4b ChMk0b\" data-language-for-alternatives=\"es\" data-language-to-translate-into=\"en\" data-phrase-index=\"4\">LABORATORIO CERTIFICADO ISO 17025<\/span><\/span><\/strong><\/span><\/p>\n","protected":false},"excerpt":{"rendered":"<p>Reduce el aumento de peso. Complementa un estilo de vida incluye una dieta baja en calor\u00edas Para los participantes En un peso saludable Programa de gesti\u00f3n. Supresor de apetito Reduce el aumento de peso Reduce: Contenido de grasa y% Cintura y caderas (IMC) Hipertensi\u00f3n arterial Ansiedad y fatiga Incrementos: Sensaci\u00f3n de saciedad P\u00e9rdida de grasa [&hellip;]<\/p>\n","protected":false},"featured_media":7916,"template":"","meta":{"hide_page_title":"","_coblocks_attr":"","_coblocks_dimensions":"","_coblocks_responsive_height":"","_coblocks_accordion_ie_support":""},"product_cat":[21],"product_tag":[],"translation":{"provider":"WPGlobus","version":"3.0.1","language":"es","enabled_languages":["en","es","fr","ar","pt","it"],"languages":{"en":{"title":true,"content":true,"excerpt":false},"es":{"title":false,"content":true,"excerpt":false},"fr":{"title":false,"content":true,"excerpt":false},"ar":{"title":false,"content":true,"excerpt":false},"pt":{"title":false,"content":true,"excerpt":false},"it":{"title":false,"content":true,"excerpt":false}}},"_links":{"self":[{"href":"https:\/\/www.serrarpharma.com\/es\/wp-json\/wp\/v2\/product\/1879"}],"collection":[{"href":"https:\/\/www.serrarpharma.com\/es\/wp-json\/wp\/v2\/product"}],"about":[{"href":"https:\/\/www.serrarpharma.com\/es\/wp-json\/wp\/v2\/types\/product"}],"wp:featuredmedia":[{"embeddable":true,"href":"https:\/\/www.serrarpharma.com\/es\/wp-json\/wp\/v2\/media\/7916"}],"wp:attachment":[{"href":"https:\/\/www.serrarpharma.com\/es\/wp-json\/wp\/v2\/media?parent=1879"}],"wp:term":[{"taxonomy":"product_cat","embeddable":true,"href":"https:\/\/www.serrarpharma.com\/es\/wp-json\/wp\/v2\/product_cat?post=1879"},{"taxonomy":"product_tag","embeddable":true,"href":"https:\/\/www.serrarpharma.com\/es\/wp-json\/wp\/v2\/product_tag?post=1879"}],"curies":[{"name":"wp","href":"https:\/\/api.w.org\/{rel}","templated":true}]}}