{"id":11123,"date":"2021-04-05T19:09:15","date_gmt":"2021-04-05T23:09:15","guid":{"rendered":"https:\/\/www.serrarpharma.com\/?post_type=product&#038;p=11123"},"modified":"2025-02-01T23:16:13","modified_gmt":"2025-02-02T04:16:13","slug":"naturosleep","status":"publish","type":"product","link":"https:\/\/www.serrarpharma.com\/es\/product\/naturosleep\/","title":{"rendered":"NaturoSleep"},"content":{"rendered":"<p><img loading=\"lazy\" class=\"alignnone wp-image-11371\" src=\"https:\/\/i0.wp.com\/www.serrarpharma.com\/wp-content\/uploads\/2021\/04\/Made-in-CA.png?resize=70%2C70&#038;ssl=1\" alt=\"\" width=\"70\" height=\"70\" srcset=\"https:\/\/i0.wp.com\/www.serrarpharma.com\/wp-content\/uploads\/2021\/04\/Made-in-CA.png?w=150&amp;ssl=1 150w, https:\/\/i0.wp.com\/www.serrarpharma.com\/wp-content\/uploads\/2021\/04\/Made-in-CA.png?resize=100%2C100&amp;ssl=1 100w\" sizes=\"(max-width: 70px) 100vw, 70px\" data-recalc-dims=\"1\" \/><img loading=\"lazy\" class=\"alignnone wp-image-11370\" src=\"https:\/\/i0.wp.com\/www.serrarpharma.com\/wp-content\/uploads\/2021\/04\/GMP.png?resize=70%2C70&#038;ssl=1\" alt=\"\" width=\"70\" height=\"70\" srcset=\"https:\/\/i0.wp.com\/www.serrarpharma.com\/wp-content\/uploads\/2021\/04\/GMP.png?w=150&amp;ssl=1 150w, https:\/\/i0.wp.com\/www.serrarpharma.com\/wp-content\/uploads\/2021\/04\/GMP.png?resize=100%2C100&amp;ssl=1 100w\" sizes=\"(max-width: 70px) 100vw, 70px\" data-recalc-dims=\"1\" \/><img loading=\"lazy\" class=\"alignnone wp-image-11369\" src=\"https:\/\/i0.wp.com\/www.serrarpharma.com\/wp-content\/uploads\/2021\/04\/Nongmo.png?resize=70%2C70&#038;ssl=1\" alt=\"\" width=\"70\" height=\"70\" srcset=\"https:\/\/i0.wp.com\/www.serrarpharma.com\/wp-content\/uploads\/2021\/04\/Nongmo.png?w=150&amp;ssl=1 150w, https:\/\/i0.wp.com\/www.serrarpharma.com\/wp-content\/uploads\/2021\/04\/Nongmo.png?resize=100%2C100&amp;ssl=1 100w\" sizes=\"(max-width: 70px) 100vw, 70px\" data-recalc-dims=\"1\" \/><img loading=\"lazy\" class=\"alignnone wp-image-11799\" src=\"https:\/\/i0.wp.com\/www.serrarpharma.com\/wp-content\/uploads\/2021\/04\/ISO-07.png?resize=70%2C70&#038;ssl=1\" alt=\"\" width=\"70\" height=\"70\" srcset=\"https:\/\/i0.wp.com\/www.serrarpharma.com\/wp-content\/uploads\/2021\/04\/ISO-07.png?resize=300%2C300&amp;ssl=1 300w, https:\/\/i0.wp.com\/www.serrarpharma.com\/wp-content\/uploads\/2021\/04\/ISO-07.png?resize=150%2C150&amp;ssl=1 150w, https:\/\/i0.wp.com\/www.serrarpharma.com\/wp-content\/uploads\/2021\/04\/ISO-07.png?resize=100%2C100&amp;ssl=1 100w, https:\/\/i0.wp.com\/www.serrarpharma.com\/wp-content\/uploads\/2021\/04\/ISO-07.png?w=418&amp;ssl=1 418w\" sizes=\"(max-width: 70px) 100vw, 70px\" data-recalc-dims=\"1\" \/><\/p>\n<p>&nbsp;<\/p>\n<p>La melatonina es una hormona producida y secretada por la gl\u00e1ndula pineal, una gl\u00e1ndula con forma de cono de pino que mide menos de un cent\u00edmetro de longitud, ubicada en lo profundo del cerebro.<\/p>\n<p>La funci\u00f3n principal de la melatonina es el mantenimiento de un ritmo circadiano saludable; en otras palabras, su ciclo de sue\u00f1o \/ vigilia. La luz detiene la liberaci\u00f3n de melatonina, que representa un problema de salud para quienes viajan con frecuencia y sufren de desfase horario, o para los trabajadores por turnos que carecen de esta preciosa hormona para obtener su sue\u00f1o profundo y cr\u00edtico para mantenerse saludables. La producci\u00f3n de melatonina tambi\u00e9n disminuye con la edad, lo que tambi\u00e9n puede contribuir al insomnio cr\u00f3nico en adultos.<\/p>\n<p>La melatonina es segura, bien tolerada y una alternativa libre de efectos secundarios a las pastillas para dormir que no conducir\u00e1 a la dependencia ni a la adicci\u00f3n. Puede acortar el tiempo necesario para conciliar el sue\u00f1o, as\u00ed como mejorar la duraci\u00f3n y la calidad del sue\u00f1o. La falta de sue\u00f1o afecta muchos aspectos de la vida diaria, incluido el estado de alerta mental, la energ\u00eda y la resistencia. La falta de sue\u00f1o hace que las personas sean m\u00e1s susceptibles a accidentes y cambios de humor. La deficiencia de melatonina tambi\u00e9n puede estar relacionada con la enfermedad coronaria y la funci\u00f3n inmunol\u00f3gica comprometida.<\/p>\n<p>El l\u00edquido NaturoSleep del Dr. SERRAR <sup> \u00ae <\/sup> es una alternativa conveniente y de acci\u00f3n r\u00e1pida a las tabletas y c\u00e1psulas. Tiene un sabor a menta natural y la dosis se puede calibrar f\u00e1cilmente para adaptarse a las necesidades terap\u00e9uticas individuales.<\/p>\n<p><strong> Beneficios: <\/strong><br \/>\nAyuda a restaurar un ritmo circadiano saludable (ciclo de sue\u00f1o \/ vigilia)<br \/>\nAyuda a aumentar el tiempo total de sue\u00f1o.<br \/>\nSabor a menta natural<br \/>\nNo GMO<\/p>\n<p><strong> Informaci\u00f3n importante: <\/strong><br \/>\nSi est\u00e1 tomando alg\u00fan medicamento recetado, padece una afecci\u00f3n m\u00e9dica o tiene inquietudes espec\u00edficas sobre la idoneidad de alguno de nuestros productos en relaci\u00f3n con estos, siempre debe consultar a su m\u00e9dico de cabecera o farmac\u00e9utico antes de tomar suplementos. Las mujeres embarazadas o lactantes deben consultar a un m\u00e9dico de cabecera antes de tomar suplementos. No exceda la dosis diaria recomendada. Mantener fuera del alcance de los ni\u00f1os. Los suplementos no deben sustituirse a una dieta variada. Lea siempre la etiqueta antes de usar<\/p>\n<p>Serrar Pharma utiliza solo ingredientes puros y naturales, de fuentes confiables de GMP. Aseguramos la calidad no solo de cada lote, sino de cada ingrediente de ese lote, asegur\u00e1ndonos de que obtenga solo el producto de la m\u00e1s alta calidad. Hay muchos beneficios de soporte de suplementos. Vea abajo las rese\u00f1as. Si tiene alguna pregunta, cont\u00e1ctenos en info@serrarpharma.com<\/p>\n<p>&nbsp;<\/p>\n<p><strong><span style=\"color: #005890;\"><span class=\"VIiyi\" lang=\"es\"><span class=\"JLqJ4b ChMk0b\" data-language-for-alternatives=\"es\" data-language-to-translate-into=\"en\" data-phrase-index=\"1\">HECHO EN CANAD\u00c1\u00a0\u00a0\u00a0 |<\/span> \u00a0\u00a0 <span class=\"JLqJ4b ChMk0b\" data-language-for-alternatives=\"es\" data-language-to-translate-into=\"en\" data-phrase-index=\"2\">CERTIFICADO GMP\u00a0\u00a0\u00a0 |<\/span> \u00a0\u00a0 <span class=\"JLqJ4b ChMk0b\" data-language-for-alternatives=\"es\" data-language-to-translate-into=\"en\" data-phrase-index=\"3\">NO OGM \u00a0\u00a0 |<\/span> \u00a0\u00a0 <span class=\"JLqJ4b ChMk0b\" data-language-for-alternatives=\"es\" data-language-to-translate-into=\"en\" data-phrase-index=\"4\">LABORATORIO CERTIFICADO ISO 17025<\/span><\/span> <\/span><\/strong><\/p>\n","protected":false},"excerpt":{"rendered":"<p>&nbsp; La melatonina es una hormona producida y secretada por la gl\u00e1ndula pineal, una gl\u00e1ndula con forma de cono de pino que mide menos de un cent\u00edmetro de longitud, ubicada en lo profundo del cerebro. La funci\u00f3n principal de la melatonina es el mantenimiento de un ritmo circadiano saludable; en otras palabras, su ciclo de [&hellip;]<\/p>\n","protected":false},"featured_media":11303,"template":"","meta":{"hide_page_title":"","_coblocks_attr":"","_coblocks_dimensions":"","_coblocks_responsive_height":"","_coblocks_accordion_ie_support":""},"product_cat":[21],"product_tag":[],"translation":{"provider":"WPGlobus","version":"3.0.1","language":"es","enabled_languages":["en","es","fr","ar","pt","it"],"languages":{"en":{"title":true,"content":true,"excerpt":false},"es":{"title":false,"content":true,"excerpt":false},"fr":{"title":false,"content":true,"excerpt":false},"ar":{"title":false,"content":true,"excerpt":false},"pt":{"title":false,"content":true,"excerpt":false},"it":{"title":false,"content":true,"excerpt":false}}},"_links":{"self":[{"href":"https:\/\/www.serrarpharma.com\/es\/wp-json\/wp\/v2\/product\/11123"}],"collection":[{"href":"https:\/\/www.serrarpharma.com\/es\/wp-json\/wp\/v2\/product"}],"about":[{"href":"https:\/\/www.serrarpharma.com\/es\/wp-json\/wp\/v2\/types\/product"}],"wp:featuredmedia":[{"embeddable":true,"href":"https:\/\/www.serrarpharma.com\/es\/wp-json\/wp\/v2\/media\/11303"}],"wp:attachment":[{"href":"https:\/\/www.serrarpharma.com\/es\/wp-json\/wp\/v2\/media?parent=11123"}],"wp:term":[{"taxonomy":"product_cat","embeddable":true,"href":"https:\/\/www.serrarpharma.com\/es\/wp-json\/wp\/v2\/product_cat?post=11123"},{"taxonomy":"product_tag","embeddable":true,"href":"https:\/\/www.serrarpharma.com\/es\/wp-json\/wp\/v2\/product_tag?post=11123"}],"curies":[{"name":"wp","href":"https:\/\/api.w.org\/{rel}","templated":true}]}}