{"id":11120,"date":"2021-04-05T18:24:41","date_gmt":"2021-04-05T22:24:41","guid":{"rendered":"https:\/\/www.serrarpharma.com\/?post_type=product&#038;p=11120"},"modified":"2025-02-01T23:16:13","modified_gmt":"2025-02-02T04:16:13","slug":"zinaboost-capsule","status":"publish","type":"product","link":"https:\/\/www.serrarpharma.com\/es\/product\/zinaboost-capsule\/","title":{"rendered":"ZinaBoost Capsule"},"content":{"rendered":"<p><img loading=\"lazy\" class=\"alignnone wp-image-11371\" src=\"https:\/\/i0.wp.com\/www.serrarpharma.com\/wp-content\/uploads\/2021\/04\/Made-in-CA.png?resize=70%2C70&#038;ssl=1\" alt=\"\" width=\"70\" height=\"70\" srcset=\"https:\/\/i0.wp.com\/www.serrarpharma.com\/wp-content\/uploads\/2021\/04\/Made-in-CA.png?w=150&amp;ssl=1 150w, https:\/\/i0.wp.com\/www.serrarpharma.com\/wp-content\/uploads\/2021\/04\/Made-in-CA.png?resize=100%2C100&amp;ssl=1 100w\" sizes=\"(max-width: 70px) 100vw, 70px\" data-recalc-dims=\"1\" \/><img loading=\"lazy\" class=\"alignnone wp-image-11370\" src=\"https:\/\/i0.wp.com\/www.serrarpharma.com\/wp-content\/uploads\/2021\/04\/GMP.png?resize=70%2C70&#038;ssl=1\" alt=\"\" width=\"70\" height=\"70\" srcset=\"https:\/\/i0.wp.com\/www.serrarpharma.com\/wp-content\/uploads\/2021\/04\/GMP.png?w=150&amp;ssl=1 150w, https:\/\/i0.wp.com\/www.serrarpharma.com\/wp-content\/uploads\/2021\/04\/GMP.png?resize=100%2C100&amp;ssl=1 100w\" sizes=\"(max-width: 70px) 100vw, 70px\" data-recalc-dims=\"1\" \/><img loading=\"lazy\" class=\"alignnone wp-image-11369\" src=\"https:\/\/i0.wp.com\/www.serrarpharma.com\/wp-content\/uploads\/2021\/04\/Nongmo.png?resize=70%2C70&#038;ssl=1\" alt=\"\" width=\"70\" height=\"70\" srcset=\"https:\/\/i0.wp.com\/www.serrarpharma.com\/wp-content\/uploads\/2021\/04\/Nongmo.png?w=150&amp;ssl=1 150w, https:\/\/i0.wp.com\/www.serrarpharma.com\/wp-content\/uploads\/2021\/04\/Nongmo.png?resize=100%2C100&amp;ssl=1 100w\" sizes=\"(max-width: 70px) 100vw, 70px\" data-recalc-dims=\"1\" \/><img loading=\"lazy\" class=\"alignnone wp-image-11799\" src=\"https:\/\/i0.wp.com\/www.serrarpharma.com\/wp-content\/uploads\/2021\/04\/ISO-07.png?resize=70%2C70&#038;ssl=1\" alt=\"\" width=\"70\" height=\"70\" srcset=\"https:\/\/i0.wp.com\/www.serrarpharma.com\/wp-content\/uploads\/2021\/04\/ISO-07.png?resize=300%2C300&amp;ssl=1 300w, https:\/\/i0.wp.com\/www.serrarpharma.com\/wp-content\/uploads\/2021\/04\/ISO-07.png?resize=150%2C150&amp;ssl=1 150w, https:\/\/i0.wp.com\/www.serrarpharma.com\/wp-content\/uploads\/2021\/04\/ISO-07.png?resize=100%2C100&amp;ssl=1 100w, https:\/\/i0.wp.com\/www.serrarpharma.com\/wp-content\/uploads\/2021\/04\/ISO-07.png?w=418&amp;ssl=1 418w\" sizes=\"(max-width: 70px) 100vw, 70px\" data-recalc-dims=\"1\" \/><\/p>\n<p><strong> Permite la actividad f\u00edsica para cualquier persona con una dieta baja en calor\u00edas en un programa de p\u00e9rdida de peso <\/strong><\/p>\n<div class=\"productlist\">Acelera el metabolismo de los nutrientes<br \/>\nAumentar la energ\u00eda<br \/>\nElimina la fatiga<br \/>\nSuprime el apetito y el deseo de az\u00facar.<br \/>\nEfecto hipogluc\u00e9mico y controles de az\u00facar en la sangre<br \/>\nAyuda a equilibrar las grasas y las hormonas.<br \/>\nAyuda en el buen funcionamiento de los m\u00fasculos.<br \/>\nAumenta las capacidades f\u00edsicas y el rendimiento<\/div>\n<p>&#8211;<\/p>\n<p>ZinaBoost del Dr. SERRAR\u00ae es una combinaci\u00f3n bien equilibrada de nutrientes dise\u00f1ada para aumentar la energ\u00eda y la resistencia. La f\u00f3rmula ZinaBoost del Dr. SERRAR\u00ae es una mezcla multidimensional de nutrientes formulada para amplificar la energ\u00eda y desarrollar la resistencia. Repasemos la lista de ingredientes de nuestra f\u00f3rmula desarrollada por natur\u00f3patas.<\/p>\n<p><strong> Contiene: <\/strong><br \/>\n\u1d05-Ribose ayuda a restaurar los niveles de energ\u00eda para acelerar el tiempo de recuperaci\u00f3n despu\u00e9s de per\u00edodos de estr\u00e9s y esfuerzo.<\/p>\n<p>El astr\u00e1galo (16% de polisac\u00e1ridos) es una de las hierbas m\u00e1s valoradas en Oriente. Es especialmente maravilloso para aumentar la energ\u00eda y la resistencia, as\u00ed como para desarrollar la resistencia del cuerpo. Es una hierba tonificante que ayuda a equilibrar los sistemas del cuerpo.<\/p>\n<p>Panax ginseng (20% de ginsen\u00f3sidos) es conocido como el rey de todos los t\u00f3nicos energ\u00e9ticos. Estimula todo el cuerpo, ayudando a superar el estr\u00e9s, la fatiga y la debilidad.<br \/>\nEl ginseng siberiano (0,8% de eleuter\u00f3sidos) es uno de los mejores t\u00f3nicos energ\u00e9ticos. Los estudios han demostrado que puede aumentar dr\u00e1sticamente la resistencia, lo que permite a quienes lo usan trabajar m\u00e1s y m\u00e1s duro, y recuperarse m\u00e1s r\u00e1pido del agotamiento.<\/p>\n<p>La ra\u00edz de regaliz (\u00e1cido glicirric\u00ednico al 10%) es bien conocida por su capacidad para ayudar con el estr\u00e9s y la energ\u00eda. Contiene sustancias similares a las hormonas corticales suprarrenales del cuerpo, por lo que es ideal para quienes padecen insuficiencia suprarrenal y agotamiento.<\/p>\n<p>Estos productos promueven la resistencia, ayudan a reducir la fatiga, mejoran el rendimiento f\u00edsico y mantienen la capacidad del cuerpo para metabolizar los nutrientes. Esta f\u00f3rmula \u00fanica y exclusiva ha sido cuidadosamente dise\u00f1ada para ayudarlo a mantener las capacidades del cuerpo para metabolizar nutrientes y aumentar sus capacidades f\u00edsicas durante el rendimiento f\u00edsico (estr\u00e9s f\u00edsico).<\/p>\n<p><strong>Dosis:<\/strong><\/p>\n<p>Tome 1 c\u00e1psula una vez al d\u00eda o seg\u00fan las indicaciones de su m\u00e9dico.<\/p>\n<p><strong> Informaci\u00f3n importante: <\/strong><\/p>\n<p>No contiene: gluten, soja, trigo, huevos, l\u00e1cteos, levadura, c\u00edtricos, conservantes, saborizantes o colorantes artificiales ni almid\u00f3n.<\/p>\n<p>Precauciones y advertencias: Consulte a un m\u00e9dico antes de usarlo si est\u00e1 embarazada o amamantando; si est\u00e1 tomando medicamentos antidepresivos; si est\u00e1 tomando anticoagulantes o digoxina; si tiene alg\u00fan tipo de infecci\u00f3n aguda; o si tiene un trastorno autoinmune. Consulte a un m\u00e9dico si los s\u00edntomas persisten o empeoran.<\/p>\n<p>Contradicaciones: No lo use si tiene un trastorno hematol\u00f3gico; si est\u00e1 tomando warfarina; si padece alergias o padece asma; o si es al\u00e9rgico a las abejas o sus productos.<\/p>\n<p>Reacciones adversas conocidas: Se sabe que se produce hipersensibilidad (p. Ej., Alergia); en cuyo caso, deje de usarlo. Algunas personas pueden experimentar insomnio, ansiedad o dolores de cabeza; en cuyo caso, deje de usarlo.<\/p>\n<p>No lo use si el sello est\u00e1 roto. Mantener fuera del alcance de los ni\u00f1os.<\/p>\n<p>Si est\u00e1 tomando alg\u00fan medicamento recetado, tiene una afecci\u00f3n m\u00e9dica o tiene inquietudes espec\u00edficas sobre la idoneidad de cualquiera de nuestros productos en relaci\u00f3n con estos, siempre debe consultar a su m\u00e9dico de cabecera o farmac\u00e9utico antes de tomar suplementos. Las mujeres embarazadas o lactantes deben consultar a un m\u00e9dico de cabecera antes de tomar suplementos. No exceda la dosis diaria recomendada. Mantener fuera del alcance de los ni\u00f1os. Los suplementos no deben tomarse como sustitutos de una dieta variada. Siempre lea la etiqueta antes de usar<\/p>\n<p>Serrar Pharma utiliza solo ingredientes puros y naturales, de fuentes confiables de GMP. Aseguramos la calidad no solo de cada lote, sino tambi\u00e9n de cada ingrediente en ese lote, asegurando que obtenga solo el producto de la m\u00e1s alta calidad. Hay muchos beneficios de soporte de suplementos. Vea a continuaci\u00f3n los comentarios. Si tiene alguna pregunta, cont\u00e1ctenos en info@serrarpharma.com<\/p>\n<p><strong><span style=\"color: #005890;\"><span class=\"VIiyi\" lang=\"es\"><span class=\"JLqJ4b ChMk0b\" data-language-for-alternatives=\"es\" data-language-to-translate-into=\"en\" data-phrase-index=\"1\">HECHO EN CANAD\u00c1 \u00a0\u00a0\u00a0\u00a0 |<\/span> \u00a0\u00a0\u00a0\u00a0 <span class=\"JLqJ4b ChMk0b\" data-language-for-alternatives=\"es\" data-language-to-translate-into=\"en\" data-phrase-index=\"2\">CERTIFICADO GMP \u00a0\u00a0\u00a0\u00a0 |<\/span> \u00a0\u00a0\u00a0\u00a0 <span class=\"JLqJ4b ChMk0b\" data-language-for-alternatives=\"es\" data-language-to-translate-into=\"en\" data-phrase-index=\"3\">NO OGM \u00a0\u00a0\u00a0\u00a0 |<\/span> \u00a0\u00a0\u00a0\u00a0 <span class=\"JLqJ4b ChMk0b\" data-language-for-alternatives=\"es\" data-language-to-translate-into=\"en\" data-phrase-index=\"4\">LABORATORIO CERTIFICADO ISO 17025<\/span><\/span> <\/span><\/strong><\/p>\n","protected":false},"excerpt":{"rendered":"<p>Permite la actividad f\u00edsica para cualquier persona con una dieta baja en calor\u00edas en un programa de p\u00e9rdida de peso Acelera el metabolismo de los nutrientes Aumentar la energ\u00eda Elimina la fatiga Suprime el apetito y el deseo de az\u00facar. Efecto hipogluc\u00e9mico y controles de az\u00facar en la sangre Ayuda a equilibrar las grasas y [&hellip;]<\/p>\n","protected":false},"featured_media":11122,"template":"","meta":{"hide_page_title":"","_coblocks_attr":"","_coblocks_dimensions":"","_coblocks_responsive_height":"","_coblocks_accordion_ie_support":""},"product_cat":[21],"product_tag":[],"translation":{"provider":"WPGlobus","version":"3.0.1","language":"es","enabled_languages":["en","es","fr","ar","pt","it"],"languages":{"en":{"title":true,"content":true,"excerpt":false},"es":{"title":false,"content":true,"excerpt":false},"fr":{"title":false,"content":true,"excerpt":false},"ar":{"title":false,"content":true,"excerpt":false},"pt":{"title":false,"content":true,"excerpt":false},"it":{"title":false,"content":true,"excerpt":false}}},"_links":{"self":[{"href":"https:\/\/www.serrarpharma.com\/es\/wp-json\/wp\/v2\/product\/11120"}],"collection":[{"href":"https:\/\/www.serrarpharma.com\/es\/wp-json\/wp\/v2\/product"}],"about":[{"href":"https:\/\/www.serrarpharma.com\/es\/wp-json\/wp\/v2\/types\/product"}],"wp:featuredmedia":[{"embeddable":true,"href":"https:\/\/www.serrarpharma.com\/es\/wp-json\/wp\/v2\/media\/11122"}],"wp:attachment":[{"href":"https:\/\/www.serrarpharma.com\/es\/wp-json\/wp\/v2\/media?parent=11120"}],"wp:term":[{"taxonomy":"product_cat","embeddable":true,"href":"https:\/\/www.serrarpharma.com\/es\/wp-json\/wp\/v2\/product_cat?post=11120"},{"taxonomy":"product_tag","embeddable":true,"href":"https:\/\/www.serrarpharma.com\/es\/wp-json\/wp\/v2\/product_tag?post=11120"}],"curies":[{"name":"wp","href":"https:\/\/api.w.org\/{rel}","templated":true}]}}