{"id":10558,"date":"2021-02-10T20:57:03","date_gmt":"2021-02-11T01:57:03","guid":{"rendered":"https:\/\/www.serrarpharma.com\/?post_type=product&#038;p=10558"},"modified":"2025-02-01T23:16:12","modified_gmt":"2025-02-02T04:16:12","slug":"naturopause","status":"publish","type":"product","link":"https:\/\/www.serrarpharma.com\/es\/product\/naturopause\/","title":{"rendered":"NaturoPause"},"content":{"rendered":"<p><img loading=\"lazy\" class=\"alignnone wp-image-11371\" src=\"https:\/\/i0.wp.com\/www.serrarpharma.com\/wp-content\/uploads\/2021\/04\/Made-in-CA.png?resize=70%2C70&#038;ssl=1\" alt=\"\" width=\"70\" height=\"70\" srcset=\"https:\/\/i0.wp.com\/www.serrarpharma.com\/wp-content\/uploads\/2021\/04\/Made-in-CA.png?w=150&amp;ssl=1 150w, https:\/\/i0.wp.com\/www.serrarpharma.com\/wp-content\/uploads\/2021\/04\/Made-in-CA.png?resize=100%2C100&amp;ssl=1 100w\" sizes=\"(max-width: 70px) 100vw, 70px\" data-recalc-dims=\"1\" \/><img loading=\"lazy\" class=\"alignnone wp-image-11370\" src=\"https:\/\/i0.wp.com\/www.serrarpharma.com\/wp-content\/uploads\/2021\/04\/GMP.png?resize=70%2C70&#038;ssl=1\" alt=\"\" width=\"70\" height=\"70\" srcset=\"https:\/\/i0.wp.com\/www.serrarpharma.com\/wp-content\/uploads\/2021\/04\/GMP.png?w=150&amp;ssl=1 150w, https:\/\/i0.wp.com\/www.serrarpharma.com\/wp-content\/uploads\/2021\/04\/GMP.png?resize=100%2C100&amp;ssl=1 100w\" sizes=\"(max-width: 70px) 100vw, 70px\" data-recalc-dims=\"1\" \/><img loading=\"lazy\" class=\"alignnone wp-image-11369\" src=\"https:\/\/i0.wp.com\/www.serrarpharma.com\/wp-content\/uploads\/2021\/04\/Nongmo.png?resize=70%2C70&#038;ssl=1\" alt=\"\" width=\"70\" height=\"70\" srcset=\"https:\/\/i0.wp.com\/www.serrarpharma.com\/wp-content\/uploads\/2021\/04\/Nongmo.png?w=150&amp;ssl=1 150w, https:\/\/i0.wp.com\/www.serrarpharma.com\/wp-content\/uploads\/2021\/04\/Nongmo.png?resize=100%2C100&amp;ssl=1 100w\" sizes=\"(max-width: 70px) 100vw, 70px\" data-recalc-dims=\"1\" \/><img loading=\"lazy\" class=\"alignnone wp-image-11799\" src=\"https:\/\/i0.wp.com\/www.serrarpharma.com\/wp-content\/uploads\/2021\/04\/ISO-07.png?resize=70%2C70&#038;ssl=1\" alt=\"\" width=\"70\" height=\"70\" srcset=\"https:\/\/i0.wp.com\/www.serrarpharma.com\/wp-content\/uploads\/2021\/04\/ISO-07.png?resize=300%2C300&amp;ssl=1 300w, https:\/\/i0.wp.com\/www.serrarpharma.com\/wp-content\/uploads\/2021\/04\/ISO-07.png?resize=150%2C150&amp;ssl=1 150w, https:\/\/i0.wp.com\/www.serrarpharma.com\/wp-content\/uploads\/2021\/04\/ISO-07.png?resize=100%2C100&amp;ssl=1 100w, https:\/\/i0.wp.com\/www.serrarpharma.com\/wp-content\/uploads\/2021\/04\/ISO-07.png?w=418&amp;ssl=1 418w\" sizes=\"(max-width: 70px) 100vw, 70px\" data-recalc-dims=\"1\" \/><\/p>\n<p>&nbsp;<\/p>\n<p>Vegetariano &#8211; 40 mg<br \/>\nExtracto de ra\u00edz de cohosh negro<br \/>\nReduce los sofocos, sudores nocturnos, y cambios de humor<br \/>\nReduce los s\u00edntomas de la menopausia y s\u00edndrome premenstrual<br \/>\nAyuda a aliviar los s\u00edntomas asociados con la menopausia.<br \/>\nAyuda a aliviar el dolor asociado con la menstruaci\u00f3n.<br \/>\ndolores musculares y articulares, afecciones reum\u00e1tica y neuralgia<br \/>\nAyuda a aliviar la tensi\u00f3n nerviosa<\/p>\n<p><strong>Premenopausia y menopausia:<\/strong><br \/>\nTarde o temprano, todas las mujeres experimentar\u00e1n la menopausia (sofocos, sequedad vaginal, libido baja, cambios de humor, etc.). Para prevenir y reducir estas manifestaciones, sugerimos adoptar varios buenos h\u00e1bitos de vida:<br \/>\n&#8211; actividad f\u00edsica regular<br \/>\n&#8211; dejar de fumar<br \/>\n&#8211; mantenimiento de una vida sexual activa<br \/>\n&#8211; p\u00e9rdida de peso<br \/>\n&#8211; reducci\u00f3n del consumo de alcohol<\/p>\n<p>Los sofocos afectan al 50-80% de las mujeres posmenop\u00e1usicas y a menudo se mencionan como la principal molestia de este per\u00edodo de transici\u00f3n. Los beneficios de la terapia hormonal se ven empa\u00f1ados por el mayor riesgo de desarrollar c\u00e1ncer de mama, embolia venosa u otros eventos cardiovasculares.<\/p>\n<p>En ocasiones, los cambios en el estilo de vida no pueden proporcionar suficiente alivio a las mujeres con s\u00edntomas graves de la menopausia. Desafortunadamente, estas mujeres recurren a la terapia hormonal para paliar estas manifestaciones, a pesar de los grandes riesgos de este tratamiento.<\/p>\n<p>&nbsp;<\/p>\n<p>En la literatura cient\u00edfica, el uso de NaturoPause Dr. SERRAR\u00ae a base de cohosh negro (actea racemosa, cimicifuga racemosa) es reconocido por el alivio de los s\u00edntomas de la menopausia. La leve eficacia de los extractos de esta planta, especialmente en la reducci\u00f3n de los sofocos, es incluso objeto de cierto consenso dentro de la comunidad m\u00e9dica.<\/p>\n<p>Se sugiere tomar un extracto estandarizado que contenga 40 mg de extracto de ra\u00edz de cohosh negro con estearato de magnesio vegetal en una c\u00e1psula vegetal sin OMG.<\/p>\n<p>Si toma medicamentos con regularidad, informe a su farmac\u00e9utico y m\u00e9dico que planea tomar productos naturales, ya que muchos de ellos pueden interactuar con medicamentos (recetados y sin receta). Los m\u00e9dicos, farmac\u00e9uticos y natur\u00f3patas certificados pueden ayudar a las mujeres a experimentar mejor la menopausia.<\/p>\n<p><strong>Modo de empleo :<\/strong><br \/>\nAdultos: tome de 1 a 3 c\u00e1psulas al d\u00eda o seg\u00fan las indicaciones de su m\u00e9dico.<\/p>\n<p><strong> Informaci\u00f3n importante: <\/strong><br \/>\nSi est\u00e1 tomando alg\u00fan medicamento recetado, tiene una afecci\u00f3n m\u00e9dica o tiene inquietudes espec\u00edficas sobre la idoneidad de cualquiera de nuestros productos en relaci\u00f3n con estos, siempre debe consultar a su m\u00e9dico de cabecera o farmac\u00e9utico antes de tomar suplementos. Las mujeres embarazadas o lactantes deben consultar a un m\u00e9dico de cabecera antes de tomar suplementos. No exceda la dosis diaria recomendada. Mantener fuera del alcance de los ni\u00f1os. Los suplementos no deben tomarse como sustitutos de una dieta variada. Siempre lea la etiqueta antes de usar<\/p>\n<p>Serrar Pharma utiliza solo ingredientes puros y naturales, de fuentes confiables de GMP. Aseguramos la calidad no solo de cada lote, sino tambi\u00e9n de cada ingrediente en ese lote, asegurando que obtenga solo el producto de la m\u00e1s alta calidad. Hay muchos beneficios de soporte de suplementos. Vea a continuaci\u00f3n los comentarios. Si tiene alguna pregunta, cont\u00e1ctenos en info@serrarpharma.com<\/p>\n<p>&nbsp;<\/p>\n<p><strong><span style=\"color: #005890;\"><span class=\"VIiyi\" lang=\"es\"> <span class=\"JLqJ4b ChMk0b\" data-language-for-alternatives=\"es\" data-language-to-translate-into=\"en\" data-phrase-index=\"1\">HECHO EN CANAD\u00c1 \u00a0\u00a0\u00a0\u00a0\u00a0 |\u00a0\u00a0\u00a0\u00a0\u00a0 <\/span> <span class=\"JLqJ4b ChMk0b\" data-language-for-alternatives=\"es\" data-language-to-translate-into=\"en\" data-phrase-index=\"2\">CERTIFICADO GMP \u00a0\u00a0\u00a0\u00a0\u00a0 |\u00a0\u00a0\u00a0\u00a0\u00a0 <\/span> <span class=\"JLqJ4b ChMk0b\" data-language-for-alternatives=\"es\" data-language-to-translate-into=\"en\" data-phrase-index=\"3\">NO OGM \u00a0\u00a0\u00a0\u00a0\u00a0 |\u00a0\u00a0\u00a0\u00a0\u00a0 <\/span> <span class=\"JLqJ4b ChMk0b\" data-language-for-alternatives=\"es\" data-language-to-translate-into=\"en\" data-phrase-index=\"4\">LABORATORIO CERTIFICADO ISO 17025<\/span><\/span> <\/span><\/strong><\/p>\n","protected":false},"excerpt":{"rendered":"<p>&nbsp; Vegetariano &#8211; 40 mg Extracto de ra\u00edz de cohosh negro Reduce los sofocos, sudores nocturnos, y cambios de humor Reduce los s\u00edntomas de la menopausia y s\u00edndrome premenstrual Ayuda a aliviar los s\u00edntomas asociados con la menopausia. Ayuda a aliviar el dolor asociado con la menstruaci\u00f3n. dolores musculares y articulares, afecciones reum\u00e1tica y neuralgia [&hellip;]<\/p>\n","protected":false},"featured_media":10554,"template":"","meta":{"hide_page_title":"","_coblocks_attr":"","_coblocks_dimensions":"","_coblocks_responsive_height":"","_coblocks_accordion_ie_support":""},"product_cat":[21],"product_tag":[],"translation":{"provider":"WPGlobus","version":"3.0.1","language":"es","enabled_languages":["en","es","fr","ar","pt","it"],"languages":{"en":{"title":true,"content":true,"excerpt":false},"es":{"title":false,"content":true,"excerpt":false},"fr":{"title":false,"content":true,"excerpt":false},"ar":{"title":false,"content":true,"excerpt":false},"pt":{"title":false,"content":true,"excerpt":false},"it":{"title":false,"content":true,"excerpt":false}}},"_links":{"self":[{"href":"https:\/\/www.serrarpharma.com\/es\/wp-json\/wp\/v2\/product\/10558"}],"collection":[{"href":"https:\/\/www.serrarpharma.com\/es\/wp-json\/wp\/v2\/product"}],"about":[{"href":"https:\/\/www.serrarpharma.com\/es\/wp-json\/wp\/v2\/types\/product"}],"wp:featuredmedia":[{"embeddable":true,"href":"https:\/\/www.serrarpharma.com\/es\/wp-json\/wp\/v2\/media\/10554"}],"wp:attachment":[{"href":"https:\/\/www.serrarpharma.com\/es\/wp-json\/wp\/v2\/media?parent=10558"}],"wp:term":[{"taxonomy":"product_cat","embeddable":true,"href":"https:\/\/www.serrarpharma.com\/es\/wp-json\/wp\/v2\/product_cat?post=10558"},{"taxonomy":"product_tag","embeddable":true,"href":"https:\/\/www.serrarpharma.com\/es\/wp-json\/wp\/v2\/product_tag?post=10558"}],"curies":[{"name":"wp","href":"https:\/\/api.w.org\/{rel}","templated":true}]}}