{"id":795,"date":"2020-04-12T20:21:45","date_gmt":"2020-04-12T20:21:45","guid":{"rendered":"https:\/\/www.serrarpharma.com\/?page_id=795"},"modified":"2021-11-11T15:31:55","modified_gmt":"2021-11-11T20:31:55","slug":"meet-the-doctor","status":"publish","type":"page","link":"https:\/\/www.serrarpharma.com\/es\/meet-the-doctor\/","title":{"rendered":"Conocer a la Doctora"},"content":{"rendered":"\n<div class=\"wp-block-media-text alignfull has-media-on-the-right is-stacked-on-mobile is-vertically-aligned-top meetdrsection\" style=\"grid-template-columns:auto 35%\"><figure class=\"wp-block-media-text__media\"><img loading=\"lazy\" width=\"660\" height=\"990\" src=\"https:\/\/i0.wp.com\/www.serrarpharma.com\/wp-content\/uploads\/2020\/09\/Dr-Serrara-Steth-min.png?resize=660%2C990&#038;ssl=1\" alt=\"\" class=\"wp-image-8379 size-full\" srcset=\"https:\/\/i0.wp.com\/www.serrarpharma.com\/wp-content\/uploads\/2020\/09\/Dr-Serrara-Steth-min.png?resize=683%2C1024&amp;ssl=1 683w, https:\/\/i0.wp.com\/www.serrarpharma.com\/wp-content\/uploads\/2020\/09\/Dr-Serrara-Steth-min.png?resize=200%2C300&amp;ssl=1 200w, https:\/\/i0.wp.com\/www.serrarpharma.com\/wp-content\/uploads\/2020\/09\/Dr-Serrara-Steth-min.png?resize=600%2C900&amp;ssl=1 600w, https:\/\/i0.wp.com\/www.serrarpharma.com\/wp-content\/uploads\/2020\/09\/Dr-Serrara-Steth-min.png?w=700&amp;ssl=1 700w\" sizes=\"(max-width: 660px) 100vw, 660px\" data-recalc-dims=\"1\" \/><\/figure><div class=\"wp-block-media-text__content\">\n<p class=\"meethalima has-secondary-color has-text-color has-huge-font-size has-custom-font\" style=\"font-family:Open Sans\">CONOCER A LA DOCTORA HALIMA SERRAR<\/p>\n\n\n\n<p class=\"has-text-color meetdrtag\" style=\"font-size:40px;color:#005e94\">Doctora, Natur\u00f3pata y Fundadora<\/p>\n\n\n\n<p class=\"has-custom-font has-custom-lineheight\" style=\"font-family:Open Sans;line-height:1.5\">Halima Serrar es Doctora en Medicina certificada en Marruecos y Doctora en Farmacolog\u00eda y Natur\u00f3pata Certificada en Canad\u00e1. Fundador del programa ZinaCal, como autoridad en el control del peso saludable y la prevenci\u00f3n de enfermedades cr\u00f3nicas. Ella ha desarrollado una nueva formulaci\u00f3n y suplementos fabricado en una instalacion registrada por la FDA (Administraci\u00f3n de Medicamentos y Alimentos) para ayudar a los hombres, mujeres y ni\u00f1os a perder peso de manera saludable para mantenerlo a largo plazo y prevenir la aparici\u00f3n de enfermedades cr\u00f3nicas. Le apasiona ayudar a otros a vivir vidas saludables y en forma, fuerte y en\u00e9rgico Estos suplementos no contienen OGM. Fabricado en instalaciones certificadas GMP en los Estados Unidos.<\/p>\n\n\n\n<p class=\"has-text-color meettoplinks has-custom-font\" style=\"font-family:Open Sans;color:#63ade5\"><a href=\"https:\/\/www.serrarpharma.com\/testimonials\/\">ESCUCHAR DE NUESTROS CLIENTES \u2192<\/a><\/p>\n\n\n\n<p class=\"has-text-color meettoplinks has-custom-font\" style=\"font-family:Open Sans;color:#63ade5\"><a href=\"https:\/\/www.serrarpharma.com\/shop\/\">VER PRODUCTOS \u2192<\/a><\/p>\n<\/div><\/div>\n\n\n\n<figure class=\"wp-block-image alignfull size-large meetdrtopwave\"><img loading=\"lazy\" width=\"660\" height=\"102\" src=\"https:\/\/i0.wp.com\/www.serrarpharma.com\/wp-content\/uploads\/2020\/04\/White-Wave-Bottom-Transparent.png?resize=660%2C102&#038;ssl=1\" alt=\"\" class=\"wp-image-221\" srcset=\"https:\/\/i0.wp.com\/www.serrarpharma.com\/wp-content\/uploads\/2020\/04\/White-Wave-Bottom-Transparent.png?resize=1024%2C158&amp;ssl=1 1024w, https:\/\/i0.wp.com\/www.serrarpharma.com\/wp-content\/uploads\/2020\/04\/White-Wave-Bottom-Transparent.png?resize=300%2C46&amp;ssl=1 300w, https:\/\/i0.wp.com\/www.serrarpharma.com\/wp-content\/uploads\/2020\/04\/White-Wave-Bottom-Transparent.png?resize=768%2C118&amp;ssl=1 768w, https:\/\/i0.wp.com\/www.serrarpharma.com\/wp-content\/uploads\/2020\/04\/White-Wave-Bottom-Transparent.png?resize=1536%2C237&amp;ssl=1 1536w, https:\/\/i0.wp.com\/www.serrarpharma.com\/wp-content\/uploads\/2020\/04\/White-Wave-Bottom-Transparent.png?resize=2048%2C315&amp;ssl=1 2048w, https:\/\/i0.wp.com\/www.serrarpharma.com\/wp-content\/uploads\/2020\/04\/White-Wave-Bottom-Transparent.png?resize=600%2C92&amp;ssl=1 600w, https:\/\/i0.wp.com\/www.serrarpharma.com\/wp-content\/uploads\/2020\/04\/White-Wave-Bottom-Transparent.png?w=1320&amp;ssl=1 1320w, https:\/\/i0.wp.com\/www.serrarpharma.com\/wp-content\/uploads\/2020\/04\/White-Wave-Bottom-Transparent.png?w=1980&amp;ssl=1 1980w\" sizes=\"(max-width: 660px) 100vw, 660px\" data-recalc-dims=\"1\" \/><\/figure>\n\n\n\n<div class=\"wp-block-coblocks-row alignfull coblocks-row-311182055872 aboutbody\" data-columns=\"1\" data-layout=\"100\"><div class=\"aboutbody wp-block-coblocks-row__inner has-background has-padding has-medium-padding is-stacked-on-mobile has-medium-gutter\" style=\"background-color:#eff2f7\">\n<div class=\"wp-block-coblocks-column coblocks-column-31118212625\"><div class=\"wp-block-coblocks-column__inner has-background has-padding has-small-padding\" style=\"background-color:#eff2f7\">\n<p class=\"has-text-color has-custom-font has-custom-lineheight\" style=\"font-family:Open Sans;line-height:1.5;color:#005e94\">Este programa fue cuidadosamente desarrollado por la Dra. Halima Serra MD (Marruecos), Ph.D, ND (Canad\u00e1), para equilibrar las hormonas metab\u00f3licas, quemar grasa abdominal y ofrecer resultados saludables en la p\u00e9rdida de peso.<\/p>\n\n\n\n<p class=\"has-custom-font has-custom-lineheight\" style=\"font-family:Open Sans;line-height:1.5\">Este programa ha sido muy efectivo para ayudar a aquellos que han tenido dificultades para perder peso en el pasado, incluidos aquellos con diabetes y colesterol. Presi\u00f3n arterial alta, trastornos autoinmunes, artritis, fibromialgia, infertilidad, tumor de pr\u00f3stata, desequilibrios hormonales, PCOS, problemas de tiroides, d\u00e9ficit de atenci\u00f3n e hiperactividad en ni\u00f1os y migra\u00f1as.<\/p>\n<\/div><\/div>\n<\/div><\/div>\n\n\n\n<div class=\"wp-block-media-text alignfull is-stacked-on-mobile is-vertically-aligned-center is-image-fill waistsection has-background\" style=\"background-color:#eff2f7;grid-template-columns:42% auto\"><figure class=\"wp-block-media-text__media\" style=\"background-image:url(https:\/\/www.serrarpharma.com\/wp-content\/uploads\/2020\/04\/waist-min-1024x879.jpg);background-position:50% 50%\"><img loading=\"lazy\" width=\"660\" height=\"567\" src=\"https:\/\/i0.wp.com\/www.serrarpharma.com\/wp-content\/uploads\/2020\/04\/waist-min.jpg?resize=660%2C567&#038;ssl=1\" alt=\"\" class=\"wp-image-847 size-full\" srcset=\"https:\/\/i0.wp.com\/www.serrarpharma.com\/wp-content\/uploads\/2020\/04\/waist-min.jpg?resize=1024%2C879&amp;ssl=1 1024w, https:\/\/i0.wp.com\/www.serrarpharma.com\/wp-content\/uploads\/2020\/04\/waist-min.jpg?resize=300%2C258&amp;ssl=1 300w, https:\/\/i0.wp.com\/www.serrarpharma.com\/wp-content\/uploads\/2020\/04\/waist-min.jpg?resize=768%2C659&amp;ssl=1 768w, https:\/\/i0.wp.com\/www.serrarpharma.com\/wp-content\/uploads\/2020\/04\/waist-min.jpg?resize=1536%2C1318&amp;ssl=1 1536w, https:\/\/i0.wp.com\/www.serrarpharma.com\/wp-content\/uploads\/2020\/04\/waist-min.jpg?resize=600%2C515&amp;ssl=1 600w, https:\/\/i0.wp.com\/www.serrarpharma.com\/wp-content\/uploads\/2020\/04\/waist-min.jpg?w=1652&amp;ssl=1 1652w, https:\/\/i0.wp.com\/www.serrarpharma.com\/wp-content\/uploads\/2020\/04\/waist-min.jpg?w=1320&amp;ssl=1 1320w\" sizes=\"(max-width: 660px) 100vw, 660px\" data-recalc-dims=\"1\" \/><\/figure><div class=\"wp-block-media-text__content\">\n<p class=\"waistbody has-small-font-size has-custom-font has-custom-lineheight\" style=\"font-family:Open Sans;line-height:1.5\">A continuaci\u00f3n, con el Programa ZinaCal, que incluye nuestro plan y Suplemento de alimentaci\u00f3n saludable Zinacal, su cuerpo cambiar\u00e1 naturalmente del almacenamiento de grasa a la quema de grasa dentro de las 24 horas posteriores al inicio del programa ZinaCal. Hemos ayudado a miles de hombres, mujeres y ni\u00f1os en todo el pa\u00eds a perder peso y ganar libertad en su salud. Nuestros clientes ven excelentes resultados con este programa; \u00a1Nunca se siente cansado, hambriento o privado, la forma m\u00e1s f\u00e1cil y saludable de perder peso!<\/p>\n\n\n\n<p class=\"has-text-color meetseetest has-custom-font\" style=\"font-family:Open Sans;font-size:18px;color:#63ade5\"><a href=\"https:\/\/www.serrarpharma.com\/testimonials\/\">VER TESTIMONIOS \u2192<\/a><\/p>\n<\/div><\/div>\n\n\n\n<div class=\"wp-block-coblocks-row alignfull coblocks-row-31119409415 meetbottomspace\" data-columns=\"1\" data-layout=\"100\"><div class=\"meetbottomspace wp-block-coblocks-row__inner has-background has-padding has-medium-padding is-stacked-on-mobile has-medium-gutter\" style=\"background-color:#eff2f7\">\n<div class=\"wp-block-coblocks-column coblocks-column-311194013277\"><div class=\"wp-block-coblocks-column__inner\">\n<div style=\"height:75px\" aria-hidden=\"true\" class=\"wp-block-spacer\"><\/div>\n<\/div><\/div>\n<\/div><\/div>\n\n\n\n<div class=\"wp-container-1 wp-block-group Disclaimer\"><div class=\"wp-block-group__inner-container\">\n<p style=\"font-size:15px;font-family:Open Sans\" class=\"has-custom-font\">Disclaimer: With any diet or new nutritional regimen, each person will experience different results depending on a variety of individual and environmental factors. No results with this or any other diet can be guaranteed, and the testimonials found on this site represent only the experiences of those individuals, who volunteered their stories for our use. The use of these testimonials does not guarantee any similar results by other programs.<\/p>\n\n\n\n<p style=\"font-size:15px;font-family:Open Sans\" class=\"has-custom-font\">The Official ZinaCal Program Plan does not offer any medical advice nor pretend to do so. Our comments and dietary recommendations are all based on the research of Summaries of Evidence for Safety and Clinical Efficacy of Supplements ingredients of ZinaSlim, ZinaBoost, ZinaDetox &amp; ZinaBalance on Healthy Weight Management . Before beginning any diet or undertaking any nutritional regimen, please consult with a qualified health care professional familiar with your situation. Also, please note that the Food and Drug Administration (FDA) has not evaluated our supplement or any other products offered on this site that can diagnose, cure, treat or prevent any disease are being made here.<\/p>\n\n\n\n<p style=\"font-size:15px;font-family:Open Sans\" class=\"has-custom-font\">In any case, the information and advice offered on the Alternative website is not a substitute for a consultation or diagnosis formulated by a doctor or health professional, who alone are able to adequately assess your state of health.<\/p>\n<\/div><\/div>\n\n\n\n<div class=\"wp-container-8 wp-block-columns alignfull spfootblock\">\n<div class=\"wp-container-2 wp-block-column is-vertically-aligned-top\" style=\"flex-basis:49%\">\n<div class=\"wp-block-media-text is-stacked-on-mobile is-vertically-aligned-top footlogoblock\" style=\"grid-template-columns:28% auto\"><figure class=\"wp-block-media-text__media\"><img loading=\"lazy\" width=\"603\" height=\"811\" src=\"https:\/\/i0.wp.com\/www.serrarpharma.com\/wp-content\/uploads\/2020\/04\/2-sp-png.png?resize=603%2C811&#038;ssl=1\" alt=\"\" class=\"wp-image-394\" srcset=\"https:\/\/i0.wp.com\/www.serrarpharma.com\/wp-content\/uploads\/2020\/04\/2-sp-png.png?w=603&amp;ssl=1 603w, https:\/\/i0.wp.com\/www.serrarpharma.com\/wp-content\/uploads\/2020\/04\/2-sp-png.png?resize=223%2C300&amp;ssl=1 223w, https:\/\/i0.wp.com\/www.serrarpharma.com\/wp-content\/uploads\/2020\/04\/2-sp-png.png?resize=600%2C807&amp;ssl=1 600w\" sizes=\"(max-width: 603px) 100vw, 603px\" data-recalc-dims=\"1\" \/><\/figure><div class=\"wp-block-media-text__content\">\n<p style=\"color:#005e94;font-size:18px;font-family:Open Sans;line-height:1.5\" class=\"has-text-color has-custom-font has-custom-lineheight\">SerraPharma se centra en mejorando tu calidad de vida. Nos apasiona ayudarlo no solo a administrar su salud, sino a prosperar utilizando nuestros m\u00e9todos \u00fanicos y probados.<\/p>\n<\/div><\/div>\n<\/div>\n\n\n\n<div class=\"wp-container-6 wp-block-column footmiddlecol\" style=\"flex-basis:25%\">\n<p style=\"color:#005e94;font-size:18px;line-height:1\" class=\"has-text-color serrarmidfooter has-custom-lineheight\"><strong>SERRAR PHARMA LLC<\/strong><\/p>\n\n\n\n<p style=\"color:#005e94;font-family:Open Sans;line-height:1.4\" class=\"has-text-color footeraddress has-custom-font has-custom-lineheight\">4 Hunter Lane<br>Elmsford, NY 10523<br>USA<\/p>\n\n\n\n<p style=\"color:#005e94\" class=\"has-text-color has-medium-font-size footerphone\"><strong>(302) 200-2171<\/strong><\/p>\n\n\n\n<p style=\"color:#005e94;font-family:Open Sans\" class=\"has-text-color has-custom-font\">info@serrarpharma.com<\/p>\n\n\n\n<div class=\"wp-container-5 wp-block-columns footersm\">\n<div class=\"wp-container-3 wp-block-column\">\n<div class=\"wp-block-image mb-0 mt-0\"><figure class=\"aligncenter size-thumbnail\"><a href=\"https:\/\/www.instagram.com\/drserrar\/\" target=\"_blank\" rel=\"noopener noreferrer\"><img loading=\"lazy\" width=\"150\" height=\"150\" src=\"https:\/\/i0.wp.com\/www.serrarpharma.com\/wp-content\/uploads\/2021\/01\/SPWebInstaSymbol.png?resize=150%2C150&#038;ssl=1\" alt=\"\" class=\"wp-image-10264\" srcset=\"https:\/\/i0.wp.com\/www.serrarpharma.com\/wp-content\/uploads\/2021\/01\/SPWebInstaSymbol.png?resize=150%2C150&amp;ssl=1 150w, https:\/\/i0.wp.com\/www.serrarpharma.com\/wp-content\/uploads\/2021\/01\/SPWebInstaSymbol.png?resize=300%2C300&amp;ssl=1 300w, https:\/\/i0.wp.com\/www.serrarpharma.com\/wp-content\/uploads\/2021\/01\/SPWebInstaSymbol.png?resize=100%2C100&amp;ssl=1 100w, https:\/\/i0.wp.com\/www.serrarpharma.com\/wp-content\/uploads\/2021\/01\/SPWebInstaSymbol.png?w=362&amp;ssl=1 362w\" sizes=\"(max-width: 150px) 100vw, 150px\" data-recalc-dims=\"1\" \/><\/a><\/figure><\/div>\n\n\n\n<p><\/p>\n<\/div>\n\n\n\n<div class=\"wp-container-4 wp-block-column\">\n<div class=\"wp-block-image mb-0 mt-0\"><figure class=\"aligncenter size-thumbnail\"><a href=\"https:\/\/www.facebook.com\/DrSerrar-112763810583917\" target=\"_blank\" rel=\"noopener noreferrer\"><img loading=\"lazy\" width=\"150\" height=\"150\" src=\"https:\/\/i0.wp.com\/www.serrarpharma.com\/wp-content\/uploads\/2021\/01\/SPWebFBSymbol.png?resize=150%2C150&#038;ssl=1\" alt=\"\" class=\"wp-image-10265\" srcset=\"https:\/\/i0.wp.com\/www.serrarpharma.com\/wp-content\/uploads\/2021\/01\/SPWebFBSymbol.png?resize=150%2C150&amp;ssl=1 150w, https:\/\/i0.wp.com\/www.serrarpharma.com\/wp-content\/uploads\/2021\/01\/SPWebFBSymbol.png?resize=300%2C300&amp;ssl=1 300w, https:\/\/i0.wp.com\/www.serrarpharma.com\/wp-content\/uploads\/2021\/01\/SPWebFBSymbol.png?resize=100%2C100&amp;ssl=1 100w, https:\/\/i0.wp.com\/www.serrarpharma.com\/wp-content\/uploads\/2021\/01\/SPWebFBSymbol.png?w=362&amp;ssl=1 362w\" sizes=\"(max-width: 150px) 100vw, 150px\" data-recalc-dims=\"1\" \/><\/a><\/figure><\/div>\n\n\n\n<p><\/p>\n<\/div>\n<\/div>\n<\/div>\n\n\n\n<div class=\"wp-container-7 wp-block-column\" style=\"flex-basis:20%\">\n<p style=\"color:#005e94;font-size:18px;line-height:1\" class=\"has-text-color footerGS has-custom-lineheight\"><strong>EMPEZAR<\/strong><\/p>\n\n\n\n<p style=\"font-size:18px;line-height:1.5\" class=\"has-text-color has-secondary-color footerlinks has-custom-lineheight\"><a href=\"https:\/\/www.serrarpharma.com\/es\/about\/\">SOBRE<\/a><br><a href=\"https:\/\/www.serrarpharma.com\/es\/zinacal-program\/\">ZINACAL PROGRAMA <\/a><br><a href=\"https:\/\/www.serrarpharma.com\/es\/testimonials\/\">TESTIMONIOS<\/a> <br><a href=\"https:\/\/www.serrarpharma.com\/es\/shop\/\">COMPRAR<\/a><br><a href=\"https:\/\/www.serrarpharma.com\/es\/contact\/\">CONTACTAR<\/a> <\/p>\n<\/div>\n<\/div>\n\n\n\n<p><\/p>\n","protected":false},"excerpt":{"rendered":"<p>CONOCER A LA DOCTORA HALIMA SERRAR Doctora, Natur\u00f3pata y Fundadora Halima Serrar es Doctora en Medicina certificada en Marruecos y Doctora en Farmacolog\u00eda y Natur\u00f3pata Certificada en Canad\u00e1. Fundador del programa ZinaCal, como autoridad en el control del peso saludable y la prevenci\u00f3n de enfermedades cr\u00f3nicas. Ella ha desarrollado una nueva formulaci\u00f3n y suplementos fabricado [&hellip;]<\/p>\n","protected":false},"author":1,"featured_media":0,"parent":0,"menu_order":0,"comment_status":"closed","ping_status":"closed","template":"","meta":{"hide_page_title":"","_coblocks_attr":"Open Sans,Noto Serif,Open Sans","_coblocks_dimensions":"","_coblocks_responsive_height":"","_coblocks_accordion_ie_support":""},"translation":{"provider":"WPGlobus","version":"3.0.1","language":"es","enabled_languages":["en","es","fr","ar","pt","it"],"languages":{"en":{"title":true,"content":true,"excerpt":false},"es":{"title":true,"content":true,"excerpt":false},"fr":{"title":true,"content":true,"excerpt":false},"ar":{"title":false,"content":true,"excerpt":false},"pt":{"title":false,"content":true,"excerpt":false},"it":{"title":false,"content":true,"excerpt":false}}},"_links":{"self":[{"href":"https:\/\/www.serrarpharma.com\/es\/wp-json\/wp\/v2\/pages\/795"}],"collection":[{"href":"https:\/\/www.serrarpharma.com\/es\/wp-json\/wp\/v2\/pages"}],"about":[{"href":"https:\/\/www.serrarpharma.com\/es\/wp-json\/wp\/v2\/types\/page"}],"author":[{"embeddable":true,"href":"https:\/\/www.serrarpharma.com\/es\/wp-json\/wp\/v2\/users\/1"}],"replies":[{"embeddable":true,"href":"https:\/\/www.serrarpharma.com\/es\/wp-json\/wp\/v2\/comments?post=795"}],"version-history":[{"count":0,"href":"https:\/\/www.serrarpharma.com\/es\/wp-json\/wp\/v2\/pages\/795\/revisions"}],"wp:attachment":[{"href":"https:\/\/www.serrarpharma.com\/es\/wp-json\/wp\/v2\/media?parent=795"}],"curies":[{"name":"wp","href":"https:\/\/api.w.org\/{rel}","templated":true}]}}