{"id":46,"date":"2020-05-01T23:48:53","date_gmt":"2020-05-01T23:48:53","guid":{"rendered":"https:\/\/www.serrarpharma.com\/?page_id=46"},"modified":"2021-11-11T15:05:09","modified_gmt":"2021-11-11T20:05:09","slug":"homepage","status":"publish","type":"page","link":"https:\/\/www.serrarpharma.com\/es\/","title":{"rendered":"Homepage"},"content":{"rendered":"\n<div class=\"wp-block-coblocks-row alignfull coblocks-row-32015213949 hpmenspace mb-0 mt-0\" data-columns=\"1\" data-layout=\"100\"><div class=\"hpmenspace wp-block-coblocks-row__inner is-stacked-on-mobile has-medium-gutter\">\n<div class=\"wp-block-coblocks-column coblocks-column-320152111596 hpmenspace\" style=\"width:100%\"><div class=\"wp-block-coblocks-column__inner has-no-padding has-no-margin\"><\/div><\/div>\n<\/div><\/div>\n\n\n\n<div class=\"wp-block-cover alignfull has-parallax hptoppic mb-0\" style=\"background-image:url(https:\/\/www.serrarpharma.com\/wp-content\/uploads\/2020\/07\/Cover-WB-min.jpg);min-height:360px\"><div class=\"wp-block-cover__inner-container\">\n<p class=\"has-text-align-left has-text-color has-custom-font\" style=\"font-family:Yrsa;font-size:59px;color:#005e94\"><\/p>\n<\/div><\/div>\n\n\n\n<figure class=\"wp-block-image alignfull size-large hptopwave\"><img loading=\"lazy\" width=\"660\" height=\"184\" src=\"https:\/\/i0.wp.com\/www.serrarpharma.com\/wp-content\/uploads\/2020\/04\/White-Wave-Separator.png?resize=660%2C184&#038;ssl=1\" alt=\"\" class=\"wp-image-130\" srcset=\"https:\/\/i0.wp.com\/www.serrarpharma.com\/wp-content\/uploads\/2020\/04\/White-Wave-Separator.png?resize=1024%2C285&amp;ssl=1 1024w, https:\/\/i0.wp.com\/www.serrarpharma.com\/wp-content\/uploads\/2020\/04\/White-Wave-Separator.png?resize=300%2C84&amp;ssl=1 300w, https:\/\/i0.wp.com\/www.serrarpharma.com\/wp-content\/uploads\/2020\/04\/White-Wave-Separator.png?resize=768%2C214&amp;ssl=1 768w, https:\/\/i0.wp.com\/www.serrarpharma.com\/wp-content\/uploads\/2020\/04\/White-Wave-Separator.png?resize=1536%2C428&amp;ssl=1 1536w, https:\/\/i0.wp.com\/www.serrarpharma.com\/wp-content\/uploads\/2020\/04\/White-Wave-Separator.png?resize=2048%2C570&amp;ssl=1 2048w, https:\/\/i0.wp.com\/www.serrarpharma.com\/wp-content\/uploads\/2020\/04\/White-Wave-Separator.png?resize=600%2C167&amp;ssl=1 600w, https:\/\/i0.wp.com\/www.serrarpharma.com\/wp-content\/uploads\/2020\/04\/White-Wave-Separator.png?w=1320&amp;ssl=1 1320w, https:\/\/i0.wp.com\/www.serrarpharma.com\/wp-content\/uploads\/2020\/04\/White-Wave-Separator.png?w=1980&amp;ssl=1 1980w\" sizes=\"(max-width: 660px) 100vw, 660px\" data-recalc-dims=\"1\" \/><\/figure>\n\n\n\n<h2 class=\"has-text-color feelbetter mb-0 pb-0 mt-0 pt-0\" style=\"color:#005e94\">Si\u00e9ntete mejor de forma natural<\/h2>\n\n\n\n<div style=\"height:40px\" aria-hidden=\"true\" class=\"wp-block-spacer\"><\/div>\n\n\n\n<div class=\"wp-block-media-text alignfull has-media-on-the-right is-stacked-on-mobile is-vertically-aligned-center is-image-fill hpfirstblock\" style=\"grid-template-columns:auto 44%\"><figure class=\"wp-block-media-text__media\" style=\"background-image:url(https:\/\/www.serrarpharma.com\/wp-content\/uploads\/2020\/07\/WoB-min.jpg);background-position:50% 62%\"><img src=\"https:\/\/i0.wp.com\/www.serrarpharma.com\/wp-content\/uploads\/2020\/07\/WoB-min.jpg?w=660&#038;ssl=1\" alt=\"\" class=\"wp-image-237 size-full\" data-recalc-dims=\"1\"\/><\/figure><div class=\"wp-block-media-text__content\">\n<p class=\"has-small-font-size has-custom-font\" style=\"font-family:Open Sans\">SerrarPharma se estableci\u00f3 en 2006 para crear suplementos de salud nutrac\u00e9uticos y productos de cuidado personal centrados en la prevenci\u00f3n de enfermedades cr\u00f3nicas y el control del peso personal.<\/p>\n\n\n\n<p class=\"has-small-font-size has-custom-font\" style=\"font-family:Open Sans\"><br>ZinaCal, ZinaSlim Advance, ZinaBoost, ZinaDetox y ZinaBalance (fabricado en una instalacion registrada por la FDA) tienen un historial probado y se fabrican en plantas con certificaci\u00f3n GMP y Kosher que respetan las mejores pr\u00e1cticas de la industria. Nuestra compa\u00f1\u00eda est\u00e1 expandiendo su distribuci\u00f3n a nivel mundial para contribuir a una mejor salud y longevidad de los humanos en todo el mundo.<\/p>\n<\/div><\/div>\n\n\n\n<div class=\"wp-block-cover alignfull thriveblock\" style=\"min-height:900px\"><img loading=\"lazy\" width=\"660\" height=\"515\" class=\"wp-block-cover__image-background wp-image-3345\" alt=\"\" src=\"https:\/\/i0.wp.com\/www.serrarpharma.com\/wp-content\/uploads\/2020\/04\/thrivepicnew-min.jpg?resize=660%2C515&#038;ssl=1\" style=\"object-position:50% 0%\" data-object-fit=\"cover\" data-object-position=\"50% 0%\" srcset=\"https:\/\/i0.wp.com\/www.serrarpharma.com\/wp-content\/uploads\/2020\/04\/thrivepicnew-min.jpg?w=2181&amp;ssl=1 2181w, https:\/\/i0.wp.com\/www.serrarpharma.com\/wp-content\/uploads\/2020\/04\/thrivepicnew-min.jpg?resize=300%2C234&amp;ssl=1 300w, https:\/\/i0.wp.com\/www.serrarpharma.com\/wp-content\/uploads\/2020\/04\/thrivepicnew-min.jpg?resize=1024%2C800&amp;ssl=1 1024w, https:\/\/i0.wp.com\/www.serrarpharma.com\/wp-content\/uploads\/2020\/04\/thrivepicnew-min.jpg?resize=768%2C600&amp;ssl=1 768w, https:\/\/i0.wp.com\/www.serrarpharma.com\/wp-content\/uploads\/2020\/04\/thrivepicnew-min.jpg?resize=1536%2C1199&amp;ssl=1 1536w, https:\/\/i0.wp.com\/www.serrarpharma.com\/wp-content\/uploads\/2020\/04\/thrivepicnew-min.jpg?resize=2048%2C1599&amp;ssl=1 2048w, https:\/\/i0.wp.com\/www.serrarpharma.com\/wp-content\/uploads\/2020\/04\/thrivepicnew-min.jpg?resize=600%2C469&amp;ssl=1 600w, https:\/\/i0.wp.com\/www.serrarpharma.com\/wp-content\/uploads\/2020\/04\/thrivepicnew-min.jpg?w=1320&amp;ssl=1 1320w, https:\/\/i0.wp.com\/www.serrarpharma.com\/wp-content\/uploads\/2020\/04\/thrivepicnew-min.jpg?w=1980&amp;ssl=1 1980w\" sizes=\"(max-width: 660px) 100vw, 660px\" data-recalc-dims=\"1\" \/><div class=\"wp-block-cover__inner-container\">\n<p class=\"has-text-align-left thrivetitle has-quaternary-color has-text-color has-huge-font-size has-custom-font\" style=\"font-family:Open Sans\">Prosperar<\/p>\n\n\n\n<p class=\"thrivepara has-quaternary-color has-text-color has-custom-font has-custom-lineheight\" style=\"font-family:Open Sans;line-height:1.5;font-size:19px\">Con la ayuda de profesionales m\u00e9dicos certificados,<br>creemos que nuestros suplementos ayudar\u00e1n en <br> el tratamiento y la prevenci\u00f3n de <br>las siguientes enfermedades:<\/p>\n\n\n\n<p class=\"thriveparaMOBILE has-quaternary-color has-text-color has-custom-font has-custom-lineheight\" style=\"font-family:Open Sans;line-height:1.5;font-size:19px\">Con la ayuda de profesionales m\u00e9dicos certificados, creemos que nuestros suplementos ayudar\u00e1n en el tratamiento y la prevenci\u00f3n de las siguientes afecciones:<\/p>\n\n\n\n<div class=\"wp-container-3 wp-block-columns\">\n<div class=\"wp-container-1 wp-block-column thriveleftcol\" style=\"flex-basis:36.3%\">\n<p class=\"thrivelist2 has-custom-font has-custom-lineheight\" style=\"font-family:Open Sans;line-height:1.7\">Enfermedades Cr\u00f3nicas<br>Obesidad<br>Diabetes<br>Hipertensi\u00f3n<br>Enfermedades Cardiovasculares<br>Artritis<br>Enfermedad de Alzheimer<br>Desorden Hiperactivo y Deficit de Atencion<\/p>\n<\/div>\n\n\n\n<div class=\"wp-container-2 wp-block-column thriverightcol\" style=\"flex-basis:14.8%\">\n<p class=\"thrivelist1 has-custom-font has-custom-lineheight\" style=\"font-family:Open Sans;line-height:1.7\">Graso H\u00edgado Enfermedad<br>Cirrosis<br>Infertilidad<br>Pr\u00f3stata Enfermedad<br>Migra\u00f1as, etc.<\/p>\n<\/div>\n<\/div>\n\n\n\n<div class=\"wp-container-4 wp-block-buttons\">\n<div class=\"wp-block-button thriveshop\" style=\"font-size:15px\"><a class=\"wp-block-button__link has-secondary-color has-quaternary-background-color has-text-color has-background\" href=\"https:\/\/www.serrarpharma.com\/es\/shop\/\">COMPRA AHORA<\/a><\/div>\n<\/div>\n<\/div><\/div>\n\n\n\n<div class=\"wp-block-cover alignfull has-background-dim-70 has-background-dim whyzinasec\" style=\"background-color:#005e94\"><img class=\"wp-block-cover__image-background wp-image-7906\" alt=\"\" src=\"https:\/\/i0.wp.com\/www.serrarpharma.com\/wp-content\/uploads\/2020\/07\/WoC-min.jpg?w=660&#038;ssl=1\" data-object-fit=\"cover\" data-recalc-dims=\"1\"\/><div class=\"wp-block-cover__inner-container\">\n<p class=\"has-text-align-center whyzinatitle\" style=\"font-size:45px\">\u00bfPor Qu\u00e9 ZinaCal?<\/p>\n\n\n\n<p class=\"whyzinapar has-custom-font has-custom-lineheight\" style=\"font-family:Open Sans;line-height:1.5;font-size:20px\">Halima Serrar es Doctora en Medicina certificada en Marruecos y Doctora en Farmacolog\u00eda y Natur\u00f3pata Certificada en Canad\u00e1. Es la fundadora del programa de control de peso ZinaCal y ha desarrollado formulaciones y suplementos m\u00e9dicamente fabricado en una instalacion registrada por la FDA para ayudar a hombres, mujeres y ni\u00f1os a alcanzar y mantener su peso \u00f3ptimo <span id=\"biggerforlife\">de por vida<\/span>.<\/p>\n\n\n\n<div class=\"wp-container-5 wp-block-buttons is-content-justification-center\">\n<div class=\"wp-block-button whyzinabutton\"><a class=\"wp-block-button__link has-quaternary-color has-quaternary-background-color has-text-color has-background\" href=\"https:\/\/www.serrarpharma.com\/es\/product\/zinacal-program-book\/\">COMPRAR EL PROGRAMA<\/a><\/div>\n<\/div>\n\n\n\n<div style=\"height:120px\" aria-hidden=\"true\" class=\"wp-block-spacer mb-0 mt-0\"><\/div>\n<\/div><\/div>\n\n\n\n<div class=\"wp-block-coblocks-row alignfull coblocks-row-316135747412 hpprodspacertop mt-0\" data-columns=\"1\" data-layout=\"100\"><div class=\"hpprodspacertop wp-block-coblocks-row__inner has-primary-background-color has-background is-stacked-on-mobile has-medium-gutter\">\n<div class=\"wp-block-coblocks-column coblocks-column-316135752617\"><div class=\"wp-block-coblocks-column__inner\">\n<div style=\"height:20px\" aria-hidden=\"true\" class=\"wp-block-spacer\"><\/div>\n<\/div><\/div>\n<\/div><\/div>\n\n\n\n<div class=\"wp-container-14 wp-block-group alignfull hptestgroup has-quaternary-background-color has-background mb-0 mt-0 has-no-padding\"><div class=\"wp-block-group__inner-container\">\n<div class=\"wp-container-7 wp-block-columns alignwide hptestimonials\">\n<div class=\"wp-container-6 wp-block-column hptestparcol\">\n<p class=\"has-text-align-center hptestpar has-secondary-color has-quaternary-background-color has-text-color has-background has-custom-font has-custom-lineheight has-custom-letterspacing\" style=\"font-size:25px;font-family:Open Sans;line-height:1.5;letter-spacing:1.2px\"><strong>VER RESULTADOS EN TAN PEQUE\u00d1O COMO 6 SEMANAS <\/strong><\/p>\n\n\n\n<p class=\"has-text-align-center hptestpar has-quaternary-background-color has-background has-custom-font has-custom-lineheight\" style=\"font-size:19px;font-family:Open Sans;line-height:1.5\">(basado en la experiencia t\u00edpica de nuestros clientes *). \u00a1Escuche directamente a los miembros del Programa de control de peso de ZinaCal y descubra c\u00f3mo puede ayudarlo!<\/p>\n\n\n\n<p class=\"has-text-align-center hptestmayvary has-quaternary-background-color has-text-color has-background\" style=\"color:#595959;font-size:16px\">* los resultados individuales pueden variar <\/p>\n<\/div>\n<\/div>\n\n\n\n<div class=\"wp-container-11 wp-block-columns\">\n<div class=\"wp-container-8 wp-block-column hptestcol\">\n<figure class=\"wp-block-video\"><video controls poster=\"https:\/\/www.serrarpharma.com\/wp-content\/uploads\/2020\/05\/Ibrahim-Fr.png\" src=\"https:\/\/www.serrarpharma.com\/wp-content\/uploads\/2020\/04\/ZinaCal-Program-_-1-Weight-Loss-Men-Ibrahim-lost-60-kg-in-6-months.mp4\"><\/video><\/figure>\n\n\n\n<p class=\"has-text-align-center hptestcap has-quaternary-background-color has-background\" style=\"font-size:19px\"><strong>PERDIDOS 60KG <br>(132 libras)<\/strong><\/p>\n\n\n\n<p class=\"has-text-align-center hptestsub has-small-font-size has-custom-font\" style=\"font-family:Open Sans\">en 6 meses <\/p>\n<\/div>\n\n\n\n<div class=\"wp-container-9 wp-block-column hptestcol\">\n<figure class=\"wp-block-video\"><video controls poster=\"https:\/\/www.serrarpharma.com\/wp-content\/uploads\/2020\/05\/Abla-sp.png\" src=\"https:\/\/www.serrarpharma.com\/wp-content\/uploads\/2020\/04\/ZinaCal-Program-_-1-Weight-Loss-Women-Abla-lost-43-kg-in-6-months.mp4\"><\/video><\/figure>\n\n\n\n<p class=\"has-text-align-center hptestcap has-quaternary-background-color has-background\" style=\"font-size:19px\"><strong>PERDIDOS 43KG<br>(95 libras)<\/strong><\/p>\n\n\n\n<p class=\"has-text-align-center hptestsub has-small-font-size has-custom-font\" style=\"font-family:Open Sans\">en 6 meses <\/p>\n<\/div>\n\n\n\n<div class=\"wp-container-10 wp-block-column hptestcol\">\n<figure class=\"wp-block-video\"><video controls poster=\"https:\/\/www.serrarpharma.com\/wp-content\/uploads\/2020\/05\/Omar-sp.png\" src=\"https:\/\/www.serrarpharma.com\/wp-content\/uploads\/2020\/04\/ZinaCal-Program-_-6-Weight-Loss-Teenager-Fatty-liver-Omar-lost-24-kg-in-3-months-10-51-09.mp4\"><\/video><\/figure>\n\n\n\n<p class=\"has-text-align-center hptestcap has-quaternary-background-color has-background\" style=\"font-size:19px\"><strong>PERDIDOS 24KG <br>(53 libras)<\/strong><\/p>\n\n\n\n<p class=\"has-text-align-center hptestsub has-small-font-size has-custom-font\" style=\"font-family:Open Sans\">en 3 meses <\/p>\n<\/div>\n<\/div>\n\n\n\n<div class=\"wp-container-13 wp-block-columns alignwide hptestimonials\">\n<div class=\"wp-container-12 wp-block-column\"><\/div>\n<\/div>\n<\/div><\/div>\n\n\n\n<div class=\"wp-block-coblocks-row alignfull coblocks-row-316135747412 hpprodspacertop mt-0\" data-columns=\"1\" data-layout=\"100\"><div class=\"hpprodspacertop wp-block-coblocks-row__inner has-primary-background-color has-background is-stacked-on-mobile has-medium-gutter\">\n<div class=\"wp-block-coblocks-column coblocks-column-316135752617\"><div class=\"wp-block-coblocks-column__inner\">\n<div style=\"height:20px\" aria-hidden=\"true\" class=\"wp-block-spacer\"><\/div>\n<\/div><\/div>\n<\/div><\/div>\n\n\n\n<div class=\"wp-block-coblocks-row alignfull coblocks-row-410131745292\" data-columns=\"1\" data-layout=\"100\"><div class=\"wp-block-coblocks-row__inner is-stacked-on-mobile has-medium-gutter\">\n<div class=\"wp-block-coblocks-column coblocks-column-41013181506 hpproductsection\"><div class=\"wp-block-coblocks-column__inner\"><div class=\"woocommerce columns-4 \"><ul class=\"products columns-4\">\n<li class=\"product type-product post-1879 status-publish first instock product_cat-slim-natural-health has-post-thumbnail taxable shipping-taxable purchasable product-type-variable has-default-attributes\">\n\t<\/li>\n<li class=\"product type-product post-1882 status-publish instock product_cat-slim-natural-health has-post-thumbnail taxable shipping-taxable purchasable product-type-simple\">\n\t<\/li>\n<li class=\"product type-product post-2326 status-publish outofstock product_cat-slim-natural-health has-post-thumbnail taxable shipping-taxable purchasable product-type-simple\">\n\t<\/li>\n<li class=\"product type-product post-2327 status-publish last instock product_cat-slim-natural-health has-post-thumbnail taxable shipping-taxable purchasable product-type-simple\">\n\t<\/li>\n<\/ul>\n<\/div>\n<\/div><\/div>\n<\/div><\/div>\n\n\n\n<div class=\"wp-block-coblocks-row alignfull coblocks-row-31016584633\" data-columns=\"1\" data-layout=\"100\"><div class=\"wp-block-coblocks-row__inner is-stacked-on-mobile has-medium-gutter\">\n<div class=\"wp-block-coblocks-column has-text-align-center coblocks-column-310165810259\"><div class=\"wp-block-coblocks-column__inner\">\n<p class=\"has-text-align-center hpshopmore has-quaternary-color has-text-color has-background\" style=\"background-color:#0071a1;font-size:40px\"><a href=\"https:\/\/www.serrarpharma.com\/es\/shop\/\">COMPRAR M\u00c1S PRODUCTOS<\/a><\/p>\n<\/div><\/div>\n<\/div><\/div>\n\n\n\n<figure class=\"wp-block-image alignfull size-large water mt-0\"><img loading=\"lazy\" width=\"660\" height=\"57\" src=\"https:\/\/i0.wp.com\/www.serrarpharma.com\/wp-content\/uploads\/2020\/04\/crop-0-0-2484-213-0-Water.jpg?resize=660%2C57&#038;ssl=1\" alt=\"\" class=\"wp-image-375\" title=\"water\" srcset=\"https:\/\/i0.wp.com\/www.serrarpharma.com\/wp-content\/uploads\/2020\/04\/crop-0-0-2484-213-0-Water.jpg?w=2484&amp;ssl=1 2484w, https:\/\/i0.wp.com\/www.serrarpharma.com\/wp-content\/uploads\/2020\/04\/crop-0-0-2484-213-0-Water.jpg?resize=300%2C26&amp;ssl=1 300w, https:\/\/i0.wp.com\/www.serrarpharma.com\/wp-content\/uploads\/2020\/04\/crop-0-0-2484-213-0-Water.jpg?resize=1024%2C88&amp;ssl=1 1024w, https:\/\/i0.wp.com\/www.serrarpharma.com\/wp-content\/uploads\/2020\/04\/crop-0-0-2484-213-0-Water.jpg?resize=768%2C66&amp;ssl=1 768w, https:\/\/i0.wp.com\/www.serrarpharma.com\/wp-content\/uploads\/2020\/04\/crop-0-0-2484-213-0-Water.jpg?resize=1536%2C132&amp;ssl=1 1536w, https:\/\/i0.wp.com\/www.serrarpharma.com\/wp-content\/uploads\/2020\/04\/crop-0-0-2484-213-0-Water.jpg?resize=2048%2C176&amp;ssl=1 2048w, https:\/\/i0.wp.com\/www.serrarpharma.com\/wp-content\/uploads\/2020\/04\/crop-0-0-2484-213-0-Water.jpg?resize=600%2C51&amp;ssl=1 600w, https:\/\/i0.wp.com\/www.serrarpharma.com\/wp-content\/uploads\/2020\/04\/crop-0-0-2484-213-0-Water.jpg?w=1320&amp;ssl=1 1320w, https:\/\/i0.wp.com\/www.serrarpharma.com\/wp-content\/uploads\/2020\/04\/crop-0-0-2484-213-0-Water.jpg?w=1980&amp;ssl=1 1980w\" sizes=\"(max-width: 660px) 100vw, 660px\" data-recalc-dims=\"1\" \/><\/figure>\n\n\n\n<div class=\"wp-container-21 wp-block-columns alignfull spfootblock\">\n<div class=\"wp-container-15 wp-block-column is-vertically-aligned-top\" style=\"flex-basis:49%\">\n<div class=\"wp-block-media-text is-stacked-on-mobile is-vertically-aligned-top footlogoblock\" style=\"grid-template-columns:28% auto\"><figure class=\"wp-block-media-text__media\"><img loading=\"lazy\" width=\"603\" height=\"811\" src=\"https:\/\/i0.wp.com\/www.serrarpharma.com\/wp-content\/uploads\/2020\/04\/2-sp-png.png?resize=603%2C811&#038;ssl=1\" alt=\"\" class=\"wp-image-394\" srcset=\"https:\/\/i0.wp.com\/www.serrarpharma.com\/wp-content\/uploads\/2020\/04\/2-sp-png.png?w=603&amp;ssl=1 603w, https:\/\/i0.wp.com\/www.serrarpharma.com\/wp-content\/uploads\/2020\/04\/2-sp-png.png?resize=223%2C300&amp;ssl=1 223w, https:\/\/i0.wp.com\/www.serrarpharma.com\/wp-content\/uploads\/2020\/04\/2-sp-png.png?resize=600%2C807&amp;ssl=1 600w\" sizes=\"(max-width: 603px) 100vw, 603px\" data-recalc-dims=\"1\" \/><\/figure><div class=\"wp-block-media-text__content\">\n<p style=\"color:#005e94;font-size:18px;font-family:Open Sans;line-height:1.5\" class=\"has-text-color has-custom-font has-custom-lineheight\">SerraPharma se centra en mejorando tu calidad de vida. Nos apasiona ayudarlo no solo a administrar su salud, sino a prosperar utilizando nuestros m\u00e9todos \u00fanicos y probados.<\/p>\n<\/div><\/div>\n<\/div>\n\n\n\n<div class=\"wp-container-19 wp-block-column footmiddlecol\" style=\"flex-basis:25%\">\n<p style=\"color:#005e94;font-size:18px;line-height:1\" class=\"has-text-color serrarmidfooter has-custom-lineheight\"><strong>SERRAR PHARMA LLC<\/strong><\/p>\n\n\n\n<p style=\"color:#005e94;font-family:Open Sans;line-height:1.4\" class=\"has-text-color footeraddress has-custom-font has-custom-lineheight\">4 Hunter Lane<br>Elmsford, NY 10523<br>USA<\/p>\n\n\n\n<p style=\"color:#005e94\" class=\"has-text-color has-medium-font-size footerphone\"><strong>(302) 200-2171<\/strong><\/p>\n\n\n\n<p style=\"color:#005e94;font-family:Open Sans\" class=\"has-text-color has-custom-font\">info@serrarpharma.com<\/p>\n\n\n\n<div class=\"wp-container-18 wp-block-columns footersm\">\n<div class=\"wp-container-16 wp-block-column\">\n<div class=\"wp-block-image mb-0 mt-0\"><figure class=\"aligncenter size-thumbnail\"><a href=\"https:\/\/www.instagram.com\/drserrar\/\" target=\"_blank\" rel=\"noopener noreferrer\"><img loading=\"lazy\" width=\"150\" height=\"150\" src=\"https:\/\/i0.wp.com\/www.serrarpharma.com\/wp-content\/uploads\/2021\/01\/SPWebInstaSymbol.png?resize=150%2C150&#038;ssl=1\" alt=\"\" class=\"wp-image-10264\" srcset=\"https:\/\/i0.wp.com\/www.serrarpharma.com\/wp-content\/uploads\/2021\/01\/SPWebInstaSymbol.png?resize=150%2C150&amp;ssl=1 150w, https:\/\/i0.wp.com\/www.serrarpharma.com\/wp-content\/uploads\/2021\/01\/SPWebInstaSymbol.png?resize=300%2C300&amp;ssl=1 300w, https:\/\/i0.wp.com\/www.serrarpharma.com\/wp-content\/uploads\/2021\/01\/SPWebInstaSymbol.png?resize=100%2C100&amp;ssl=1 100w, https:\/\/i0.wp.com\/www.serrarpharma.com\/wp-content\/uploads\/2021\/01\/SPWebInstaSymbol.png?w=362&amp;ssl=1 362w\" sizes=\"(max-width: 150px) 100vw, 150px\" data-recalc-dims=\"1\" \/><\/a><\/figure><\/div>\n\n\n\n<p><\/p>\n<\/div>\n\n\n\n<div class=\"wp-container-17 wp-block-column\">\n<div class=\"wp-block-image mb-0 mt-0\"><figure class=\"aligncenter size-thumbnail\"><a href=\"https:\/\/www.facebook.com\/DrSerrar-112763810583917\" target=\"_blank\" rel=\"noopener noreferrer\"><img loading=\"lazy\" width=\"150\" height=\"150\" src=\"https:\/\/i0.wp.com\/www.serrarpharma.com\/wp-content\/uploads\/2021\/01\/SPWebFBSymbol.png?resize=150%2C150&#038;ssl=1\" alt=\"\" class=\"wp-image-10265\" srcset=\"https:\/\/i0.wp.com\/www.serrarpharma.com\/wp-content\/uploads\/2021\/01\/SPWebFBSymbol.png?resize=150%2C150&amp;ssl=1 150w, https:\/\/i0.wp.com\/www.serrarpharma.com\/wp-content\/uploads\/2021\/01\/SPWebFBSymbol.png?resize=300%2C300&amp;ssl=1 300w, https:\/\/i0.wp.com\/www.serrarpharma.com\/wp-content\/uploads\/2021\/01\/SPWebFBSymbol.png?resize=100%2C100&amp;ssl=1 100w, https:\/\/i0.wp.com\/www.serrarpharma.com\/wp-content\/uploads\/2021\/01\/SPWebFBSymbol.png?w=362&amp;ssl=1 362w\" sizes=\"(max-width: 150px) 100vw, 150px\" data-recalc-dims=\"1\" \/><\/a><\/figure><\/div>\n\n\n\n<p><\/p>\n<\/div>\n<\/div>\n<\/div>\n\n\n\n<div class=\"wp-container-20 wp-block-column\" style=\"flex-basis:20%\">\n<p style=\"color:#005e94;font-size:18px;line-height:1\" class=\"has-text-color footerGS has-custom-lineheight\"><strong>EMPEZAR<\/strong><\/p>\n\n\n\n<p style=\"font-size:18px;line-height:1.5\" class=\"has-text-color has-secondary-color footerlinks has-custom-lineheight\"><a href=\"https:\/\/www.serrarpharma.com\/es\/about\/\">SOBRE<\/a><br><a href=\"https:\/\/www.serrarpharma.com\/es\/zinacal-program\/\">ZINACAL PROGRAMA <\/a><br><a href=\"https:\/\/www.serrarpharma.com\/es\/testimonials\/\">TESTIMONIOS<\/a> <br><a href=\"https:\/\/www.serrarpharma.com\/es\/shop\/\">COMPRAR<\/a><br><a href=\"https:\/\/www.serrarpharma.com\/es\/contact\/\">CONTACTAR<\/a> <\/p>\n<\/div>\n<\/div>\n\n\n\n<p><\/p>\n\n\n\n<p><\/p>\n","protected":false},"excerpt":{"rendered":"<p>Si\u00e9ntete mejor de forma natural SerrarPharma se estableci\u00f3 en 2006 para crear suplementos de salud nutrac\u00e9uticos y productos de cuidado personal centrados en la prevenci\u00f3n de enfermedades cr\u00f3nicas y el control del peso personal. ZinaCal, ZinaSlim Advance, ZinaBoost, ZinaDetox y ZinaBalance (fabricado en una instalacion registrada por la FDA) tienen un historial probado y se [&hellip;]<\/p>\n","protected":false},"author":1,"featured_media":0,"parent":0,"menu_order":0,"comment_status":"closed","ping_status":"closed","template":"","meta":{"hide_page_title":"","_coblocks_attr":"TajawalArial,Helvetica,Times New Roman,Georgia,Abril Fatface,Anton,Arvo Condensed,Barlow,Cormorant Garamond,Faustina,Fira Sans,IBM Plex Sans,Inconsolata,Heebo,Karla,Lato,Lora,Merriweather,Montserrat,Noto Sans,Noto Serif,Oswald,Playfair Display,PT Serif,Roboto,Rubik,Tajawal,Ubuntu,Yrsa,,Open Sans","_coblocks_dimensions":"{\"coblocks-hero-310155917946\":{\"padding\":{}}}","_coblocks_responsive_height":"{\"coblocks-shape-divider-320151358503\":{\"shapeHeight\":{\"height\":20},\"backgroundHeight\":{\"height\":0}}}","_coblocks_accordion_ie_support":""},"translation":{"provider":"WPGlobus","version":"3.0.1","language":"es","enabled_languages":["en","es","fr","ar","pt","it"],"languages":{"en":{"title":true,"content":true,"excerpt":false},"es":{"title":false,"content":true,"excerpt":false},"fr":{"title":true,"content":true,"excerpt":false},"ar":{"title":false,"content":true,"excerpt":false},"pt":{"title":false,"content":true,"excerpt":false},"it":{"title":false,"content":true,"excerpt":false}}},"_links":{"self":[{"href":"https:\/\/www.serrarpharma.com\/es\/wp-json\/wp\/v2\/pages\/46"}],"collection":[{"href":"https:\/\/www.serrarpharma.com\/es\/wp-json\/wp\/v2\/pages"}],"about":[{"href":"https:\/\/www.serrarpharma.com\/es\/wp-json\/wp\/v2\/types\/page"}],"author":[{"embeddable":true,"href":"https:\/\/www.serrarpharma.com\/es\/wp-json\/wp\/v2\/users\/1"}],"replies":[{"embeddable":true,"href":"https:\/\/www.serrarpharma.com\/es\/wp-json\/wp\/v2\/comments?post=46"}],"version-history":[{"count":0,"href":"https:\/\/www.serrarpharma.com\/es\/wp-json\/wp\/v2\/pages\/46\/revisions"}],"wp:attachment":[{"href":"https:\/\/www.serrarpharma.com\/es\/wp-json\/wp\/v2\/media?parent=46"}],"curies":[{"name":"wp","href":"https:\/\/api.w.org\/{rel}","templated":true}]}}