{"id":12220,"date":"2022-07-24T13:40:45","date_gmt":"2022-07-24T17:40:45","guid":{"rendered":"https:\/\/www.serrarpharma.com\/?page_id=12220"},"modified":"2022-08-06T16:54:43","modified_gmt":"2022-08-06T20:54:43","slug":"naturo-hypno","status":"publish","type":"page","link":"https:\/\/www.serrarpharma.com\/es\/naturo-hypno\/","title":{"rendered":"Naturopathy Hypnosis"},"content":{"rendered":"\n<div style=\"height:25px\" aria-hidden=\"true\" class=\"wp-block-spacer\"><\/div>\n\n\n<div class=\"wp-block-image\">\n<figure class=\"aligncenter size-full is-resized\"><img loading=\"lazy\" src=\"https:\/\/i0.wp.com\/www.serrarpharma.com\/wp-content\/uploads\/2022\/02\/Academie-Dr.-SERRAR-Logo.png?resize=150%2C150&#038;ssl=1\" alt=\"\" class=\"wp-image-12015\" width=\"150\" height=\"150\" srcset=\"https:\/\/i0.wp.com\/www.serrarpharma.com\/wp-content\/uploads\/2022\/02\/Academie-Dr.-SERRAR-Logo.png?w=1080&amp;ssl=1 1080w, https:\/\/i0.wp.com\/www.serrarpharma.com\/wp-content\/uploads\/2022\/02\/Academie-Dr.-SERRAR-Logo.png?resize=300%2C300&amp;ssl=1 300w, https:\/\/i0.wp.com\/www.serrarpharma.com\/wp-content\/uploads\/2022\/02\/Academie-Dr.-SERRAR-Logo.png?resize=150%2C150&amp;ssl=1 150w, https:\/\/i0.wp.com\/www.serrarpharma.com\/wp-content\/uploads\/2022\/02\/Academie-Dr.-SERRAR-Logo.png?resize=768%2C768&amp;ssl=1 768w, https:\/\/i0.wp.com\/www.serrarpharma.com\/wp-content\/uploads\/2022\/02\/Academie-Dr.-SERRAR-Logo.png?resize=600%2C600&amp;ssl=1 600w, https:\/\/i0.wp.com\/www.serrarpharma.com\/wp-content\/uploads\/2022\/02\/Academie-Dr.-SERRAR-Logo.png?resize=100%2C100&amp;ssl=1 100w, https:\/\/i0.wp.com\/www.serrarpharma.com\/wp-content\/uploads\/2022\/02\/Academie-Dr.-SERRAR-Logo.png?resize=90%2C90&amp;ssl=1 90w, https:\/\/i0.wp.com\/www.serrarpharma.com\/wp-content\/uploads\/2022\/02\/Academie-Dr.-SERRAR-Logo.png?resize=60%2C60&amp;ssl=1 60w\" sizes=\"(max-width: 150px) 100vw, 150px\" data-recalc-dims=\"1\" \/><\/figure><\/div>\n\n\n<div style=\"height:10px\" aria-hidden=\"true\" class=\"wp-block-spacer\"><\/div>\n\n\n\n<p class=\"has-text-align-center coursetitle has-text-color has-huge-font-size\" style=\"color:#005e94\"><strong>NATUROPAT\u00cdA \/ HIPNOSIS | PARTE 1<\/strong><\/p>\n\n\n\n<p class=\"has-text-align-center has-secondary-color has-text-color has-medium-font-size\">Certificado de Formaci\u00f3n | FA<\/p>\n\n\n\n<div style=\"height:35px\" aria-hidden=\"true\" class=\"wp-block-spacer\"><\/div>\n\n\n\n<p><\/p>\n\n\n\n<p class=\"has-text-align-center\">Los licenciados en naturopat\u00eda buscan una cierta autonom\u00eda y se dedican a la buena salud de las personas. Nuestros egresados trabajan por cuenta propia, en cl\u00ednicas especializadas o para resorts, spas, cruceros, complejos hoteleros, etc.<\/p>\n\n\n\n<div style=\"height:35px\" aria-hidden=\"true\" class=\"wp-block-spacer\"><\/div>\n\n\n\n<p><\/p>\n\n\n\n<p class=\"has-text-align-center acablue has-text-color has-medium-font-size\" style=\"color:#005e94\"><strong>DURACI\u00d3N DEL ENTRENAMIENTO<\/strong><\/p>\n\n\n\n<p class=\"has-text-align-center\">1800 horas (24 meses)<\/p>\n\n\n\n<p><\/p>\n\n\n\n<p class=\"has-text-align-center acablue has-text-color has-medium-font-size\" style=\"color:#005e94\"><strong>HORAS<\/strong><\/p>\n\n\n\n<p class=\"has-text-align-center\">LUN &#8211; JUEVES (6 HORAS POR DIA)<\/p>\n\n\n\n<div class=\"wp-block-coblocks-row alignfull coblocks-row-122123829351\" data-columns=\"1\" data-layout=\"100\"><div class=\"wp-block-coblocks-row__inner has-background has-padding has-medium-padding has-no-margin is-stacked-on-mobile has-medium-gutter\" style=\"background-color:#e4effa\">\n<div class=\"wp-block-coblocks-column coblocks-column-122123836624 academy\" style=\"width:100%\"><div class=\"wp-block-coblocks-column__inner has-quaternary-background-color has-background has-padding has-no-margin\">\n<p class=\"has-text-align-center has-text-color has-large-font-size\" style=\"color:#005e94\"><a href=\"https:\/\/www.serrarpharma.com\/wp-content\/uploads\/2022\/08\/5-Accre\u0301ditation-Naturothe\u0301rapeute-par-Hypnose-ANQ-pdf.pdf\"><strong>Acreditaci\u00f3n por la Asociaci\u00f3n de Naturoterapeutas por Hipnosis acreditada en Quebec (ANQ) desde 1971 de la Academia Dr. SERRAR\u00ae Formaci\u00f3n en Naturopat\u00eda<\/strong><\/a><\/p>\n<\/div><\/div>\n<\/div><\/div>\n\n\n\n<p class=\"has-text-align-center has-secondary-color has-text-color has-medium-font-size\"><strong>MISI\u00d3N<\/strong><\/p>\n\n\n\n<p><\/p>\n\n\n\n<p>Nuestro Programa de Capacitaci\u00f3n en Naturopat\u00eda Aplicada de la Academia Dr. SERRAR\u00ae es para aquellos que desean descubrir, comprender e implementar un enfoque hol\u00edstico de la naturopat\u00eda. Esta visi\u00f3n ve el cuerpo como una unidad que funciona a trav\u00e9s de la conexi\u00f3n mente\/cuerpo.<\/p>\n\n\n\n<p><\/p>\n\n\n\n<p>Para aquellos que ya han seguido un programa de formaci\u00f3n naturista m\u00e1s cl\u00e1sico, esta formaci\u00f3n es complementaria, porque les permitir\u00e1 ir m\u00e1s all\u00e1, orient\u00e1ndolos hacia un enfoque m\u00e1s hol\u00edstico de esta disciplina.<\/p>\n\n\n\n<p><\/p>\n\n\n\n<p>Para aquellos que a\u00fan no han tenido acceso a la formaci\u00f3n en naturopat\u00eda, o que no tienen conocimientos espec\u00edficos en esta \u00e1rea, el contenido de esta formaci\u00f3n est\u00e1 dise\u00f1ado para que puedas asimilar informaci\u00f3n y conocimientos, sea cual sea tu nivel de partida.<\/p>\n\n\n\n<p><\/p>\n\n\n\n<p>Una aclaraci\u00f3n importante antes de embarcarte en esta formaci\u00f3n. El derecho al diagn\u00f3stico as\u00ed como el concepto de tratamiento de patolog\u00edas, seg\u00fan la legislaci\u00f3n, est\u00e1n reservados a los doctores en medicina. Los consejos de salud mencionados en esta capacitaci\u00f3n eventualmente se agregar\u00e1n a las t\u00e9cnicas y medicamentos alop\u00e1ticos u homeop\u00e1ticos prescritos por el m\u00e9dico. De ninguna manera sustituye o interrumpe el tratamiento m\u00e9dico en curso sin consejo m\u00e9dico.<\/p>\n\n\n\n<p><\/p>\n\n\n\n<p>Si decide embarcarse en la profesi\u00f3n de natur\u00f3pata, le recomendamos encarecidamente que colabore con los m\u00e9dicos al\u00f3patas y la medicina tradicional. De hecho, una estrecha colaboraci\u00f3n solo puede ser rentable y beneficiosa para la salud y el bienestar de sus futuros clientes.<\/p>\n\n\n\n<p><\/p>\n\n\n\n<p>Al final de cada m\u00f3dulo, se le ofrecer\u00e1 una prueba de 10 preguntas para validar sus conocimientos. Se describir\u00e1n muchos casos cl\u00ednicos y situaciones reales, para familiarizarte con la visi\u00f3n hol\u00edstica de la naturopat\u00eda y la salud.<\/p>\n\n\n\n<p><\/p>\n\n\n\n<figure class=\"wp-block-image alignfull size-large\"><img loading=\"lazy\" width=\"660\" height=\"265\" src=\"https:\/\/i0.wp.com\/www.serrarpharma.com\/wp-content\/uploads\/2022\/07\/Hypnosis-Wide-min.png?resize=660%2C265&#038;ssl=1\" alt=\"\" class=\"wp-image-12221\" srcset=\"https:\/\/i0.wp.com\/www.serrarpharma.com\/wp-content\/uploads\/2022\/07\/Hypnosis-Wide-min.png?resize=2000%2C803&amp;ssl=1 2000w, https:\/\/i0.wp.com\/www.serrarpharma.com\/wp-content\/uploads\/2022\/07\/Hypnosis-Wide-min.png?resize=300%2C120&amp;ssl=1 300w, https:\/\/i0.wp.com\/www.serrarpharma.com\/wp-content\/uploads\/2022\/07\/Hypnosis-Wide-min.png?resize=768%2C308&amp;ssl=1 768w, https:\/\/i0.wp.com\/www.serrarpharma.com\/wp-content\/uploads\/2022\/07\/Hypnosis-Wide-min.png?resize=1536%2C616&amp;ssl=1 1536w, https:\/\/i0.wp.com\/www.serrarpharma.com\/wp-content\/uploads\/2022\/07\/Hypnosis-Wide-min.png?resize=2048%2C822&amp;ssl=1 2048w, https:\/\/i0.wp.com\/www.serrarpharma.com\/wp-content\/uploads\/2022\/07\/Hypnosis-Wide-min.png?resize=600%2C241&amp;ssl=1 600w, https:\/\/i0.wp.com\/www.serrarpharma.com\/wp-content\/uploads\/2022\/07\/Hypnosis-Wide-min.png?resize=190%2C76&amp;ssl=1 190w, https:\/\/i0.wp.com\/www.serrarpharma.com\/wp-content\/uploads\/2022\/07\/Hypnosis-Wide-min.png?resize=224%2C90&amp;ssl=1 224w, https:\/\/i0.wp.com\/www.serrarpharma.com\/wp-content\/uploads\/2022\/07\/Hypnosis-Wide-min.png?resize=149%2C60&amp;ssl=1 149w, https:\/\/i0.wp.com\/www.serrarpharma.com\/wp-content\/uploads\/2022\/07\/Hypnosis-Wide-min.png?w=1320&amp;ssl=1 1320w\" sizes=\"(max-width: 660px) 100vw, 660px\" data-recalc-dims=\"1\" \/><\/figure>\n\n\n\n<p class=\"has-text-align-center has-secondary-color has-text-color has-medium-font-size\"><strong>DESCRIPCI\u00d3N<\/strong><\/p>\n\n\n\n<p><\/p>\n\n\n\n<p>Durante este curso de Naturopat\u00eda, exploramos todos los aspectos de este campo hasta que el estudiante est\u00e9 listo para tomar su examen y comenzar esta actividad.<\/p>\n\n\n\n<p><\/p>\n\n\n\n<p>La formaci\u00f3n en Naturopat\u00eda presentada en nuestro curso le permitir\u00e1 prepararse para el examen. Este curso te proporciona formaci\u00f3n te\u00f3rica sobre todos los temas necesarios para aprobar el examen. Depende de usted estudiar cuidadosamente los temas tratados en el curso. Nuestro objetivo es que usted pueda tener la oportunidad de ejercer esta maravillosa profesi\u00f3n de &#8220;Natur\u00f3pata&#8221;, permitiendo as\u00ed que algunos encuentren trabajo por su cuenta o en una cl\u00ednica especializada.<\/p>\n\n\n\n<p><\/p>\n\n\n\n<p>En este curso, estudiaremos los cinco pilares, los diez agentes de salud utilizados por la naturopat\u00eda, la individualizaci\u00f3n naturop\u00e1tica, las relaciones entre el cuerpo, la mente y las emociones, el enfoque hol\u00edstico de la naturopat\u00eda a trav\u00e9s de la cl\u00ednica de los centros de 7 signos, las causas y las claves Naturopat\u00eda, Dieta, Ejercicio F\u00edsico, Respiraci\u00f3n, Fito\/Aromaterapia, Manejo Psicoemocional y Simb\u00f3lico, Hidrolog\u00eda, T\u00e9cnicas Reflejas, T\u00e9cnicas Energ\u00e9ticas, Nutrici\u00f3n desde el Enfoque Hol\u00edstico, Evaluaci\u00f3n Hol\u00edstica, Gu\u00eda Pr\u00e1ctica de Naturopat\u00eda, consejos para la implantaci\u00f3n como Natur\u00f3pata, marketing materiales, prospecci\u00f3n de clientes, etc.<\/p>\n\n\n\n<p><\/p>\n\n\n\n<p>La superaci\u00f3n del examen implica el acceso inmediato a la profesi\u00f3n, siempre que se tenga una titulaci\u00f3n de gesti\u00f3n.<\/p>\n\n\n\n<p><\/p>\n\n\n\n<p>Dr. Halima Serrar Ph,D., M.Sc, N.D.<\/p>\n\n\n\n<p>Pr\u00e9sident<\/p>\n\n\n\n<p>Dr. SERRAR\u00ae Academy<\/p>\n\n\n\n<div style=\"height:65px\" aria-hidden=\"true\" class=\"wp-block-spacer\"><\/div>\n\n\n\n<div class=\"wp-block-coblocks-row alignfull coblocks-row-12213653691\" data-columns=\"1\" data-layout=\"100\"><div class=\"wp-block-coblocks-row__inner has-primary-background-color has-background has-padding has-medium-padding has-no-margin is-stacked-on-mobile has-medium-gutter\">\n<div class=\"wp-block-coblocks-column coblocks-column-1221365599\" style=\"width:100%\"><div class=\"wp-block-coblocks-column__inner has-no-padding has-no-margin\"><\/div><\/div>\n<\/div><\/div>\n\n\n\n<div class=\"wp-container-4 wp-block-columns alignwide\">\n<div class=\"wp-container-1 wp-block-column\"><div class=\"wp-block-image\">\n<figure class=\"aligncenter size-medium\"><img loading=\"lazy\" width=\"300\" height=\"292\" src=\"https:\/\/i0.wp.com\/www.serrarpharma.com\/wp-content\/uploads\/2022\/02\/Facial-Pic-min.png?resize=300%2C292&#038;ssl=1\" alt=\"\" class=\"wp-image-12019\" srcset=\"https:\/\/i0.wp.com\/www.serrarpharma.com\/wp-content\/uploads\/2022\/02\/Facial-Pic-min.png?resize=300%2C292&amp;ssl=1 300w, https:\/\/i0.wp.com\/www.serrarpharma.com\/wp-content\/uploads\/2022\/02\/Facial-Pic-min.png?resize=768%2C748&amp;ssl=1 768w, https:\/\/i0.wp.com\/www.serrarpharma.com\/wp-content\/uploads\/2022\/02\/Facial-Pic-min.png?resize=600%2C584&amp;ssl=1 600w, https:\/\/i0.wp.com\/www.serrarpharma.com\/wp-content\/uploads\/2022\/02\/Facial-Pic-min.png?resize=92%2C90&amp;ssl=1 92w, https:\/\/i0.wp.com\/www.serrarpharma.com\/wp-content\/uploads\/2022\/02\/Facial-Pic-min.png?resize=62%2C60&amp;ssl=1 62w, https:\/\/i0.wp.com\/www.serrarpharma.com\/wp-content\/uploads\/2022\/02\/Facial-Pic-min.png?w=1500&amp;ssl=1 1500w, https:\/\/i0.wp.com\/www.serrarpharma.com\/wp-content\/uploads\/2022\/02\/Facial-Pic-min.png?w=1320&amp;ssl=1 1320w\" sizes=\"(max-width: 300px) 100vw, 300px\" data-recalc-dims=\"1\" \/><\/figure><\/div>\n\n\n<div style=\"height:10px\" aria-hidden=\"true\" class=\"wp-block-spacer\"><\/div>\n\n\n\n<p class=\"has-text-align-center has-text-color has-large-font-size\" style=\"color:#005e94\"><strong>Est\u00e9tica<\/strong><\/p>\n\n\n\n<p class=\"has-text-align-center\">1800 hrs de clases presenciales y pr\u00e1cticas.<\/p>\n\n\n\n<p class=\"has-text-align-center has-secondary-color has-text-color\"><a href=\"https:\/\/www.serrarpharma.com\/es\/esthetics\/\" data-type=\"URL\" data-id=\"https:\/\/www.serrarpharma.com\/es\/esthetics\/\">APRENDE M\u00c1S<\/a><\/p>\n<\/div>\n\n\n\n<div class=\"wp-container-2 wp-block-column\"><div class=\"wp-block-image\">\n<figure class=\"aligncenter size-full\"><img loading=\"lazy\" width=\"660\" height=\"655\" src=\"https:\/\/i0.wp.com\/www.serrarpharma.com\/wp-content\/uploads\/2022\/02\/Naturopathy-Pic-min.png?resize=660%2C655&#038;ssl=1\" alt=\"\" class=\"wp-image-12018\" srcset=\"https:\/\/i0.wp.com\/www.serrarpharma.com\/wp-content\/uploads\/2022\/02\/Naturopathy-Pic-min.png?w=1500&amp;ssl=1 1500w, https:\/\/i0.wp.com\/www.serrarpharma.com\/wp-content\/uploads\/2022\/02\/Naturopathy-Pic-min.png?resize=300%2C298&amp;ssl=1 300w, https:\/\/i0.wp.com\/www.serrarpharma.com\/wp-content\/uploads\/2022\/02\/Naturopathy-Pic-min.png?resize=150%2C150&amp;ssl=1 150w, https:\/\/i0.wp.com\/www.serrarpharma.com\/wp-content\/uploads\/2022\/02\/Naturopathy-Pic-min.png?resize=768%2C762&amp;ssl=1 768w, https:\/\/i0.wp.com\/www.serrarpharma.com\/wp-content\/uploads\/2022\/02\/Naturopathy-Pic-min.png?resize=600%2C596&amp;ssl=1 600w, https:\/\/i0.wp.com\/www.serrarpharma.com\/wp-content\/uploads\/2022\/02\/Naturopathy-Pic-min.png?resize=100%2C100&amp;ssl=1 100w, https:\/\/i0.wp.com\/www.serrarpharma.com\/wp-content\/uploads\/2022\/02\/Naturopathy-Pic-min.png?resize=91%2C90&amp;ssl=1 91w, https:\/\/i0.wp.com\/www.serrarpharma.com\/wp-content\/uploads\/2022\/02\/Naturopathy-Pic-min.png?resize=60%2C60&amp;ssl=1 60w, https:\/\/i0.wp.com\/www.serrarpharma.com\/wp-content\/uploads\/2022\/02\/Naturopathy-Pic-min.png?w=1320&amp;ssl=1 1320w\" sizes=\"(max-width: 660px) 100vw, 660px\" data-recalc-dims=\"1\" \/><\/figure><\/div>\n\n\n<div style=\"height:10px\" aria-hidden=\"true\" class=\"wp-block-spacer\"><\/div>\n\n\n\n<p class=\"has-text-align-center has-text-color has-large-font-size\" style=\"color:#005e94\"><strong>Naturopat\u00eda<\/strong><\/p>\n\n\n\n<p class=\"has-text-align-center\">1800 hrs de clases presenciales y pr\u00e1cticas.<\/p>\n\n\n\n<p class=\"has-text-align-center has-secondary-color has-text-color\"><a href=\"https:\/\/www.serrarpharma.com\/es\/naturopathy\/\" data-type=\"URL\" data-id=\"https:\/\/www.serrarpharma.com\/es\/naturopathy\/\">APRENDE M\u00c1S<\/a><\/p>\n<\/div>\n\n\n\n<div class=\"wp-container-3 wp-block-column\"><div class=\"wp-block-image\">\n<figure class=\"aligncenter size-medium\"><img loading=\"lazy\" width=\"297\" height=\"300\" src=\"https:\/\/i0.wp.com\/www.serrarpharma.com\/wp-content\/uploads\/2022\/02\/Massage-Pic-min.png?resize=297%2C300&#038;ssl=1\" alt=\"\" class=\"wp-image-12017\" srcset=\"https:\/\/i0.wp.com\/www.serrarpharma.com\/wp-content\/uploads\/2022\/02\/Massage-Pic-min.png?resize=297%2C300&amp;ssl=1 297w, https:\/\/i0.wp.com\/www.serrarpharma.com\/wp-content\/uploads\/2022\/02\/Massage-Pic-min.png?resize=768%2C776&amp;ssl=1 768w, https:\/\/i0.wp.com\/www.serrarpharma.com\/wp-content\/uploads\/2022\/02\/Massage-Pic-min.png?resize=600%2C606&amp;ssl=1 600w, https:\/\/i0.wp.com\/www.serrarpharma.com\/wp-content\/uploads\/2022\/02\/Massage-Pic-min.png?resize=100%2C100&amp;ssl=1 100w, https:\/\/i0.wp.com\/www.serrarpharma.com\/wp-content\/uploads\/2022\/02\/Massage-Pic-min.png?resize=89%2C90&amp;ssl=1 89w, https:\/\/i0.wp.com\/www.serrarpharma.com\/wp-content\/uploads\/2022\/02\/Massage-Pic-min.png?resize=59%2C60&amp;ssl=1 59w, https:\/\/i0.wp.com\/www.serrarpharma.com\/wp-content\/uploads\/2022\/02\/Massage-Pic-min.png?w=1500&amp;ssl=1 1500w, https:\/\/i0.wp.com\/www.serrarpharma.com\/wp-content\/uploads\/2022\/02\/Massage-Pic-min.png?w=1320&amp;ssl=1 1320w\" sizes=\"(max-width: 297px) 100vw, 297px\" data-recalc-dims=\"1\" \/><\/figure><\/div>\n\n\n<div style=\"height:10px\" aria-hidden=\"true\" class=\"wp-block-spacer\"><\/div>\n\n\n\n<p class=\"has-text-align-center has-text-color has-large-font-size\" style=\"color:#005e94\"><strong>Terapia de Masajes<\/strong><\/p>\n\n\n\n<p class=\"has-text-align-center\">1800 horas de clases presenciales y cursos pr\u00e1cticos.<\/p>\n\n\n\n<p class=\"has-text-align-center has-secondary-color has-text-color\"><a href=\"https:\/\/www.serrarpharma.com\/es\/massage-therapy\/\" data-type=\"URL\" data-id=\"https:\/\/www.serrarpharma.com\/es\/massage-therapy\/\">APRENDE M\u00c1S<\/a><\/p>\n<\/div>\n<\/div>\n\n\n\n<div style=\"height:2px\" aria-hidden=\"true\" class=\"wp-block-spacer\"><\/div>\n","protected":false},"excerpt":{"rendered":"<p>NATUROPAT\u00cdA \/ HIPNOSIS | PARTE 1 Certificado de Formaci\u00f3n | FA Los licenciados en naturopat\u00eda buscan una cierta autonom\u00eda y se dedican a la buena salud de las personas. Nuestros egresados trabajan por cuenta propia, en cl\u00ednicas especializadas o para resorts, spas, cruceros, complejos hoteleros, etc. DURACI\u00d3N DEL ENTRENAMIENTO 1800 horas (24 meses) HORAS LUN [&hellip;]<\/p>\n","protected":false},"author":1,"featured_media":0,"parent":0,"menu_order":0,"comment_status":"closed","ping_status":"closed","template":"","meta":{"hide_page_title":"","_coblocks_attr":"","_coblocks_dimensions":"{\"coblocks-column-122123836624\":{\"padding\":{\"paddingBottom\":\"14%\",\"paddingBottomMobile\":null,\"paddingBottomTablet\":null,\"paddingLeft\":\"14%\",\"paddingLeftMobile\":null,\"paddingLeftTablet\":null,\"paddingRight\":\"14%\",\"paddingRightMobile\":null,\"paddingRightTablet\":null,\"paddingTop\":\"14%\",\"paddingTopMobile\":null,\"paddingTopTablet\":null}}}","_coblocks_responsive_height":"","_coblocks_accordion_ie_support":""},"translation":{"provider":"WPGlobus","version":"3.0.1","language":"es","enabled_languages":["en","es","fr","ar","pt","it"],"languages":{"en":{"title":true,"content":true,"excerpt":false},"es":{"title":false,"content":true,"excerpt":false},"fr":{"title":false,"content":true,"excerpt":false},"ar":{"title":false,"content":true,"excerpt":false},"pt":{"title":false,"content":true,"excerpt":false},"it":{"title":false,"content":true,"excerpt":false}}},"_links":{"self":[{"href":"https:\/\/www.serrarpharma.com\/es\/wp-json\/wp\/v2\/pages\/12220"}],"collection":[{"href":"https:\/\/www.serrarpharma.com\/es\/wp-json\/wp\/v2\/pages"}],"about":[{"href":"https:\/\/www.serrarpharma.com\/es\/wp-json\/wp\/v2\/types\/page"}],"author":[{"embeddable":true,"href":"https:\/\/www.serrarpharma.com\/es\/wp-json\/wp\/v2\/users\/1"}],"replies":[{"embeddable":true,"href":"https:\/\/www.serrarpharma.com\/es\/wp-json\/wp\/v2\/comments?post=12220"}],"version-history":[{"count":0,"href":"https:\/\/www.serrarpharma.com\/es\/wp-json\/wp\/v2\/pages\/12220\/revisions"}],"wp:attachment":[{"href":"https:\/\/www.serrarpharma.com\/es\/wp-json\/wp\/v2\/media?parent=12220"}],"curies":[{"name":"wp","href":"https:\/\/api.w.org\/{rel}","templated":true}]}}