{"id":12069,"date":"2022-02-22T13:13:49","date_gmt":"2022-02-22T18:13:49","guid":{"rendered":"https:\/\/www.serrarpharma.com\/?page_id=12069"},"modified":"2022-08-06T15:23:08","modified_gmt":"2022-08-06T19:23:08","slug":"massage-therapy","status":"publish","type":"page","link":"https:\/\/www.serrarpharma.com\/es\/massage-therapy\/","title":{"rendered":"Massage Therapy"},"content":{"rendered":"\n<div style=\"height:25px\" aria-hidden=\"true\" class=\"wp-block-spacer\"><\/div>\n\n\n<div class=\"wp-block-image\">\n<figure class=\"aligncenter size-full is-resized\"><img loading=\"lazy\" src=\"https:\/\/i0.wp.com\/www.serrarpharma.com\/wp-content\/uploads\/2022\/02\/Academie-Dr.-SERRAR-Logo.png?resize=150%2C150&#038;ssl=1\" alt=\"\" class=\"wp-image-12015\" width=\"150\" height=\"150\" srcset=\"https:\/\/i0.wp.com\/www.serrarpharma.com\/wp-content\/uploads\/2022\/02\/Academie-Dr.-SERRAR-Logo.png?w=1080&amp;ssl=1 1080w, https:\/\/i0.wp.com\/www.serrarpharma.com\/wp-content\/uploads\/2022\/02\/Academie-Dr.-SERRAR-Logo.png?resize=300%2C300&amp;ssl=1 300w, https:\/\/i0.wp.com\/www.serrarpharma.com\/wp-content\/uploads\/2022\/02\/Academie-Dr.-SERRAR-Logo.png?resize=150%2C150&amp;ssl=1 150w, https:\/\/i0.wp.com\/www.serrarpharma.com\/wp-content\/uploads\/2022\/02\/Academie-Dr.-SERRAR-Logo.png?resize=768%2C768&amp;ssl=1 768w, https:\/\/i0.wp.com\/www.serrarpharma.com\/wp-content\/uploads\/2022\/02\/Academie-Dr.-SERRAR-Logo.png?resize=600%2C600&amp;ssl=1 600w, https:\/\/i0.wp.com\/www.serrarpharma.com\/wp-content\/uploads\/2022\/02\/Academie-Dr.-SERRAR-Logo.png?resize=100%2C100&amp;ssl=1 100w, https:\/\/i0.wp.com\/www.serrarpharma.com\/wp-content\/uploads\/2022\/02\/Academie-Dr.-SERRAR-Logo.png?resize=90%2C90&amp;ssl=1 90w, https:\/\/i0.wp.com\/www.serrarpharma.com\/wp-content\/uploads\/2022\/02\/Academie-Dr.-SERRAR-Logo.png?resize=60%2C60&amp;ssl=1 60w\" sizes=\"(max-width: 150px) 100vw, 150px\" data-recalc-dims=\"1\" \/><\/figure><\/div>\n\n\n<div style=\"height:10px\" aria-hidden=\"true\" class=\"wp-block-spacer\"><\/div>\n\n\n\n<p class=\"has-text-align-center coursetitle has-text-color has-huge-font-size\" style=\"color:#005e94\"><strong>TERAPIA DE MASAJE | PARTE 1<\/strong><\/p>\n\n\n\n<p class=\"has-text-align-center has-secondary-color has-text-color has-medium-font-size\">Certificado de formaci\u00f3n | DE<\/p>\n\n\n\n<div style=\"height:35px\" aria-hidden=\"true\" class=\"wp-block-spacer\"><\/div>\n\n\n\n<p><\/p>\n\n\n\n<p class=\"has-text-align-center\">Los licenciados en masoterapia buscan cierta autonom\u00eda y se dedican a la buena salud de las personas. El programa entrena a masajistas en varias t\u00e9cnicas de masaje. Nuestros egresados trabajan por cuenta propia, en cl\u00ednicas especializadas o para resorts, spas, cruceros, complejos hoteleros, etc.<\/p>\n\n\n\n<div style=\"height:35px\" aria-hidden=\"true\" class=\"wp-block-spacer\"><\/div>\n\n\n\n<p><\/p>\n\n\n\n<p class=\"has-text-align-center acablue has-text-color has-medium-font-size\" style=\"color:#005e94\"><strong>DURACI\u00d3N DEL ENTRENAMIENTO<\/strong><\/p>\n\n\n\n<p class=\"has-text-align-center\">1800 h (24 meses)<\/p>\n\n\n\n<p><\/p>\n\n\n\n<p class=\"has-text-align-center acablue has-text-color has-medium-font-size\" style=\"color:#005e94\"><strong>HORAS<\/strong><\/p>\n\n\n\n<p class=\"has-text-align-center\">LUN &#8211; JUEVES (6 HORAS POR DIA)<\/p>\n\n\n\n<div class=\"wp-block-coblocks-row alignfull coblocks-row-122123829351\" data-columns=\"1\" data-layout=\"100\"><div class=\"wp-block-coblocks-row__inner has-background has-padding has-medium-padding has-no-margin is-stacked-on-mobile has-medium-gutter\" style=\"background-color:#e4effa\">\n<div class=\"wp-block-coblocks-column coblocks-column-122123836624 academy\" style=\"width:100%\"><div class=\"wp-block-coblocks-column__inner has-quaternary-background-color has-background has-padding has-no-margin\">\n<p class=\"has-text-align-center has-text-color has-large-font-size\" style=\"color:#005e94\"><strong><a href=\"https:\/\/www.serrarpharma.com\/wp-content\/uploads\/2022\/08\/6-Accre\u0301ditation-Massote\u0301rapeute-RMQ.png\">Acreditaci\u00f3n por el grupo de Terapeutas de Masaje de Quebec (RMQ) de Dr. SERRAR\u00ae Academy Training in Massotherapy<\/a><\/strong><\/p>\n<\/div><\/div>\n<\/div><\/div>\n\n\n\n<p class=\"has-text-align-center has-secondary-color has-text-color has-medium-font-size\"><strong>MIS<\/strong>I\u00d3N<\/p>\n\n\n\n<p><\/p>\n\n\n\n<p>Nuestro programa de formaci\u00f3n en masoterapia aplicada de nuestra Academia Dr. SERRAR\u00ae est\u00e1 destinado a aquellos que deseen descubrir, comprender e implementar un enfoque hol\u00edstico de la masoterapia. Esta visi\u00f3n ve el cuerpo como una unidad que funciona a trav\u00e9s de la conexi\u00f3n mente\/cuerpo.<\/p>\n\n\n\n<p><\/p>\n\n\n\n<p>Para aquellos que ya han seguido un programa de entrenamiento de masoterapia m\u00e1s cl\u00e1sico, este entrenamiento es complementario, porque les permitir\u00e1 ir m\u00e1s all\u00e1, orient\u00e1ndolos hacia un enfoque m\u00e1s hol\u00edstico de esta disciplina. Para aquellos que a\u00fan no han tenido acceso a la formaci\u00f3n en masoterapia, o que no tienen conocimientos espec\u00edficos en la materia, no se preocupen. El contenido de esta formaci\u00f3n est\u00e1 dise\u00f1ado para permitirte asimilar informaci\u00f3n y conocimientos, sea cual sea tu nivel inicial.<\/p>\n\n\n\n<p><\/p>\n\n\n\n<p>El practicante de masoterapia es capaz de realizar un masaje de relajaci\u00f3n y liberar tensiones y dolores para el bienestar de su clientela. Puede ejercer en un spa o en una cl\u00ednica y ser reconocido por asociaciones profesionales. El mayor segmento del curso est\u00e1 dedicado a la pr\u00e1ctica del masaje sueco internacional con aceites esenciales que permiten personalizar y optimizar el tratamiento de relajaci\u00f3n.<\/p>\n\n\n\n<p><\/p>\n\n\n\n<p>A trav\u00e9s de nuestra formaci\u00f3n en masaje de bienestar, te ofrecemos apoyo y diversos materiales educativos (textos, visuales, etc.) que te permitir\u00e1n profundizar en los movimientos b\u00e1sicos de varios tipos de masaje.<\/p>\n\n\n\n<p><\/p>\n\n\n\n<p>Tras adquirir tu certificado, podr\u00e1s practicar por cuenta propia o trabajar en un centro de bienestar, spa, establecimiento hotelero o club deportivo. Tambi\u00e9n puedes utilizar los conocimientos adquiridos sobre ti y los que te rodean, o combinar la actividad de masajista con otras especialidades: aromaterapia, meditaci\u00f3n, litoterapia o naturopat\u00eda por ejemplo.<\/p>\n\n\n\n<p><\/p>\n\n\n\n<p>Durante este curso de Terapia de Masaje, exploraremos juntos todos los aspectos de esta \u00e1rea hasta que est\u00e9 listo para presentar su examen y embarcarse en esta actividad.<\/p>\n\n\n\n<figure class=\"wp-block-image alignfull size-large\"><img loading=\"lazy\" width=\"660\" height=\"265\" src=\"https:\/\/i0.wp.com\/www.serrarpharma.com\/wp-content\/uploads\/2022\/02\/MASSAGE-WIDE-min.jpg?resize=660%2C265&#038;ssl=1\" alt=\"\" class=\"wp-image-12074\" srcset=\"https:\/\/i0.wp.com\/www.serrarpharma.com\/wp-content\/uploads\/2022\/02\/MASSAGE-WIDE-min.jpg?resize=2000%2C803&amp;ssl=1 2000w, https:\/\/i0.wp.com\/www.serrarpharma.com\/wp-content\/uploads\/2022\/02\/MASSAGE-WIDE-min.jpg?resize=300%2C120&amp;ssl=1 300w, https:\/\/i0.wp.com\/www.serrarpharma.com\/wp-content\/uploads\/2022\/02\/MASSAGE-WIDE-min.jpg?resize=768%2C308&amp;ssl=1 768w, https:\/\/i0.wp.com\/www.serrarpharma.com\/wp-content\/uploads\/2022\/02\/MASSAGE-WIDE-min.jpg?resize=1536%2C616&amp;ssl=1 1536w, https:\/\/i0.wp.com\/www.serrarpharma.com\/wp-content\/uploads\/2022\/02\/MASSAGE-WIDE-min.jpg?resize=2048%2C822&amp;ssl=1 2048w, https:\/\/i0.wp.com\/www.serrarpharma.com\/wp-content\/uploads\/2022\/02\/MASSAGE-WIDE-min.jpg?resize=600%2C241&amp;ssl=1 600w, https:\/\/i0.wp.com\/www.serrarpharma.com\/wp-content\/uploads\/2022\/02\/MASSAGE-WIDE-min.jpg?resize=190%2C76&amp;ssl=1 190w, https:\/\/i0.wp.com\/www.serrarpharma.com\/wp-content\/uploads\/2022\/02\/MASSAGE-WIDE-min.jpg?resize=224%2C90&amp;ssl=1 224w, https:\/\/i0.wp.com\/www.serrarpharma.com\/wp-content\/uploads\/2022\/02\/MASSAGE-WIDE-min.jpg?resize=149%2C60&amp;ssl=1 149w, https:\/\/i0.wp.com\/www.serrarpharma.com\/wp-content\/uploads\/2022\/02\/MASSAGE-WIDE-min.jpg?w=1320&amp;ssl=1 1320w\" sizes=\"(max-width: 660px) 100vw, 660px\" data-recalc-dims=\"1\" \/><\/figure>\n\n\n\n<p class=\"has-text-align-center has-secondary-color has-text-color has-medium-font-size\"><strong>DESCRIPCI\u00d3N<\/strong><\/p>\n\n\n\n<p><\/p>\n\n\n\n<p>Durante este curso de Terapia de Masaje, exploramos todos los aspectos de esta \u00e1rea hasta que el estudiante est\u00e9 listo para presentar su examen y embarcarse en esta actividad.<\/p>\n\n\n\n<p><\/p>\n\n\n\n<p>La capacitaci\u00f3n en terapia de masaje presentada en nuestro curso le permitir\u00e1 prepararse para el examen. Este curso les proporciona una formaci\u00f3n te\u00f3rica sobre todas las materias necesarias para aprobar el examen. Depende de \u00e9l estudiar adecuadamente los temas tratados en el curso. Nuestro objetivo es que pueda tener la oportunidad de ejercer esta maravillosa profesi\u00f3n de Masajista. Permitiendo as\u00ed que algunos encuentren trabajo por su cuenta, en una cl\u00ednica especializada.<\/p>\n\n\n\n<p><\/p>\n\n\n\n<p>En este curso, estudiaremos Anatom\u00eda, Principios generales del masaje, diferentes t\u00e9cnicas y tipos de masaje, drenaje linf\u00e1tico, masaje en silla, masaje con piedras calientes, terapia con ventosas, Gua Sha, masaje hol\u00edstico marroqu\u00ed, masaje sueco, est\u00e1ndares de pr\u00e1ctica est\u00e1ndar para la terapia de masaje. , consejos para establecerse como practicante de terapia de masaje, marke<\/p>\n\n\n\n<p><\/p>\n\n\n\n<p>La superaci\u00f3n del examen implica el acceso inmediato a la profesi\u00f3n, siempre que se tenga una titulaci\u00f3n de gesti\u00f3n.<\/p>\n\n\n\n<p><\/p>\n\n\n\n<p>\u00a1La profesi\u00f3n de masajista no se improvisa!<\/p>\n\n\n\n<p><\/p>\n\n\n\n<p>Dr. Halima Serrar Ph,D., M.Sc, N.D.<\/p>\n\n\n\n<p>Presidente<\/p>\n\n\n\n<p>Dr. SERRAR\u00ae Academy<\/p>\n\n\n\n<div style=\"height:65px\" aria-hidden=\"true\" class=\"wp-block-spacer\"><\/div>\n\n\n\n<div class=\"wp-block-coblocks-row alignfull coblocks-row-12213653691\" data-columns=\"1\" data-layout=\"100\"><div class=\"wp-block-coblocks-row__inner has-primary-background-color has-background has-padding has-medium-padding has-no-margin is-stacked-on-mobile has-medium-gutter\">\n<div class=\"wp-block-coblocks-column coblocks-column-1221365599\" style=\"width:100%\"><div class=\"wp-block-coblocks-column__inner has-no-padding has-no-margin\"><\/div><\/div>\n<\/div><\/div>\n\n\n\n<div class=\"wp-container-4 wp-block-columns alignwide\">\n<div class=\"wp-container-1 wp-block-column\"><div class=\"wp-block-image\">\n<figure class=\"aligncenter size-medium\"><img loading=\"lazy\" width=\"300\" height=\"298\" src=\"https:\/\/i0.wp.com\/www.serrarpharma.com\/wp-content\/uploads\/2022\/02\/Naturopathy-Pic-min.png?resize=300%2C298&#038;ssl=1\" alt=\"\" class=\"wp-image-12018\" srcset=\"https:\/\/i0.wp.com\/www.serrarpharma.com\/wp-content\/uploads\/2022\/02\/Naturopathy-Pic-min.png?resize=300%2C298&amp;ssl=1 300w, https:\/\/i0.wp.com\/www.serrarpharma.com\/wp-content\/uploads\/2022\/02\/Naturopathy-Pic-min.png?resize=150%2C150&amp;ssl=1 150w, https:\/\/i0.wp.com\/www.serrarpharma.com\/wp-content\/uploads\/2022\/02\/Naturopathy-Pic-min.png?resize=768%2C762&amp;ssl=1 768w, https:\/\/i0.wp.com\/www.serrarpharma.com\/wp-content\/uploads\/2022\/02\/Naturopathy-Pic-min.png?resize=600%2C596&amp;ssl=1 600w, https:\/\/i0.wp.com\/www.serrarpharma.com\/wp-content\/uploads\/2022\/02\/Naturopathy-Pic-min.png?resize=100%2C100&amp;ssl=1 100w, https:\/\/i0.wp.com\/www.serrarpharma.com\/wp-content\/uploads\/2022\/02\/Naturopathy-Pic-min.png?resize=91%2C90&amp;ssl=1 91w, https:\/\/i0.wp.com\/www.serrarpharma.com\/wp-content\/uploads\/2022\/02\/Naturopathy-Pic-min.png?resize=60%2C60&amp;ssl=1 60w, https:\/\/i0.wp.com\/www.serrarpharma.com\/wp-content\/uploads\/2022\/02\/Naturopathy-Pic-min.png?w=1500&amp;ssl=1 1500w, https:\/\/i0.wp.com\/www.serrarpharma.com\/wp-content\/uploads\/2022\/02\/Naturopathy-Pic-min.png?w=1320&amp;ssl=1 1320w\" sizes=\"(max-width: 300px) 100vw, 300px\" data-recalc-dims=\"1\" \/><\/figure><\/div>\n\n\n<div style=\"height:10px\" aria-hidden=\"true\" class=\"wp-block-spacer\"><\/div>\n\n\n\n<p class=\"has-text-align-center has-text-color has-large-font-size\" style=\"color:#005e94\"><strong>Naturopat\u00eda<\/strong><\/p>\n\n\n\n<p class=\"has-text-align-center\">1800 horas de clases presenciales y cursos pr\u00e1cticos.<\/p>\n\n\n\n<p class=\"has-text-align-center has-secondary-color has-text-color\"><a href=\"https:\/\/www.serrarpharma.com\/es\/naturopathy\/\">APRENDE M\u00c1S<\/a><\/p>\n<\/div>\n\n\n\n<div class=\"wp-container-2 wp-block-column\">\n<figure class=\"wp-block-image size-full\"><img loading=\"lazy\" width=\"660\" height=\"642\" src=\"https:\/\/i0.wp.com\/www.serrarpharma.com\/wp-content\/uploads\/2022\/07\/Hypno-Pic-min.png?resize=660%2C642&#038;ssl=1\" alt=\"\" class=\"wp-image-12215\" srcset=\"https:\/\/i0.wp.com\/www.serrarpharma.com\/wp-content\/uploads\/2022\/07\/Hypno-Pic-min.png?w=1500&amp;ssl=1 1500w, https:\/\/i0.wp.com\/www.serrarpharma.com\/wp-content\/uploads\/2022\/07\/Hypno-Pic-min.png?resize=300%2C292&amp;ssl=1 300w, https:\/\/i0.wp.com\/www.serrarpharma.com\/wp-content\/uploads\/2022\/07\/Hypno-Pic-min.png?resize=768%2C748&amp;ssl=1 768w, https:\/\/i0.wp.com\/www.serrarpharma.com\/wp-content\/uploads\/2022\/07\/Hypno-Pic-min.png?resize=600%2C584&amp;ssl=1 600w, https:\/\/i0.wp.com\/www.serrarpharma.com\/wp-content\/uploads\/2022\/07\/Hypno-Pic-min.png?resize=92%2C90&amp;ssl=1 92w, https:\/\/i0.wp.com\/www.serrarpharma.com\/wp-content\/uploads\/2022\/07\/Hypno-Pic-min.png?resize=62%2C60&amp;ssl=1 62w, https:\/\/i0.wp.com\/www.serrarpharma.com\/wp-content\/uploads\/2022\/07\/Hypno-Pic-min.png?w=1320&amp;ssl=1 1320w\" sizes=\"(max-width: 660px) 100vw, 660px\" data-recalc-dims=\"1\" \/><\/figure>\n\n\n\n<div style=\"height:10px\" aria-hidden=\"true\" class=\"wp-block-spacer\"><\/div>\n\n\n\n<p class=\"has-text-align-center has-text-color has-large-font-size\" style=\"color:#005e94\"><strong>Naturopat\u00eda \/ Hipnosis<\/strong><\/p>\n\n\n\n<p class=\"wp-elements-5f465c6f06fe9c046fdad0003e39e22f has-text-align-center has-link-color\">1800 horas de clases presenciales y cursos pr\u00e1cticos.<\/p>\n\n\n\n<p class=\"has-text-align-center has-secondary-color has-text-color\"><a href=\"https:\/\/www.serrarpharma.com\/es\/naturo-hypno\/\">APRENDE M\u00c1S<\/a><\/p>\n<\/div>\n\n\n\n<div class=\"wp-container-3 wp-block-column\"><div class=\"wp-block-image\">\n<figure class=\"aligncenter size-medium\"><img loading=\"lazy\" width=\"300\" height=\"292\" src=\"https:\/\/i0.wp.com\/www.serrarpharma.com\/wp-content\/uploads\/2022\/02\/Facial-Pic-min.png?resize=300%2C292&#038;ssl=1\" alt=\"\" class=\"wp-image-12019\" srcset=\"https:\/\/i0.wp.com\/www.serrarpharma.com\/wp-content\/uploads\/2022\/02\/Facial-Pic-min.png?resize=300%2C292&amp;ssl=1 300w, https:\/\/i0.wp.com\/www.serrarpharma.com\/wp-content\/uploads\/2022\/02\/Facial-Pic-min.png?resize=768%2C748&amp;ssl=1 768w, https:\/\/i0.wp.com\/www.serrarpharma.com\/wp-content\/uploads\/2022\/02\/Facial-Pic-min.png?resize=600%2C584&amp;ssl=1 600w, https:\/\/i0.wp.com\/www.serrarpharma.com\/wp-content\/uploads\/2022\/02\/Facial-Pic-min.png?resize=92%2C90&amp;ssl=1 92w, https:\/\/i0.wp.com\/www.serrarpharma.com\/wp-content\/uploads\/2022\/02\/Facial-Pic-min.png?resize=62%2C60&amp;ssl=1 62w, https:\/\/i0.wp.com\/www.serrarpharma.com\/wp-content\/uploads\/2022\/02\/Facial-Pic-min.png?w=1500&amp;ssl=1 1500w, https:\/\/i0.wp.com\/www.serrarpharma.com\/wp-content\/uploads\/2022\/02\/Facial-Pic-min.png?w=1320&amp;ssl=1 1320w\" sizes=\"(max-width: 300px) 100vw, 300px\" data-recalc-dims=\"1\" \/><\/figure><\/div>\n\n\n<div style=\"height:10px\" aria-hidden=\"true\" class=\"wp-block-spacer\"><\/div>\n\n\n\n<p class=\"has-text-align-center has-text-color has-large-font-size\" style=\"color:#005e94\"><strong>Est\u00e9tica<\/strong><\/p>\n\n\n\n<p class=\"has-text-align-center\">1800 hrs de clases presenciales y pr\u00e1cticas.<\/p>\n\n\n\n<p class=\"has-text-align-center has-secondary-color has-text-color\"><a href=\"https:\/\/www.serrarpharma.com\/es\/esthetics\/\">APRENDE M\u00c1S<\/a><\/p>\n<\/div>\n<\/div>\n\n\n\n<div style=\"height:2px\" aria-hidden=\"true\" class=\"wp-block-spacer\"><\/div>\n","protected":false},"excerpt":{"rendered":"<p>TERAPIA DE MASAJE | PARTE 1 Certificado de formaci\u00f3n | DE Los licenciados en masoterapia buscan cierta autonom\u00eda y se dedican a la buena salud de las personas. El programa entrena a masajistas en varias t\u00e9cnicas de masaje. Nuestros egresados trabajan por cuenta propia, en cl\u00ednicas especializadas o para resorts, spas, cruceros, complejos hoteleros, etc. [&hellip;]<\/p>\n","protected":false},"author":1,"featured_media":0,"parent":0,"menu_order":0,"comment_status":"closed","ping_status":"closed","template":"","meta":{"hide_page_title":"","_coblocks_attr":"","_coblocks_dimensions":"{\"coblocks-column-122123836624\":{\"padding\":{\"paddingBottom\":\"10%\",\"paddingBottomMobile\":null,\"paddingBottomTablet\":null,\"paddingLeft\":\"10%\",\"paddingLeftMobile\":null,\"paddingLeftTablet\":null,\"paddingRight\":\"10%\",\"paddingRightMobile\":null,\"paddingRightTablet\":null,\"paddingTop\":\"10%\",\"paddingTopMobile\":null,\"paddingTopTablet\":null}}}","_coblocks_responsive_height":"","_coblocks_accordion_ie_support":""},"translation":{"provider":"WPGlobus","version":"3.0.1","language":"es","enabled_languages":["en","es","fr","ar","pt","it"],"languages":{"en":{"title":true,"content":true,"excerpt":false},"es":{"title":false,"content":true,"excerpt":false},"fr":{"title":false,"content":true,"excerpt":false},"ar":{"title":false,"content":true,"excerpt":false},"pt":{"title":false,"content":true,"excerpt":false},"it":{"title":false,"content":true,"excerpt":false}}},"_links":{"self":[{"href":"https:\/\/www.serrarpharma.com\/es\/wp-json\/wp\/v2\/pages\/12069"}],"collection":[{"href":"https:\/\/www.serrarpharma.com\/es\/wp-json\/wp\/v2\/pages"}],"about":[{"href":"https:\/\/www.serrarpharma.com\/es\/wp-json\/wp\/v2\/types\/page"}],"author":[{"embeddable":true,"href":"https:\/\/www.serrarpharma.com\/es\/wp-json\/wp\/v2\/users\/1"}],"replies":[{"embeddable":true,"href":"https:\/\/www.serrarpharma.com\/es\/wp-json\/wp\/v2\/comments?post=12069"}],"version-history":[{"count":0,"href":"https:\/\/www.serrarpharma.com\/es\/wp-json\/wp\/v2\/pages\/12069\/revisions"}],"wp:attachment":[{"href":"https:\/\/www.serrarpharma.com\/es\/wp-json\/wp\/v2\/media?parent=12069"}],"curies":[{"name":"wp","href":"https:\/\/api.w.org\/{rel}","templated":true}]}}