{"id":11168,"date":"2021-04-09T17:16:25","date_gmt":"2021-04-09T21:16:25","guid":{"rendered":"https:\/\/www.serrarpharma.com\/?page_id=11168"},"modified":"2021-05-05T11:31:33","modified_gmt":"2021-05-05T15:31:33","slug":"shop","status":"publish","type":"page","link":"https:\/\/www.serrarpharma.com\/es\/shop\/","title":{"rendered":"Shop"},"content":{"rendered":"\n<div class=\"wp-block-media-text alignfull is-stacked-on-mobile newshophsec\"><figure class=\"wp-block-media-text__media\"><img loading=\"lazy\" width=\"660\" height=\"596\" src=\"https:\/\/i0.wp.com\/www.serrarpharma.com\/wp-content\/uploads\/2021\/04\/Zinacal-Shop-Category-Pic-min.png?resize=660%2C596&#038;ssl=1\" alt=\"\" class=\"wp-image-11248 size-full\" srcset=\"https:\/\/i0.wp.com\/www.serrarpharma.com\/wp-content\/uploads\/2021\/04\/Zinacal-Shop-Category-Pic-min.png?w=1000&amp;ssl=1 1000w, https:\/\/i0.wp.com\/www.serrarpharma.com\/wp-content\/uploads\/2021\/04\/Zinacal-Shop-Category-Pic-min.png?resize=300%2C271&amp;ssl=1 300w, https:\/\/i0.wp.com\/www.serrarpharma.com\/wp-content\/uploads\/2021\/04\/Zinacal-Shop-Category-Pic-min.png?resize=768%2C694&amp;ssl=1 768w, https:\/\/i0.wp.com\/www.serrarpharma.com\/wp-content\/uploads\/2021\/04\/Zinacal-Shop-Category-Pic-min.png?resize=600%2C542&amp;ssl=1 600w\" sizes=\"(max-width: 660px) 100vw, 660px\" data-recalc-dims=\"1\" \/><\/figure><div class=\"wp-block-media-text__content\">\n<p class=\"has-text-align-center newshopprodline has-text-color has-custom-lineheight\" style=\"color:#035384;font-size:40px;line-height:1.3\"><strong><a href=\"https:\/\/www.serrarpharma.com\/es\/product-category\/slim-natural-health\/\">ZinaCal<br>Salud delgada y Natural<\/a><\/strong><\/p>\n\n\n\n<p class=\"has-text-align-center has-text-color has-custom-font has-custom-lineheight\" style=\"color:#1a1a1a;font-family:Open Sans;line-height:1.5\"><a href=\"https:\/\/www.serrarpharma.com\/es\/product-category\/slim-natural-health\/\">Vitaminas, suplementos y m\u00e1s para complementar un estilo de vida saludable y ayudar a controlar su peso.<\/a><\/p>\n\n\n\n<p class=\"has-text-align-center newshopbutton1 has-quaternary-color has-text-color\" style=\"font-size:33px\"><strong><a href=\"https:\/\/www.serrarpharma.com\/es\/product-category\/slim-natural-health\/\">COMPRAR<\/a><\/strong><\/p>\n<\/div><\/div>\n\n\n\n<div class=\"wp-container-1 newshopssec newshopssec newshopssec newshopssec newshopssec wp-block-group alignfull newshopssec has-background mt-0\" style=\"background-color:#f7fafc\"><div class=\"wp-block-group__inner-container\">\n<div class=\"wp-block-media-text alignfull has-media-on-the-right is-stacked-on-mobile newshopskin1\" style=\"grid-template-columns:auto 58%\"><figure class=\"wp-block-media-text__media\"><img loading=\"lazy\" width=\"660\" height=\"580\" src=\"https:\/\/i0.wp.com\/www.serrarpharma.com\/wp-content\/uploads\/2021\/04\/SerrarPharma-New-Shop-PageFlower-l-min.png?resize=660%2C580&#038;ssl=1\" alt=\"\" class=\"wp-image-11260 size-full\" srcset=\"https:\/\/i0.wp.com\/www.serrarpharma.com\/wp-content\/uploads\/2021\/04\/SerrarPharma-New-Shop-PageFlower-l-min.png?w=1372&amp;ssl=1 1372w, https:\/\/i0.wp.com\/www.serrarpharma.com\/wp-content\/uploads\/2021\/04\/SerrarPharma-New-Shop-PageFlower-l-min.png?resize=300%2C264&amp;ssl=1 300w, https:\/\/i0.wp.com\/www.serrarpharma.com\/wp-content\/uploads\/2021\/04\/SerrarPharma-New-Shop-PageFlower-l-min.png?resize=768%2C675&amp;ssl=1 768w, https:\/\/i0.wp.com\/www.serrarpharma.com\/wp-content\/uploads\/2021\/04\/SerrarPharma-New-Shop-PageFlower-l-min.png?resize=600%2C527&amp;ssl=1 600w, https:\/\/i0.wp.com\/www.serrarpharma.com\/wp-content\/uploads\/2021\/04\/SerrarPharma-New-Shop-PageFlower-l-min.png?w=1320&amp;ssl=1 1320w\" sizes=\"(max-width: 660px) 100vw, 660px\" data-recalc-dims=\"1\" \/><\/figure><div class=\"wp-block-media-text__content\">\n<p class=\"has-text-align-center newshopprodline has-text-color has-custom-lineheight\" style=\"color:#116899;font-size:40px;line-height:1.3\"><strong><a href=\"https:\/\/www.serrarpharma.com\/es\/product-category\/phyto-reve\/\">Cuidado de la piel<br>PHYTO-R\u00caVE<\/a><\/strong><\/p>\n\n\n\n<p class=\"has-text-align-center has-text-color has-custom-font has-custom-lineheight\" style=\"color:#1a1a1a;font-family:Open Sans;line-height:1.5\"><a href=\"https:\/\/www.serrarpharma.com\/es\/product-category\/phyto-reve\/\">Tratamientos reparadores elaborados con ingredientes hipoalerg\u00e9nicos.<\/a><\/p>\n\n\n\n<p class=\"has-text-align-center newshopbutton1 has-quaternary-color has-text-color\" style=\"font-size:33px\"><strong><a href=\"https:\/\/www.serrarpharma.com\/product-category\/phyto-reve\/\">COMPRAR<\/a><\/strong><\/p>\n<\/div><\/div>\n\n\n\n<div class=\"wp-block-media-text alignfull is-stacked-on-mobile newshopskin2\" style=\"grid-template-columns:58% auto\"><figure class=\"wp-block-media-text__media\"><img loading=\"lazy\" width=\"660\" height=\"440\" src=\"https:\/\/i0.wp.com\/www.serrarpharma.com\/wp-content\/uploads\/2021\/04\/SerrarPharma-New-Shop-PageEuca-min.png?resize=660%2C440&#038;ssl=1\" alt=\"\" class=\"wp-image-11270 size-full\" srcset=\"https:\/\/i0.wp.com\/www.serrarpharma.com\/wp-content\/uploads\/2021\/04\/SerrarPharma-New-Shop-PageEuca-min.png?w=1323&amp;ssl=1 1323w, https:\/\/i0.wp.com\/www.serrarpharma.com\/wp-content\/uploads\/2021\/04\/SerrarPharma-New-Shop-PageEuca-min.png?resize=300%2C200&amp;ssl=1 300w, https:\/\/i0.wp.com\/www.serrarpharma.com\/wp-content\/uploads\/2021\/04\/SerrarPharma-New-Shop-PageEuca-min.png?resize=768%2C513&amp;ssl=1 768w, https:\/\/i0.wp.com\/www.serrarpharma.com\/wp-content\/uploads\/2021\/04\/SerrarPharma-New-Shop-PageEuca-min.png?resize=600%2C400&amp;ssl=1 600w\" sizes=\"(max-width: 660px) 100vw, 660px\" data-recalc-dims=\"1\" \/><\/figure><div class=\"wp-block-media-text__content\">\n<p class=\"has-text-align-center newshopprodline has-text-color has-custom-lineheight\" style=\"color:#1d8a5a;font-size:40px;line-height:1.3\"><strong><a href=\"https:\/\/www.serrarpharma.com\/es\/product-category\/bio\/\">Cuidado de la piel<br>BIO<\/a><\/strong><\/p>\n\n\n\n<p class=\"has-text-align-center has-text-color has-custom-font has-custom-lineheight\" style=\"color:#1a1a1a;font-family:Open Sans;line-height:1.5\"><a href=\"https:\/\/www.serrarpharma.com\/product-category\/bio\/\">Cuidado de la piel especialmente formulado para las necesidades espec\u00edficas de cada edad.<\/a><\/p>\n\n\n\n<p class=\"has-text-align-center newshopbutton2 has-quaternary-color has-text-color\" style=\"font-size:33px\"><strong><a href=\"https:\/\/www.serrarpharma.com\/es\/product-category\/bio\/\">COMPRAR<\/a><\/strong><\/p>\n<\/div><\/div>\n<\/div><\/div>\n\n\n\n<div class=\"wp-block-media-text alignfull has-media-on-the-right is-stacked-on-mobile newshopbsec\" style=\"grid-template-columns:auto 49%\"><figure class=\"wp-block-media-text__media\"><img loading=\"lazy\" width=\"660\" height=\"466\" src=\"https:\/\/i0.wp.com\/www.serrarpharma.com\/wp-content\/uploads\/2021\/04\/SerrarPharma-New-Shop-Page-Body-min.jpg?resize=660%2C466&#038;ssl=1\" alt=\"\" class=\"wp-image-11177 size-full\" srcset=\"https:\/\/i0.wp.com\/www.serrarpharma.com\/wp-content\/uploads\/2021\/04\/SerrarPharma-New-Shop-Page-Body-min.jpg?w=820&amp;ssl=1 820w, https:\/\/i0.wp.com\/www.serrarpharma.com\/wp-content\/uploads\/2021\/04\/SerrarPharma-New-Shop-Page-Body-min.jpg?resize=300%2C212&amp;ssl=1 300w, https:\/\/i0.wp.com\/www.serrarpharma.com\/wp-content\/uploads\/2021\/04\/SerrarPharma-New-Shop-Page-Body-min.jpg?resize=768%2C542&amp;ssl=1 768w, https:\/\/i0.wp.com\/www.serrarpharma.com\/wp-content\/uploads\/2021\/04\/SerrarPharma-New-Shop-Page-Body-min.jpg?resize=600%2C424&amp;ssl=1 600w\" sizes=\"(max-width: 660px) 100vw, 660px\" data-recalc-dims=\"1\" \/><\/figure><div class=\"wp-block-media-text__content\">\n<p class=\"has-text-align-center newshopprodline has-text-color has-custom-lineheight\" style=\"color:#db7586;font-size:40px;line-height:1.3\"><strong><a href=\"https:\/\/www.serrarpharma.com\/es\/product-category\/body-care\/\">Cuidado Corporal<br>JASMINE<\/a><\/strong><\/p>\n\n\n\n<p class=\"has-text-align-center has-text-color has-custom-font has-custom-lineheight\" style=\"color:#1a1a1a;font-family:Open Sans;line-height:1.5\"><a href=\"https:\/\/www.serrarpharma.com\/product-category\/body-care\/\">Jab\u00f3n corporal natural, desodorante, humectantes y m\u00e1s. Productos sin parabenos ni sulfatos.<\/a><\/p>\n\n\n\n<p class=\"has-text-align-center newshopbutton3 has-quaternary-color has-text-color\" style=\"font-size:33px\"><strong><a href=\"https:\/\/www.serrarpharma.com\/es\/product-category\/body-care\/\">COMPRAR<\/a><\/strong><\/p>\n<\/div><\/div>\n\n\n\n<div class=\"wp-container-2 newshophasec newshophasec newshophasec newshophasec newshophasec wp-block-group alignfull newshophasec has-quaternary-background-color has-background mt-0 has-no-padding\"><div class=\"wp-block-group__inner-container\">\n<div class=\"wp-block-media-text alignwide is-stacked-on-mobile newshopskin2\" style=\"grid-template-columns:42% auto\"><figure class=\"wp-block-media-text__media\"><img loading=\"lazy\" width=\"660\" height=\"620\" src=\"https:\/\/i0.wp.com\/www.serrarpharma.com\/wp-content\/uploads\/2021\/04\/SerrarPharma-New-Shop-Page-HairN-min.jpg?resize=660%2C620&#038;ssl=1\" alt=\"\" class=\"wp-image-11180 size-full\" srcset=\"https:\/\/i0.wp.com\/www.serrarpharma.com\/wp-content\/uploads\/2021\/04\/SerrarPharma-New-Shop-Page-HairN-min.jpg?w=817&amp;ssl=1 817w, https:\/\/i0.wp.com\/www.serrarpharma.com\/wp-content\/uploads\/2021\/04\/SerrarPharma-New-Shop-Page-HairN-min.jpg?resize=300%2C282&amp;ssl=1 300w, https:\/\/i0.wp.com\/www.serrarpharma.com\/wp-content\/uploads\/2021\/04\/SerrarPharma-New-Shop-Page-HairN-min.jpg?resize=768%2C721&amp;ssl=1 768w, https:\/\/i0.wp.com\/www.serrarpharma.com\/wp-content\/uploads\/2021\/04\/SerrarPharma-New-Shop-Page-HairN-min.jpg?resize=600%2C563&amp;ssl=1 600w\" sizes=\"(max-width: 660px) 100vw, 660px\" data-recalc-dims=\"1\" \/><\/figure><div class=\"wp-block-media-text__content\">\n<p class=\"has-text-align-center newshopprodline has-text-color has-custom-lineheight\" style=\"color:#8566b2;font-size:40px;line-height:1.3\"><strong><a href=\"https:\/\/www.serrarpharma.com\/es\/product-category\/hair-care-serena\/\">Cuidado del cabello<br>SERENA<\/a><\/strong><\/p>\n\n\n\n<p class=\"has-text-align-center has-text-color has-custom-font has-custom-lineheight\" style=\"color:#1a1a1a;font-family:Open Sans;line-height:1.5\"><a href=\"https:\/\/www.serrarpharma.com\/product-category\/hair-care-serena\/\">Tratamientos y productos para tu mejor cabello. Con productos especiales para secas, da\u00f1adas, y adelgazamiento del cabello.<\/a><\/p>\n\n\n\n<p class=\"has-text-align-center newshopbutton4 has-quaternary-color has-text-color\" style=\"font-size:33px\"><strong><a href=\"https:\/\/www.serrarpharma.com\/es\/product-category\/hair-care-serena\/\">COMPRAR<\/a><\/strong><\/p>\n<\/div><\/div>\n<\/div><\/div>\n\n\n\n<div class=\"wp-container-9 wp-block-columns alignfull spfootblock\">\n<div class=\"wp-container-3 wp-block-column is-vertically-aligned-top\" style=\"flex-basis:49%\">\n<div class=\"wp-block-media-text is-stacked-on-mobile is-vertically-aligned-top footlogoblock\" style=\"grid-template-columns:28% auto\"><figure class=\"wp-block-media-text__media\"><img loading=\"lazy\" width=\"603\" height=\"811\" src=\"https:\/\/i0.wp.com\/www.serrarpharma.com\/wp-content\/uploads\/2020\/04\/2-sp-png.png?resize=603%2C811&#038;ssl=1\" alt=\"\" class=\"wp-image-394\" srcset=\"https:\/\/i0.wp.com\/www.serrarpharma.com\/wp-content\/uploads\/2020\/04\/2-sp-png.png?w=603&amp;ssl=1 603w, https:\/\/i0.wp.com\/www.serrarpharma.com\/wp-content\/uploads\/2020\/04\/2-sp-png.png?resize=223%2C300&amp;ssl=1 223w, https:\/\/i0.wp.com\/www.serrarpharma.com\/wp-content\/uploads\/2020\/04\/2-sp-png.png?resize=600%2C807&amp;ssl=1 600w\" sizes=\"(max-width: 603px) 100vw, 603px\" data-recalc-dims=\"1\" \/><\/figure><div class=\"wp-block-media-text__content\">\n<p style=\"color:#005e94;font-size:18px;font-family:Open Sans;line-height:1.5\" class=\"has-text-color has-custom-font has-custom-lineheight\">SerraPharma se centra en mejorando tu calidad de vida. Nos apasiona ayudarlo no solo a administrar su salud, sino a prosperar utilizando nuestros m\u00e9todos \u00fanicos y probados.<\/p>\n<\/div><\/div>\n<\/div>\n\n\n\n<div class=\"wp-container-7 wp-block-column footmiddlecol\" style=\"flex-basis:25%\">\n<p style=\"color:#005e94;font-size:18px;line-height:1\" class=\"has-text-color serrarmidfooter has-custom-lineheight\"><strong>SERRAR PHARMA LLC<\/strong><\/p>\n\n\n\n<p style=\"color:#005e94;font-family:Open Sans;line-height:1.4\" class=\"has-text-color footeraddress has-custom-font has-custom-lineheight\">4 Hunter Lane<br>Elmsford, NY 10523<br>USA<\/p>\n\n\n\n<p style=\"color:#005e94\" class=\"has-text-color has-medium-font-size footerphone\"><strong>(302) 200-2171<\/strong><\/p>\n\n\n\n<p style=\"color:#005e94;font-family:Open Sans\" class=\"has-text-color has-custom-font\">info@serrarpharma.com<\/p>\n\n\n\n<div class=\"wp-container-6 wp-block-columns footersm\">\n<div class=\"wp-container-4 wp-block-column\">\n<div class=\"wp-block-image mb-0 mt-0\"><figure class=\"aligncenter size-thumbnail\"><a href=\"https:\/\/www.instagram.com\/drserrar\/\" target=\"_blank\" rel=\"noopener noreferrer\"><img loading=\"lazy\" width=\"150\" height=\"150\" src=\"https:\/\/i0.wp.com\/www.serrarpharma.com\/wp-content\/uploads\/2021\/01\/SPWebInstaSymbol.png?resize=150%2C150&#038;ssl=1\" alt=\"\" class=\"wp-image-10264\" srcset=\"https:\/\/i0.wp.com\/www.serrarpharma.com\/wp-content\/uploads\/2021\/01\/SPWebInstaSymbol.png?resize=150%2C150&amp;ssl=1 150w, https:\/\/i0.wp.com\/www.serrarpharma.com\/wp-content\/uploads\/2021\/01\/SPWebInstaSymbol.png?resize=300%2C300&amp;ssl=1 300w, https:\/\/i0.wp.com\/www.serrarpharma.com\/wp-content\/uploads\/2021\/01\/SPWebInstaSymbol.png?resize=100%2C100&amp;ssl=1 100w, https:\/\/i0.wp.com\/www.serrarpharma.com\/wp-content\/uploads\/2021\/01\/SPWebInstaSymbol.png?w=362&amp;ssl=1 362w\" sizes=\"(max-width: 150px) 100vw, 150px\" data-recalc-dims=\"1\" \/><\/a><\/figure><\/div>\n\n\n\n<p><\/p>\n<\/div>\n\n\n\n<div class=\"wp-container-5 wp-block-column\">\n<div class=\"wp-block-image mb-0 mt-0\"><figure class=\"aligncenter size-thumbnail\"><a href=\"https:\/\/www.facebook.com\/DrSerrar-112763810583917\" target=\"_blank\" rel=\"noopener noreferrer\"><img loading=\"lazy\" width=\"150\" height=\"150\" src=\"https:\/\/i0.wp.com\/www.serrarpharma.com\/wp-content\/uploads\/2021\/01\/SPWebFBSymbol.png?resize=150%2C150&#038;ssl=1\" alt=\"\" class=\"wp-image-10265\" srcset=\"https:\/\/i0.wp.com\/www.serrarpharma.com\/wp-content\/uploads\/2021\/01\/SPWebFBSymbol.png?resize=150%2C150&amp;ssl=1 150w, https:\/\/i0.wp.com\/www.serrarpharma.com\/wp-content\/uploads\/2021\/01\/SPWebFBSymbol.png?resize=300%2C300&amp;ssl=1 300w, https:\/\/i0.wp.com\/www.serrarpharma.com\/wp-content\/uploads\/2021\/01\/SPWebFBSymbol.png?resize=100%2C100&amp;ssl=1 100w, https:\/\/i0.wp.com\/www.serrarpharma.com\/wp-content\/uploads\/2021\/01\/SPWebFBSymbol.png?w=362&amp;ssl=1 362w\" sizes=\"(max-width: 150px) 100vw, 150px\" data-recalc-dims=\"1\" \/><\/a><\/figure><\/div>\n\n\n\n<p><\/p>\n<\/div>\n<\/div>\n<\/div>\n\n\n\n<div class=\"wp-container-8 wp-block-column\" style=\"flex-basis:20%\">\n<p style=\"color:#005e94;font-size:18px;line-height:1\" class=\"has-text-color footerGS has-custom-lineheight\"><strong>EMPEZAR<\/strong><\/p>\n\n\n\n<p style=\"font-size:18px;line-height:1.5\" class=\"has-text-color has-secondary-color footerlinks has-custom-lineheight\"><a href=\"https:\/\/www.serrarpharma.com\/es\/about\/\">SOBRE<\/a><br><a href=\"https:\/\/www.serrarpharma.com\/es\/zinacal-program\/\">ZINACAL PROGRAMA <\/a><br><a href=\"https:\/\/www.serrarpharma.com\/es\/testimonials\/\">TESTIMONIOS<\/a> <br><a href=\"https:\/\/www.serrarpharma.com\/es\/shop\/\">COMPRAR<\/a><br><a href=\"https:\/\/www.serrarpharma.com\/es\/contact\/\">CONTACTAR<\/a> <\/p>\n<\/div>\n<\/div>\n\n\n\n<p><\/p>\n","protected":false},"excerpt":{"rendered":"<p>ZinaCalSalud delgada y Natural Vitaminas, suplementos y m\u00e1s para complementar un estilo de vida saludable y ayudar a controlar su peso. COMPRAR Cuidado de la pielPHYTO-R\u00caVE Tratamientos reparadores elaborados con ingredientes hipoalerg\u00e9nicos. COMPRAR Cuidado de la pielBIO Cuidado de la piel especialmente formulado para las necesidades espec\u00edficas de cada edad. COMPRAR Cuidado CorporalJASMINE Jab\u00f3n corporal [&hellip;]<\/p>\n","protected":false},"author":1,"featured_media":0,"parent":0,"menu_order":0,"comment_status":"closed","ping_status":"closed","template":"","meta":{"hide_page_title":"","_coblocks_attr":"Open Sans","_coblocks_dimensions":"","_coblocks_responsive_height":"","_coblocks_accordion_ie_support":""},"translation":{"provider":"WPGlobus","version":"3.0.1","language":"es","enabled_languages":["en","es","fr","ar","pt","it"],"languages":{"en":{"title":true,"content":true,"excerpt":false},"es":{"title":false,"content":true,"excerpt":false},"fr":{"title":false,"content":true,"excerpt":false},"ar":{"title":false,"content":true,"excerpt":false},"pt":{"title":false,"content":true,"excerpt":false},"it":{"title":false,"content":true,"excerpt":false}}},"_links":{"self":[{"href":"https:\/\/www.serrarpharma.com\/es\/wp-json\/wp\/v2\/pages\/11168"}],"collection":[{"href":"https:\/\/www.serrarpharma.com\/es\/wp-json\/wp\/v2\/pages"}],"about":[{"href":"https:\/\/www.serrarpharma.com\/es\/wp-json\/wp\/v2\/types\/page"}],"author":[{"embeddable":true,"href":"https:\/\/www.serrarpharma.com\/es\/wp-json\/wp\/v2\/users\/1"}],"replies":[{"embeddable":true,"href":"https:\/\/www.serrarpharma.com\/es\/wp-json\/wp\/v2\/comments?post=11168"}],"version-history":[{"count":1,"href":"https:\/\/www.serrarpharma.com\/es\/wp-json\/wp\/v2\/pages\/11168\/revisions"}],"predecessor-version":[{"id":12420,"href":"https:\/\/www.serrarpharma.com\/es\/wp-json\/wp\/v2\/pages\/11168\/revisions\/12420"}],"wp:attachment":[{"href":"https:\/\/www.serrarpharma.com\/es\/wp-json\/wp\/v2\/media?parent=11168"}],"curies":[{"name":"wp","href":"https:\/\/api.w.org\/{rel}","templated":true}]}}